{"id":7363,"date":"2022-04-20T08:20:12","date_gmt":"2022-04-20T06:20:12","guid":{"rendered":"https:\/\/semmelweis.hu\/sebeszet\/?page_id=7363"},"modified":"2024-03-13T14:08:30","modified_gmt":"2024-03-13T13:08:30","slug":"klinikai-tudomanyos-rendezvenyek","status":"publish","type":"page","link":"https:\/\/semmelweis.hu\/sebeszet\/oktatas\/klinikai-tudomanyos-rendezvenyek\/","title":{"rendered":"Klinikai tudom\u00e1nyos rendezv\u00e9nyek"},"content":{"rendered":"<ul>\n<li>2022. szeptember 07 &#8211; 2022. december 14. T\u00e1pl\u00e1l\u00e1ster\u00e1pia a gasztroenterol\u00f3giai k\u00f3rk\u00e9pek kezel\u00e9s\u00e9ben &#8211; klinikai fakult\u00e1ci\u00f3\n<ul>\n<li><a href=\"https:\/\/semmelweis.hu\/sebeszet\/files\/2022\/10\/Taplalasterapia-a-gasztroenterologiai-korkepek-kezeleseben-klinikai-fakultacio.pdf\">tematika<\/a><\/li>\n<\/ul>\n<\/li>\n<li><a href=\"https:\/\/semmelweis.hu\/hirek\/events\/bariatriai-sebeszeti-konferencia\/\">2022. okt\u00f3ber 7. Bari\u00e1triai seb\u00e9szeti konferencia<\/a>\n<ul>\n<li><a href=\"https:\/\/www.youtube.com\/watch?v=ORGV6TWixF0\">Bari\u00e1triai seb\u00e9szeti konferencia &#8211; video<\/a><\/li>\n<li><a href=\"https:\/\/www.youtube.com\/watch?v=j5JPETocnTA\">Prof. Dr. Szij\u00e1rt\u00f3 Attila bemutatja a Semmelweis Kft szolg\u00e1ltat\u00e1sait &#8211; Bari\u00e1triai m\u0171t\u00e9tek &#8211; video<\/a><\/li>\n<li><a href=\"https:\/\/semmelweis.hu\/hirek\/2022\/09\/16\/a-semmelweis-egyetemen-tartjak-az-elso-bariatriai-konferenciat-magyarorszagon\/\">Megjelent m\u00e9diatartalom az Egyetem honlapj\u00e1n<\/a><\/li>\n<\/ul>\n<\/li>\n<li><a href=\"https:\/\/semmelweis.hu\/sebeszet\/files\/2022\/06\/SE-NPWT-Szakdolgozoi-kepzes-Meghivo-BS-valt.-3.pdf\">2022. j\u00fanius 15. &#8222;NPWT Szakdolgoz\u00f3i Szakmai Nap&#8221; kreditpontos k\u00e9pz\u00e9s szakdolgoz\u00f3knak<\/a><\/li>\n<li><span style=\"color: #0000ff\"><a href=\"https:\/\/semmelweis.hu\/sebeszet\/files\/2022\/04\/MOTESZ-NPWT-program.pdf\">2022. m\u00e1jus 24. MOTESZ-NPWT program<\/a><\/span><\/li>\n<li>2022. \u00e1prilis 12. Oxyol\u00f3giai \u00e9s s\u00fcrg\u0151ss\u00e9gi tanfolyam seb\u00e9sz szakorvosoknak<\/li>\n<li>2022. m\u00e1rcius 28 &#8211; \u00e1prilis 6. Szakvizsga el\u0151k\u00e9sz\u00edt\u0151 tanfolyam- seb\u00e9sz szakorvosjel\u00f6ltek sz\u00e1m\u00e1ra<\/li>\n<li><span style=\"color: #0000ff\"><a href=\"https:\/\/semmelweis.hu\/sebeszet\/oktatas\/klinikai-tudomanyos-rendezvenyek\/trasplant-today\/\">2022. m\u00e1rcius 25. Transplant Today<\/a><\/span><\/li>\n<li><a href=\"https:\/\/semmelweis.hu\/sebeszet\/files\/2022\/06\/Instruction-for-number-combination-lock.pdf\">2021. okt\u00f3ber 14. Gyullad\u00e1sos b\u00e9lbetegs\u00e9g (IBD) nap<\/a><\/li>\n<li>2021. szeptember 24. 111 \u00e9ves az \u00fcll\u0151i \u00fati Semmelweis Egyetem &#8211; I. Sz. Seb\u00e9szeti \u00e9s Intervenci\u00f3s Gasztroenterol\u00f3giai Klinik\u00e1j\u00e1nak \u00e9p\u00fclete<\/li>\n<li>2021. m\u00e1rcius 11. HCC komplex kezel\u00e9se konszenzus konferencia<\/li>\n<li>2021. m\u00e1rcius 1 &#8211; 10. Szakvizsga el\u0151k\u00e9sz\u00edt\u0151 tanfolyam- seb\u00e9sz szakorvosjel\u00f6ltek sz\u00e1m\u00e1ra<\/li>\n<li>2020. okt\u00f3ber 12 &#8211; 15. K\u00f6telez\u0151, seb\u00e9szeti szakmai szinten tart\u00f3 tanfolyam<\/li>\n<li>2020. j\u00fanius 2 &#8211; 11. Szakvizsga el\u0151k\u00e9sz\u00edt\u0151 tanfolyam- seb\u00e9sz szakorvosjel\u00f6ltek sz\u00e1m\u00e1ra<\/li>\n<li><a href=\"https:\/\/semmelweis.hu\/sebeszet\/files\/2021\/02\/el\u0151ad\u00e1sok_adatb\u00e1zis.xlsx\">2020. \u00e9vi el\u0151ad\u00e1s adatb\u00e1zis<\/a><\/li>\n<\/ul>\n<p>&nbsp;<\/p>\n<p>&nbsp;<\/p>\n","protected":false},"excerpt":{"rendered":"<p>2022. szeptember 07 &#8211; 2022. december 14. T\u00e1pl\u00e1l\u00e1ster\u00e1pia a gasztroenterol\u00f3giai k\u00f3rk\u00e9pek kezel\u00e9s\u00e9ben &#8211; klinikai fakult\u00e1ci\u00f3 <a href=\"https:\/\/semmelweis.hu\/sebeszet\/files\/2022\/10\/Taplalasterapia-a-gasztroenterologiai-korkepek-kezeleseben-klinikai-fakultacio.pdf\">tematika<\/a> <a href=\"https:\/\/semmelweis.hu\/hirek\/events\/bariatriai-sebeszeti-konferencia\/\">2022. okt\u00f3ber 7. Bari\u00e1triai seb\u00e9szeti konferencia<\/a> <a href=\"https:\/\/www.youtube.com\/watch?v=ORGV6TWixF0\">Bari\u00e1triai seb\u00e9szeti konferencia &#8211; video<\/a> <a href=\"https:\/\/www.youtube.com\/watch?v=j5JPETocnTA\">Prof. Dr. Szij\u00e1rt\u00f3 Attila bemutatja a Semmelweis Kft szolg\u00e1ltat\u00e1sait &#8211; Bari\u00e1triai m\u0171t\u00e9tek &#8211; video<\/a> <a href=\"https:\/\/semmelweis.hu\/hirek\/2022\/09\/16\/a-semmelweis-egyetemen-tartjak-az-elso-bariatriai-konferenciat-magyarorszagon\/\">Megjelent m\u00e9diatartalom az Egyetem honlapj\u00e1n<\/a> <a href=\"https:\/\/semmelweis.hu\/sebeszet\/files\/2022\/06\/SE-NPWT-Szakdolgozoi-kepzes-Meghivo-BS-valt.-3.pdf\">2022. j\u00fanius 15. &#8222;NPWT Szakdolgoz\u00f3i Szakmai Nap&#8221; kreditpontos k\u00e9pz\u00e9s szakdolgoz\u00f3knak<\/a> <a href=\"https:\/\/semmelweis.hu\/sebeszet\/files\/2022\/04\/MOTESZ-NPWT-program.pdf\">2022. m\u00e1jus 24. MOTESZ-NPWT program<\/a> 2022. \u00e1prilis 12. Oxyol\u00f3giai \u00e9s s\u00fcrg\u0151ss\u00e9gi tanfolyam seb\u00e9sz szakorvosoknak 2022. m\u00e1rcius 28 &#8211; \u00e1prilis 6. Szakvizsga el\u0151k\u00e9sz\u00edt\u0151 tanfolyam- seb\u00e9sz szakorvosjel\u00f6ltek sz\u00e1m\u00e1ra <a href=\"https:\/\/semmelweis.hu\/sebeszet\/oktatas\/klinikai-tudomanyos-rendezvenyek\/trasplant-today\/\">2022. m\u00e1rcius 25. Transplant Today<\/a> <a href=\"https:\/\/semmelweis.hu\/sebeszet\/files\/2022\/06\/Instruction-for-number-combination-lock.pdf\">2021. okt\u00f3ber 14. Gyullad\u00e1sos b\u00e9lbetegs\u00e9g (IBD) nap<\/a> 2021. szeptember 24. 111 \u00e9ves az \u00fcll\u0151i \u00fati Semmelweis Egyetem &#8211; I. Sz. Seb\u00e9szeti \u00e9s Intervenci\u00f3s Gasztroenterol\u00f3giai Klinik\u00e1j\u00e1nak \u00e9p\u00fclete &hellip;<\/p>\n","protected":false},"author":101236,"featured_media":0,"parent":5968,"menu_order":0,"comment_status":"closed","ping_status":"closed","template":"","meta":{"_acf_changed":false,"footnotes":""},"categories":[],"tags":[],"class_list":["post-7363","page","type-page","status-publish","hentry"],"acf":[],"_links":{"self":[{"href":"https:\/\/semmelweis.hu\/sebeszet\/wp-json\/wp\/v2\/pages\/7363","targetHints":{"allow":["GET"]}}],"collection":[{"href":"https:\/\/semmelweis.hu\/sebeszet\/wp-json\/wp\/v2\/pages"}],"about":[{"href":"https:\/\/semmelweis.hu\/sebeszet\/wp-json\/wp\/v2\/types\/page"}],"author":[{"embeddable":true,"href":"https:\/\/semmelweis.hu\/sebeszet\/wp-json\/wp\/v2\/users\/101236"}],"replies":[{"embeddable":true,"href":"https:\/\/semmelweis.hu\/sebeszet\/wp-json\/wp\/v2\/comments?post=7363"}],"version-history":[{"count":10,"href":"https:\/\/semmelweis.hu\/sebeszet\/wp-json\/wp\/v2\/pages\/7363\/revisions"}],"predecessor-version":[{"id":8549,"href":"https:\/\/semmelweis.hu\/sebeszet\/wp-json\/wp\/v2\/pages\/7363\/revisions\/8549"}],"up":[{"embeddable":true,"href":"https:\/\/semmelweis.hu\/sebeszet\/wp-json\/wp\/v2\/pages\/5968"}],"wp:attachment":[{"href":"https:\/\/semmelweis.hu\/sebeszet\/wp-json\/wp\/v2\/media?parent=7363"}],"wp:term":[{"taxonomy":"category","embeddable":true,"href":"https:\/\/semmelweis.hu\/sebeszet\/wp-json\/wp\/v2\/categories?post=7363"},{"taxonomy":"post_tag","embeddable":true,"href":"https:\/\/semmelweis.hu\/sebeszet\/wp-json\/wp\/v2\/tags?post=7363"}],"curies":[{"name":"wp","href":"https:\/\/api.w.org\/{rel}","templated":true}]}}