{"id":7318,"date":"2022-03-28T08:35:46","date_gmt":"2022-03-28T06:35:46","guid":{"rendered":"https:\/\/semmelweis.hu\/sebeszet\/?page_id=7318"},"modified":"2022-03-28T08:42:26","modified_gmt":"2022-03-28T06:42:26","slug":"koros-koverseg-sebeszete","status":"publish","type":"page","link":"https:\/\/semmelweis.hu\/sebeszet\/betegellatas\/koros-koverseg-sebeszete\/","title":{"rendered":"K\u00f3ros k\u00f6v\u00e9rs\u00e9g seb\u00e9szete"},"content":{"rendered":"<h3 style=\"text-align: center\">K\u00f3ros k\u00f6v\u00e9rs\u00e9g seb\u00e9szete<\/h3>\n<p style=\"text-align: justify\">Az Eg\u00e9szs\u00e9g\u00fcgyi Vil\u00e1gszervezet (WHO) felm\u00e9r\u00e9sei szerint jelenleg k\u00e9tmilli\u00e1rd t\u00fals\u00falyos, kifejezetten elh\u00edzott ember \u00e9l a F\u00f6ld\u00f6n. Eur\u00f3p\u00e1ban a feln\u0151tt lakoss\u00e1g\u00e1nak t\u00f6bb mint fele t\u00fals\u00falyos vagy elh\u00edzott. Az elm\u00falt 20 \u00e9vben a legt\u00f6bb orsz\u00e1gban k\u00e9tszeres\u00e9re n\u00f6vekedett az elh\u00edzottak ar\u00e1nya. Eur\u00f3p\u00e1ban a feln\u0151tt lakoss\u00e1g k\u00f6r\u00e9ben Magyarorsz\u00e1gon a legmagasabb a t\u00fals\u00falyosak ar\u00e1nya.<\/p>\n<p style=\"text-align: justify\">A t\u00fals\u00falyos emberekn\u00e9l az \u00e9letmin\u0151s\u00e9get \u00e9rint\u0151 mindennapos probl\u00e9m\u00e1k mellett l\u00e9nyegesen gyakrabban fordulnak el\u0151 a sz\u00edv- \u00e9s \u00e9rrendszeri betegs\u00e9gek (magas v\u00e9rnyom\u00e1s, a sz\u00edvinfarktus \u00e9s a stroke), a 2-es t\u00edpus\u00fa cukorbetegs\u00e9g, sz\u00e1mos daganatos betegs\u00e9g \u00e9s \u00edz\u00fcleti k\u00f3rk\u00e9p, de okozhat a t\u00fals\u00faly \u00e1tt\u00e9telesen alv\u00e1si apno\u00e9t \u00e9s l\u00e9gz\u00e9sprobl\u00e9m\u00e1kat, epek\u00f6vess\u00e9get \u00e9s depresszi\u00f3t is.<\/p>\n<p style=\"text-align: justify\">A s\u00falycs\u00f6kkent\u00e9s seb\u00e9szeti \u00faton t\u00f6rt\u00e9n\u0151 kezel\u00e9se biztos\u00edtja hossz\u00fa t\u00e1von a legjobb eredm\u00e9nyeket. Cs\u00f6kkenti a k\u00eds\u00e9r\u0151betegs\u00e9gek el\u0151fordul\u00e1s\u00e1t, jav\u00edtja az \u00e9letmin\u0151s\u00e9get \u00e9s seg\u00edt eg\u00e9szs\u00e9gesebben \u00e9lni. Az elh\u00edz\u00e1s m\u0171t\u00e9ti kezel\u00e9se egy gyorsan terjed\u0151 seb\u00e9szeti \u00e1g. A k\u00e9t leggyakrabban alkalmazott beavatkoz\u00e1s a gastric sleeve, a cs\u0151gyomor k\u00e9pz\u00e9s \u00e9s a gastric bypass, a gyomor \u00e1thidal\u00e1s. Ezeket a m\u0171t\u00e9teket laparoszk\u00f3posan, apr\u00f3 bemetsz\u00e9seken kereszt\u00fcl a has\u00fcregbe vezetett eszk\u00f6z\u00f6kkel v\u00e9gezz\u00fck.<\/p>\n<p style=\"text-align: justify\">Klinik\u00e1nkon lehet\u0151s\u00e9g van a Semmelweis Kft keretein bel\u00fcl, nem \u00e1llami finansz\u00edrozott keretek k\u00f6z\u00f6tt, mag\u00e1nell\u00e1t\u00e1s \u00fatj\u00e1n a fenti m\u0171t\u00e9ti beavatkoz\u00e1sokra. K\u00e9rem tekintse meg az al\u00e1bbi h\u00e1rom t\u00e1j\u00e9koztat\u00f3 \u00f6sszefoglal\u00f3t \u00e9s amennyiben szeretne szakorvosnaikkal tal\u00e1lkozni, \u00fagy k\u00e9rem legyen kedves a <strong>+36 1 550 7007<\/strong> telefonsz\u00e1mon vagy <a href=\"mailto:info@semmelweiskft.hu\"><strong>info@semmelweiskft.hu<\/strong><\/a> email c\u00edmen megkeresni minket.<\/p>\n<p style=\"text-align: center\">Prof. Dr. Merkely B\u00e9la a Semmelweis Egyetem rektora<br \/>\naz <strong>elh\u00edz\u00e1s okozta t\u00e1rsbetegs\u00e9gek<\/strong>r\u0151l besz\u00e9l:<\/p>\n<p style=\"text-align: center\"><iframe loading=\"lazy\" src=\"https:\/\/www.youtube.com\/embed\/JzizsWSOaYM\" width=\"560\" height=\"315\"><\/iframe><\/p>\n<p style=\"text-align: center\"><strong>&#8222;Kinek aj\u00e1nlott a tests\u00falycs\u00f6kkent\u0151 m\u0171t\u00e9t?&#8221;<\/strong><br \/>\nDr. Merkel Kereszt\u00e9ly a Semmelweis Kft. bari\u00e1triai seb\u00e9sze:<\/p>\n<p style=\"text-align: center\"><iframe loading=\"lazy\" src=\"https:\/\/www.youtube.com\/embed\/axNL0BOeZ-c\" width=\"560\" height=\"315\"><\/iframe><\/p>\n<p style=\"text-align: center\"><strong>Bari\u00e1triai M\u0171t\u00e9tek<\/strong><br \/>\nProf. Dr. Sz\u00edj\u00e1rt\u00f3 Attila bemutatja a Semmelweis Kft szolg\u00e1ltat\u00e1sait:<\/p>\n<p style=\"text-align: center\"><iframe loading=\"lazy\" src=\"https:\/\/www.youtube.com\/embed\/j5JPETocnTA\" width=\"560\" height=\"315\"><\/iframe><\/p>\n<p style=\"text-align: center\">Az ell\u00e1t\u00e1sr\u00f3l b\u0151vebb inform\u00e1ci\u00f3kat <a href=\"https:\/\/semmelweis.hu\/sebeszet\/betegellatas\/privat-betegellatas-semmelweis-kft\/\">&lt;&lt;ITT&gt;&gt;<\/a> kaphat.<\/p>\n","protected":false},"excerpt":{"rendered":"<p>K\u00f3ros k\u00f6v\u00e9rs\u00e9g seb\u00e9szete Az Eg\u00e9szs\u00e9g\u00fcgyi Vil\u00e1gszervezet (WHO) felm\u00e9r\u00e9sei szerint jelenleg k\u00e9tmilli\u00e1rd t\u00fals\u00falyos, kifejezetten elh\u00edzott ember \u00e9l a F\u00f6ld\u00f6n. Eur\u00f3p\u00e1ban a feln\u0151tt lakoss\u00e1g\u00e1nak t\u00f6bb mint fele t\u00fals\u00falyos vagy elh\u00edzott. Az elm\u00falt 20 \u00e9vben a legt\u00f6bb orsz\u00e1gban k\u00e9tszeres\u00e9re n\u00f6vekedett az elh\u00edzottak ar\u00e1nya. Eur\u00f3p\u00e1ban a feln\u0151tt lakoss\u00e1g k\u00f6r\u00e9ben Magyarorsz\u00e1gon a legmagasabb a t\u00fals\u00falyosak ar\u00e1nya. A t\u00fals\u00falyos emberekn\u00e9l az &hellip;<\/p>\n","protected":false},"author":101236,"featured_media":0,"parent":77,"menu_order":21,"comment_status":"closed","ping_status":"closed","template":"","meta":{"_acf_changed":false,"footnotes":""},"categories":[],"tags":[],"class_list":["post-7318","page","type-page","status-publish","hentry"],"acf":[],"_links":{"self":[{"href":"https:\/\/semmelweis.hu\/sebeszet\/wp-json\/wp\/v2\/pages\/7318","targetHints":{"allow":["GET"]}}],"collection":[{"href":"https:\/\/semmelweis.hu\/sebeszet\/wp-json\/wp\/v2\/pages"}],"about":[{"href":"https:\/\/semmelweis.hu\/sebeszet\/wp-json\/wp\/v2\/types\/page"}],"author":[{"embeddable":true,"href":"https:\/\/semmelweis.hu\/sebeszet\/wp-json\/wp\/v2\/users\/101236"}],"replies":[{"embeddable":true,"href":"https:\/\/semmelweis.hu\/sebeszet\/wp-json\/wp\/v2\/comments?post=7318"}],"version-history":[{"count":6,"href":"https:\/\/semmelweis.hu\/sebeszet\/wp-json\/wp\/v2\/pages\/7318\/revisions"}],"predecessor-version":[{"id":7327,"href":"https:\/\/semmelweis.hu\/sebeszet\/wp-json\/wp\/v2\/pages\/7318\/revisions\/7327"}],"up":[{"embeddable":true,"href":"https:\/\/semmelweis.hu\/sebeszet\/wp-json\/wp\/v2\/pages\/77"}],"wp:attachment":[{"href":"https:\/\/semmelweis.hu\/sebeszet\/wp-json\/wp\/v2\/media?parent=7318"}],"wp:term":[{"taxonomy":"category","embeddable":true,"href":"https:\/\/semmelweis.hu\/sebeszet\/wp-json\/wp\/v2\/categories?post=7318"},{"taxonomy":"post_tag","embeddable":true,"href":"https:\/\/semmelweis.hu\/sebeszet\/wp-json\/wp\/v2\/tags?post=7318"}],"curies":[{"name":"wp","href":"https:\/\/api.w.org\/{rel}","templated":true}]}}