{"id":7106,"date":"2021-12-13T09:06:16","date_gmt":"2021-12-13T08:06:16","guid":{"rendered":"https:\/\/semmelweis.hu\/sebeszet\/?page_id=7106"},"modified":"2021-12-13T09:06:16","modified_gmt":"2021-12-13T08:06:16","slug":"szoszedet-veseatultetes","status":"publish","type":"page","link":"https:\/\/semmelweis.hu\/sebeszet\/szervatultetes\/a-veseatultetesrol\/szoszedet-veseatultetes\/","title":{"rendered":"Sz\u00f3szedet \u2013 vese\u00e1t\u00fcltet\u00e9s"},"content":{"rendered":"<h3>\u00a0<\/h3>\n<table border=\"0\" cellspacing=\"0\" cellpadding=\"0\">\n<tbody>\n<tr valign=\"top\">\n<td>\n<h3><strong>A<\/strong><\/h3>\n<\/td>\n<td style=\"text-align: justify\"><strong>\u00a0<\/strong><\/td>\n<\/tr>\n<tr valign=\"top\">\n<td>ANTACID<\/td>\n<td style=\"text-align: justify\">gy\u00f3gyszer az em\u00e9szt\u0151rendszer v\u00e9delm\u00e9re, cs\u00f6kkenti a gyomor\u00e9g\u00e9st \u00e9s az em\u00e9szt\u0151rendszerben \u00e9rzett kellemetlens\u00e9geket<\/td>\n<\/tr>\n<tr valign=\"top\">\n<td>ANTITEST<\/td>\n<td style=\"text-align: justify\">a szervezet \u00e1ltal az idegen anyagok, pl. bakt\u00e9riumok elt\u00e1vol\u00edt\u00e1s\u00e1ra termelt feh\u00e9rje<\/td>\n<\/tr>\n<tr valign=\"top\">\n<td>ANTIG\u00c9N<\/td>\n<td style=\"text-align: justify\">b\u00e1rmilyen molekula, amit az immunrendszer felismer \u00e9s r\u00e1 v\u00e1laszt v\u00e1lt ki<\/td>\n<\/tr>\n<tr valign=\"top\">\n<td>AN\u00c9MIA<\/td>\n<td style=\"text-align: justify\">a hemoglobin norm\u00e1l szintj\u00e9nek a cs\u00f6kken\u00e9se<\/td>\n<\/tr>\n<tr valign=\"top\">\n<td>ANESZTETIKUM<\/td>\n<td style=\"text-align: justify\">gy\u00f3gyszer, ami a tudatot eltomp\u00edtva (altatva) cs\u00f6kkenti a f\u00e1jdalom\u00e9rzetet<\/td>\n<\/tr>\n<tr valign=\"top\">\n<td>THEROSCLEROSIS<\/td>\n<td style=\"text-align: justify\">az art\u00e9ri\u00e1k belfelsz\u00edn\u00e9n zs\u00edrlerak\u00f3d\u00e1s, ami zavarhatja a v\u00e9r\u00e1raml\u00e1st<\/td>\n<\/tr>\n<tr valign=\"top\">\n<td>\n<h3><strong>B<\/strong><\/h3>\n<\/td>\n<td style=\"text-align: justify\">\u00a0<\/td>\n<\/tr>\n<tr valign=\"top\">\n<td>BAKT\u00c9RIUM<\/td>\n<td style=\"text-align: justify\">betegs\u00e9get okoz\u00f3 apr\u00f3 \u00e9l\u0151l\u00e9ny<\/td>\n<\/tr>\n<tr valign=\"top\">\n<td>B-LIMFOCITA<\/td>\n<td style=\"text-align: justify\">egy feh\u00e9rv\u00e9rsejtf\u00e9le<\/td>\n<\/tr>\n<tr valign=\"top\">\n<td>BIOPSZIA<\/td>\n<td style=\"text-align: justify\">diagnosztikai c\u00e9llal t\u00f6rt\u00e9n\u0151 sz\u00f6vet mintav\u00e9tel folyamata<\/td>\n<\/tr>\n<tr valign=\"top\">\n<td>\n<h3><strong>C<\/strong><\/h3>\n<\/td>\n<td style=\"text-align: justify\">\u00a0<\/td>\n<\/tr>\n<tr valign=\"top\">\n<td>CHOLESTEROL<\/td>\n<td style=\"text-align: justify\">olyan zs\u00edrf\u00e9les\u00e9g, ami sz\u00e1mos fontos funkci\u00f3t t\u00f6lt be a szervezetben, de sz\u00edvbetegs\u00e9get is okozhat; cholesterol tal\u00e1lhat\u00f3 az \u00e1llati eredet\u0171 \u00e9telekben, pl. h\u00fas, hal, baromfi, toj\u00e1s \u00e9s tejterm\u00e9kek<\/td>\n<\/tr>\n<tr valign=\"top\">\n<td>CITOMEGALO V\u00cdRUS<\/td>\n<td style=\"text-align: justify\">a transzplant\u00e1lt betegekben nagyon gyakran el\u0151fordul\u00f3 v\u00edrusfert\u0151z\u00e9s, ami a t\u00fcd\u0151t, de m\u00e1s szerveket is \u00e9rinthet; a herpes v\u00edruscsal\u00e1dba tartoz\u00f3 v\u00edrus<\/td>\n<\/tr>\n<tr valign=\"top\">\n<td>\n<h3><strong>D<\/strong><\/h3>\n<\/td>\n<td style=\"text-align: justify\">\u00a0<\/td>\n<\/tr>\n<tr valign=\"top\">\n<td>DIABETES<\/td>\n<td style=\"text-align: justify\">olyan betegs\u00e9g, amelyben a betegeknek magas a v\u00e9rcukor szintj\u00fck<\/td>\n<\/tr>\n<tr valign=\"top\">\n<td>DIURETIKUM<\/td>\n<td style=\"text-align: justify\">a vizelet mennyis\u00e9g\u00e9t fokoz\u00f3 gy\u00f3gyszer<\/td>\n<\/tr>\n<tr valign=\"top\">\n<td>\n<h3><strong>E<\/strong><\/h3>\n<\/td>\n<td style=\"text-align: justify\">\u00a0<\/td>\n<\/tr>\n<tr valign=\"top\">\n<td>ELEKTROKARDIOGRAM<\/td>\n<td style=\"text-align: justify\">a sz\u00edv elektromos m\u0171k\u00f6d\u00e9s\u00e9t \u00e1br\u00e1zol\u00f3 lelet.<\/td>\n<\/tr>\n<tr valign=\"top\">\n<td>ELEKTROLIT<\/td>\n<td style=\"text-align: justify\">az \u00e1sv\u00e1nyi anyagok oldott form\u00e1ja, pl. n\u00e1trium, k\u00e1lium, magn\u00e9zium, klorid, stb.<\/td>\n<\/tr>\n<tr valign=\"top\">\n<td>ENZIM<\/td>\n<td style=\"text-align: justify\">a test \u00e1ltal termelt feh\u00e9rje, ami egy anyag m\u00e1sik anyagg\u00e1 t\u00f6rt\u00e9n\u0151 alak\u00edt\u00e1s\u00e1ra k\u00e9pes.<\/td>\n<\/tr>\n<tr valign=\"top\">\n<td>EPEH\u00d3LYAG<\/td>\n<td style=\"text-align: justify\">ep\u00e9t t\u00e1rol\u00f3 izmos fal\u00fa h\u00f3lyag a m\u00e1j als\u00f3 sz\u00e9l\u00e9n<\/td>\n<\/tr>\n<tr valign=\"top\">\n<td><span style=\"font-size: 18pt\"><strong>F<\/strong><\/span><\/td>\n<td style=\"text-align: justify\">\u00a0<\/td>\n<\/tr>\n<tr valign=\"top\">\n<td>FEH\u00c9RV\u00c9RSEJT<\/td>\n<td style=\"text-align: justify\">ma fert\u0151z\u00e9sekkel szemben v\u00e9dekez\u0151 v\u00e9rsejtek; az immunrendszer r\u00e9sze<\/td>\n<\/tr>\n<tr valign=\"top\">\n<td>\n<h3><strong>H<\/strong><\/h3>\n<\/td>\n<td style=\"text-align: justify\">\u00a0<\/td>\n<\/tr>\n<tr valign=\"top\">\n<td>HEMATOKRIT<\/td>\n<td style=\"text-align: justify\">a v\u00e9r v\u00f6r\u00f6sv\u00e9rtest tartalm\u00e1nak jellemz\u0151je<\/td>\n<\/tr>\n<tr valign=\"top\">\n<td>HAEMORRHAGIA<\/td>\n<td style=\"text-align: justify\">v\u00e9rz\u00e9s<\/td>\n<\/tr>\n<tr valign=\"top\">\n<td>HERPES<\/td>\n<td style=\"text-align: justify\">az emberekre fert\u0151z\u0151 v\u00edruscsal\u00e1d; a herpes simplex a sz\u00e1j k\u00f6rny\u00e9k\u00e9nek \u00e9s a nemi ter\u00fcleteknek a kisebesed\u00e9s\u00e9t okozza, a herpes zoster \u00f6vs\u00f6m\u00f6rt okoz<\/td>\n<\/tr>\n<tr valign=\"top\">\n<td>HYYPERTONIA<\/td>\n<td style=\"text-align: justify\">magas v\u00e9rnyom\u00e1s<\/td>\n<\/tr>\n<tr valign=\"top\">\n<td>\n<h3><strong>I<\/strong><\/h3>\n<\/td>\n<td style=\"text-align: justify\">\u00a0<\/td>\n<\/tr>\n<tr valign=\"top\">\n<td>IMMUNRENDSZER<\/td>\n<td style=\"text-align: justify\">a szervezet idegen anyagokkal, pl. bakt\u00e9riumokkal, v\u00edrusokkal szembeni v\u00e9dekez\u0151k\u00e9pess\u00e9ge<\/td>\n<\/tr>\n<tr valign=\"top\">\n<td>IMMUNIT\u00c1S<\/td>\n<td style=\"text-align: justify\">k\u00e9pes ellen\u00e1llni az adott fert\u0151z\u0151betegs\u00e9ggel szemben<\/td>\n<\/tr>\n<tr valign=\"top\">\n<td>IMMUNSZUPPRESSZI\u00d3<\/td>\n<td style=\"text-align: justify\">olyan gy\u00f3gykezel\u00e9s, amivel az \u00e1t\u00fcltetett szerv kil\u00f6k\u0151d\u00e9s\u00e9t megakad\u00e1lyozz\u00e1k<\/td>\n<\/tr>\n<tr valign=\"top\">\n<td>IV VAGY INTRAV\u00c9N\u00c1S<\/td>\n<td style=\"text-align: justify\">gy\u00f3gyszereknek vagy folyad\u00e9knak k\u00f6zvetlen\u00fcl v\u00e9n\u00e1ba t\u00f6rt\u00e9n\u0151 bead\u00e1sa<\/td>\n<\/tr>\n<tr valign=\"top\">\n<td>IV KAT\u00c9TER<\/td>\n<td style=\"text-align: justify\">egy v\u00e9kony cs\u0151h\u00f6z r\u00f6gz\u00edtett v\u00e9kony t\u0171, amin kereszt\u00fcl gy\u00f3gyszer vagy folyad\u00e9k juttathat\u00f3 a v\u00e9n\u00e1kba<\/td>\n<\/tr>\n<tr valign=\"top\">\n<td><span style=\"font-size: 18pt\"><strong>K<\/strong><\/span><\/td>\n<td style=\"text-align: justify\">\u00a0<\/td>\n<\/tr>\n<tr valign=\"top\">\n<td>KAT\u00c9TER<\/td>\n<td style=\"text-align: justify\">olyan cs\u0151, amin kereszt\u00fcl folyad\u00e9k juthata test \u00fcregeibe vagy onn\u00e9t a k\u00fclvil\u00e1gba<\/td>\n<\/tr>\n<tr valign=\"top\">\n<td>K\u00c1LIUM<\/td>\n<td style=\"text-align: justify\">a szervezet m\u0171k\u00f6d\u00e9s\u00e9hez fontos \u00e1sv\u00e1nyi anyag<\/td>\n<\/tr>\n<tr valign=\"top\">\n<td>KORTIKOSZTEROID<\/td>\n<td style=\"text-align: justify\">immunszuppressz\u00edv gy\u00f3gyszerek, idetartozik a prednisolon \u00e9s a prednison<\/td>\n<\/tr>\n<tr valign=\"top\">\n<td>KREATININ<\/td>\n<td style=\"text-align: justify\">a norm\u00e1lis testm\u0171k\u00f6d\u00e9sb\u0151l sz\u00e1rmaz&amp;oa cute; anyag, ami a v\u00e9rben \u00e9s a vizeletben tal\u00e1lhat\u00f3; a v\u00e9r magas kreatinin koncentr\u00e1ci\u00f3ja a cs\u00f6kkent vesefunkci\u00f3 jele<\/td>\n<\/tr>\n<tr valign=\"top\">\n<td>\n<h3><strong>L<\/strong><\/h3>\n<\/td>\n<td style=\"text-align: justify\">\u00a0<\/td>\n<\/tr>\n<tr valign=\"top\">\n<td>LEGYENG\u00cdTETT K\u00d3ROKOZ\u00d3<\/td>\n<td style=\"text-align: justify\">\u00e9l\u0151 v\u00edrus gyeng\u00edtett form\u00e1ja, ami immunv\u00e1laszt kiv\u00e1lt, de nem okoz betegs\u00e9get.<\/td>\n<\/tr>\n<tr valign=\"top\">\n<td>LIMF\u00d3MA<\/td>\n<td style=\"text-align: justify\">a feh\u00e9rv\u00e9rsejtek rosszindulat\u00fa daganatos megbeteged\u00e9se, \u00e1ltal\u00e1ban kezelhet\u0151<\/td>\n<\/tr>\n<tr valign=\"top\">\n<td>LIMFOCITA<\/td>\n<td style=\"text-align: justify\">a szervezet nyiroksz\u00f6veteiben termel\u0151d\u0151 feh\u00e9rv\u00e9rsejtek<\/td>\n<\/tr>\n<tr valign=\"top\">\n<td>\n<h3><strong>M<\/strong><\/h3>\n<\/td>\n<td style=\"text-align: justify\">\u00a0<\/td>\n<\/tr>\n<tr valign=\"top\">\n<td>MAGN\u00c9ZIUM<\/td>\n<td style=\"text-align: justify\">az \u00e9letm\u0171k\u00f6d\u00e9sekhez l\u00e9tfontoss\u00e1g\u00fa \u00e1sv\u00e1nyi anyag<\/td>\n<\/tr>\n<tr valign=\"top\">\n<td>\n<h3><strong>N<\/strong><\/h3>\n<\/td>\n<td style=\"text-align: justify\">\u00a0<\/td>\n<\/tr>\n<tr valign=\"top\">\n<td>N\u00c1TRIUM<\/td>\n<td style=\"text-align: justify\">az asztali s\u00f3nak (n\u00e1trium klorid) egy \u00f6sszetev\u0151je, egy olyan elektrolit, ami a test s\u00f3inak legnagyobb r\u00e9sz\u00e9t teszi ki<\/td>\n<\/tr>\n<tr valign=\"top\">\n<td>NEFROL\u00d3GUS<\/td>\n<td style=\"text-align: justify\">a ves\u00e9k \u00e9s a vesebetegs\u00e9gek kezel\u00e9s\u00e9nek szakorvosa<\/td>\n<\/tr>\n<tr valign=\"top\">\n<td>NEUTROFIL<\/td>\n<td style=\"text-align: justify\">a feh\u00e9rv\u00e9rsejtek egy fajt\u00e1ja<\/td>\n<\/tr>\n<tr valign=\"top\">\n<td>\n<h3><strong>O<\/strong><\/h3>\n<\/td>\n<td style=\"text-align: justify\">\u00a0<\/td>\n<\/tr>\n<tr valign=\"top\">\n<td>OEDEMA<\/td>\n<td style=\"text-align: justify\">a test sz\u00f6veteiben folyad\u00e9k felhalmoz\u00f3d\u00e1sa; a boka k\u00f6rny\u00e9k\u00e9nek dagad\u00e1sa az \u00f6d\u00e9mak\u00e9pz\u0151d\u00e9s jele<\/td>\n<\/tr>\n<tr valign=\"top\">\n<td>OR\u00c1LISAN<\/td>\n<td style=\"text-align: justify\">sz\u00e1jon \u00e1t<\/td>\n<\/tr>\n<tr valign=\"top\">\n<td>\n<h3><strong>\u00d6<\/strong><\/h3>\n<\/td>\n<td style=\"text-align: justify\">\u00a0<\/td>\n<\/tr>\n<tr valign=\"top\">\n<td>\u00d6VS\u00d6M\u00d6R<\/td>\n<td style=\"text-align: justify\">herpes v\u00edrus (herpes zoster) fert\u0151z\u00e9s, ami \u00e1ltal\u00e1ban az idegeket \u00e9rinti, a test egy r\u00e9sz\u00e9n f\u00e1jdalmat okozva.<\/td>\n<\/tr>\n<tr valign=\"top\">\n<td>\n<h3><strong>P<\/strong><\/h3>\n<\/td>\n<td style=\"text-align: justify\">\u00a0<\/td>\n<\/tr>\n<tr valign=\"top\">\n<td>PROFILAXIS<\/td>\n<td style=\"text-align: justify\">betegs\u00e9g megel\u0151z\u00e9s\u00e9re g\u00f3gyszer szed\u00e9se, pl. antibiotikum\u00e9<\/td>\n<\/tr>\n<tr valign=\"top\">\n<td>\n<h3><strong>R<\/strong><\/h3>\n<\/td>\n<td style=\"text-align: justify\">\u00a0<\/td>\n<\/tr>\n<tr valign=\"top\">\n<td>REN\u00c1LIS<\/td>\n<td style=\"text-align: justify\">a ves\u00e9ket jelenti<\/td>\n<\/tr>\n<tr valign=\"top\">\n<td>\n<h3><strong>S<\/strong><\/h3>\n<\/td>\n<td style=\"text-align: justify\">\u00a0<\/td>\n<\/tr>\n<tr valign=\"top\">\n<td>S\u00c1RGAS\u00c1G<\/td>\n<td style=\"text-align: justify\">a szemnek \u00e9s a b\u0151rnek s\u00e1rg\u00e1s elsz\u00ednez\u0151d\u00e9se, amit az epefest\u00e9kek v\u00e9rben val\u00f3 felszaporod\u00e1sa okoz<\/td>\n<\/tr>\n<tr valign=\"top\">\n<td>SZERVKIL\u00d6K\u0150D\u00c9S<\/td>\n<td style=\"text-align: justify\">az immunrendszer pr\u00f3b\u00e1lkoz\u00e1sa az \u00e1ltala &#8222;idegennek&#8221; \u00edt\u00e9lt anyag elt\u00e1vol\u00edt\u00e1s\u00e1ra vagy elpuszt\u00edt\u00e1s\u00e1ra (pl. a be\u00fcltetett ves\u00e9t)<\/td>\n<\/tr>\n<tr valign=\"top\">\n<td>\n<h3><strong>T<\/strong><\/h3>\n<\/td>\n<td style=\"text-align: justify\">\u00a0<\/td>\n<\/tr>\n<tr valign=\"top\">\n<td>T-LIMFOCITA<\/td>\n<td style=\"text-align: justify\">a kil\u00f6k\u0151d\u00e9sben fontos szerepet j\u00e1tsz\u00f3 feh\u00e9rv\u00e9rsejtfajta<\/td>\n<\/tr>\n<tr valign=\"top\">\n<td>TROMBOCITA<\/td>\n<td style=\"text-align: justify\">v\u00e9rlemezke, a norm\u00e1lis v\u00e9ralvad\u00e1shoz sz\u00fcks\u00e9ges kis m\u00e9ret\u0171 v\u00e9rsejtek<\/td>\n<\/tr>\n<tr valign=\"top\">\n<td>TROMB\u00d3ZIS<\/td>\n<td style=\"text-align: justify\">az erekben t\u00f6rt\u00e9n\u0151 v\u00e9ralvad\u00e9k k\u00e9pz\u0151d\u00e9s<\/td>\n<\/tr>\n<tr valign=\"top\">\n<td>\n<h3><strong>U<\/strong><\/h3>\n<\/td>\n<td style=\"text-align: justify\">\u00a0<\/td>\n<\/tr>\n<tr valign=\"top\">\n<td>ULTRAHANG<\/td>\n<td style=\"text-align: justify\">a test szerkezet\u00e9nek vizsg\u00e1lata (l\u00e1that\u00f3v\u00e1 t\u00e9tele) hanghull\u00e1mok seg\u00edts\u00e9g\u00e9vel<\/td>\n<\/tr>\n<tr valign=\"top\">\n<td>UREA<\/td>\n<td style=\"text-align: justify\">a szervezetben a nitrog\u00e9n metabolizmus v\u00e9gterm\u00e9ke<\/td>\n<\/tr>\n<tr valign=\"top\">\n<td>UR\u00c9MIA<\/td>\n<td style=\"text-align: justify\">a szervezetben az urea \u00e9s m\u00e1s nitrog\u00e9n anyagcsereterm\u00e9kek felhalmoz\u00f3d\u00e1sa<\/td>\n<\/tr>\n<tr valign=\"top\">\n<td>\n<h3><strong>V<\/strong><\/h3>\n<\/td>\n<td style=\"text-align: justify\">\u00a0<\/td>\n<\/tr>\n<tr valign=\"top\">\n<td>VENTIL\u00c1TOR<\/td>\n<td style=\"text-align: justify\">a betegek l\u00e9gz\u00e9s\u00e9t seg\u00edt\u0151 g\u00e9p (l\u00e9legeztet\u0151g\u00e9p)<\/td>\n<\/tr>\n<tr valign=\"top\">\n<td>V\u00c9R UREA NITROG\u00c9N<\/td>\n<td style=\"text-align: justify\">a szervezetben foly\u00f3 feh\u00e9rje lebont\u00e1s mell\u00e9kterm\u00e9ke<\/td>\n<\/tr>\n<tr valign=\"top\">\n<td>VESEEL\u00c9GTELENS\u00c9G<\/td>\n<td style=\"text-align: justify\">a vese m\u0171k\u00f6d\u00e9s\u00e9nek akut vagy kr\u00f3nikus rosszabbod\u00e1sa, ami az urea vagy kreatinin szint n\u00f6veked\u00e9s\u00e9hez vezet<\/td>\n<\/tr>\n<tr valign=\"top\">\n<td>V\u00cdRUS<\/td>\n<td style=\"text-align: justify\">nagyon kis m\u00e9ret\u0171 \u00e9l\u0151l\u00e9ny (k\u00f3rokoz\u00f3), ami fert\u0151z\u00e9st okoz<\/td>\n<\/tr>\n<\/tbody>\n<\/table>\n","protected":false},"excerpt":{"rendered":"<p>\u00a0 A \u00a0 ANTACID gy\u00f3gyszer az em\u00e9szt\u0151rendszer v\u00e9delm\u00e9re, cs\u00f6kkenti a gyomor\u00e9g\u00e9st \u00e9s az em\u00e9szt\u0151rendszerben \u00e9rzett kellemetlens\u00e9geket ANTITEST a szervezet \u00e1ltal az idegen anyagok, pl. bakt\u00e9riumok elt\u00e1vol\u00edt\u00e1s\u00e1ra termelt feh\u00e9rje ANTIG\u00c9N b\u00e1rmilyen molekula, amit az immunrendszer felismer \u00e9s r\u00e1 v\u00e1laszt v\u00e1lt ki AN\u00c9MIA a hemoglobin norm\u00e1l szintj\u00e9nek a cs\u00f6kken\u00e9se ANESZTETIKUM gy\u00f3gyszer, ami a tudatot eltomp\u00edtva (altatva) cs\u00f6kkenti &hellip;<\/p>\n","protected":false},"author":101236,"featured_media":0,"parent":7000,"menu_order":9,"comment_status":"closed","ping_status":"closed","template":"","meta":{"_acf_changed":false,"footnotes":""},"categories":[],"tags":[],"class_list":["post-7106","page","type-page","status-publish","hentry"],"acf":[],"_links":{"self":[{"href":"https:\/\/semmelweis.hu\/sebeszet\/wp-json\/wp\/v2\/pages\/7106","targetHints":{"allow":["GET"]}}],"collection":[{"href":"https:\/\/semmelweis.hu\/sebeszet\/wp-json\/wp\/v2\/pages"}],"about":[{"href":"https:\/\/semmelweis.hu\/sebeszet\/wp-json\/wp\/v2\/types\/page"}],"author":[{"embeddable":true,"href":"https:\/\/semmelweis.hu\/sebeszet\/wp-json\/wp\/v2\/users\/101236"}],"replies":[{"embeddable":true,"href":"https:\/\/semmelweis.hu\/sebeszet\/wp-json\/wp\/v2\/comments?post=7106"}],"version-history":[{"count":1,"href":"https:\/\/semmelweis.hu\/sebeszet\/wp-json\/wp\/v2\/pages\/7106\/revisions"}],"predecessor-version":[{"id":7107,"href":"https:\/\/semmelweis.hu\/sebeszet\/wp-json\/wp\/v2\/pages\/7106\/revisions\/7107"}],"up":[{"embeddable":true,"href":"https:\/\/semmelweis.hu\/sebeszet\/wp-json\/wp\/v2\/pages\/7000"}],"wp:attachment":[{"href":"https:\/\/semmelweis.hu\/sebeszet\/wp-json\/wp\/v2\/media?parent=7106"}],"wp:term":[{"taxonomy":"category","embeddable":true,"href":"https:\/\/semmelweis.hu\/sebeszet\/wp-json\/wp\/v2\/categories?post=7106"},{"taxonomy":"post_tag","embeddable":true,"href":"https:\/\/semmelweis.hu\/sebeszet\/wp-json\/wp\/v2\/tags?post=7106"}],"curies":[{"name":"wp","href":"https:\/\/api.w.org\/{rel}","templated":true}]}}