{"id":7097,"date":"2021-12-13T09:01:49","date_gmt":"2021-12-13T08:01:49","guid":{"rendered":"https:\/\/semmelweis.hu\/sebeszet1\/?page_id=7097"},"modified":"2021-12-13T09:01:49","modified_gmt":"2021-12-13T08:01:49","slug":"a-gyogyszerek-ellenorzo-listaja","status":"publish","type":"page","link":"https:\/\/semmelweis.hu\/sebeszet\/szervatultetes\/a-veseatultetesrol\/a-gyogyszerek-ellenorzo-listaja\/","title":{"rendered":"A gy\u00f3gyszerek ellen\u0151rz\u0151 list\u00e1ja"},"content":{"rendered":"<h2>FONTOS!<\/h2>\n<p>A k\u00f6vetkez\u0151 szab\u00e1lyok minden gy\u00f3gyszerrel kapcsolatban \u00e9rv\u00e9nyesek:<\/p>\n<ul>\n<li>Pr\u00f3b\u00e1lja gy\u00f3gyszereit minden nap ugyanabban az id\u0151ben bevenni.<\/li>\n<li>Sohase cs\u00f6kkentse, vagy hagyja abba gy\u00f3gyszereinek szed\u00e9s\u00e9t saj\u00e1t d\u00f6nt\u00e9se alapj\u00e1n, m\u00e9g akkor sem, ha jobban \u00e9rzi mag\u00e1t<\/li>\n<li>Ha gy\u00f3gyszer\u00e9b\u0151l v\u00e9letlen\u00fcl az el\u0151\u00edrtn\u00e1l nagyobb adagot vett be, azonnal \u00e9rtes\u00edtse kezel\u0151orvos\u00e1t.<\/li>\n<li>Ha elfelejtette bevenni orvoss\u00e1g\u00e1t, vegye be azonnal, amint esz\u00e9be jut, kiv\u00e9ve, ha a k\u00f6vetkez\u0151 gy\u00f3gyszeradagot m\u00e1r \u00f6t \u00f3r\u00e1n bel\u00fcl be kellene venni.<\/li>\n<li>Ne felejtse, a gy\u00f3gyszer csak az \u00d6n\u00e9. Ne adjon bel\u0151le m\u00e1snak.<\/li>\n<li>Ne vegyen be semmilyen gy\u00f3gyszert a dobozon felt\u00fcntetett lej\u00e1rati id\u0151 ut\u00e1n. Fel nem haszn\u00e1lt gy\u00f3gyszer\u00e9t vigye vissza a gy\u00f3gyszert\u00e1rba.<\/li>\n<li>\u00c9rtes\u00edtse kezel\u0151 orvos\u00e1t, vagy a transzplant\u00e1ci\u00f3t v\u00e9gz\u0151 orvosokat, ha gy\u00f3gyszerei szed\u00e9se k\u00f6zben \u00faj, vagy szokatlan mell\u00e9khat\u00e1st \u00e9szlel.<\/li>\n<li>Ne szedjen semmilyen v\u00e9ny n\u00e9lk\u00fcl kaphat\u00f3 gy\u00f3gyszert orvosa tudta, \u00e9s beleegyez\u00e9se n\u00e9lk\u00fcl<\/li>\n<li>T\u00e1rolja gy\u00f3gyszereit sz\u00e1raz, h\u0171v\u00f6s helyen, f\u00e9nyt\u0151l v\u00e9dve, \u00e9s gyermekek el\u0151l elz\u00e1rva.<\/li>\n<li>Ne tartsa gy\u00f3gyszereit h\u0171t\u0151szekr\u00e9nyben, hacsak orvosa, vagy gy\u00f3gyszer\u00e9sze nem utas\u00edtotta erre.<\/li>\n<li>Ellen\u0151rizze, hogy elegend\u0151 gy\u00f3gyszere legyen a h\u00e9tv\u00e9g\u00e9re, \u00e9s az \u00fcnnepnapokra is. Ha megv\u00e1ltozott a gy\u00f3gyszerek adagja, ellen\u0151rizze, hogy van-e elegend\u0151 gy\u00f3gyszere az emelt d\u00f3zisok biztos\u00edt\u00e1s\u00e1ra.<\/li>\n<\/ul>\n","protected":false},"excerpt":{"rendered":"<p>FONTOS! A k\u00f6vetkez\u0151 szab\u00e1lyok minden gy\u00f3gyszerrel kapcsolatban \u00e9rv\u00e9nyesek: Pr\u00f3b\u00e1lja gy\u00f3gyszereit minden nap ugyanabban az id\u0151ben bevenni. Sohase cs\u00f6kkentse, vagy hagyja abba gy\u00f3gyszereinek szed\u00e9s\u00e9t saj\u00e1t d\u00f6nt\u00e9se alapj\u00e1n, m\u00e9g akkor sem, ha jobban \u00e9rzi mag\u00e1t Ha gy\u00f3gyszer\u00e9b\u0151l v\u00e9letlen\u00fcl az el\u0151\u00edrtn\u00e1l nagyobb adagot vett be, azonnal \u00e9rtes\u00edtse kezel\u0151orvos\u00e1t. Ha elfelejtette bevenni orvoss\u00e1g\u00e1t, vegye be azonnal, amint esz\u00e9be jut, &hellip;<\/p>\n","protected":false},"author":101236,"featured_media":0,"parent":7000,"menu_order":5,"comment_status":"closed","ping_status":"closed","template":"","meta":{"_acf_changed":false,"footnotes":""},"categories":[],"tags":[],"class_list":["post-7097","page","type-page","status-publish","hentry"],"acf":[],"_links":{"self":[{"href":"https:\/\/semmelweis.hu\/sebeszet\/wp-json\/wp\/v2\/pages\/7097","targetHints":{"allow":["GET"]}}],"collection":[{"href":"https:\/\/semmelweis.hu\/sebeszet\/wp-json\/wp\/v2\/pages"}],"about":[{"href":"https:\/\/semmelweis.hu\/sebeszet\/wp-json\/wp\/v2\/types\/page"}],"author":[{"embeddable":true,"href":"https:\/\/semmelweis.hu\/sebeszet\/wp-json\/wp\/v2\/users\/101236"}],"replies":[{"embeddable":true,"href":"https:\/\/semmelweis.hu\/sebeszet\/wp-json\/wp\/v2\/comments?post=7097"}],"version-history":[{"count":1,"href":"https:\/\/semmelweis.hu\/sebeszet\/wp-json\/wp\/v2\/pages\/7097\/revisions"}],"predecessor-version":[{"id":7098,"href":"https:\/\/semmelweis.hu\/sebeszet\/wp-json\/wp\/v2\/pages\/7097\/revisions\/7098"}],"up":[{"embeddable":true,"href":"https:\/\/semmelweis.hu\/sebeszet\/wp-json\/wp\/v2\/pages\/7000"}],"wp:attachment":[{"href":"https:\/\/semmelweis.hu\/sebeszet\/wp-json\/wp\/v2\/media?parent=7097"}],"wp:term":[{"taxonomy":"category","embeddable":true,"href":"https:\/\/semmelweis.hu\/sebeszet\/wp-json\/wp\/v2\/categories?post=7097"},{"taxonomy":"post_tag","embeddable":true,"href":"https:\/\/semmelweis.hu\/sebeszet\/wp-json\/wp\/v2\/tags?post=7097"}],"curies":[{"name":"wp","href":"https:\/\/api.w.org\/{rel}","templated":true}]}}