{"id":7094,"date":"2021-12-13T09:01:04","date_gmt":"2021-12-13T08:01:04","guid":{"rendered":"https:\/\/semmelweis.hu\/sebeszet1\/?page_id=7094"},"modified":"2021-12-13T09:01:04","modified_gmt":"2021-12-13T08:01:04","slug":"elet-a-vesetranszplantacio-utan","status":"publish","type":"page","link":"https:\/\/semmelweis.hu\/sebeszet\/szervatultetes\/a-veseatultetesrol\/elet-a-vesetranszplantacio-utan\/","title":{"rendered":"\u00c9let a vesetranszplant\u00e1ci\u00f3 ut\u00e1n"},"content":{"rendered":"<h3 style=\"text-align: justify\">Hazat\u00e9r\u00e9s<\/h3>\n<p style=\"text-align: justify\">A transzplant\u00e1ci\u00f3 ut\u00e1n a k\u00f3rh\u00e1zb\u00f3l val\u00f3 hazat\u00e9r\u00e9s \u00e1ltal\u00e1ban egy boldog, \u00f6r\u00f6mteli esem\u00e9ny, azonban ez az \u00f6r\u00f6m\u00e9rzet az els\u0151 n\u00e9h\u00e1ny h\u00e9tben jelent\u0151s m\u00e9rt\u00e9k\u0171 szorong\u00e1ssal, s\u0151t depresszi\u00f3val is vegy\u00fclhet. Fontos annak elfogad\u00e1sa, hogy a fel\u00e9p\u00fcl\u00e9s egy olyan folyamat, amely t\u00f6bb h\u00e9tig, vagy h\u00f3napig is eltarthat. \u00d6nnek \u00e9s csal\u00e1dj\u00e1nak egyar\u00e1nt id\u0151re van sz\u00fcks\u00e9ge az \u00faj \u00e9letm\u00f3d megszok\u00e1s\u00e1hoz, ugyanakkor a transzplant\u00e1lt ves\u00e9vel val\u00f3 egy\u00fctt\u00e9l\u00e9s megtanul\u00e1sa is id\u0151ig\u00e9nyes folyamat. A legt\u00f6bb ember k\u00f6nnyebben viseli mindezt, ha akt\u00edv marad, \u00e9s f\u0151k\u00e9nt akkor, ha kitart\u00f3 er\u0151fesz\u00edt\u00e9st tesz annak \u00e9rdek\u00e9ben, hogy folytassa a fizikai rehabilit\u00e1ci\u00f3 hossz\u00fa folyamat\u00e1t.<\/p>\n<p style=\"text-align: justify\">Miut\u00e1n a kb. h\u00e1rom h\u00f3napig tart\u00f3 els\u0151, \u00e9rz\u00e9keny id\u0151szak eltelik a transzplant\u00e1ci\u00f3 ut\u00e1n, a vesetranszplant\u00e1lt betegek nagy t\u00f6bbs\u00e9ge \u00e9lvezi a teljes, akt\u00edv \u00e9letet. A lehets\u00e9ges probl\u00e9m\u00e1k ellen\u00e9re a transzplant\u00e1ltak nagy t\u00f6bbs\u00e9ge visszat\u00e9r norm\u00e1lis \u00e9letvitel\u00e9hez. Dolgoznak, csal\u00e1djuk van, nevelik gyermekeiket, hasznos tagjai k\u00f6z\u00f6ss\u00e9g\u00fcknek \u00e9s \u00e9lvezik a szabadidej\u00fcket.<\/p>\n<h3 style=\"text-align: justify\">\u00c9trend \u00e9s t\u00e1pl\u00e1lkoz\u00e1s<\/h3>\n<p style=\"text-align: justify\">A transzplant\u00e1ci\u00f3 el\u0151tt hossz\u00fa ideig beteg volt, s lehets\u00e9ges, hogy sokat vesz\u00edtett a s\u00faly\u00e1b\u00f3l. A megfelel\u0151 t\u00e1pl\u00e1lkoz\u00e1s ez\u00e9rt fontos r\u00e9sz\u00e9t k\u00e9pezi fel\u00e9p\u00fcl\u00e9s\u00e9nek, \u00e9s az eg\u00e9szs\u00e9ges, j\u00f3l kiegyens\u00falyozott di\u00e9ta seg\u00edti \u00d6nt abban, hogy ism\u00e9t talpra \u00e1lljon. Sajnos, az egyik hat\u00e1s, amit majdnem minden kortikoszteroidot szed\u0151 beteg tapasztal, az \u00e9tv\u00e1gy jelent\u0151s m\u00e9rt\u00e9k\u0171 megn\u00f6veked\u00e9se. Az elh\u00edz\u00e1s ez\u00e9rt a legt\u00f6bb transzplant\u00e1lt beteg sz\u00e1m\u00e1ra egy fontos probl\u00e9ma hossz\u00fa t\u00e1von. Lehet, hogy alacsony zs\u00edr, \u00e9s cukor tartalm\u00fa di\u00e9t\u00e1t kell folytatnia ahhoz, hogy tests\u00faly\u00e1t \u00e9s v\u00e9rcukor szintj\u00e9t megfelel\u0151 kontroll alatt tartsa. K\u00e9rje meg dietetikus\u00e1t, hogy seg\u00edtsen a megfelel\u0151 \u00e9trend \u00f6ssze\u00e1ll\u00edt\u00e1s\u00e1ban, amely egyar\u00e1nt megfelel majd a sz\u00fcks\u00e9ges di\u00e9t\u00e1nak \u00e9s az \u00d6n ig\u00e9nyeinek. \u00c9trend kieg\u00e9sz\u00edt\u00e9sk\u00e9nt a multivitamin k\u00e9sz\u00edtm\u00e9nyek szed\u00e9se lehets\u00e9ges, azonban a megfelel\u0151 k\u00e9sz\u00edtm\u00e9ny kiv\u00e1laszt\u00e1s\u00e1t besz\u00e9lje meg kezel\u0151orvos\u00e1val!<\/p>\n<p style=\"text-align: justify\"><em>A megfelel\u0151 t\u00e1pl\u00e1lkoz\u00e1s fontos r\u00e9sz\u00e9t k\u00e9pezi fel\u00e9p\u00fcl\u00e9s\u00e9nek<\/em><\/p>\n<p style=\"text-align: justify\">\u00c9trendj\u00e9nek a k\u00f6vetkez\u0151ket kell tartalmaznia:<\/p>\n<ul style=\"text-align: justify\">\n<li>Gy\u00fcm\u00f6lcs (ne felejtse, hogy bizonyos gy\u00fcm\u00f6lcs\u00f6k, pl. a ban\u00e1n, nagy mennyis\u00e9g\u0171 k\u00e1liumot tartalmaznak, ez\u00e9rt nem aj\u00e1nlatos bel\u0151l\u00fck t\u00fal sokat fogyasztani).<\/li>\n<li>Z\u00f6lds\u00e9gf\u00e9l\u00e9k<\/li>\n<li>Teljes\u00e9rt\u00e9k\u0171 gabonaf\u00e9l\u00e9k \u00e9s kenyerek<\/li>\n<li>Alacsony zs\u00edrtartalm\u00fa tej, \u00e9s tejterm\u00e9k, vagy egy\u00e9b kalciumforr\u00e1sok<\/li>\n<li>Sov\u00e1ny h\u00fas, hal, baromfi, vagy egy\u00e9b feh\u00e9rjeforr\u00e1s<\/li>\n<\/ul>\n<p style=\"text-align: justify\"><em>Lehet, hogy alacsony zs\u00edr, \u00e9s cukor tartalm\u00fa di\u00e9t\u00e1t kell folytatnia ahhoz, hogy tests\u00faly\u00e1t \u00e9s v\u00e9rcukor szintj\u00e9t megfelel\u0151 kontroll alatt tartsa<\/em>.<\/p>\n<p style=\"text-align: justify\">Tov\u00e1bbi javaslatok:<\/p>\n<ul style=\"text-align: justify\">\n<li>Minden nap m\u00e9rje meg a tests\u00faly\u00e1t<\/li>\n<li>A f\u0151 \u00e9tkez\u00e9sek k\u00f6z\u00f6tt ne fogyasszon \u00e9dess\u00e9geket, pl. s\u00fctem\u00e9nyt, kekszet. Ha \u00e9hes, egyen gy\u00fcm\u00f6lcs\u00f6t vagy z\u00f6lds\u00e9geket (alacsony a kal\u00f3ria tartalmuk), esetleg kefirt vagy joghurtot.<\/li>\n<li>Azokat a z\u00f6lds\u00e9gf\u00e9l\u00e9ket, melyeknek a gy\u00f6ker\u00e9t essz\u00fck (pl. a burgonya), mindig meg kell tiszt\u00edtani, \u00e9s forr\u00f3 v\u00edzben megf\u0151zni. J\u00f3 megold\u00e1s, ha a z\u00f6lds\u00e9geket nagynyom\u00e1s\u00fa kukt\u00e1ban f\u0151zi, \u00edgy meg\u0151rzi vitamin tartalmukat, \u00e9s ugyanakkor cs\u00f6kkenti az elk\u00e9sz\u00edt\u00e9sre ford\u00edtott id\u0151t, energi\u00e1t.<\/li>\n<li>Ne fogyasszon olyan sajtokat, amelyeket nem paszt\u0151r\u00f6z\u00f6tt tejb\u0151l k\u00e9sz\u00edtettek, \u00e9s ne egyen pen\u00e9sszel \u00e9rlelt sajtot sem, mint pl. a Stilton, Camembert, M\u00e1rv\u00e1nysajt, Roquefort.<\/li>\n<li>Egyszerre csak kis mennyis\u00e9g\u0171 tejterm\u00e9ket v\u00e1s\u00e1roljon, hogy azt m\u00e9g frissen elfogyaszthassa.<\/li>\n<li>Pr\u00f3b\u00e1ljon meg legal\u00e1bb k\u00e9t liter folyad\u00e9kot fogyasztani naponta. Ez j\u00f3 a ves\u00e9j\u00e9nek, \u00e9s seg\u00edti a salakanyagok elt\u00e1vol\u00edt\u00e1s\u00e1t a szervezet\u00e9b\u0151l. A palackozott \u00e1sv\u00e1nyv\u00edz (az alacsony n\u00e1trium tartalm\u00faak), a gy\u00f3gyte\u00e1k, \u00e9s a paszt\u0151r\u00f6z\u00f6tt, alacsony zs\u00edrtartalm\u00fa tej j\u00f3 v\u00e1laszt\u00e1si lehet\u0151s\u00e9get k\u00edn\u00e1lnak.<\/li>\n<li>Nem sz\u00fcks\u00e9ges f\u0171szerszeg\u00e9nyen t\u00e1pl\u00e1lkoznia, de ker\u00fclje a nagyon pik\u00e1ns, cs\u00edp\u0151s \u00e9teleket.<\/li>\n<\/ul>\n<div style=\"text-align: justify\">FONTOS!<br \/>Ha tacrolimust, cyclosporint vagy sirolimust szed, ne fogyasszon grapefruitot vagy grapefruit levet tartalmaz\u00f3 k\u00e9sz\u00edtm\u00e9ny. A grapefruit megn\u00f6veli e gy\u00f3gyszerek v\u00e9rszintj\u00e9t, \u00e9s ez mell\u00e9khat\u00e1sok kialakul\u00e1s\u00e1hoz vezethet.<\/div>\n<h3 style=\"text-align: justify\">S\u00f3 (n\u00e1trium)<\/h3>\n<p style=\"text-align: justify\">A kortikoszteroidok, valamint kisebb m\u00e9rt\u00e9kben a cyclosporin \u00e9s a tacrolimus hat\u00e1s\u00e1ra szervezete visszatartja a s\u00f3t. Ez folyad\u00e9k visszatart\u00e1shoz \u00e9s v\u00e9rnyom\u00e1s emelked\u00e9shez vezethet.<\/p>\n<p style=\"text-align: justify\">Pr\u00f3b\u00e1lja meg s\u00f3 fogyaszt\u00e1s\u00e1t cs\u00f6kkenteni a k\u00f6vetkez\u0151 m\u00f3dszerekkel:<\/p>\n<ul style=\"text-align: justify\">\n<li>F\u0151z\u00e9skor csak kev\u00e9s s\u00f3t haszn\u00e1ljon<\/li>\n<li>Pr\u00f3b\u00e1lja nem s\u00f3zni a f\u0151tt \u00e9teleket<\/li>\n<li>Ker\u00fclje a s\u00f3s \u00e9teleket, p<br \/>l. a burgonyaszirom, chipsek<\/li>\n<li>Ker\u00fclje a konzerveket (ezek gyakran sok s\u00f3t tartalmaznak)<\/li>\n<\/ul>\n<p style=\"text-align: justify\">Amennyiben \u00d6nnek v\u00edzhajt\u00f3 kezel\u00e9sre van sz\u00fcks\u00e9ge, valamint nagyon ritk\u00e1n e n\u00e9lk\u00fcl is, a n\u00e1trium \u00fcr\u00edt\u00e9se norm\u00e1lis lehet, ez\u00e9rt a s\u00f3bevitel\u00e9t besz\u00e9lje meg a kezel\u0151orvos\u00e1val.<\/p>\n<h3 style=\"text-align: justify\">K\u00e1lium<\/h3>\n<p style=\"text-align: justify\">A legt\u00f6bb cs\u00f6kkent vesem\u0171k\u00f6d\u00e9s\u0171 beteg v\u00e9r\u00e9ben t\u00fal magas a k\u00e1lium koncentr\u00e1ci\u00f3. Vesetranszplant\u00e1ci\u00f3 ut\u00e1n a betegek nagy r\u00e9sz\u00e9ben vissza\u00e1ll a k\u00e1lium egyens\u00faly, azonban egyes esetekben, f\u0151leg ha nem szed v\u00edzhajt\u00f3t, a ves\u00e9k nehezen tudj\u00e1k a k\u00e1lium szintet szab\u00e1lyozni. Emiatt jobb elker\u00fclni az olyan \u00e9teleket, amelyek nagy mennyis\u00e9g\u0171 k\u00e1liumot tartalmaznak, mint pl. a gy\u00fcm\u00f6lcsl\u00e9, a ban\u00e1n, \u00e9s a spen\u00f3t. Bizonyos esetekben ves\u00e9je a k\u00e1liumot a kellet\u00e9n\u00e9l jobban \u00fcr\u00edtheti, ez\u00e9rt a k\u00e1liumbevitel\u00e9t is mindig egyeztesse a kezel\u0151orvos\u00e1val.<\/p>\n<p style=\"text-align: justify\"><em>\u00c1ltal\u00e1ban \u00e9rdemes a s\u00f3fogyaszt\u00e1s\u00e1t cs\u00f6kkenteni<\/em><\/p>\n<h3 style=\"text-align: justify\">Testmozg\u00e1s<\/h3>\n<p style=\"text-align: justify\">A testmozg\u00e1s a testre, \u00e9s l\u00e9lekre egyar\u00e1nt stimul\u00e1l\u00f3an hat. Azok a betegek, akik rendszeresen v\u00e9geznek testmozg\u00e1st, azt mondj\u00e1k, hogy az jav\u00edtja \u00e1ltal\u00e1nos k\u00f6z\u00e9rzet\u00fcket, n\u00f6veli energi\u00e1jukat a munk\u00e1ban, kikapcsol\u00f3d\u00e1sban \u00e9s szem\u00e9lyes kapcsolatokban egyar\u00e1nt. A rendszeres testmozg\u00e1s seg\u00edt a tests\u00faly meg\u0151rz\u00e9s\u00e9ben is.<\/p>\n<p style=\"text-align: justify\">Fontos a napi edz\u00e9sprogram kidolgoz\u00e1sa az\u00e9rt, hogy meger\u0151s\u00edtse a hossz\u00fa betegesked\u00e9s alatt legyeng\u00fclt izomzat\u00e1t. Edz\u00e9sprogramj\u00e1nak fokozatosnak kell lennie, lassan n\u00f6velve a terhel\u00e9s m\u00e9rt\u00e9k\u00e9t. \u00cdgy az edz\u00e9s pozit\u00edv hat\u00e1sai teljes m\u00e9rt\u00e9kben \u00e9rv\u00e9nyes\u00fclnek, an\u00e9lk\u00fcl, hogy az vesz\u00e9lyeztetn\u00e9 testi \u00e9ps\u00e9g\u00e9t, vagy s\u00falyos s\u00e9r\u00fcl\u00e9st okozna. A l\u00e9pcs\u0151z\u00e9s j\u00f3 m\u00f3dja a testmozg\u00e1s megkezd\u00e9s\u00e9nek, de vigy\u00e1zzon, ne er\u0151ltesse t\u00fal mag\u00e1t, \u00e9s pihenjen, ha elf\u00e1radt. Hamarosan \u00e9szre fogja venni, hogy visszanyeri erej\u00e9t, \u00e9s m\u00e1sf\u00e9le testedz\u00e9sbe is belekezdhet. A m\u0171t\u00e9t ut\u00e1n h\u00e1rom h\u00f3napig azonban ker\u00fclni kell a hasizm\u00e1t ig\u00e9nybe vev\u0151 testmozg\u00e1st, hasfali s\u00e9rv kialakul\u00e1s\u00e1nak megel\u0151z\u00e9s\u00e9re. A ker\u00e9kp\u00e1roz\u00e1s, \u00fasz\u00e1s \u00e9s a gyalogl\u00e1s nagyon j\u00f3 m\u00f3dja az \u00e1ll\u00f3k\u00e9pess\u00e9g n\u00f6vel\u00e9s\u00e9nek, \u00e9s az \u00e1ltal\u00e1nos izomt\u00f3nus jav\u00edt\u00e1s\u00e1nak. Ha mindez m\u00e1r j\u00f3l megy, ak\u00e1r m\u00e1r h\u00e1rom h\u00f3nappal a m\u0171t\u00e9t ut\u00e1n olyan hobbikat is elkezdhet, mint a teniszez\u00e9s, vagy fut\u00e1s.<\/p>\n<p style=\"text-align: justify\"><em>Fontos a napi edz\u00e9sprogram kidolgoz\u00e1sa az\u00e9rt, hogy er\u0151s\u00edtse izomzat\u00e1t.<\/em><\/p>\n<p style=\"text-align: justify\">B\u00e1rmely testedz\u00e9si program megkezd\u00e9se el\u0151tt besz\u00e9ljen kezel\u0151orvos\u00e1val vagy a traszplant\u00e1ci\u00f3t v\u00e9gz\u0151 k\u00f6zpont orvosaival. \u0150k seg\u00edthetnek az \u00d6n sz\u00e1m\u00e1ra legmegfelel\u0151bb edz\u00e9sprogram kiv\u00e1laszt\u00e1s\u00e1ban.<\/p>\n<div style=\"text-align: justify\">\n<p>FIGYELEM!<\/p>\n<p>Ha a k\u00f6vetkez\u0151 probl\u00e9m\u00e1k k\u00f6z\u00fcl b\u00e1rmelyiket \u00e9szleli, azonnal hagyja abba a testedz\u00e9st mindaddig, m\u00edg nem besz\u00e9lt orvos\u00e1val:<\/p>\n<ul>\n<li>Mellkas\u00e1ban, nyak\u00e1ban, vagy \u00e1llkapcs\u00e1ban jelentkez\u0151 nyom\u00e1s-, vagy szor\u00edt\u00f3 f\u00e1jdalom\u00e9rz\u00e9s<\/li>\n<li>T\u00falzott f\u00e1radts\u00e1g, ami nem magyar\u00e1zhat\u00f3 kialvatlans\u00e1ggal<\/li>\n<li>Szokatlan l\u00e9gz\u00e9si neh\u00e9zs\u00e9g<\/li>\n<li>Sz\u00e9d\u00fcl\u00e9s, zavarts\u00e1g testmozg\u00e1s ut\u00e1n<\/li>\n<li>\u00c1lland\u00f3 szapora vagy szab\u00e1lytalan sz\u00edvm\u0171k\u00f6d\u00e9s a terhel\u00e9s alatt vagy ut\u00e1n<\/li>\n<\/ul>\n<\/div>\n<h3 style=\"text-align: justify\">G\u00e9pj\u00e1rm\u0171vezet\u00e9s<\/h3>\n<p style=\"text-align: justify\">Nem aj\u00e1nlatos g\u00e9pj\u00e1rm\u0171vet vezetni a m\u0171t\u00e9tet k\u00f6vet\u0151 els\u0151 n\u00e9gy h\u00e9tben. Mindig haszn\u00e1lja a biztons\u00e1gi \u00f6vet, m\u00e9g akkor is, ha k\u00e9nyelmetlennek tal\u00e1lja. Semmi alapja annak, hogy a biztons\u00e1gi \u00f6v visel\u00e9se zavarn\u00e1 a ves\u00e9j\u00e9t.<\/p>\n<h3 style=\"text-align: justify\">Alkohol<\/h3>\n<p style=\"text-align: justify\">Alkohol tartalm\u00fa italok fogyaszt\u00e1sa nem aj\u00e1nlott. Az alkohol a m\u00e1jban bomlik le, \u00e9s a gy\u00f3gyszerekkel egy\u00fctt fokozottan m\u00e1jk\u00e1ros\u00edt\u00f3 hat\u00e1sa van.<\/p>\n<h3 style=\"text-align: justify\">Doh\u00e1nyz\u00e1s<\/h3>\n<p style=\"text-align: justify\">Hagyja abba a doh\u00e1nyz\u00e1st! A doh\u00e1nyz\u00e1s k\u00e1ros az eg\u00e9szs\u00e9gre. Ha a leszok\u00e1ssal gondjai vannak, k\u00e9rje a helyi, doh\u00e1nyz\u00e1sr\u00f3l leszoktat\u00f3 csoport seg\u00edts\u00e9g\u00e9t. A vesebetegek fokozottan hajlamosak a sz\u00edv- \u00e9s \u00e9rrendszeri megbeteged\u00e9sre, ez\u00e9rt a doh\u00e1nyz\u00e1s az \u00e1tlagosn\u00e1l is fokozottabban h\u00e1tr\u00e1nyos \u00d6nre n\u00e9zve.<\/p>\n<h3 style=\"text-align: justify\">Szexu\u00e1lis aktivit\u00e1s<\/h3>\n<p style=\"text-align: justify\">A sikeres transzplant\u00e1ci\u00f3t k\u00f6vet\u0151 n\u00e9h\u00e1ny h\u00f3napon bel\u00fcl \u00e1ltal\u00e1ban javul a szexu\u00e1lis aktivit\u00e1s. Amint el\u00e9g j\u00f3l \u00e9rzi hozz\u00e1 mag\u00e1t, \u00e9lhet nemi \u00e9letet. A f\u00e9rfiak nagy t\u00f6bbs\u00e9ge visszanyeri nemz\u0151k\u00e9pess\u00e9g\u00e9t, b\u00e1r n\u00e9h\u00e1ny beteg, akikn\u00e9l komoly v\u00e9rkering\u00e9si probl\u00e9m\u00e1k \u00e1llnak fenn, impotens maradhat. Egyes gy\u00f3gyszerek zavarhatj\u00e1k a szexu\u00e1lis m\u0171k\u00f6d\u00e9st, ez\u00e9rt keresse fel kezel\u0151 orvos\u00e1t, vagy a traszplant\u00e1ci\u00f3t v\u00e9gz\u0151 munkacsoportot, ha ilyen probl\u00e9m\u00e1t \u00e9szlel. Nyugodtan megcs\u00f3kolhatja partner\u00e9t, felt\u00e9ve, hogy neki nincs fert\u0151z\u00e9se, pl. n\u00e1tha, influenza, vagy herpesze (pl. herpes simplex).<\/p>\n<p style=\"text-align: justify\">Mivel egyes immunszuppressz\u00edv szerek befoly\u00e1solhatj\u00e1k a fogamz\u00e1sg\u00e1tl\u00f3 tablett\u00e1k, azok szed\u00e9se csak a transzplant\u00e1ci\u00f3s k\u00f6zpont orvosi ellen\u0151rz\u00e9se mellett aj\u00e1nlott. Intrauterin eszk\u00f6z\u00f6k alkalmaz\u00e1sa, mint a spir\u00e1l, szint\u00e9n nem aj\u00e1nlott, mivel megn\u00f6velik a fert\u0151z\u00e9svesz\u00e9lyt. A fert\u0151z\u00e9sek megel\u0151z\u00e9se szempontj\u00e1b\u00f3l haszn\u00e1lhat\u00f3 a gumi \u00f3vszer, \u00e9s spermicid kr\u00e9mmel\/habbal egy\u00fctt alkalmazva j\u00f3 fogamz\u00e1sg\u00e1tl\u00f3 is. A petevezet\u00e9k lek\u00f6t\u00e9se egy m<br \/>\u00e1sik lehets\u00e9ges megold\u00e1s, \u00e9s a n\u0151k egy r\u00e9sze lehet, hogy meg akarja besz\u00e9lni n\u0151gy\u00f3gy\u00e1sz\u00e1val, ha m\u00e1r nem k\u00edv\u00e1n t\u00f6bb gyermeket.<\/p>\n<p style=\"text-align: justify\">Sok f\u00e9rfi nemzett m\u00e1r gyermeket vesetranszplant\u00e1ci\u00f3 ut\u00e1n. A legt\u00f6bb n\u0151 eset\u00e9ben a norm\u00e1lis havi ciklus p\u00e1r h\u00f3nappal a transzplant\u00e1ci\u00f3 ut\u00e1n visszat\u00e9r, \u00e9s m\u00e1r sok transzplant\u00e1lt n\u0151 sz\u00fclt eg\u00e9szs\u00e9ges gyermeket. A csal\u00e1dot tervez\u0151 n\u0151k besz\u00e9lj\u00e9k meg ez ir\u00e1ny\u00fa terveiket kezel\u0151orvosukkal, vagy a transzplant\u00e1ci\u00f3t v\u00e9gz\u0151 munkacsoporttal. Norm\u00e1lisan az \u00e1t\u00fcltet\u00e9s ut\u00e1n legal\u00e1bb egy \u00e9vet \u00e9rdemes v\u00e1rni a teherbees\u00e9ssel. Ezen k\u00edv\u00fcl fontos, hogy vesefunkci\u00f3ja j\u00f3 legyen, ne legyen semmilyen betegs\u00e9ge, ami vesz\u00e9lyeztethetn\u00e9 a saj\u00e1t, vagy a magzat eg\u00e9szs\u00e9g\u00e9t, \u00e9s kis d\u00f3zis\u00fa immunszuppressz\u00edv kezel\u00e9s alatt kell \u00e1llnia.<\/p>\n<p style=\"text-align: justify\"><em>A csal\u00e1dot tervez\u0151 n\u0151k besz\u00e9lj\u00e9k meg ez ir\u00e1ny\u00fa terveiket kezel\u0151orvosukkal.<\/em><\/p>\n<h3 style=\"text-align: justify\">Pihen\u00e9s<\/h3>\n<p style=\"text-align: justify\">Semmi akad\u00e1lya annak, hogy a vil\u00e1g b\u00e1rmelyik pontj\u00e1ra elutazzon, de legyen \u00f3vatos. Ker\u00fclje azokat a helyeket, ahol a v\u00edz \u00e9s az \u00e9lelmiszer fert\u0151z\u00f6tt lehet, \u00e9s alacsony a higi\u00e9nia szintje. \u00c1ltal\u00e1noss\u00e1gban elmondhat\u00f3, hogy biztons\u00e1ggal utazhat \u00c9szak-Amerik\u00e1ba, Eur\u00f3p\u00e1ba, Jap\u00e1nba \u00e9s Ausztr\u00e1li\u00e1ba, de miel\u0151tt utaz\u00e1s\u00e1t elkezden\u00e9 szervezni, besz\u00e9lje meg \u00fatiterv\u00e9t kezel\u0151orvos\u00e1val. Mindig vigyen mag\u00e1val az utaz\u00e1s eg\u00e9sz id\u0151tartam\u00e1ra elegend\u0151 gy\u00f3gyszert. Ha rep\u00fcl\u0151g\u00e9ppel utazik a gy\u00f3gyszereit mindig k\u00e9zipoggy\u00e1szk\u00e9nt vigye mag\u00e1val! Ha valami okn\u00e1l fogva gy\u00f3gyszere elfogy, elv\u00e9sz, vagy ellopj\u00e1k, ne felejtse, hogy a gy\u00f3gyszerek kereskedelmi neve orsz\u00e1gonk\u00e9nt v\u00e1ltozik. Ha k\u00fclf\u00f6ldre utazik, k\u00e9rjen orvos\u00e1t\u00f3l igazol\u00e1st, amiben le\u00edrja, hogy \u00d6nnek transzplant\u00e1lt ves\u00e9je van, \u00e9s emiatt nagy mennyis\u00e9g\u0171 gy\u00f3gyszerre van sz\u00fcks\u00e9ge.<\/p>\n<p style=\"text-align: justify\">Mindig hagyja meg a c\u00edmet, ahol el\u00e9rhet\u0151 lesz. K\u00e9rdezze meg kezel\u0151orvos\u00e1t, hogy tud-e adni olyan c\u00edmet a nyaral\u00e1s hely\u00e9n, ahova sz\u00fcks\u00e9g eset\u00e9n seg\u00edts\u00e9g\u00e9rt fordulhat.<\/p>\n<h3 style=\"text-align: justify\">V\u00e9d\u0151olt\u00e1sok<\/h3>\n<p style=\"text-align: justify\">Nem kaphat semmif\u00e9le \u00e9l\u0151, vagy gyeng\u00edtett k\u00f3rokoz\u00f3t tartalmaz\u00f3 v\u00e9d\u0151olt\u00e1st, \u00edgy pl. Szabin cseppet, rube\u00f3la, vagy s\u00e1rgal\u00e1z elleni olt\u00e1st. Az el\u00f6lt, vagy inaktiv\u00e1lt k\u00f3rokoz\u00f3kkal t\u00f6rt\u00e9n\u0151 v\u00e9d\u0151olt\u00e1sok enged\u00e9lyezettek, de a v\u00e9d\u0151olt\u00e1s bead\u00e1sa el\u0151tt t\u00e1j\u00e9koztassa orvos\u00e1t, vagy a transzplant\u00e1ci\u00f3s k\u00f6zpont orvosaival. Ha bizonyos betegs\u00e9gekkel szemben bizonytalan v\u00e9detts\u00e9g\u00e9ben, k\u00e9rje meg orvos\u00e1t, hogy v\u00e9gezze el a megfelel\u0151 szerol\u00f3giai vizsg\u00e1latot az immuniz\u00e1l\u00e1s el\u0151tt.<\/p>\n<h3 style=\"text-align: justify\">H\u00e1zi\u00e1llatok \u00e9s n\u00f6v\u00e9nyek<\/h3>\n<p style=\"text-align: justify\">A fokozott fert\u0151z\u00e9svesz\u00e9ly miatt \u00e1ltal\u00e1ban nem aj\u00e1nlott n\u00e9h\u00e1ny fajta h\u00e1zi\u00e1llatot tartani. Sok ember sz\u00e1m\u00e1ra azonban kedvenc \u00e1llat\u00e1nak simogat\u00e1sa, \u00e9s \u00e1pol\u00e1sa fontos t\u00e9nyez\u0151 mind a fel\u00e9p\u00fcl\u00e9s, mind az \u00e9letmin\u0151s\u00e9g szempontj\u00e1b\u00f3l. A legkisebb fert\u0151z\u00e9svesz\u00e9lyt a halak, h\u00fcll\u0151k, p\u00f3kok, kis r\u00e1gcs\u00e1l\u00f3k, pl. a h\u00f6rcs\u00f6g, eg\u00e9r, \u00e9s a ny\u00fal jelentik. A kutya tart\u00e1sa szint\u00e9n lehets\u00e9ges, a r\u00f6vid sz\u0151r\u0171 fajt\u00e1kat k\u00f6nnyebb tiszt\u00e1n tartani. Kell\u0151en \u00e1polt macsk\u00e1t szint\u00e9n lehets\u00e9ges tartani, azonban a kalitk\u00e1ban tartott madarak nem aj\u00e1nlottak, mivel Staphylococcus, \u00e9s m\u00e1s vesz\u00e9lyes bakt\u00e9riumot hordozhatnak.<\/p>\n<p style=\"text-align: justify\"><em>Legyen \u00f3vatos a h\u00e1zi\u00e1llatokkal<\/em><\/p>\n<p style=\"text-align: justify\">Ha van h\u00e1zi\u00e1llata, ker\u00fclje az \u00fcr\u00fcl\u00e9k\u00fck \u00e9rint\u00e9s\u00e9t, \u00e9s viseljen gumikeszty\u0171t, ha az almukat, vagy a kalitk\u00e1jukat tiszt\u00edtja. Ne engedje, hogy h\u00e1zi\u00e1llata megnyalja kez\u00e9t, vagy az arc\u00e1t, s ha ez v\u00e9letlen\u00fcl m\u00e9gis megt\u00f6rt\u00e9nne, mossa le az \u00e9rintett ter\u00fcletet szappannal, \u00e9s v\u00edzzel. Tartsa h\u00e1zi\u00e1llat\u00e1nak \u00f6sszes j\u00e1rul\u00e9kos dolg\u00e1t, pl. az etet\u0151 ed\u00e9nyt tiszt\u00e1n, \u00e9s t\u00e1vol az \u00d6n saj\u00e1t holmijait\u00f3l. A h\u00e1zi\u00e1llatokat ne engedje be a h\u00e1l\u00f3szob\u00e1ba.<\/p>\n<h3 style=\"text-align: justify\">Takar\u00edt\u00e1s<\/h3>\n<p style=\"text-align: justify\">Rendszeresen takar\u00edtsa a f\u00fcrd\u0151szob\u00e1t, \u00e9s a konyh\u00e1t, k\u00fcl\u00f6n\u00f6s tekintettel a h\u0171t\u0151szekr\u00e9nyre. Sz\u00fcks\u00e9gtelen speci\u00e1lis tiszt\u00edt\u00f3szereket alkalmaznia, a norm\u00e1l h\u00e1ztart\u00e1si tiszt\u00edt\u00f3szerek \u00e9s s\u00farol\u00f3szerek elegend\u0151ek.<\/p>\n<p style=\"text-align: justify\">A t\u00f6bbi helys\u00e9get a szok\u00e1sosnak megfelel\u0151en takar\u00edtsa, \u00e9s rendszeresen cser\u00e9lje az \u00e1gynem\u0171t.<\/p>\n","protected":false},"excerpt":{"rendered":"<p>Hazat\u00e9r\u00e9s A transzplant\u00e1ci\u00f3 ut\u00e1n a k\u00f3rh\u00e1zb\u00f3l val\u00f3 hazat\u00e9r\u00e9s \u00e1ltal\u00e1ban egy boldog, \u00f6r\u00f6mteli esem\u00e9ny, azonban ez az \u00f6r\u00f6m\u00e9rzet az els\u0151 n\u00e9h\u00e1ny h\u00e9tben jelent\u0151s m\u00e9rt\u00e9k\u0171 szorong\u00e1ssal, s\u0151t depresszi\u00f3val is vegy\u00fclhet. Fontos annak elfogad\u00e1sa, hogy a fel\u00e9p\u00fcl\u00e9s egy olyan folyamat, amely t\u00f6bb h\u00e9tig, vagy h\u00f3napig is eltarthat. \u00d6nnek \u00e9s csal\u00e1dj\u00e1nak egyar\u00e1nt id\u0151re van sz\u00fcks\u00e9ge az \u00faj \u00e9letm\u00f3d megszok\u00e1s\u00e1hoz, &hellip;<\/p>\n","protected":false},"author":101236,"featured_media":0,"parent":7000,"menu_order":4,"comment_status":"closed","ping_status":"closed","template":"","meta":{"_acf_changed":false,"footnotes":""},"categories":[],"tags":[],"class_list":["post-7094","page","type-page","status-publish","hentry"],"acf":[],"_links":{"self":[{"href":"https:\/\/semmelweis.hu\/sebeszet\/wp-json\/wp\/v2\/pages\/7094","targetHints":{"allow":["GET"]}}],"collection":[{"href":"https:\/\/semmelweis.hu\/sebeszet\/wp-json\/wp\/v2\/pages"}],"about":[{"href":"https:\/\/semmelweis.hu\/sebeszet\/wp-json\/wp\/v2\/types\/page"}],"author":[{"embeddable":true,"href":"https:\/\/semmelweis.hu\/sebeszet\/wp-json\/wp\/v2\/users\/101236"}],"replies":[{"embeddable":true,"href":"https:\/\/semmelweis.hu\/sebeszet\/wp-json\/wp\/v2\/comments?post=7094"}],"version-history":[{"count":1,"href":"https:\/\/semmelweis.hu\/sebeszet\/wp-json\/wp\/v2\/pages\/7094\/revisions"}],"predecessor-version":[{"id":7096,"href":"https:\/\/semmelweis.hu\/sebeszet\/wp-json\/wp\/v2\/pages\/7094\/revisions\/7096"}],"up":[{"embeddable":true,"href":"https:\/\/semmelweis.hu\/sebeszet\/wp-json\/wp\/v2\/pages\/7000"}],"wp:attachment":[{"href":"https:\/\/semmelweis.hu\/sebeszet\/wp-json\/wp\/v2\/media?parent=7094"}],"wp:term":[{"taxonomy":"category","embeddable":true,"href":"https:\/\/semmelweis.hu\/sebeszet\/wp-json\/wp\/v2\/categories?post=7094"},{"taxonomy":"post_tag","embeddable":true,"href":"https:\/\/semmelweis.hu\/sebeszet\/wp-json\/wp\/v2\/tags?post=7094"}],"curies":[{"name":"wp","href":"https:\/\/api.w.org\/{rel}","templated":true}]}}