{"id":7089,"date":"2021-12-13T08:56:56","date_gmt":"2021-12-13T07:56:56","guid":{"rendered":"https:\/\/semmelweis.hu\/sebeszet1\/?page_id=7089"},"modified":"2021-12-13T08:56:56","modified_gmt":"2021-12-13T07:56:56","slug":"veseatultetes","status":"publish","type":"page","link":"https:\/\/semmelweis.hu\/sebeszet\/szervatultetes\/a-veseatultetesrol\/veseatultetes\/","title":{"rendered":"Vese\u00e1t\u00fcltet\u00e9s"},"content":{"rendered":"<p style=\"text-align: justify\">Miut\u00e1n tudom\u00e1s\u00e1ra hozt\u00e1k, hogy \u00faj ves\u00e9re van sz\u00fcks\u00e9ge, az \u00d6n beleegyez\u00e9s\u00e9vel neve \u00e9s orvosi adatai a hazai transzplant\u00e1ci\u00f3s v\u00e1r\u00f3list\u00e1ra ker\u00fclnek, hacsak nem \u00e1ll fenn valamilyen orvosi ellenjavallat. A v\u00e1r\u00f3list\u00e1ra helyez\u00e9s Magyarorsz\u00e1gon rendeletben szab\u00e1lyozott, ennek int\u00e9z\u00e9se \u00e9rdek\u00e9ben az \u00d6nt kezel\u0151 nefrol\u00f3gushoz forduljon. A v\u00e1rakoz\u00e1s id\u0151tartama \u00e1ltal\u00e1ban k\u00e9t &#8211; k\u00e9t \u00e9s f\u00e9l \u00e9v, de ez nagym\u00e9rt\u00e9kben v\u00e1ltoz\u00f3, att\u00f3l f\u00fcgg\u0151en, hogy rendelkez\u00e9sre \u00e1ll-e a megfelel\u0151 donor szerv. A legt\u00f6bb ember a vese transzplant\u00e1ci\u00f3 megt\u00f6rt\u00e9nte el\u0151tt egy id\u0151re dial\u00edzis kezel\u00e9sre ker\u00fcl.<\/p>\n<p style=\"text-align: justify\">A v\u00e1rakoz\u00e1si id\u0151 alatt \u00d6nnek \u00e1lland\u00f3an el\u00e9rhet\u0151nek kell lennie az\u00e9rt, hogy a transzplant\u00e1ci\u00f3t v\u00e9gz\u0151 k\u00f6zpont azonnal kapcsolatot tudjon \u00d6nnel teremteni, amint rendelkez\u00e9sre \u00e1ll a be\u00fcltetend\u0151 vese. Adja meg a dial\u00edzis k\u00f6zpontnak azoknak a legfontosabb telefonsz\u00e1mainak list\u00e1j\u00e1t, amelyeken el\u00e9rhet\u0151, s t\u00e1j\u00e9koztassa \u0151ket holl\u00e9t\u00e9r\u0151l, m\u00e9g akkor is, ha csak egy napra megy el. Mobiltelefonj\u00e1t mindig tartsa bekapcsolva!<\/p>\n<p><em>A v\u00e1rakoz\u00e1si id\u0151 alatt \u00d6nnek mindig el\u00e9rhet\u0151nek kell lennie.<\/em><\/p>\n<h3>El\u0151k\u00e9sz\u00fcletek a k\u00f3rh\u00e1zba vonul\u00e1shoz<\/h3>\n<p style=\"text-align: justify\">\u00c9rdemes el\u0151re \u00f6sszepakolnia b\u0151r\u00f6ndj\u00e9t, hogy ne vesztegessen id\u0151t a csomagol\u00e1ssal, amennyiben indulnia kell a k\u00f3rh\u00e1zba.<\/p>\n<p>A k\u00f6vetkez\u0151 dolgokat csomagolja be:<\/p>\n<ul>\n<li>Pizsama<\/li>\n<li>Papucs<\/li>\n<li>K\u00f6nt\u00f6s<\/li>\n<li>Elegend\u0151 feh\u00e9rnem\u0171<\/li>\n<li>Tr\u00e9ningruha, p\u00f3l\u00f3k, \u00e9s edz\u0151cip\u0151<\/li>\n<li>Tisztas\u00e1gi csomag (borotv\u00e1lkoz\u00f3 szerek, fogkefe, stb.)<\/li>\n<li>K\u00f6nyvek, j\u00e1t\u00e9kok, walkman, discman (ha szereti), stb.<\/li>\n<li>K\u00e9sz\u00edtse el\u0151, \u00e9s tartsa egy helyen az orvosi dokument\u00e1ci\u00f3j\u00e1t, leleteit, z\u00e1r\u00f3jelent\u00e9seit<\/li>\n<\/ul>\n<p style=\"text-align: justify\">Mik\u00f6zben v\u00e1r a donor szervre, ellen\u0151riztesse fogait, hogy rossz fogait m\u00e9g a transzplant\u00e1ci\u00f3 el\u0151tt kezelhess\u00e9k. Ezzel cs\u00f6kkenti az oper\u00e1ci\u00f3 ut\u00e1ni lehets\u00e9ges fert\u0151z\u00e9sforr\u00e1sokat.<\/p>\n<h3>A telefonh\u00edv\u00e1s ut\u00e1n<\/h3>\n<p style=\"text-align: justify\">Amint el\u00e9rhet\u0151v\u00e9 v\u00e1lik az \u00d6n sz\u00e1m\u00e1ra megfelel\u0151 donorszerv, a transzplant\u00e1ci\u00f3s k\u00f6zpont, vagy nefrol\u00f3gusa azonnal felh\u00edvja \u00d6nt. Ett\u0151l a pillanatt\u00f3l kezdve semmit se igyon, vagy egyen, m\u00e9g az\u00e9rt se, hogy izgalm\u00e1t cs\u00f6kkentse. K\u00e9rje meg valamelyik csal\u00e1dtagj\u00e1t, vagy bar\u00e1tj\u00e1t, hogy vigye be a k\u00f3rh\u00e1zba, vagy h\u00edvjon taxit. Ha nincs erre lehet\u0151s\u00e9ge, a transzplant\u00e1ci\u00f3s k\u00f6zpont megszervezi ment\u0151vel az \u00d6n k\u00f3rh\u00e1zba sz\u00e1ll\u00edt\u00e1s\u00e1t.<\/p>\n<p style=\"text-align: justify\">Ha nagyon n\u00e1th\u00e1s, vagy l\u00e1zas, vagy b\u00e1rmilyen heveny, jelent\u0151s betegs\u00e9gben szenved, mikor a transzplant\u00e1ci\u00f3 miatt nefrol\u00f3gusa, vagy a transzplant\u00e1ci\u00f3s munkacsoport keresi, azonnal \u00e9rtes\u00edtse \u0151ket err\u0151l. A m\u0171t\u00e9tet lehet, hogy el kell halasztani addig, m\u00edg \u00d6n ism\u00e9t j\u00f3l lesz, \u00e9s az \u00e9rt\u00e9kes donorszerv k\u00e9sedelem n\u00e9lk\u00fcl odaadhat\u00f3 egy m\u00e1sik betegnek.<\/p>\n<div style=\"background-color: #1f4287;width: 100%;padding: 10px;color: #ffffff\">NE FELEJTSE! \u00c9rtes\u00edt\u00e9s ut\u00e1n:<\/p>\n<ul>\n<li>Semmit se egyen, vagy igyon<\/li>\n<li>Ne doh\u00e1nyozzon<\/li>\n<li>Azonnal induljon a k\u00f3rh\u00e1zba<\/li>\n<li>Maradjon nyugodt!<\/li>\n<\/ul>\n<\/div>\n<h3>\u00a0<\/h3>\n<h3>Felk\u00e9sz\u00fcl\u00e9s a m\u0171t\u00e9tre<\/h3>\n<p style=\"text-align: justify\">K\u00f3rh\u00e1zba \u00e9rkez\u00e9se ut\u00e1n t\u00f6bb vizsg\u00e1latot v\u00e9geznek \u00d6n\u00f6n. Ezek m\u0171t\u00e9t el\u0151tti rutin vizsg\u00e1latok, melyeknek c\u00e9lja, hogy bizony\u00edts\u00e1k, hogy \u00d6nn\u00e9l elv\u00e9gezhet\u0151 a transzplant\u00e1ci\u00f3. Egy rutin fizik\u00e1lis vizsg\u00e1latot v\u00e9geznek (v\u00e9rnyom\u00e1sm\u00e9r\u00e9s, pulzussz\u00e1ml\u00e1l\u00e1s, testh\u0151m\u00e9rs\u00e9klet \u00e9s tests\u00falym\u00e9r\u00e9s), \u00e9s v\u00e9rt vesznek \u00d6nt\u0151l. Mellkas r\u00f6ntgenfelv\u00e9telt \u00e9s elektrokardiogrammot (EKG) k\u00e9sz\u00edtenek. Megk\u00e9rik \u00d6nt, hogy mosakodjon meg tet\u0151t\u0151l talpig fert\u0151tlen\u00edt\u0151 szappannal, majd leborotv\u00e1lj\u00e1k a m\u0171t\u00e9ti ter\u00fcletet. V\u00e9r\u00e9nek k\u00e1lium szintj\u00e9t\u0151l \u00e9s tests\u00faly\u00e1t\u00f3l f\u00fcgg\u0151en lehet, hogy dializ\u00e1lni fogj\u00e1k a m\u0171t\u00e9t el\u0151tt, hogy megsz\u0171ntess\u00e9k az elektrolitok \u00e9s a folyad\u00e9kh\u00e1ztart\u00e1s esetleges zavarait.<\/p>\n<p style=\"text-align: justify\">A transzplant\u00e1ci\u00f3s seb\u00e9sz, belgy\u00f3gy\u00e1sz, \u00e9s az altat\u00f3orvos megvizsg\u00e1lja, \u00e9s ezt k\u00f6vet\u0151en elmagyar\u00e1zza \u00d6nnek a m\u0171t\u00e9t menet\u00e9t, \u00e9s a lehets\u00e9ges vesz\u00e9lyeket. Megk\u00e9rik, \u00edrja al\u00e1 az oper\u00e1ci\u00f3ba val\u00f3 beleegyez\u00e9sr\u0151l sz\u00f3l\u00f3 nyilatkozatot.<\/p>\n<p style=\"text-align: justify\">Ha nem \u00e1ll fenn semmi egy\u00e9b probl\u00e9ma, k\u00f6vetkezhet a m\u0171t\u00e9t. Altat\u00f3t fog kapni, s mik\u00f6zben alszik, sok esetben megt\u00f6rt\u00e9nik, hogy egy kan\u00fclt helyeznek a nyaki, vagy a v\u00e1ll egyik v\u00e9n\u00e1j\u00e1ba, amire a m\u0171t\u00e9t alatti, \u00e9s ut\u00e1ni folyad\u00e9k, \u00e9s gy\u00f3gyszer bevitelhez van sz\u00fcks\u00e9g.<\/p>\n<p><em>A k\u00f3rh\u00e1zba \u00e9rkez\u00e9s ut\u00e1n t\u00f6bb vizsg\u00e1latot v\u00e9geznek \u00d6n\u00f6n<\/em>.<\/p>\n<div style=\"background-color: #1f4287;width: 100%;padding: 10px;color: #ffffff\">FONTOS! M\u00e9g ebben a k\u00e9s\u0151i szakban is t\u00f6r\u00f6lhetik az \u00e1t\u00fcltet\u00e9st, ha donor szerv \u00e1llapota nem megfelel\u0151.<\/div>\n<h3>\u00a0<\/h3>\n<h3>A m\u0171t\u00e9t menete<\/h3>\n<p style=\"text-align: justify\">A vese\u00e1t\u00fcltet\u00e9s m\u0171t\u00e9ti technik\u00e1j\u00e1nak legnagyobb r\u00e9sz\u00e9t t\u00f6bb mint negyven \u00e9ve dolgozt\u00e1k ki. A seb\u00e9szi beavatkoz\u00e1s \u00e1ltal\u00e1ban k\u00e9t-h\u00e1rom \u00f3r\u00e1t vesz ig\u00e9nybe. Rendszerint az \u00d6n saj\u00e1t ves\u00e9it a hely\u00fck\u00f6n hagyj\u00e1k, \u00e9s az \u00faj ves\u00e9t a has\u00fcreg als\u00f3 r\u00e9sz\u00e9nek bal, vagy jobb oldal\u00e1ra \u00fcltetik. A ves\u00e9ket ell\u00e1t\u00f3 ereket ezt k\u00f6vet\u0151en csatlakoztatj\u00e1k a l\u00e1bat ell\u00e1t\u00f3 erekhez, a h\u00fagyvezet\u00e9ket pedig saj\u00e1t h\u00fagyvezet\u00e9k\u00e9hez, vagy a h\u00fagyh\u00f3lyaghoz. A seb\u00e9sz \u00e1ltal\u00e1ban sz\u00fcks\u00e9gesnek l\u00e1thatja, hogy egy kis dr\u00e9ncs&amp;oum l;vet helyezzen be a be\u00fcltetett vese mell\u00e9. Ez a cs\u0151 a hasfalon \u00e1t elvezeti a vese k\u00f6r\u00fcl k\u00e9pz\u0151d\u0151 folyad\u00e9kot. Az \u00edgy \u00f6sszegy\u0171jt\u00f6tt folyad\u00e9k sz\u00edne \u00e9s t\u00e9rfogata napr\u00f3l napra v\u00e1ltozik. A dr\u00e9ncs\u00f6vet n\u00e9h\u00e1ny nappal a m\u0171t\u00e9t ut\u00e1n t\u00e1vol\u00edtj\u00e1k el. A m\u0171t\u00e9t elej\u00e9n h\u00f3lyagkat\u00e9tert is behelyeznek, a vizeletmennyis\u00e9g pontos m\u00e9r\u00e9s\u00e9hez, valamint a vizelet \u00fcr\u00fcl\u00e9s\u00e9nek biztos\u00edt\u00e1sa \u00e9rdek\u00e9ben. A h\u00f3lyagkat\u00e9ter\u00e9t a m\u0171t\u00e9t ut\u00e1n a m\u0171t\u00e9t t\u00edpus\u00e1t\u00f3l f\u00fcgg\u0151en n\u00e9h\u00e1ny napon bel\u00fcl elt\u00e1vol\u00edtjuk.<\/p>\n<p><em>A m\u0171t\u00e9t ut\u00e1n n\u00e9h\u00e1ny alkalommal sz\u00fcks\u00e9ge lehet m\u00e9g dial\u00edzisre<\/em><\/p>\n<h3>A m\u0171t\u00e9t ut\u00e1n<\/h3>\n<p style=\"text-align: justify\">A m\u0171t\u00e9t ut\u00e1n \u00d6nt a posztoperat\u00edv (m\u0171t\u00e9t ut\u00e1ni) intenz\u00edv \u0151rz\u0151be viszik. Ha minden rendben zajlik, egy napon bel\u00fcl visszaker\u00fcl az eredeti szob\u00e1j\u00e1ba. Elk\u00e9pzelhet\u0151, hogy az oper\u00e1ci\u00f3 ut\u00e1n m\u00e9g n\u00e9h\u00e1ny alkalommal sz\u00fcks\u00e9ge lesz dial\u00edzisre. Erre csak id\u0151legesen lesz sz\u00fcks\u00e9ge, \u00e9s nem kell agg\u00f3dnia miatta. A donor szervet megfosztott\u00e1k v\u00e9rell\u00e1t\u00e1s\u00e1t\u00f3l, t\u00f6bb \u00f3r\u00e1n kereszt\u00fcl j\u00e9ggel h\u0171tve, 0-4 \u00b0C fokon t\u00e1rolt\u00e1k, majd elv\u00e9gezt\u00e9k vele a transzplant\u00e1ci\u00f3s m\u0171t\u00e9tet. A fentiek k\u00f6vetkezt\u00e9ben az \u00faj ves\u00e9nek egy kis id\u0151re van sz\u00fcks\u00e9ge ahhoz, hogy ism\u00e9t m\u0171k\u00f6d\u0151k\u00e9pess\u00e9 v\u00e1ljon, s m\u0171k\u00f6d\u00e9se eleinte renyhe lehet. Az, hogy ves\u00e9je azonnal, vagy csak egy kis id\u0151 m\u00falva kezd el m\u0171k\u00f6dni, d\u00f6nt\u0151en nem befoly\u00e1solja k\u00e9s\u0151bbi hat\u00e9konys\u00e1g\u00e1t. Egy speci\u00e1lis ultrahang vizsg\u00e1latot fognak v\u00e9gezni az\u00e9rt, hogy ellen\u0151rizz\u00e9k, megfelel\u0151en m\u0171k\u00f6dik-e az \u00faj vese. Ez egy f\u00e1jdalom n\u00e9lk\u00fcli vizsg\u00e1lat, amelynek sor\u00e1n orvosa meg\u00edt\u00e9lheti, hogy az \u00faj vese v\u00e9rell\u00e1t\u00e1sa megfelel\u0151-e.<\/p>\n<p style=\"text-align: justify\">A m\u0171t\u00e9t ut\u00e1ni els\u0151 napon kicsit \u00e9melyg\u0151sen \u00e9rezheti mag\u00e1t, \u00e9s lehet, hogy sem ennie, sem innia nem szabad. Ez az \u00e9hez\u00e9si peri\u00f3dus seg\u00edtheti az em\u00e9szt\u0151rendszer megnyugv\u00e1s\u00e1t. A b\u00e9lm\u0171k\u00f6d\u00e9s megind\u00edt\u00e1s\u00e1hoz be\u00f6nt\u00e9sre lehet sz\u00fcks\u00e9ge. Ez id\u0151 alatt folyad\u00e9k \u00e9s t\u00e1panyag ig\u00e9ny\u00e9t intrav\u00e9n\u00e1san biztos\u00edtj\u00e1k.<\/p>\n<p style=\"text-align: justify\">Fontos, hogy min\u00e9l hamarabb pr\u00f3b\u00e1ljon felkelni, \u00edgy elker\u00fclhet\u0151k a v\u00e9rkering\u00e9s zavar\u00e1val kapcsolatos probl\u00e9m\u00e1k. A legt\u00f6bb beteg a m\u0171t\u00e9t ut\u00e1n egy nappal, seg\u00edts\u00e9ggel k\u00e9pes felkelni. Val\u00f3sz\u00edn\u0171leg l\u00e1badoz\u00e1ssal kett\u0151-h\u00e1rom hetet fog a transzplant\u00e1ci\u00f3s r\u00e9szlegen t\u00f6lteni, miel\u0151tt hazaengedn\u00e9k. Ez id\u0151 alatt ellen\u0151rizni fogj\u00e1k, hogy nem jelentkeznek-e a vesekil\u00f6k\u0151d\u00e9s jelei, azaz l\u00e1z, f\u00e1jdalom, a vizeletk\u00e9pz\u00e9s cs\u00f6kken\u00e9se, a vesefunkci\u00f3s tesztek \u00e9rt\u00e9keinek emelked\u00e9se. A m\u0171t\u00e9t ut\u00e1ni l\u00e1badoz\u00e1s id\u0151szak\u00e1ban intenz\u00edv fizikai \u00e9s t\u00e1pl\u00e1l\u00e1si rehabilit\u00e1ci\u00f3 folyik. Az \u00d6n akt\u00edv r\u00e9szv\u00e9tele sokat seg\u00edt abban, hogy min\u00e9l hamar\u00e1bb fel\u00e9p\u00fclj\u00f6n.<\/p>\n<p><em>Az \u00faj ves\u00e9nek egy kis id\u0151re van sz\u00fcks\u00e9ge ahhoz, hogy ism\u00e9t m\u0171k\u00f6d\u0151k\u00e9pess\u00e9 v\u00e1ljon, \u00e9s m\u0171k\u00f6d\u00e9se eleinte renyhe lehet.<\/em><\/p>\n<h3>Vesebiopszi\u00e1k<\/h3>\n<p style=\"text-align: justify\">A transzplant\u00e1ci\u00f3s k\u00f6zpont orvosa sz\u00fcks\u00e9g\u00e9t l\u00e1thatja annak, hogy \u00faj ves\u00e9j\u00e9b\u0151l mint\u00e1t vegyenek, sz\u00f6vettani vizsg\u00e1lat c\u00e9lj\u00e1b\u00f3l, a vese \u00e1llapot\u00e1nak meg\u00edt\u00e9l\u00e9s\u00e9hez. Ezt a beavatkoz\u00e1st biopszi\u00e1nak h\u00edvj\u00e1k, \u00e9s \u00e1ltal\u00e1ban a kil\u00f6k\u0151d\u00e9s, vagy m\u00e1s lehets\u00e9ges probl\u00e9m\u00e1k ellen\u0151rz\u00e9sek\u00e9nt v\u00e9gzik. Ez v\u00e9gezhet\u0151 k\u00f3rh\u00e1zban, illetve a k\u00e9s\u0151bbiekben j\u00e1r\u00f3betegk\u00e9nt \/ egynapos seb\u00e9szi beavatkoz\u00e1sk\u00e9nt is. A biopsziav\u00e9tel el\u0151tt egy \u00e9rz\u00e9stelen\u00edt\u0151 injekci\u00f3t fog kapni az \u00faj vese k\u00f6rny\u00e9k\u00e9re. Ezt k\u00f6vet\u0151en ultrahang vez\u00e9relten egy speci\u00e1lis t\u0171t sz\u00farnak a ves\u00e9be egy kis vesesz\u00f6vet kiv\u00e9tel\u00e9hez, amit k\u00e9s\u0151bb mikroszk\u00f3ppal megvizsg\u00e1lnak. A beavatkoz\u00e1s ut\u00e1n legal\u00e1bb n\u00e9gy \u00f3r\u00e1n \u00e1t \u00e1gyban kell maradnia.<\/p>\n<h3>Kontrollvizitek<\/h3>\n<p style=\"text-align: justify\">A k\u00f3rh\u00e1zb\u00f3l val\u00f3 elbocs\u00e1t\u00e1st k\u00f6vet\u0151 els\u0151 h\u00f3napban fontos, hogy k\u00f6vet\u00e9ses vizitekre hetente egy, vagy k\u00e9t alkalommal visszamenjen a transzplant\u00e1ci\u00f3t v\u00e9gz\u0151 k\u00f6zpont transzplant\u00e1ci\u00f3s ambulanci\u00e1j\u00e1ra. A k\u00f6vet\u00e9s c\u00e9lja \u00e1llapota javul\u00e1s\u00e1nak ellen\u0151rz\u00e9se \u00e9s b\u00e1rmilyen esetleges sz\u00f6v\u0151dm\u00e9ny korai felismer\u00e9se. Minden vizit alkalm\u00e1val alaposan megvizsg\u00e1lj\u00e1k a vesefunkci\u00f3it, \u00e9s ellen\u0151rzik, hogy nincs-e fert\u0151z\u00e9se. V\u00e9rt vesznek \u00d6nt\u0151l, hogy a v\u00e9r\u00e9ben kering\u0151 kil\u00f6k\u0151d\u00e9s g\u00e1tl\u00f3 gy\u00f3gyszer: tacrolimus (Prograf\u00ae), cyclosporin (Sandimmune-Neoral\u00ae, sirolimus (Rapamune\u00ae), everolimus (Certican\u00ae), mycophenolate mofetil (Cellcept\u00ae) vagy mycophenolate-natrium (Myfortic\u00ae) koncentr\u00e1ci\u00f3j\u00e1t meghat\u00e1rozz\u00e1k, ami alapj\u00e1n m\u00f3dos\u00edtani tudj\u00e1k gy\u00f3gyszerel\u00e9s\u00e9t. A t\u00fal sok gy\u00f3gyszer a fert\u0151z\u00e9sek gyakoribb el\u0151fordul\u00e1s\u00e1hoz, a t\u00fal kev\u00e9s pedig a vese kil\u00f6k\u0151d\u00e9s\u00e9hez vezethet. Ahogy a fert\u0151z\u00e9s, \u00e9s a kil\u00f6k\u0151d\u00e9s vesz\u00e9lye cs\u00f6kken, \u00fagy ritkulnak a k\u00f6vet\u00e9ses vizitek is.<\/p>\n<p><em>A k\u00f6vet\u00e9s c\u00e9lja \u00e1llapota javul\u00e1s\u00e1nak ellen\u0151rz\u00e9se \u00e9s b\u00e1rmilyen esetleges sz\u00f6v\u0151dm\u00e9ny korai felismer\u00e9se.<\/em><\/p>\n<div style=\"background-color: #1f4287;width: 100%;padding: 10px;color: #ffffff\">FONTOS!<\/p>\n<p style=\"text-align: justify\">Ne vegye be a tacrolimus, cyclosporin, sirolimus, everolimus vagy mycophenolate gy\u00f3gyszer\u00e9t a v\u00e9rvizsg\u00e1lat el\u0151tt, mivel ez befoly\u00e1solhatja az eredm\u00e9nyt.<\/p>\n<p style=\"text-align: justify\">Mindig vigye mag\u00e1val gy\u00f3gyszerei list\u00e1j\u00e1t, \u00e9s ezt a k\u00f6nyvecsk\u00e9t a k\u00f6vet\u00e9ses vizitekre, hogy minden fontos inform\u00e1ci\u00f3t le\u00edrhasson.<\/p>\n<\/div>\n","protected":false},"excerpt":{"rendered":"<p>Miut\u00e1n tudom\u00e1s\u00e1ra hozt\u00e1k, hogy \u00faj ves\u00e9re van sz\u00fcks\u00e9ge, az \u00d6n beleegyez\u00e9s\u00e9vel neve \u00e9s orvosi adatai a hazai transzplant\u00e1ci\u00f3s v\u00e1r\u00f3list\u00e1ra ker\u00fclnek, hacsak nem \u00e1ll fenn valamilyen orvosi ellenjavallat. A v\u00e1r\u00f3list\u00e1ra helyez\u00e9s Magyarorsz\u00e1gon rendeletben szab\u00e1lyozott, ennek int\u00e9z\u00e9se \u00e9rdek\u00e9ben az \u00d6nt kezel\u0151 nefrol\u00f3gushoz forduljon. A v\u00e1rakoz\u00e1s id\u0151tartama \u00e1ltal\u00e1ban k\u00e9t &#8211; k\u00e9t \u00e9s f\u00e9l \u00e9v, de ez nagym\u00e9rt\u00e9kben v\u00e1ltoz\u00f3, &hellip;<\/p>\n","protected":false},"author":101236,"featured_media":0,"parent":7000,"menu_order":2,"comment_status":"closed","ping_status":"closed","template":"","meta":{"_acf_changed":false,"footnotes":""},"categories":[],"tags":[],"class_list":["post-7089","page","type-page","status-publish","hentry"],"acf":[],"_links":{"self":[{"href":"https:\/\/semmelweis.hu\/sebeszet\/wp-json\/wp\/v2\/pages\/7089","targetHints":{"allow":["GET"]}}],"collection":[{"href":"https:\/\/semmelweis.hu\/sebeszet\/wp-json\/wp\/v2\/pages"}],"about":[{"href":"https:\/\/semmelweis.hu\/sebeszet\/wp-json\/wp\/v2\/types\/page"}],"author":[{"embeddable":true,"href":"https:\/\/semmelweis.hu\/sebeszet\/wp-json\/wp\/v2\/users\/101236"}],"replies":[{"embeddable":true,"href":"https:\/\/semmelweis.hu\/sebeszet\/wp-json\/wp\/v2\/comments?post=7089"}],"version-history":[{"count":1,"href":"https:\/\/semmelweis.hu\/sebeszet\/wp-json\/wp\/v2\/pages\/7089\/revisions"}],"predecessor-version":[{"id":7090,"href":"https:\/\/semmelweis.hu\/sebeszet\/wp-json\/wp\/v2\/pages\/7089\/revisions\/7090"}],"up":[{"embeddable":true,"href":"https:\/\/semmelweis.hu\/sebeszet\/wp-json\/wp\/v2\/pages\/7000"}],"wp:attachment":[{"href":"https:\/\/semmelweis.hu\/sebeszet\/wp-json\/wp\/v2\/media?parent=7089"}],"wp:term":[{"taxonomy":"category","embeddable":true,"href":"https:\/\/semmelweis.hu\/sebeszet\/wp-json\/wp\/v2\/categories?post=7089"},{"taxonomy":"post_tag","embeddable":true,"href":"https:\/\/semmelweis.hu\/sebeszet\/wp-json\/wp\/v2\/tags?post=7089"}],"curies":[{"name":"wp","href":"https:\/\/api.w.org\/{rel}","templated":true}]}}