{"id":7087,"date":"2021-12-13T08:55:57","date_gmt":"2021-12-13T07:55:57","guid":{"rendered":"https:\/\/semmelweis.hu\/sebeszet1\/?page_id=7087"},"modified":"2021-12-13T08:55:57","modified_gmt":"2021-12-13T07:55:57","slug":"a-vese","status":"publish","type":"page","link":"https:\/\/semmelweis.hu\/sebeszet\/szervatultetes\/a-veseatultetesrol\/a-vese\/","title":{"rendered":"A vese"},"content":{"rendered":"<p style=\"text-align: justify\">Az embereknek \u00e1ltal\u00e1ban k\u00e9t ves\u00e9j\u00fck van, amelyek az als\u00f3 bord\u00e1k alatt a h\u00e1t k\u00e9t oldal\u00e1n helyezkednek el. Feln\u0151ttekben mindk\u00e9t vese kb. 12 cm hossz\u00fa \u00e9s kb. 180g s\u00faly\u00fa. A ves\u00e9k a szervezet sz\u0171r\u0151 rendszerei. \u201eKimoss\u00e1k\u201d a veseart\u00e9ri\u00e1kon hozz\u00e1juk foly\u00f3 v\u00e9rt, \u00e9s megtiszt\u00edtj\u00e1k a m\u00e9rgez\u0151 salakanyagokt\u00f3l, mint a karbamid, az urea \u00e9s a kreatinin, melyek a feh\u00e9rj\u00e9k leboml\u00e1s\u00e1nak mell\u00e9kterm\u00e9kei. \u00c9trend\u00fcnk sz\u00e1mos s\u00f3t, \u00e9s \u00e1sv\u00e1nyi anyagot tartalmaz, amelyek alapvet\u0151 fontoss\u00e1g\u00faak az eg\u00e9szs\u00e9ghez. A szervezet\u00fcnknek azonban nincs sz\u00fcks\u00e9ge valamennyi s\u00f3ra, \u00e9s a ves\u00e9k feladata az, hogy a felesleget elt\u00e1vol\u00edts\u00e1k a vizelettel. A salakanyagok \u00e9s a s\u00f3k elt\u00e1vol\u00edt\u00e1s\u00e1val a ves\u00e9k k\u00e9pesek a szervezet v\u00edzh\u00e1ztart\u00e1s\u00e1t egyens\u00falyban tartani.<\/p>\n<p style=\"text-align: justify\">A fentieken k\u00edv\u00fcl a ves\u00e9k sz\u00e1mos m\u00e1s fontos feladatot is ell\u00e1tnak:<\/p>\n<ul style=\"text-align: justify\">\n<li>Hormonokat (k\u00e9miai h\u00edrviv\u0151 anyagokat) termelnek, melyek szab\u00e1lyozz\u00e1k a v\u00e9rnyom\u00e1st, \u00e9s a v\u00e9rt\u00e9rfogatot<\/li>\n<li>Eritropoietint \u00e1ll\u00edtanak el\u0151, ami a csontvel\u0151t t\u00f6bb, a szervezetben oxig\u00e9nt sz\u00e1ll\u00edt\u00f3 v\u00f6r\u00f6sv\u00e9rtest termel\u00e9s\u00e9re serkenti.<\/li>\n<li>D vitamint termelnek, ami az eg\u00e9szs\u00e9ges csontokhoz sz\u00fcks\u00e9ges.<\/li>\n<\/ul>\n<h3 style=\"text-align: justify\">Veseel\u00e9gtelens\u00e9g<\/h3>\n<p style=\"text-align: justify\">A ves\u00e9k nagyon nagy t\u0171r\u0151k\u00e9pess\u00e9g\u0171 szervek \u00e9s a legt\u00f6bb ember akkor is t\u00f6k\u00e9letesen j\u00f3l van, ha csak vesem\u0171k\u00f6d\u00e9s\u00e9nek 20-25%-a marad fenn. Teljes veseel\u00e9gtelens\u00e9g eset\u00e9n azonban a ves\u00e9k tov\u00e1bb m\u00e1r nem k\u00e9pesek kiv\u00e1lasztani a m\u00e9rgez\u0151 salakanyagokat a vizeletbe. A salakanyagok koncentr\u00e1ci\u00f3ja a v\u00e9rben megemelkedik \u00e9s megbetegsz\u00fcnk.<\/p>\n<p style=\"text-align: justify\">K\u00e9tfajta veseel\u00e9gtelens\u00e9g van. Akut veseel\u00e9gtelens\u00e9gben, ami a ves\u00e9ket \u00e9r\u0151 hirtelen k\u00e1ros\u00edt\u00f3 hat\u00e1s k\u00f6vetkezt\u00e9ben alakul ki, a ves\u00e9k kis id\u0151re le\u00e1llhatnak, de ezt k\u00f6vet\u0151en r\u00e9szben vagy teljesen ism\u00e9t m\u0171k\u00f6d\u0151k\u00e9pess\u00e9 v\u00e1lnak. A kr\u00f3nikus veseel\u00e9gtelens\u00e9g egy olyan progressz\u00edv \u00e1llapot, amikor a ves\u00e9k hossz\u00fa id\u0151, gyakran t\u00f6bb \u00e9v alatt, visszaford\u00edthatatlanul k\u00e1rosodtak. Ez az \u00e1llapot kialakulhat fert\u0151z\u00e9s, az immunrendszer betegs\u00e9ge miatt bek\u00f6vetkez\u0151 vese\u00e1llom\u00e1ny-gyullad\u00e1s, cukorbetegs\u00e9g, magas v\u00e9rnyom\u00e1s, vagy \u00f6r\u00f6kletes megbeteged\u00e9s miatt. Az el\u0151rehaladott kr\u00f3nikus veseel\u00e9gtelens\u00e9g v\u00e9g\u00e1llapot\u00fa vese n\u00e9ven ismert \u2013 ekkor a ves\u00e9k m\u00e1r nem k\u00e9pesek tov\u00e1bbi m\u0171k\u00f6d\u00e9sre.<\/p>\n<p style=\"text-align: justify\"><em>A kr\u00f3nikus veseel\u00e9gtelens\u00e9g egy s\u00falyosbod\u00f3 \u00e1llapot, amelynek k\u00f6vetkezt\u00e9ben a ves\u00e9k visszaford\u00edthatatlanul k\u00e1rosodnak<\/em><\/p>\n<h3 style=\"text-align: justify\">A veseel\u00e9gtelens\u00e9g t\u00fcnetei<\/h3>\n<p style=\"text-align: justify\">A legt\u00f6bb ember azt veszi \u00e9szre, hogy gyeng\u00e9nek \u00e9rzi mag\u00e1t, f\u00e1sult \u00e9s k\u00f6nnyen elf\u00e1rad. \u00c9tv\u00e1gya cs\u00f6kken, az \u00e9teleknek szokatlan \u00edze van. A veseel\u00e9gtelens\u00e9gnek azonban vannak egy\u00e9b, \u00e1ltal\u00e1nos t\u00fcnetei is:<\/p>\n<ul style=\"text-align: justify\">\n<li>Viszket\u00e9s<\/li>\n<li>A vizelet mennyis\u00e9g\u00e9nek cs\u00f6kken\u00e9se, vagy \u00e9jszaka jelentkez\u0151 vizel\u00e9si inger<\/li>\n<li>H\u00e1nyinger, h\u00e1ny\u00e1s, k\u00fcl\u00f6n\u00f6sen reggel, hasmen\u00e9s<\/li>\n<li>B\u0151rpigment\u00e1l\u00f3d\u00e1s (fest\u00e9kes foltok) \u00e9s v\u00e9ral\u00e1fut\u00e1sok k\u00f6nnyebb jelentkez\u00e9se<\/li>\n<li>Cs\u00f6kkent szexu\u00e1lis aktivit\u00e1s<\/li>\n<li>A bok\u00e1k \u00e9s a l\u00e1bak? Vizesed\u00e9se? (bedagad\u00e1sa)<\/li>\n<li>L\u00e9gszomj<\/li>\n<li>Mellkasi f\u00e1jdalom<\/li>\n<li>Izomg\u00f6rcs\u00f6k, \u00e9s r\u00e1ng\u00e1sok<\/li>\n<\/ul>\n<p style=\"text-align: justify\">Ha a ves\u00e9je m\u00e1r nem m\u0171k\u00f6dik megfelel\u0151en, vannak olyan kezel\u00e9sek, mint pl. a hemodial\u00edzis, peritone\u00e1lis dial\u00edzis, melyek k\u00e9pesek elt\u00e1vol\u00edtani a salakanyagokat a szervezet\u00e9b\u0151l, \u00e9s \u00edgy lehet\u0151v\u00e9 teszik az \u00e9letben marad\u00e1st. A dial\u00edzis azonban nem v\u00e9gzi el a vese t\u00f6bb m\u00e1s \u00e9letfontoss\u00e1g\u00fa feladat\u00e1t, pl. a v\u00f6r\u00f6sv\u00e9rtestk\u00e9pz\u00e9st. E szempontb\u00f3l csak egy vese transzplant\u00e1ci\u00f3 seg\u00edthet.<\/p>\n<p style=\"text-align: justify\"><em>A dial\u00edzis nem k\u00e9pes elv\u00e9gezni a vese sz\u00e1mos egy\u00e9b \u00e9letfontoss\u00e1g\u00fa feladat\u00e1t.<\/em><\/p>\n","protected":false},"excerpt":{"rendered":"<p>Az embereknek \u00e1ltal\u00e1ban k\u00e9t ves\u00e9j\u00fck van, amelyek az als\u00f3 bord\u00e1k alatt a h\u00e1t k\u00e9t oldal\u00e1n helyezkednek el. Feln\u0151ttekben mindk\u00e9t vese kb. 12 cm hossz\u00fa \u00e9s kb. 180g s\u00faly\u00fa. A ves\u00e9k a szervezet sz\u0171r\u0151 rendszerei. \u201eKimoss\u00e1k\u201d a veseart\u00e9ri\u00e1kon hozz\u00e1juk foly\u00f3 v\u00e9rt, \u00e9s megtiszt\u00edtj\u00e1k a m\u00e9rgez\u0151 salakanyagokt\u00f3l, mint a karbamid, az urea \u00e9s a kreatinin, melyek a &hellip;<\/p>\n","protected":false},"author":101236,"featured_media":0,"parent":7000,"menu_order":1,"comment_status":"closed","ping_status":"closed","template":"","meta":{"_acf_changed":false,"footnotes":""},"categories":[],"tags":[],"class_list":["post-7087","page","type-page","status-publish","hentry"],"acf":[],"_links":{"self":[{"href":"https:\/\/semmelweis.hu\/sebeszet\/wp-json\/wp\/v2\/pages\/7087","targetHints":{"allow":["GET"]}}],"collection":[{"href":"https:\/\/semmelweis.hu\/sebeszet\/wp-json\/wp\/v2\/pages"}],"about":[{"href":"https:\/\/semmelweis.hu\/sebeszet\/wp-json\/wp\/v2\/types\/page"}],"author":[{"embeddable":true,"href":"https:\/\/semmelweis.hu\/sebeszet\/wp-json\/wp\/v2\/users\/101236"}],"replies":[{"embeddable":true,"href":"https:\/\/semmelweis.hu\/sebeszet\/wp-json\/wp\/v2\/comments?post=7087"}],"version-history":[{"count":1,"href":"https:\/\/semmelweis.hu\/sebeszet\/wp-json\/wp\/v2\/pages\/7087\/revisions"}],"predecessor-version":[{"id":7088,"href":"https:\/\/semmelweis.hu\/sebeszet\/wp-json\/wp\/v2\/pages\/7087\/revisions\/7088"}],"up":[{"embeddable":true,"href":"https:\/\/semmelweis.hu\/sebeszet\/wp-json\/wp\/v2\/pages\/7000"}],"wp:attachment":[{"href":"https:\/\/semmelweis.hu\/sebeszet\/wp-json\/wp\/v2\/media?parent=7087"}],"wp:term":[{"taxonomy":"category","embeddable":true,"href":"https:\/\/semmelweis.hu\/sebeszet\/wp-json\/wp\/v2\/categories?post=7087"},{"taxonomy":"post_tag","embeddable":true,"href":"https:\/\/semmelweis.hu\/sebeszet\/wp-json\/wp\/v2\/tags?post=7087"}],"curies":[{"name":"wp","href":"https:\/\/api.w.org\/{rel}","templated":true}]}}