{"id":7079,"date":"2021-12-13T08:35:56","date_gmt":"2021-12-13T07:35:56","guid":{"rendered":"https:\/\/semmelweis.hu\/sebeszet1\/?page_id=7079"},"modified":"2021-12-13T08:35:56","modified_gmt":"2021-12-13T07:35:56","slug":"10-tovabbi-klinikai-lefolyas","status":"publish","type":"page","link":"https:\/\/semmelweis.hu\/sebeszet\/szervatultetes\/a-majatultetesrol\/felvilagositas-az-elodonorbol-torteno-gyermek-majatultetesrol\/10-tovabbi-klinikai-lefolyas\/","title":{"rendered":"10. Tov\u00e1bbi klinikai lefoly\u00e1s"},"content":{"rendered":"<h3 style=\"text-align: justify\">10. Tov\u00e1bbi klinikai lefoly\u00e1s<\/h3>\n<p style=\"text-align: justify\"><em>10.1 \u2013 Tart\u00f3zkod\u00e1s az oszt\u00e1lyon<\/em><\/p>\n<p style=\"text-align: justify\">Az intenz\u00edv oszt\u00e1lyon t\u00f6rt\u00e9nt kezel\u00e9s ut\u00e1n, a rendes oszt\u00e1lyon folytat\u00f3dik a kezel\u00e9s. Itt a t\u00e1pl\u00e1lkoz\u00e1s gyors kialak\u00edt\u00e1sa t\u00f6rt\u00e9nik, a dr\u00e9ncs\u00f6vek elt\u00e1vol\u00edt\u00e1sa, \u00e9s a sz\u00fcl\u0151k betan\u00edt\u00e1sa a korrekt gy\u00f3gyszerez\u00e9sre.<\/p>\n<p style=\"text-align: justify\">A m\u00e1jtranszplant\u00e1ci\u00f3 ut\u00e1n a gyermek norm\u00e1lisan t\u00e1pl\u00e1lkozhat, speci\u00e1lis di\u00e9ta nem sz\u00fcks\u00e9ges. Az els\u0151 napokban, k\u00f3rh\u00e1z-higi\u00e9niai okokb\u00f3l, a szob\u00e1j\u00e1ban izol\u00e1lva marad, am\u00edg egy zavartalan, norm\u00e1lis tart\u00f3zkod\u00e1s az oszt\u00e1lyon lehet\u0151v\u00e9 v\u00e1lik.<\/p>\n<p style=\"text-align: justify\">A n\u0151v\u00e9rek, \u00e1pol\u00f3k, orvosok, szoci\u00e1lis munk\u00e1sok, \u00e9s gy\u00f3gytorn\u00e1szok \u00e1llnak a gyermek rendelkez\u00e9s\u00e9re, \u00e9s v\u00e1laszolnak a sz\u00fcl\u0151k k\u00e9rd\u00e9seire.<\/p>\n<p style=\"text-align: justify\"><em>10.2 \u2013 Sz\u00fcks\u00e9ges klinikai, \u00e9s labor vizsg\u00e1latok<\/em><\/p>\n<p style=\"text-align: justify\">M\u00e9g ha a legt\u00f6bb gyerek n\u00e9h\u00e1ny nap ut\u00e1n a sz\u00fcl\u0151 szem\u00e9vel n\u00e9zve nagyon j\u00f3l van, sz\u00f6v\u0151dm\u00e9nymentes lefoly\u00e1s eset\u00e9n is, hogy az \u00e1t\u00fcltet\u00e9s sikeres legyen, rendszeres vizsg\u00e1latokra, \u00e9s v\u00e9rv\u00e9telre van sz\u00fcks\u00e9g.<\/p>\n<p style=\"text-align: justify\"><em>10.3 \u2013 Az \u00e1t\u00fcltetett szerv ultrahang vizsg\u00e1lata<\/em><\/p>\n<p style=\"text-align: justify\">Kezd\u0151d\u0151 sz\u00f6v\u0151dm\u00e9nyek, mint m\u00e1r eml\u00edtett\u00fck, k\u00f6nnyen kisz\u0171rhet\u0151ek az ultrahangos vizsg\u00e1lat seg\u00edts\u00e9g\u00e9vel. A tapasztalat azt mutatja, hogy a m\u00e1jtranszplant\u00e1ci\u00f3 ut\u00e1n rendszeresen v\u00e9grehajtott ultrahangos vizsg\u00e1latok nagyon jelent\u0151sek.<\/p>\n<p style=\"text-align: justify\">A modern k\u00e9sz\u00fcl\u00e9kekkel m\u00e1r az eg\u00e9szen csek\u00e9ly strukt\u00farav\u00e1ltoz\u00e1sokat, vagy a m\u00e1j ereiben az \u00e1raml\u00e1si v\u00e1ltoz\u00e1sokat is, ki lehet mutatni, valamint a m\u00e1jon bel\u00fcli \u00e9rh\u00e1l\u00f3zat h\u00e1romdimenzi\u00f3s megjelen\u00edt\u00e9se is lehets\u00e9ges.<\/p>\n<p style=\"text-align: justify\"><em>10.4 \u2013 Elbocs\u00e1t\u00e1s<\/em><\/p>\n<p style=\"text-align: justify\">Az ambul\u00e1ns tov\u00e1bbkezel\u00e9sre t\u00f6rt\u00e9n\u0151 elbocs\u00e1t\u00e1s el\u0151tt lezajlik egy besz\u00e9lget\u00e9s a hepatologussal, ahol megbesz\u00e9lik a gyerekkel val\u00f3 otthoni b\u00e1n\u00e1sm\u00f3dot. Bizony\u00e1ra sok k\u00e9rd\u00e9se lesz eddigre, amit ilyenkor nyugodtan feltehet az orvosoknak.<\/p>\n<p style=\"text-align: justify\">Az elbocs\u00e1t\u00e1s el\u0151tt, az otthoni gyermekorvosi kezel\u00e9s mellett, egy lehet\u0151leg k\u00f6zelben lev\u0151 k\u00f3rh\u00e1zban t\u00f6rt\u00e9n\u0151 ambul\u00e1ns kezel\u00e9st is koordin\u00e1lj\u00e1k.<\/p>\n<p style=\"text-align: justify\">A speci\u00e1lis gy\u00f3gyszerekhez receptekre lesz sz\u00fcks\u00e9g, ezeket a gy\u00f3gyszereket rendszerint meg kell rendelni.<\/p>\n","protected":false},"excerpt":{"rendered":"<p>10. Tov\u00e1bbi klinikai lefoly\u00e1s 10.1 \u2013 Tart\u00f3zkod\u00e1s az oszt\u00e1lyon Az intenz\u00edv oszt\u00e1lyon t\u00f6rt\u00e9nt kezel\u00e9s ut\u00e1n, a rendes oszt\u00e1lyon folytat\u00f3dik a kezel\u00e9s. Itt a t\u00e1pl\u00e1lkoz\u00e1s gyors kialak\u00edt\u00e1sa t\u00f6rt\u00e9nik, a dr\u00e9ncs\u00f6vek elt\u00e1vol\u00edt\u00e1sa, \u00e9s a sz\u00fcl\u0151k betan\u00edt\u00e1sa a korrekt gy\u00f3gyszerez\u00e9sre. A m\u00e1jtranszplant\u00e1ci\u00f3 ut\u00e1n a gyermek norm\u00e1lisan t\u00e1pl\u00e1lkozhat, speci\u00e1lis di\u00e9ta nem sz\u00fcks\u00e9ges. Az els\u0151 napokban, k\u00f3rh\u00e1z-higi\u00e9niai okokb\u00f3l, a szob\u00e1j\u00e1ban &hellip;<\/p>\n","protected":false},"author":101236,"featured_media":0,"parent":7058,"menu_order":10,"comment_status":"closed","ping_status":"closed","template":"","meta":{"_acf_changed":false,"footnotes":""},"categories":[],"tags":[],"class_list":["post-7079","page","type-page","status-publish","hentry"],"acf":[],"_links":{"self":[{"href":"https:\/\/semmelweis.hu\/sebeszet\/wp-json\/wp\/v2\/pages\/7079","targetHints":{"allow":["GET"]}}],"collection":[{"href":"https:\/\/semmelweis.hu\/sebeszet\/wp-json\/wp\/v2\/pages"}],"about":[{"href":"https:\/\/semmelweis.hu\/sebeszet\/wp-json\/wp\/v2\/types\/page"}],"author":[{"embeddable":true,"href":"https:\/\/semmelweis.hu\/sebeszet\/wp-json\/wp\/v2\/users\/101236"}],"replies":[{"embeddable":true,"href":"https:\/\/semmelweis.hu\/sebeszet\/wp-json\/wp\/v2\/comments?post=7079"}],"version-history":[{"count":1,"href":"https:\/\/semmelweis.hu\/sebeszet\/wp-json\/wp\/v2\/pages\/7079\/revisions"}],"predecessor-version":[{"id":7080,"href":"https:\/\/semmelweis.hu\/sebeszet\/wp-json\/wp\/v2\/pages\/7079\/revisions\/7080"}],"up":[{"embeddable":true,"href":"https:\/\/semmelweis.hu\/sebeszet\/wp-json\/wp\/v2\/pages\/7058"}],"wp:attachment":[{"href":"https:\/\/semmelweis.hu\/sebeszet\/wp-json\/wp\/v2\/media?parent=7079"}],"wp:term":[{"taxonomy":"category","embeddable":true,"href":"https:\/\/semmelweis.hu\/sebeszet\/wp-json\/wp\/v2\/categories?post=7079"},{"taxonomy":"post_tag","embeddable":true,"href":"https:\/\/semmelweis.hu\/sebeszet\/wp-json\/wp\/v2\/tags?post=7079"}],"curies":[{"name":"wp","href":"https:\/\/api.w.org\/{rel}","templated":true}]}}