{"id":7075,"date":"2021-12-13T08:34:28","date_gmt":"2021-12-13T07:34:28","guid":{"rendered":"https:\/\/semmelweis.hu\/sebeszet1\/?page_id=7075"},"modified":"2021-12-13T08:34:28","modified_gmt":"2021-12-13T07:34:28","slug":"8-a-mutet-utani-tartozkodas-az-intenziv-osztalyon","status":"publish","type":"page","link":"https:\/\/semmelweis.hu\/sebeszet\/szervatultetes\/a-majatultetesrol\/felvilagositas-az-elodonorbol-torteno-gyermek-majatultetesrol\/8-a-mutet-utani-tartozkodas-az-intenziv-osztalyon\/","title":{"rendered":"8. A m\u0171t\u00e9t ut\u00e1ni tart\u00f3zkod\u00e1s az intenz\u00edv oszt\u00e1lyon"},"content":{"rendered":"<h3 style=\"text-align: justify\">8. A m\u0171t\u00e9t ut\u00e1ni tart\u00f3zkod\u00e1s az intenz\u00edv oszt\u00e1lyon.<\/h3>\n<p style=\"text-align: justify\"><em>8.1 \u2013 \u00e1ltal\u00e1nos<\/em><\/p>\n<p style=\"text-align: justify\">Az intenz\u00edv oszt\u00e1lyra t\u00f6rt\u00e9nt felv\u00e9tel ut\u00e1n els\u0151sorban a l\u00e9legeztet\u00e9s folytat\u00e1sa t\u00f6rt\u00e9nik addig, am\u00edg a nark\u00f3zisban alkalmazott gy\u00f3gyszerek hat\u00e1sa folyamatosan megsz\u0171nik, \u00e9s a gyermeket extub\u00e1lni (tubust elt\u00e1vol\u00edt\u00e1sa) lehet.<\/p>\n<p style=\"text-align: justify\">Monitoron folyamatosan figyelik a sz\u00edv-, vese-, \u00e9s t\u00fcd\u0151m\u0171k\u00f6d\u00e9st, v\u00e9rnyom\u00e1st, \u00e9s h\u0151m\u00e9rs\u00e9kletet. A centr\u00e1lis v\u00e9na kat\u00e9teren kereszt\u00fcl kapja a gyermek a sz\u00fcks\u00e9ges inf\u00fazi\u00f3,t \u00e9s gy\u00f3gyszereket.<\/p>\n<p style=\"text-align: justify\">Miut\u00e1n az \u00e1pol\u00f3 szem\u00e9lyzet a gyermeket ell\u00e1tta (\u00e1ltal\u00e1ban 1-2 \u00f3r\u00e1t vesz ig\u00e9nybe), a sz\u00fcl\u0151k is bemehetnek az intenz\u00edv oszt\u00e1lyra.<\/p>\n<p style=\"text-align: justify\">Rendszeres v\u00e9rv\u00e9telek (eleinte naponta t\u00f6bbsz\u00f6r is), sz\u00fcks\u00e9gesek az \u00faj szerv funkci\u00f3inak, a s\u00f3h\u00e1ztart\u00e1s ellen\u0151rz\u00e9s\u00e9hez, \u00e9s a gy\u00f3gyszerszintek m\u00e9r\u00e9s\u00e9hez. K\u00f6zvetlen\u00fcl a transzplant\u00e1ci\u00f3 ut\u00e1n megkezd\u0151dik a c\u00e9lzott, kil\u00f6k\u0151d\u00e9s elleni gy\u00f3gyszeres kezel\u00e9s.<\/p>\n<p style=\"text-align: justify\"><em>8.2 \u2013 M\u0171szeres kezel\u00e9s<\/em><\/p>\n<p style=\"text-align: justify\">Az \u00e1ltal\u00e1nos intenz\u00edv-gy\u00f3gy\u00e1szati monitoroz\u00e1s mellett, r\u00f6ntgenfelv\u00e9tel, ultrahangvizsg\u00e1lat, \u00e9s sz\u00fcks\u00e9g eset\u00e9n CT, \u00e9rfest\u00e9s, is sz\u00fcks\u00e9ges lehet. Ezen vizsg\u00e1latok a hossz\u00fa m\u0171t\u00e9t ut\u00e1ni sz\u00f6v\u0151dm\u00e9nyek tiszt\u00e1z\u00e1s\u00e1ra, k\u00f6vet\u00e9s\u00e9re, \u00e9s ezek megel\u0151z\u00e9s\u00e9re sz\u00fcks\u00e9gesek.<\/p>\n<p style=\"text-align: justify\">Kezdetben naponta, k\u00e9s\u0151bb sz\u00fcks\u00e9g szerint, ultrahangvizsg\u00e1latot v\u00e9gz\u00fcnk a m\u00e1j kering\u00e9si viszonyainak, \u00e9s egy\u00e9b probl\u00e9m\u00e1k tiszt\u00e1z\u00e1sa c\u00e9lj\u00e1b\u00f3l.<\/p>\n<p style=\"text-align: justify\">Akut kil\u00f6k\u0151d\u00e9si reakci\u00f3 gyan\u00faja miatt m\u00e1j-mintav\u00e9tel (biopszia) sz\u00fcks\u00e9ges, ilyenkor ultrahanggal \u00e1ll\u00edtj\u00e1k be az optim\u00e1lis behatol\u00e1si helyet.<\/p>\n","protected":false},"excerpt":{"rendered":"<p>8. A m\u0171t\u00e9t ut\u00e1ni tart\u00f3zkod\u00e1s az intenz\u00edv oszt\u00e1lyon. 8.1 \u2013 \u00e1ltal\u00e1nos Az intenz\u00edv oszt\u00e1lyra t\u00f6rt\u00e9nt felv\u00e9tel ut\u00e1n els\u0151sorban a l\u00e9legeztet\u00e9s folytat\u00e1sa t\u00f6rt\u00e9nik addig, am\u00edg a nark\u00f3zisban alkalmazott gy\u00f3gyszerek hat\u00e1sa folyamatosan megsz\u0171nik, \u00e9s a gyermeket extub\u00e1lni (tubust elt\u00e1vol\u00edt\u00e1sa) lehet. Monitoron folyamatosan figyelik a sz\u00edv-, vese-, \u00e9s t\u00fcd\u0151m\u0171k\u00f6d\u00e9st, v\u00e9rnyom\u00e1st, \u00e9s h\u0151m\u00e9rs\u00e9kletet. A centr\u00e1lis v\u00e9na kat\u00e9teren kereszt\u00fcl kapja &hellip;<\/p>\n","protected":false},"author":101236,"featured_media":0,"parent":7058,"menu_order":8,"comment_status":"closed","ping_status":"closed","template":"","meta":{"_acf_changed":false,"footnotes":""},"categories":[],"tags":[],"class_list":["post-7075","page","type-page","status-publish","hentry"],"acf":[],"_links":{"self":[{"href":"https:\/\/semmelweis.hu\/sebeszet\/wp-json\/wp\/v2\/pages\/7075","targetHints":{"allow":["GET"]}}],"collection":[{"href":"https:\/\/semmelweis.hu\/sebeszet\/wp-json\/wp\/v2\/pages"}],"about":[{"href":"https:\/\/semmelweis.hu\/sebeszet\/wp-json\/wp\/v2\/types\/page"}],"author":[{"embeddable":true,"href":"https:\/\/semmelweis.hu\/sebeszet\/wp-json\/wp\/v2\/users\/101236"}],"replies":[{"embeddable":true,"href":"https:\/\/semmelweis.hu\/sebeszet\/wp-json\/wp\/v2\/comments?post=7075"}],"version-history":[{"count":1,"href":"https:\/\/semmelweis.hu\/sebeszet\/wp-json\/wp\/v2\/pages\/7075\/revisions"}],"predecessor-version":[{"id":7076,"href":"https:\/\/semmelweis.hu\/sebeszet\/wp-json\/wp\/v2\/pages\/7075\/revisions\/7076"}],"up":[{"embeddable":true,"href":"https:\/\/semmelweis.hu\/sebeszet\/wp-json\/wp\/v2\/pages\/7058"}],"wp:attachment":[{"href":"https:\/\/semmelweis.hu\/sebeszet\/wp-json\/wp\/v2\/media?parent=7075"}],"wp:term":[{"taxonomy":"category","embeddable":true,"href":"https:\/\/semmelweis.hu\/sebeszet\/wp-json\/wp\/v2\/categories?post=7075"},{"taxonomy":"post_tag","embeddable":true,"href":"https:\/\/semmelweis.hu\/sebeszet\/wp-json\/wp\/v2\/tags?post=7075"}],"curies":[{"name":"wp","href":"https:\/\/api.w.org\/{rel}","templated":true}]}}