{"id":7073,"date":"2021-12-13T08:33:55","date_gmt":"2021-12-13T07:33:55","guid":{"rendered":"https:\/\/semmelweis.hu\/sebeszet1\/?page_id=7073"},"modified":"2021-12-13T08:33:55","modified_gmt":"2021-12-13T07:33:55","slug":"7-a-majatultetes-transzplantacio","status":"publish","type":"page","link":"https:\/\/semmelweis.hu\/sebeszet\/szervatultetes\/a-majatultetesrol\/felvilagositas-az-elodonorbol-torteno-gyermek-majatultetesrol\/7-a-majatultetes-transzplantacio\/","title":{"rendered":"7. A m\u00e1j\u00e1t\u00fcltet\u00e9s (transzplant\u00e1ci\u00f3)"},"content":{"rendered":"<h3 style=\"text-align: justify\">7. A m\u00e1j\u00e1t\u00fcltet\u00e9s (transzplant\u00e1ci\u00f3)<\/h3>\n<p style=\"text-align: justify\"><em>7.1 Sz\u00e1ll\u00edt\u00e1s szervez\u00e9se a klinik\u00e1n<\/em><\/p>\n<p style=\"text-align: justify\">Amikor a szerv don\u00e1ci\u00f3 lehet\u0151s\u00e9ge felmer\u00fcl (cadaver-, \u00e9l\u0151donor), a gyermeket r\u00e9sz\u00e9re, az SE. Transzplant\u00e1ci\u00f3s Klinik\u00e1ja id\u0151ben \u00e9rtes\u00edti a csal\u00e1dot a tov\u00e1bbi l\u00e9p\u00e9sekr\u0151l. Ez b\u00e1rmely nappali, vagy \u00e9jszakai id\u0151pontban megt\u00f6rt\u00e9nhet. A gyermek sz\u00e1ll\u00edt\u00e1s\u00e1t a transzplant\u00e1ci\u00f3s koordin\u00e1torok szervezik. A gyermeket ment\u0151aut\u00f3val, vagy rep\u00fcl\u0151g\u00e9ppel, vagy helikopterrel viszik a TK-ra. Legfeljebb egy sz\u00fcl\u0151 k\u00eds\u00e9rheti a gyermeket k\u00f6zvetlen\u00fcl a klinik\u00e1ra. A sz\u00e1ll\u00edt\u00e1s el\u0151tt a sz\u00fcks\u00e9ges csal\u00e1di teend\u0151ket el\u0151re meg kell tervezni. A klinik\u00e1n a transzplant\u00e1ci\u00f3s team \u00fcgyeletes orvosai fogadj\u00e1k \u00f6n\u00f6ket. Kisebb gyermekn\u00e9l az apa, vagy anya, \u00e1lland\u00f3 felv\u00e9tele is szok\u00e1sos. A r\u00e9szletk\u00e9rd\u00e9sek tekintet\u00e9ben el\u0151zetesen l\u00e9pjenek kapcsolatba TK-val.<\/p>\n<p style=\"text-align: justify\"><em>7.2 A transzplant\u00e1ci\u00f3 el\u0151tti k\u00f6zvetlen el\u0151k\u00e9sz\u00edt\u00e9s.<\/em><\/p>\n<p style=\"text-align: justify\">A klinik\u00e1ra val\u00f3 meg\u00e9rkez\u00e9s ut\u00e1n gyermeke klinikai vizsg\u00e1laton esik \u00e1t, \u00e9s egy preoperat\u00edv v\u00e9rv\u00e9tel k\u00f6vetkezik. Esetleg kap a gyermek inf\u00fazi\u00f3t is a tervezett oper\u00e1ci\u00f3 el\u0151tt, mivel az ital, \u00e9s t\u00e1pl\u00e1l\u00e9k felv\u00e9tel ki kell, hogy maradjon. \u00d6n\u00f6knek, mint sz\u00fcl\u0151knek most lehet\u0151s\u00e9g\u00fck van, hogy az id\u0151k\u00f6zben felmer\u00fclt k\u00e9rd\u00e9seket az illet\u00e9kes \u00e1pol\u00f3 szem\u00e9lyzetnek, \u00e9s orvosoknak feltegy\u00e9k.<\/p>\n<p style=\"text-align: justify\"><em>7.3 A donor m\u00e1j<\/em><\/p>\n<p style=\"text-align: justify\">K\u00fcl\u00f6n\u00f6sen gyermekek eset\u00e9ben megk\u00eds\u00e9relj\u00fck, hogy lehet\u0151s\u00e9g szerint, csak min\u0151s\u00e9gileg j\u00f3 min\u0151s\u00e9g\u0171 szerv ker\u00fclj\u00f6n \u00e1t\u00fcltet\u00e9sre. El\u0151z\u0151leg a legfontosabb kock\u00e1zati t\u00e9nyez\u0151k, anat\u00f3miai neh\u00e9zs\u00e9gek, fert\u0151z\u00e9sek, illetve egy\u00e9b faktorok kiz\u00e1r\u00e1sa sz\u00fcks\u00e9ges.<\/p>\n<p style=\"text-align: justify\">A m\u00e1j\u00e1t\u00fcltet\u00e9st k\u00f6vet\u0151 \u00e9vekben az \u00e1t\u00fcltetett m\u00e1j egy\u00fctt fog n\u00f6vekedni gyermek\u00e9vel, \u00edgy a m\u00e1j nagys\u00e1ga mindig kor\u00e1nak megfelel\u0151 m\u00e9ret\u0171 lesz.<\/p>\n<p style=\"text-align: justify\"><em>7.4 A m\u0171t\u00e9t lefoly\u00e1sa (4-12 \u00f3ra)<\/em><\/p>\n<p style=\"text-align: justify\">A m\u0171t\u00e9t k\u00f6zvetlen k\u00f6r\u00fclm\u00e9nyeir\u0151l, \u00e9s v\u00e1rhat\u00f3 technikai neh\u00e9zs\u00e9geir\u0151l az oper\u00e1l\u00f3 orvos \u00e9s, altat\u00f3orvos a csal\u00e1dot t\u00e1j\u00e9koztatja.<\/p>\n<p style=\"text-align: justify\">A gyermeknek a m\u0171t\u0151be val\u00f3 meg\u00e9rkez\u00e9se ut\u00e1n, a nark\u00f3zis megkezd\u00e9s\u00e9t k\u00f6vet\u0151en t\u00f6bb centr\u00e1lis v\u00e9na kat\u00e9ter felhelyez\u00e9se k\u00f6vetkezik, amelyek a m\u0171t\u00e9t folyam\u00e1n, \u00e9s a m\u0171t\u00e9t ut\u00e1ni els\u0151 napokban is sz\u00fcks\u00e9gesek.<\/p>\n<p style=\"text-align: justify\">H\u00f3lyag kat\u00e9ter, \u00e9s gyomorszonda behelyez\u00e9s\u00e9re is sor ker\u00fcl m\u0171t\u00e9t el\u0151tt.<\/p>\n<p style=\"text-align: justify\">Az altat\u00e1st k\u00f6vet\u0151en megt\u00f6rt\u00e9nik a r\u00e9gi m\u00e1j elt\u00e1vol\u00edt\u00e1sa, majd az \u00faj (cadaver-, vagy \u00e9l\u0151donorb\u00f3l sz\u00e1rmaz\u00f3) m\u00e1j \u00e1t\u00fcltet\u00e9se. \u00c9l\u0151donor eset\u00e9n a m\u0171t\u00e9tet p\u00e1rhuzamosan k\u00e9t m\u0171t\u0151ben v\u00e9gezz\u00fck. A m\u0171t\u00e9t l\u00e9p\u00e9seit a mell\u00e9kelt \u00e1br\u00e1kon k\u00f6vethetj\u00fck (1. 2. 3. \u00e1bra)<\/p>\n<p style=\"text-align: justify\">A m\u0171t\u00e9t sor\u00e1n egy, vagy k\u00e9t dr\u00e9ncs\u00f6vet helyeznek el a has\u00fcregben annak \u00e9rdek\u00e9ben, hogy a m\u0171t\u00e9tet k\u00f6vet\u0151 napokban a sebv\u00e1lad\u00e9k kivezethet\u0151 legyen.<\/p>\n<p style=\"text-align: justify\">A m\u0171t\u00e9t befejez\u00e9se ut\u00e1n a gyermek az intenz\u00edv oszt\u00e1lyra ker\u00fcl, m\u00e9g l\u00e9legeztetett \u00e1llapotban, tov\u00e1bbi kezel\u00e9s c\u00e9lj\u00e1b\u00f3l.<\/p>\n","protected":false},"excerpt":{"rendered":"<p>7. A m\u00e1j\u00e1t\u00fcltet\u00e9s (transzplant\u00e1ci\u00f3) 7.1 Sz\u00e1ll\u00edt\u00e1s szervez\u00e9se a klinik\u00e1n Amikor a szerv don\u00e1ci\u00f3 lehet\u0151s\u00e9ge felmer\u00fcl (cadaver-, \u00e9l\u0151donor), a gyermeket r\u00e9sz\u00e9re, az SE. Transzplant\u00e1ci\u00f3s Klinik\u00e1ja id\u0151ben \u00e9rtes\u00edti a csal\u00e1dot a tov\u00e1bbi l\u00e9p\u00e9sekr\u0151l. Ez b\u00e1rmely nappali, vagy \u00e9jszakai id\u0151pontban megt\u00f6rt\u00e9nhet. A gyermek sz\u00e1ll\u00edt\u00e1s\u00e1t a transzplant\u00e1ci\u00f3s koordin\u00e1torok szervezik. A gyermeket ment\u0151aut\u00f3val, vagy rep\u00fcl\u0151g\u00e9ppel, vagy helikopterrel viszik a TK-ra. &hellip;<\/p>\n","protected":false},"author":101236,"featured_media":0,"parent":7058,"menu_order":7,"comment_status":"closed","ping_status":"closed","template":"","meta":{"_acf_changed":false,"footnotes":""},"categories":[],"tags":[],"class_list":["post-7073","page","type-page","status-publish","hentry"],"acf":[],"_links":{"self":[{"href":"https:\/\/semmelweis.hu\/sebeszet\/wp-json\/wp\/v2\/pages\/7073","targetHints":{"allow":["GET"]}}],"collection":[{"href":"https:\/\/semmelweis.hu\/sebeszet\/wp-json\/wp\/v2\/pages"}],"about":[{"href":"https:\/\/semmelweis.hu\/sebeszet\/wp-json\/wp\/v2\/types\/page"}],"author":[{"embeddable":true,"href":"https:\/\/semmelweis.hu\/sebeszet\/wp-json\/wp\/v2\/users\/101236"}],"replies":[{"embeddable":true,"href":"https:\/\/semmelweis.hu\/sebeszet\/wp-json\/wp\/v2\/comments?post=7073"}],"version-history":[{"count":1,"href":"https:\/\/semmelweis.hu\/sebeszet\/wp-json\/wp\/v2\/pages\/7073\/revisions"}],"predecessor-version":[{"id":7074,"href":"https:\/\/semmelweis.hu\/sebeszet\/wp-json\/wp\/v2\/pages\/7073\/revisions\/7074"}],"up":[{"embeddable":true,"href":"https:\/\/semmelweis.hu\/sebeszet\/wp-json\/wp\/v2\/pages\/7058"}],"wp:attachment":[{"href":"https:\/\/semmelweis.hu\/sebeszet\/wp-json\/wp\/v2\/media?parent=7073"}],"wp:term":[{"taxonomy":"category","embeddable":true,"href":"https:\/\/semmelweis.hu\/sebeszet\/wp-json\/wp\/v2\/categories?post=7073"},{"taxonomy":"post_tag","embeddable":true,"href":"https:\/\/semmelweis.hu\/sebeszet\/wp-json\/wp\/v2\/tags?post=7073"}],"curies":[{"name":"wp","href":"https:\/\/api.w.org\/{rel}","templated":true}]}}