{"id":7071,"date":"2021-12-13T08:33:22","date_gmt":"2021-12-13T07:33:22","guid":{"rendered":"https:\/\/semmelweis.hu\/sebeszet1\/?page_id=7071"},"modified":"2021-12-13T08:33:22","modified_gmt":"2021-12-13T07:33:22","slug":"6-varakozas-a-transzplantaciora","status":"publish","type":"page","link":"https:\/\/semmelweis.hu\/sebeszet\/szervatultetes\/a-majatultetesrol\/felvilagositas-az-elodonorbol-torteno-gyermek-majatultetesrol\/6-varakozas-a-transzplantaciora\/","title":{"rendered":"6. V\u00e1rakoz\u00e1s a transzplant\u00e1ci\u00f3ra"},"content":{"rendered":"<h3 style=\"text-align: justify\">6. V\u00e1rakoz\u00e1s a transzplant\u00e1ci\u00f3ra<\/h3>\n<p style=\"text-align: justify\"><em>6.1 V\u00e1r\u00f3lista<\/em><\/p>\n<p style=\"text-align: justify\">Miut\u00e1n minden orvosi felvil\u00e1gos\u00edt\u00e1s (gyermekorvos, seb\u00e9sz, altat\u00f3orvos) megt\u00f6rt\u00e9nt, \u00e9s a gyermek kivizsg\u00e1l\u00e1sa lez\u00e1rult, gyermeke felker\u00fcl a M\u00e1jtranszplant\u00e1ci\u00f3s V\u00e1r\u00f3list\u00e1ra. A szerv\u00e1tad\u00e1s ezut\u00e1n bizonyos s\u00fcrg\u0151ss\u00e9gi ir\u00e1nyvonalak alapj\u00e1n t\u00f6rt\u00e9nik (m\u00e1jbetegs\u00e9g s\u00falyoss\u00e1ga, Child-P pontsz\u00e1m, v\u00e1rakoz\u00e1si id\u0151). Amennyiben megt\u00f6rt\u00e9nik egy szerv oda\u00edt\u00e9l\u00e9se, az \u00f6n gyermeke r\u00e9sz\u00e9re, a kezel\u0151 orvosok k\u00f6teless\u00e9ge annak v\u00e9gs\u0151 eld\u00f6nt\u00e9se, hogy a felaj\u00e1nlott szerv, elfogadhat\u00f3-e, avagy sem, az \u00f6n gyermeke sz\u00e1m\u00e1ra.<\/p>\n<p style=\"text-align: justify\">Nem z\u00e1rhat\u00f3 ki az sem, hogy k\u00f6zvetlen\u00fcl a transzplant\u00e1ci\u00f3 el\u0151tt, hab\u00e1r felvett\u00e9k a klinik\u00e1ra az \u00e1t\u00fcltet\u00e9shez, de a szerv m\u00e9gsem fogadhat\u00f3 el.<\/p>\n<p style=\"text-align: justify\"><em>6.2 Transzplant\u00e1ci\u00f3 el\u0151tti magatart\u00e1s<\/em><\/p>\n<p style=\"text-align: justify\">Am\u00edg a gyermek a v\u00e1r\u00f3list\u00e1n van, elvben semmilyen korl\u00e1toz\u00e1s nincs a mindennapokat illet\u0151en. Az \u00e1lland\u00f3 (24 \u00f3r\u00e1s) el\u00e9rhet\u0151s\u00e9g telefon, \u00e9s mobil telefon, alapvet\u0151 felt\u00e9tel \u00f6n\u00f6kkel, sz\u00fcl\u0151kkel szemben. Azt, hogy szabads\u00e1gra val\u00f3 utaz\u00e1s, vagy k\u00fclf\u00f6ldi tart\u00f3zkod\u00e1s mennyiben lehets\u00e9ges egyedi esetenk\u00e9nt kell eld\u00f6nteni.<\/p>\n<p style=\"text-align: justify\">Gyermek\u00fck minden fert\u0151z\u00e9se, megbeteged\u00e9se, vagy s\u00e9r\u00fcl\u00e9se, illetve k\u00f3rh\u00e1zi ell\u00e1t\u00e1s\u00e1t a Transzplant\u00e1ci\u00f3s Klinik\u00e1nak azonnal jelenteni kell.<\/p>\n<p style=\"text-align: justify\">Gyermek\u00e9nek betegs\u00e9g\u00e9t\u0151l f\u00fcgg\u0151en k\u00fcl\u00f6nb\u00f6z\u0151 di\u00e9t\u00e1s tan\u00e1csad\u00e1s is sz\u00f3ba j\u00f6het. Minden esetben ny\u00fajtson gyermek\u00e9nek kiegyens\u00falyozott, \u00e9s kal\u00f3riad\u00fas t\u00e1pl\u00e1lkoz\u00e1st. Sz\u00fcks\u00e9g eset\u00e9n k\u00e9rjen tan\u00e1csot orvos\u00e1t\u00f3l. Ezen k\u00edv\u00fcl figyelje, \u00e9s dokument\u00e1lja gyermek\u00e9nek s\u00faly\u00e1t, \u00e9s alkalmilag testh\u0151m\u00e9rs\u00e9klet\u00e9t is<\/p>\n<p style=\"text-align: justify\"><em>6.3 V\u00e1rakoz\u00e1si id\u0151 alatti sz\u00fcks\u00e9ges, rendszeres ellen\u0151rz\u0151 vizsg\u00e1latok.<\/em><\/p>\n<p style=\"text-align: justify\">Az \u00e1lland\u00f3 lak\u00f3helyen tan\u00e1csos rendszeres klinikai, \u00e9s labork\u00e9miai ellen\u0151rz\u00e9st v\u00e9geztetni. A leleteket azut\u00e1n faxon el lehet juttatni a Transzplant\u00e1ci\u00f3s Klinik\u00e1nak k\u00f6z\u00f6s \u00e9rt\u00e9kel\u00e9s c\u00e9lj\u00e1b\u00f3l.<\/p>\n<p style=\"text-align: justify\">Egyes esetekben sz\u00fcks\u00e9gess\u00e9 v\u00e1lhat, hogy bizonyos kontrollvizsg\u00e1latokat (pl. ultrahang, laborok) v\u00e9gezzenek el. Egyedi esetekben ezt a kezel\u0151 orvossal kell megbesz\u00e9lni.<\/p>\n<p style=\"text-align: justify\"><em>6.4 Gyakran el\u0151\u00edrt gy\u00f3gyszerek<\/em><\/p>\n<p style=\"text-align: justify\">Transzplant\u00e1ci\u00f3 el\u0151tt a gyermekek gyakran kapnak gy\u00f3gyszereket az epefoly\u00e1s jav\u00edt\u00e1s\u00e1ra (Ursodesoxycholsav), az ascites cs\u00f6kkent\u00e9s\u00e9re v\u00edzhajt\u00f3kat (pl. Furosemid \u00e9s Spironolcton), valamint, esetenk\u00e9nt antibiotikumot, fert\u0151z\u00e9s megel\u0151z\u00e9se c\u00e9lj\u00e1b\u00f3l. Tov\u00e1bbiakban egyes gyermekekn\u00e9l zs\u00edrban old\u00f3d\u00f3 vitaminokra ( E, A, D, K vitaminok) van sz\u00fcks\u00e9g. Kifejezett viszket\u00e9si ingert Ursodesoxycholsav, Cholestyramin, Rifampicin ad\u00e1s\u00e1val, vagy tov\u00e1bbi prepar\u00e1tumokkal lehet cs\u00f6kkenteni.<\/p>\n<p style=\"text-align: justify\">El\u0151rehaladott m\u00e1jmegbeteged\u00e9s eset\u00e9n, a gyermekeket hosszabb id\u0151re is, folyamatosan a klinik\u00e1ra kell felvenni. Itt a gy\u00f3gyszereket a jobb hat\u00e9konys\u00e1g \u00e9rdek\u00e9ben intrav\u00e9n\u00e1san kapj\u00e1k. Rossz alvad\u00e1si st\u00e1tus eset\u00e9n az alvad\u00e1si faktorokat p\u00f3tolni kell. Erre a c\u00e9lra leggyakrabban friss, fagyaszott plazm\u00e1t (FFP) adunk, amelyet K-vitaminnal eg\u00e9sz\u00edthet\u00fcnk ki.<\/p>\n<p style=\"text-align: justify\"><em>6.5 Tudom\u00e1nyos vizsg\u00e1latokban val\u00f3 r\u00e9szv\u00e9tel<\/em><\/p>\n<p style=\"text-align: justify\">A m\u00e1j\u00e1t\u00fcltet\u00e9s eddigi eredm\u00e9nyei a tapasztalatszerz\u00e9s mellett, nem utols\u00f3 sorban a tudom\u00e1nyos tanulm\u00e1nyoknak k\u00f6sz\u00f6nhet\u0151k. A transzplant\u00e1ci\u00f3ban az optim\u00e1lis eredm\u00e9nyek el\u00e9r\u00e9s\u00e9hez k\u00fcl\u00f6nleges jelent\u0151s\u00e9ge van a szakemberek k\u00f6z\u00f6tti \u00e1lland\u00f3 tudom\u00e1nyos tapasztalatcser\u00e9nek, \u00e9s a tapasztalatok tudom\u00e1nyos feldolgoz\u00e1s\u00e1nak. A nagy centrumokban rendszeresen folynak ellen\u0151rz\u00f6tt tudom\u00e1nyos kutat\u00e1sok pl. gy\u00f3gyszerek alkalmaz\u00e1sban, vagy az alapkutat\u00e1sok keret\u00e9ben.<\/p>\n<p style=\"text-align: justify\">A kutat\u00e1sban val\u00f3 r\u00e9szv\u00e9tel mindig \u00f6nk\u00e9ntes, \u00e9s csak a gyermek sz\u00fcleinek az orvosok \u00e1ltal t\u00f6rt\u00e9nt megfelel\u0151 felvil\u00e1gos\u00edt\u00e1sa ut\u00e1n, t\u00f6rt\u00e9nik meg. A kutat\u00e1si protokoll betart\u00e1sa a mindenkori int\u00e9zeti etikai bizotts\u00e1g (Magyarorsz\u00e1g) ellen\u0151rz\u00e9se mellett t\u00f6rt\u00e9nik.<\/p>\n","protected":false},"excerpt":{"rendered":"<p>6. V\u00e1rakoz\u00e1s a transzplant\u00e1ci\u00f3ra 6.1 V\u00e1r\u00f3lista Miut\u00e1n minden orvosi felvil\u00e1gos\u00edt\u00e1s (gyermekorvos, seb\u00e9sz, altat\u00f3orvos) megt\u00f6rt\u00e9nt, \u00e9s a gyermek kivizsg\u00e1l\u00e1sa lez\u00e1rult, gyermeke felker\u00fcl a M\u00e1jtranszplant\u00e1ci\u00f3s V\u00e1r\u00f3list\u00e1ra. A szerv\u00e1tad\u00e1s ezut\u00e1n bizonyos s\u00fcrg\u0151ss\u00e9gi ir\u00e1nyvonalak alapj\u00e1n t\u00f6rt\u00e9nik (m\u00e1jbetegs\u00e9g s\u00falyoss\u00e1ga, Child-P pontsz\u00e1m, v\u00e1rakoz\u00e1si id\u0151). Amennyiben megt\u00f6rt\u00e9nik egy szerv oda\u00edt\u00e9l\u00e9se, az \u00f6n gyermeke r\u00e9sz\u00e9re, a kezel\u0151 orvosok k\u00f6teless\u00e9ge annak v\u00e9gs\u0151 eld\u00f6nt\u00e9se, hogy &hellip;<\/p>\n","protected":false},"author":101236,"featured_media":0,"parent":7058,"menu_order":6,"comment_status":"closed","ping_status":"closed","template":"","meta":{"_acf_changed":false,"footnotes":""},"categories":[],"tags":[],"class_list":["post-7071","page","type-page","status-publish","hentry"],"acf":[],"_links":{"self":[{"href":"https:\/\/semmelweis.hu\/sebeszet\/wp-json\/wp\/v2\/pages\/7071","targetHints":{"allow":["GET"]}}],"collection":[{"href":"https:\/\/semmelweis.hu\/sebeszet\/wp-json\/wp\/v2\/pages"}],"about":[{"href":"https:\/\/semmelweis.hu\/sebeszet\/wp-json\/wp\/v2\/types\/page"}],"author":[{"embeddable":true,"href":"https:\/\/semmelweis.hu\/sebeszet\/wp-json\/wp\/v2\/users\/101236"}],"replies":[{"embeddable":true,"href":"https:\/\/semmelweis.hu\/sebeszet\/wp-json\/wp\/v2\/comments?post=7071"}],"version-history":[{"count":1,"href":"https:\/\/semmelweis.hu\/sebeszet\/wp-json\/wp\/v2\/pages\/7071\/revisions"}],"predecessor-version":[{"id":7072,"href":"https:\/\/semmelweis.hu\/sebeszet\/wp-json\/wp\/v2\/pages\/7071\/revisions\/7072"}],"up":[{"embeddable":true,"href":"https:\/\/semmelweis.hu\/sebeszet\/wp-json\/wp\/v2\/pages\/7058"}],"wp:attachment":[{"href":"https:\/\/semmelweis.hu\/sebeszet\/wp-json\/wp\/v2\/media?parent=7071"}],"wp:term":[{"taxonomy":"category","embeddable":true,"href":"https:\/\/semmelweis.hu\/sebeszet\/wp-json\/wp\/v2\/categories?post=7071"},{"taxonomy":"post_tag","embeddable":true,"href":"https:\/\/semmelweis.hu\/sebeszet\/wp-json\/wp\/v2\/tags?post=7071"}],"curies":[{"name":"wp","href":"https:\/\/api.w.org\/{rel}","templated":true}]}}