{"id":7069,"date":"2021-12-13T08:32:43","date_gmt":"2021-12-13T07:32:43","guid":{"rendered":"https:\/\/semmelweis.hu\/sebeszet1\/?page_id=7069"},"modified":"2021-12-13T08:32:43","modified_gmt":"2021-12-13T07:32:43","slug":"5-a-majatultetes-kulonbozo-formai","status":"publish","type":"page","link":"https:\/\/semmelweis.hu\/sebeszet\/szervatultetes\/a-majatultetesrol\/felvilagositas-az-elodonorbol-torteno-gyermek-majatultetesrol\/5-a-majatultetes-kulonbozo-formai\/","title":{"rendered":"5. A m\u00e1j\u00e1t\u00fcltet\u00e9s k\u00fcl\u00f6nb\u00f6z\u0151 form\u00e1i"},"content":{"rendered":"<h3 style=\"text-align: justify\">5. A m\u00e1j\u00e1t\u00fcltet\u00e9s k\u00fcl\u00f6nb\u00f6z\u0151 form\u00e1i<\/h3>\n<p style=\"text-align: justify\">Magyarorsz\u00e1gon a m\u00e1j\u00e1t\u00fcltet\u00e9s ma m\u00e1r rutin beavatkoz\u00e1s, de a szer\u00e9ny donorsz\u00e1m miatt, a v\u00e1rakoz\u00e1si id\u0151 \u00e1tlagosan 200 napn\u00e1l t\u00f6bb. Gyermekek eset\u00e9n a megfelel\u0151 m\u00e9ret\u0171 m\u00e1j, illetve feln\u0151tt m\u00e1jb\u00f3l egy m\u00e1jlebeny (partialis m\u00e1jgraft) biztos\u00edt\u00e1sa az \u00e1t\u00fcltet\u00e9shez nehezebb, mint feln\u0151ttek sz\u00e1m\u00e1ra. Ez\u00e9rt magasabb rizik\u00f3 mellett is, az \u00e9l\u0151donor \u00e1t\u00fcltet\u00e9s az egyik lehet\u0151s\u00e9g.<\/p>\n<p style=\"text-align: justify\">A gyermekeknek sz\u00e1nt partialis (szegment) m\u00e1jgraft sz\u00e1rmazhat cadaverb\u0151l, \u00e9s \u00e9l\u0151donorb\u00f3l is egyar\u00e1nt. Cadaver donor m\u00e1j adom\u00e1nyoz\u00e1sa olyan donort\u00f3l sz\u00e1rmazik, aki pl. s\u00falyos koponya, vagy agyi s\u00e9r\u00fcl\u00e9sben, vagy agyv\u00e9rz\u00e9sben halt meg (agyhalott).<\/p>\n<p style=\"text-align: justify\">Azt mindenk\u00e9ppen biztos\u00edtani kell, hogy minim\u00e1lisan 1 % \/ tests\u00faly kg \u00e9p m\u00e1jsz\u00f6vetre van sz\u00fcks\u00e9ge a gyermeknek, illetve a donornak is minim\u00e1lisan az eredeti m\u00e1j 30 %-\u00e1nak meg kell maradnia \u00e9l\u0151don\u00e1ci\u00f3 eset\u00e9n.<\/p>\n<p style=\"text-align: justify\"><em>5.1 M\u00e1j\u00e1t\u00fcltet\u00e9s az ap\u00e1t\u00f3l, vagy az any\u00e1t\u00f3l<\/em><\/p>\n<p style=\"text-align: justify\">A csecsem\u0151, \u00e9s gyermekkori m\u00e1j\u00e1t\u00fcltet\u00e9s mai nagy sikere alapvet\u0151en az \u00fajonnan kifejlesztett innovat\u00edv seb\u00e9szeti technol\u00f3gi\u00e1n alapul.<\/p>\n<p style=\"text-align: justify\">Kiemelked\u0151 eredm\u00e9nyeket \u00e9rtek el az \u00e9l\u0151donoros m\u00e1j\u00e1t\u00fcltet\u00e9ssel, amikor az egyik sz\u00fcl\u0151 adja saj\u00e1t m\u00e1j\u00e1nak egy r\u00e9sz\u00e9t (rendszerint a baloldali m\u00e1jlebeny egy darabj\u00e1t), a csecsem\u0151nek.<\/p>\n<p style=\"text-align: justify\">Az optim\u00e1lis m\u0171t\u00e9t tervez\u00e9s, \u00e9s az ide\u00e1lis \u00e1t\u00fcltet\u00e9s kivitelez\u00e9se el\u0151nyeivel szemben \u00e1ll, a m\u00e1j\u00e1t\u00fcltet\u00e9s ezen form\u00e1j\u00e1n\u00e1l term\u00e9szetesen fenn\u00e1ll a donor bizonyos m\u00e9rt\u00e9k\u0171 m\u0171t\u00e9ti, \u00e9s m\u0171t\u00e9t ut\u00e1ni sz\u00f6v\u0151dm\u00e9ny vesz\u00e9lye, kock\u00e1zata.<\/p>\n<p style=\"text-align: justify\">A nagyon szigor\u00fa kiv\u00e1laszt\u00e1si krit\u00e9riumuk megvizsg\u00e1l\u00e1s\u00e1t k\u00f6veti a donor hozz\u00e1j\u00e1rul\u00e1sa, egy semleges etikai bizotts\u00e1g el\u0151tt. Csak minden ismert rizik\u00f3faktor kiz\u00e1r\u00e1sa ut\u00e1n, akkor, ha az apa, vagy az anya don\u00e1ci\u00f3ja, v\u00e9g\u00fcl is a gyermek r\u00e9sz\u00e9re biztosan lehets\u00e9ges.<\/p>\n<p style=\"text-align: justify\"><em>5.2 Split m\u00e1j<\/em><\/p>\n<p style=\"text-align: justify\">A seb\u00e9szeti technik\u00e1b\u00f3l ad\u00f3d\u00f3an a m\u00e1j\u00e1t\u00fcltet\u00e9s a be\u00fcltet\u00e9sre ker\u00fcl\u0151 szervet k\u00e9tfel\u00e9 v\u00e1lasztjuk (\u201eSplit\u201d technika). \u00cdgy egy szerv adom\u00e1nyoz\u00e1s\u00e1val egy feln\u0151tt, \u00e9s egy gyermek m\u00e1j\u00e1t\u00fcltet\u00e9se lehets\u00e9ges. A \u201eSplit\u201d technika \u00e9pp\u00fagy, mint a m\u00e1j\u00e1t\u00fcltet\u00e9s seb\u00e9szeti technik\u00e1ja, seb\u00e9szetileg nagyon ig\u00e9nyes, azonban az eredm\u00e9nyek j\u00f3k.<\/p>\n","protected":false},"excerpt":{"rendered":"<p>5. A m\u00e1j\u00e1t\u00fcltet\u00e9s k\u00fcl\u00f6nb\u00f6z\u0151 form\u00e1i Magyarorsz\u00e1gon a m\u00e1j\u00e1t\u00fcltet\u00e9s ma m\u00e1r rutin beavatkoz\u00e1s, de a szer\u00e9ny donorsz\u00e1m miatt, a v\u00e1rakoz\u00e1si id\u0151 \u00e1tlagosan 200 napn\u00e1l t\u00f6bb. Gyermekek eset\u00e9n a megfelel\u0151 m\u00e9ret\u0171 m\u00e1j, illetve feln\u0151tt m\u00e1jb\u00f3l egy m\u00e1jlebeny (partialis m\u00e1jgraft) biztos\u00edt\u00e1sa az \u00e1t\u00fcltet\u00e9shez nehezebb, mint feln\u0151ttek sz\u00e1m\u00e1ra. Ez\u00e9rt magasabb rizik\u00f3 mellett is, az \u00e9l\u0151donor \u00e1t\u00fcltet\u00e9s az egyik lehet\u0151s\u00e9g. &hellip;<\/p>\n","protected":false},"author":101236,"featured_media":0,"parent":7058,"menu_order":5,"comment_status":"closed","ping_status":"closed","template":"","meta":{"_acf_changed":false,"footnotes":""},"categories":[],"tags":[],"class_list":["post-7069","page","type-page","status-publish","hentry"],"acf":[],"_links":{"self":[{"href":"https:\/\/semmelweis.hu\/sebeszet\/wp-json\/wp\/v2\/pages\/7069","targetHints":{"allow":["GET"]}}],"collection":[{"href":"https:\/\/semmelweis.hu\/sebeszet\/wp-json\/wp\/v2\/pages"}],"about":[{"href":"https:\/\/semmelweis.hu\/sebeszet\/wp-json\/wp\/v2\/types\/page"}],"author":[{"embeddable":true,"href":"https:\/\/semmelweis.hu\/sebeszet\/wp-json\/wp\/v2\/users\/101236"}],"replies":[{"embeddable":true,"href":"https:\/\/semmelweis.hu\/sebeszet\/wp-json\/wp\/v2\/comments?post=7069"}],"version-history":[{"count":1,"href":"https:\/\/semmelweis.hu\/sebeszet\/wp-json\/wp\/v2\/pages\/7069\/revisions"}],"predecessor-version":[{"id":7070,"href":"https:\/\/semmelweis.hu\/sebeszet\/wp-json\/wp\/v2\/pages\/7069\/revisions\/7070"}],"up":[{"embeddable":true,"href":"https:\/\/semmelweis.hu\/sebeszet\/wp-json\/wp\/v2\/pages\/7058"}],"wp:attachment":[{"href":"https:\/\/semmelweis.hu\/sebeszet\/wp-json\/wp\/v2\/media?parent=7069"}],"wp:term":[{"taxonomy":"category","embeddable":true,"href":"https:\/\/semmelweis.hu\/sebeszet\/wp-json\/wp\/v2\/categories?post=7069"},{"taxonomy":"post_tag","embeddable":true,"href":"https:\/\/semmelweis.hu\/sebeszet\/wp-json\/wp\/v2\/tags?post=7069"}],"curies":[{"name":"wp","href":"https:\/\/api.w.org\/{rel}","templated":true}]}}