{"id":7060,"date":"2021-12-13T08:29:47","date_gmt":"2021-12-13T07:29:47","guid":{"rendered":"https:\/\/semmelweis.hu\/sebeszet1\/?page_id=7060"},"modified":"2021-12-13T08:29:47","modified_gmt":"2021-12-13T07:29:47","slug":"1-a-maj-funkcioi","status":"publish","type":"page","link":"https:\/\/semmelweis.hu\/sebeszet\/szervatultetes\/a-majatultetesrol\/felvilagositas-az-elodonorbol-torteno-gyermek-majatultetesrol\/1-a-maj-funkcioi\/","title":{"rendered":"1. A m\u00e1j funkci\u00f3i"},"content":{"rendered":"<p style=\"text-align: justify\">A has jobb fels\u0151 r\u00e9sz\u00e9n elhelyezked\u0151 m\u00e1j az emberi test k\u00f6zponti anyagcsere szerve. A t\u00e1pl\u00e1l\u00e9kb\u00f3l a feh\u00e9rj\u00e9k, cukrok (gluk\u00f3z), \u00e9s zs\u00edrok (lipidek) sz\u00edv\u00f3dnak fel a belekben. Felsz\u00edv\u00f3d\u00e1s ut\u00e1n a m\u00e1j ezeket lebontja, \u00e1talak\u00edtja, illetve t\u00e1rolja (cukor). Ezt a m\u00e1j legkisebb egys\u00e9ge, a m\u00e1jsejt (hepatocyta) v\u00e9gzi. A m\u00e1j az emberi test k\u00f6zponti anyagcsere szerve. A m\u00e1jban k\u00e9pz\u0151dik az epe, amely a m\u00e1jon bel\u00fcli kis epej\u00e1ratokban, majd a nagy epeutakban (ductus choledochus) elhagyja a m\u00e1jat. Az epe a patk\u00f3b\u00e9lbe \u00fcr\u00fcl. Az ep\u00e9ben l\u00e9v\u0151 epesavak a zs\u00edrok felsz\u00edv\u00f3d\u00e1sa szempontj\u00e1b\u00f3l fontosak. Az epe seg\u00edts\u00e9g\u00e9vel anyagcsereterm\u00e9kek, \u00e9s m\u00e9reganyagok v\u00e1laszt\u00f3dnak ki a b\u00e9lbe.<\/p>\n<p style=\"text-align: justify\">A v\u00f6r\u00f6s v\u00e9rtestek lebont\u00e1si term\u00e9kek\u00e9nt egy s\u00e1rga v\u00e9rfest\u00e9kanyag az \u00fan. \u201ebilirubin\u201d keletkezik, amely a m\u00e1jon, \u00e9s az epe \u00fatj\u00e1n a b\u00e9lbe kiv\u00e1laszt\u00f3dik. Az ep\u00e9ben l\u00e9v\u0151 bilirubin s\u00f6t\u00e9tbarna sz\u00ednt ad a sz\u00e9kletnek. A vil\u00e1gos sz\u00e9klet gyermekekn\u00e9l mindig azt mutatja, hogy ez a fest\u00e9kanyag \u2013 pl. az epe\u00fcr\u00fcl\u00e9s valamilyen zavara miatt \u2013 nem jut elegend\u0151 mennyis\u00e9gben a b\u00e9lbe.<\/p>\n<p style=\"text-align: justify\">A m\u00e1j az energi\u00e1t ad\u00f3 anyagok feldolgoz\u00e1sa, \u00e9s az anyagcsereterm\u00e9kek m\u00e9regtelen\u00edt\u00e9se mellett a test n\u00e9lk\u00fcl\u00f6zhetetlen saj\u00e1t feh\u00e9rj\u00e9inek szint\u00e9zis\u00e9t is v\u00e9gzi. A feh\u00e9rj\u00e9k k\u00f6z\u00f6tt mindenekel\u0151tt meg kell eml\u00edteni a sz\u00e1ll\u00edt\u00f3, \u00e9s k\u00f6t\u0151 proteint, az albumint valamint az alvad\u00e1si faktorokat, de ezenk\u00edv\u00fcl az izomzat\u00e9p\u00edt\u0151 proteineket is. Ezenk\u00edv\u00fcl a m\u00e1j r\u00e9szt vesz k\u00fcl\u00f6nb\u00f6z\u0151 hormon\u00e1lis folyamatok vez\u00e9rl\u00e9s\u00e9ben, \u00e9s az immunol\u00f3giai funkci\u00f3k szab\u00e1lyoz\u00e1s\u00e1ban is.<\/p>\n<p style=\"text-align: justify\">A norm\u00e1lis m\u00e1jm\u0171k\u00f6d\u00e9s, sok m\u00e1s szerv norm\u00e1lis m\u0171k\u00f6d\u00e9s\u00e9hez is fontos (pl. agy, csontok, vese, gyomor-b\u00e9l huzam), \u00e9s elengedhetetlen felt\u00e9tele a fejl\u0151d\u00e9snek, \u00e9s gyarapod\u00e1snak.<\/p>\n<p style=\"text-align: justify\">Ellent\u00e9tben a ves\u00e9vel (dial\u00edzis), ezek a funkci\u00f3k jelenleg m\u00e9g nem helyettes\u00edthet\u0151k, ez\u00e9rt egy n\u00f6vekv\u0151, el\u0151rehalad\u00f3 m\u00e1jmegbeteged\u00e9s a gyermek \u00e9letvesz\u00e9lyes megbeteged\u00e9s\u00e9t okozhatja, e fontos funkci\u00f3k kies\u00e9se miatt.<\/p>\n","protected":false},"excerpt":{"rendered":"<p>A has jobb fels\u0151 r\u00e9sz\u00e9n elhelyezked\u0151 m\u00e1j az emberi test k\u00f6zponti anyagcsere szerve. A t\u00e1pl\u00e1l\u00e9kb\u00f3l a feh\u00e9rj\u00e9k, cukrok (gluk\u00f3z), \u00e9s zs\u00edrok (lipidek) sz\u00edv\u00f3dnak fel a belekben. Felsz\u00edv\u00f3d\u00e1s ut\u00e1n a m\u00e1j ezeket lebontja, \u00e1talak\u00edtja, illetve t\u00e1rolja (cukor). Ezt a m\u00e1j legkisebb egys\u00e9ge, a m\u00e1jsejt (hepatocyta) v\u00e9gzi. A m\u00e1j az emberi test k\u00f6zponti anyagcsere szerve. A m\u00e1jban &hellip;<\/p>\n","protected":false},"author":101236,"featured_media":0,"parent":7058,"menu_order":1,"comment_status":"closed","ping_status":"closed","template":"","meta":{"_acf_changed":false,"footnotes":""},"categories":[],"tags":[],"class_list":["post-7060","page","type-page","status-publish","hentry"],"acf":[],"_links":{"self":[{"href":"https:\/\/semmelweis.hu\/sebeszet\/wp-json\/wp\/v2\/pages\/7060","targetHints":{"allow":["GET"]}}],"collection":[{"href":"https:\/\/semmelweis.hu\/sebeszet\/wp-json\/wp\/v2\/pages"}],"about":[{"href":"https:\/\/semmelweis.hu\/sebeszet\/wp-json\/wp\/v2\/types\/page"}],"author":[{"embeddable":true,"href":"https:\/\/semmelweis.hu\/sebeszet\/wp-json\/wp\/v2\/users\/101236"}],"replies":[{"embeddable":true,"href":"https:\/\/semmelweis.hu\/sebeszet\/wp-json\/wp\/v2\/comments?post=7060"}],"version-history":[{"count":1,"href":"https:\/\/semmelweis.hu\/sebeszet\/wp-json\/wp\/v2\/pages\/7060\/revisions"}],"predecessor-version":[{"id":7061,"href":"https:\/\/semmelweis.hu\/sebeszet\/wp-json\/wp\/v2\/pages\/7060\/revisions\/7061"}],"up":[{"embeddable":true,"href":"https:\/\/semmelweis.hu\/sebeszet\/wp-json\/wp\/v2\/pages\/7058"}],"wp:attachment":[{"href":"https:\/\/semmelweis.hu\/sebeszet\/wp-json\/wp\/v2\/media?parent=7060"}],"wp:term":[{"taxonomy":"category","embeddable":true,"href":"https:\/\/semmelweis.hu\/sebeszet\/wp-json\/wp\/v2\/categories?post=7060"},{"taxonomy":"post_tag","embeddable":true,"href":"https:\/\/semmelweis.hu\/sebeszet\/wp-json\/wp\/v2\/tags?post=7060"}],"curies":[{"name":"wp","href":"https:\/\/api.w.org\/{rel}","templated":true}]}}