{"id":7058,"date":"2021-12-13T08:29:14","date_gmt":"2021-12-13T07:29:14","guid":{"rendered":"https:\/\/semmelweis.hu\/sebeszet1\/?page_id=7058"},"modified":"2021-12-13T08:29:14","modified_gmt":"2021-12-13T07:29:14","slug":"felvilagositas-az-elodonorbol-torteno-gyermek-majatultetesrol","status":"publish","type":"page","link":"https:\/\/semmelweis.hu\/sebeszet\/szervatultetes\/a-majatultetesrol\/felvilagositas-az-elodonorbol-torteno-gyermek-majatultetesrol\/","title":{"rendered":"Felvil\u00e1gos\u00edt\u00e1s az \u00e9l\u0151donorb\u00f3l t\u00f6rt\u00e9n\u0151 gyermek m\u00e1j\u00e1t\u00fcltet\u00e9sr\u0151l"},"content":{"rendered":"<p style=\"text-align: justify\">Kedves Sz\u00fcl\u0151k, \u00e9s Paciensek!<\/p>\n<p style=\"text-align: justify\">Az\u00e9rt \u00edrtuk meg ezt a t\u00e1j\u00e9koztat\u00f3t, hogy inform\u00e1ci\u00f3kat adjunk \u00f6n\u00f6knek a gyermekkori, \u00e9s fiatalkori m\u00e1j\u00e1t\u00fcltet\u00e9sr\u0151l. \u00d6n\u00f6k otthon elolvashatj\u00e1k az egyes pontokat, de a t\u00e1j\u00e9koztat\u00f3 term\u00e9szetesen nem helyettes\u00edti a szem\u00e9lyes megbesz\u00e9l\u00e9st.<\/p>\n<p style=\"text-align: justify\">Gyermek\u00fck m\u00e1jmegbeteged\u00e9se m\u00e1r a transzplant\u00e1ci\u00f3 (\u00e1t\u00fcltet\u00e9s) el\u0151tt befoly\u00e1solja az \u00f6n\u00f6k \u00e9let\u00e9t, \u00e9s ez a f\u00fczet, legyen seg\u00edts\u00e9g\u00fckre a f\u00e9lelmek, \u00e9s a gondok cs\u00f6kkent\u00e9s\u00e9ben a m\u00e1j\u00e1t\u00fcltet\u00e9st illet\u0151en.<\/p>\n<p style=\"text-align: justify\">K\u00e9rj\u00fck \u00f6n\u00f6ket, hogy gyermek\u00fck megbeteged\u00e9s\u00e9vel, \u00e9s a sz\u00fcks\u00e9ges m\u00e1j\u00e1t\u00fcltet\u00e9ssel intenz\u00edven foglalkozzanak, \u00e9s k\u00e9rj\u00fck, hogy amikor akarj\u00e1k k\u00e9rd\u00e9seiket szem\u00e9lyes megbesz\u00e9l\u00e9s keret\u00e9ben tegy\u00e9k fel.<\/p>\n<p style=\"text-align: justify\">Sz\u00e1munkra nagyon fontos a sz\u00fcl\u0151kkel val\u00f3 j\u00f3 egy\u00fcttm\u0171k\u00f6d\u00e9s a m\u00e1j\u00e1t\u00fcltet\u00e9s el\u0151tt, alatt, \u00e9s ut\u00e1n, mert ennek k\u00fcl\u00f6n\u00f6sen nagy jelent\u0151s\u00e9ge van a m\u00e1j\u00e1t\u00fcltet\u00e9s siker\u00e9ben. Lehet\u0151s\u00e9g szerint tudjanak meg min\u00e9l t\u00f6bbet gyermek\u00fck betegs\u00e9g\u00e9r\u0151l, a m\u00e1j\u00e1t\u00fcltet\u00e9sr\u0151l, a labor eredm\u00e9nyekr\u0151l, \u00e9s a magatart\u00e1si szab\u00e1lyokr\u00f3l.<\/p>\n<p style=\"text-align: justify\">Vegy\u00e9k figyelembe, hogy ennek a t\u00e1j\u00e9koztat\u00f3nak nem mindegyik \u00fatmutat\u00e1sa \u00e1ltal\u00e1nos \u00e9rv\u00e9ny\u0171, egyedi elt\u00e9r\u00e9sek lehets\u00e9gesek, \u00e9ppen \u00fagy, mint elt\u00e9r\u0151 elj\u00e1r\u00e1si m\u00f3dszerek is.<\/p>\n<p style=\"text-align: justify\">Mi k\u00edv\u00e1nunk \u00f6n\u00f6knek, mint sz\u00fcl\u0151knek, \u00e9s gyermek\u00fcknek sikeres, \u00e9s eredm\u00e9nyes transzplant\u00e1ci\u00f3t, \u00e9s mi ennek \u00e9rdek\u00e9ben mindent, ami lehets\u00e9ges meg fogunk tenni.<\/p>\n<h3 style=\"text-align: justify\"><strong>Tartalomjegyz\u00e9k:<\/strong><\/h3>\n<p style=\"text-align: justify\">1.\u00a0<a href=\"https:\/\/semmelweis.hu\/transzplant\/szervatultetes\/a-majatultetesrol\/felvilagositas-az-elodonorbol-torteno-gyermek-majatultetesrol\/1-a-maj-funkcioi\/\">A m\u00e1j funkci\u00f3i<\/a><\/p>\n<p style=\"text-align: justify\">2.\u00a0<a href=\"https:\/\/semmelweis.hu\/transzplant\/szervatultetes\/a-majatultetesrol\/felvilagositas-az-elodonorbol-torteno-gyermek-majatultetesrol\/2-a-maj-betegsegei-gyerekkorban\/\">A m\u00e1j betegs\u00e9gei gyerekkorban<\/a><br \/>2.1 Epe\u00fat atresia<br \/>2.2 Az epeelfoly\u00e1s \u00f6r\u00f6k\u00f6lt zavarai<br \/>2.3 Alagille-szindr\u00f3ma<br \/>2.4 Fert\u0151z\u0151 hepatitis<br \/>2.5 Autoimmun hepatitis<br \/>2.6 Anyagcsere beteged\u00e9sek<br \/>2.7 Akut m\u00e1jel\u00e9gtelens\u00e9g<br \/>2.8 A m\u00e1j egy\u00e9b megbeteged\u00e9sei<\/p>\n<p style=\"text-align: justify\">3.\u00a0<a href=\"https:\/\/semmelweis.hu\/transzplant\/szervatultetes\/a-majatultetesrol\/felvilagositas-az-elodonorbol-torteno-gyermek-majatultetesrol\/3-a-gyerekkori-majatultetes-indikacioi\/\">Gyerekkori m\u00e1j\u00e1t\u00fcltet\u00e9s indik\u00e1ci\u00f3i (javallatok)<\/a><br \/>3.1 Klinikai leletek<br \/>3.2 Ultrahang leletek<br \/>3.3 Laborat\u00f3riumi leletek<\/p>\n<p style=\"text-align: justify\">4.\u00a0<a href=\"https:\/\/semmelweis.hu\/transzplant\/szervatultetes\/a-majatultetesrol\/felvilagositas-az-elodonorbol-torteno-gyermek-majatultetesrol\/4-majatultetes-elotti-kivizsgalas\/\">M\u00e1j\u00e1t\u00fcltet\u00e9s el\u0151tti kivizsg\u00e1l\u00e1s<\/a><br \/>4.1 Laborvizsg\u00e1latok<br \/>4.2 M\u0171szeres vizsg\u00e1latok<\/p>\n<p style=\"text-align: justify\">5.\u00a0<a href=\"https:\/\/semmelweis.hu\/transzplant\/szervatultetes\/a-majatultetesrol\/felvilagositas-az-elodonorbol-torteno-gyermek-majatultetesrol\/5-a-majatultetes-formai\/\">A m\u00e1j\u00e1t\u00fcltet\u00e9s form\u00e1i<\/a><br \/>5.1 \u00c9l\u0151 don\u00e1ci\u00f3 \u2013 m\u00e1j-graft eredete<br \/>5.2 Szegment m\u00e1j\u00e1t\u00fcltet\u00e9s \u2013 partialis m\u00e1j-graft<\/p>\n<p style=\"text-align: justify\">6.\u00a0<a href=\"https:\/\/semmelweis.hu\/transzplant\/szervatultetes\/a-majatultetesrol\/felvilagositas-az-elodonorbol-torteno-gyermek-majatultetesrol\/6-varakozas-a-transzplantaciora\/\">V\u00e1rakoz\u00e1s a transzplant\u00e1ci\u00f3ra<\/a><br \/>6.1 V\u00e1r\u00f3lista<br \/>6.2 Transzplant\u00e1ci\u00f3 el\u0151tti magatart\u00e1s<br \/>6.3 V\u00e1rakoz\u00e1si id\u0151 alatti sz\u00fcks\u00e9ges (szok\u00e1sos) rendszeres vizsg\u00e1latok<br \/>6.4 Gyakran el\u0151\u00edrt gy\u00f3gyszerek<br \/>6.5 Tudom\u00e1nyos tanulm\u00e1nyokon (\u00e9rtekez\u00e9seken) val\u00f3 r\u00e9szv\u00e9tel<\/p>\n<p style=\"text-align: justify\">7.\u00a0<a href=\"https:\/\/semmelweis.hu\/transzplant\/szervatultetes\/a-majatultetesrol\/felvilagositas-az-elodonorbol-torteno-gyermek-majatultetesrol\/7-transzplantacio-atultetes\/\">A transzplant\u00e1ci\u00f3 (\u00e1t\u00fcltet\u00e9s)<\/a><br \/>7.1 Az \u00e1t\u00fcltet\u00e9s szervez\u00e9se a klinik\u00e1n<br \/>7.2 \u00c1t\u00fcltet\u00e9s el\u0151tti k\u00f6zvetlen el\u0151k\u00e9sz\u00edt\u00e9s<br \/>7.3 Az adom\u00e1nyozott m\u00e1j<br \/>7.4 A m\u0171t\u00e9t<br \/>7.5 Az intenz\u00edv oszt\u00e1ly<\/p>\n<p style=\"text-align: justify\">8.\u00a0<a href=\"https:\/\/semmelweis.hu\/transzplant\/szervatultetes\/a-majatultetesrol\/felvilagositas-az-elodonorbol-torteno-gyermek-majatultetesrol\/8-mutet-utani-tartozkodas-az-intenziv-osztalyon\/\">M\u0171t\u00e9t ut\u00e1ni tart\u00f3zkod\u00e1s az intenz\u00edv oszt\u00e1lyon (\u00e1llom\u00e1son)<\/a><br \/>8.1 \u00c1ltal\u00e1nos szempontok<br \/>8.2 Eszk\u00f6z\u00f6s beavatkoz\u00e1sok<\/p>\n<p style=\"text-align: justify\">9.\u00a0<a href=\"https:\/\/semmelweis.hu\/transzplant\/szervatultetes\/a-majatultetesrol\/felvilagositas-az-elodonorbol-torteno-gyermek-majatultetesrol\/9-majatultetes-utani-szovodmenyek\/\">M\u00e1j\u00e1t\u00fcltet\u00e9s ut\u00e1ni sz\u00f6v\u0151dm\u00e9nyek<\/a><br \/>9.1 Seb\u00e9szeti komplik\u00e1ci\u00f3k<br \/>9.2 Akut kil\u00f6k\u0151d\u00e9s<br \/>9.3 Fert\u0151z\u00e9sek<br \/>9.4 Gy\u00f3gyszerek nem k\u00edv\u00e1natos hat\u00e1sai (mell\u00e9khat\u00e1sok)<br \/>9.5 Egy\u00e9b sz\u00f6v\u0151dm\u00e9nyek<\/p>\n<p style=\"text-align: justify\">10.\u00a0<a href=\"https:\/\/semmelweis.hu\/transzplant\/szervatultetes\/a-majatultetesrol\/felvilagositas-az-elodonorbol-torteno-gyermek-majatultetesrol\/10-tovabbi-kovetes-a-klinikan\/\">Tov\u00e1bbi k\u00f6vet\u00e9s a klinik\u00e1n<\/a><br \/>10.1 Magatart\u00e1s a belgy\u00f3gy\u00e1szati oszt\u00e1lyon<br \/>10.2 Sz\u00fcks\u00e9ges klinikai \u00e9s labork\u00e9miai vizsg\u00e1latok<br \/>10.3 Az \u00e1t\u00fcltetett szerv ultrahangos vizsg\u00e1lata<br \/>10.4 Elbocs\u00e1t\u00e1s<\/p>\n<p style=\"text-align: justify\">11.\u00a0<a href=\"https:\/\/semmelweis.hu\/transzplant\/szervatultetes\/a-majatultetesrol\/felvilagositas-az-elodonorbol-torteno-gyermek-majatultetesrol\/11-az_uj-majjal-a-korhazbol-valo-elbocsatas-utan\/\">\u00c9let az \u00faj m\u00e1jjal a k\u00f3rh\u00e1zb\u00f3l val\u00f3 elbocs\u00e1t\u00e1s ut\u00e1n<\/a><br \/>11.1 Rendszeres kontrollvizsg\u00e1latok<br \/>11.2 Gy\u00f3gyszerek<br \/>11.3 \u00d3voda \u00e9s iskola<br \/>11.4 Sportol\u00e1s<br \/>11.5 V\u00e9d\u0151olt\u00e1sok<br \/>11.6 Utaz\u00e1s<br \/>11.7 Hossz\u00fa t\u00e1v\u00fa eredm\u00e9nyek<\/p>\n<p style=\"text-align: justify\">12.\u00a0<a href=\"https:\/\/semmelweis.hu\/transzplant\/szervatultetes\/a-majatultetesrol\/felvilagositas-az-elodonorbol-torteno-gyermek-majatultetesrol\/13-majatultetes-utani-gyogyszerek-a-gyermekkorban\/\">M\u00e1j\u00e1t\u00fcltet\u00e9s ut\u00e1ni gy\u00f3gyszerek a gyermekkorban<\/a><br \/>12.1 Cyclosporin<br \/>12.2 Tacrolimus<br \/>12.3 Prednisolon k\u00e9sz\u00edtm\u00e9nyek<br \/>12.4 Monoklon\u00e1lis antitestek (pl. Basiliximab)<br \/>12.5 Ursofalk<br \/>12.6 Egy\u00e9b gy\u00f3gyszerek<\/p>\n","protected":false},"excerpt":{"rendered":"<p>Kedves Sz\u00fcl\u0151k, \u00e9s Paciensek! Az\u00e9rt \u00edrtuk meg ezt a t\u00e1j\u00e9koztat\u00f3t, hogy inform\u00e1ci\u00f3kat adjunk \u00f6n\u00f6knek a gyermekkori, \u00e9s fiatalkori m\u00e1j\u00e1t\u00fcltet\u00e9sr\u0151l. \u00d6n\u00f6k otthon elolvashatj\u00e1k az egyes pontokat, de a t\u00e1j\u00e9koztat\u00f3 term\u00e9szetesen nem helyettes\u00edti a szem\u00e9lyes megbesz\u00e9l\u00e9st. Gyermek\u00fck m\u00e1jmegbeteged\u00e9se m\u00e1r a transzplant\u00e1ci\u00f3 (\u00e1t\u00fcltet\u00e9s) el\u0151tt befoly\u00e1solja az \u00f6n\u00f6k \u00e9let\u00e9t, \u00e9s ez a f\u00fczet, legyen seg\u00edts\u00e9g\u00fckre a f\u00e9lelmek, \u00e9s a &hellip;<\/p>\n","protected":false},"author":101236,"featured_media":0,"parent":6998,"menu_order":2,"comment_status":"closed","ping_status":"closed","template":"","meta":{"_acf_changed":false,"footnotes":""},"categories":[],"tags":[],"class_list":["post-7058","page","type-page","status-publish","hentry"],"acf":[],"_links":{"self":[{"href":"https:\/\/semmelweis.hu\/sebeszet\/wp-json\/wp\/v2\/pages\/7058","targetHints":{"allow":["GET"]}}],"collection":[{"href":"https:\/\/semmelweis.hu\/sebeszet\/wp-json\/wp\/v2\/pages"}],"about":[{"href":"https:\/\/semmelweis.hu\/sebeszet\/wp-json\/wp\/v2\/types\/page"}],"author":[{"embeddable":true,"href":"https:\/\/semmelweis.hu\/sebeszet\/wp-json\/wp\/v2\/users\/101236"}],"replies":[{"embeddable":true,"href":"https:\/\/semmelweis.hu\/sebeszet\/wp-json\/wp\/v2\/comments?post=7058"}],"version-history":[{"count":1,"href":"https:\/\/semmelweis.hu\/sebeszet\/wp-json\/wp\/v2\/pages\/7058\/revisions"}],"predecessor-version":[{"id":7059,"href":"https:\/\/semmelweis.hu\/sebeszet\/wp-json\/wp\/v2\/pages\/7058\/revisions\/7059"}],"up":[{"embeddable":true,"href":"https:\/\/semmelweis.hu\/sebeszet\/wp-json\/wp\/v2\/pages\/6998"}],"wp:attachment":[{"href":"https:\/\/semmelweis.hu\/sebeszet\/wp-json\/wp\/v2\/media?parent=7058"}],"wp:term":[{"taxonomy":"category","embeddable":true,"href":"https:\/\/semmelweis.hu\/sebeszet\/wp-json\/wp\/v2\/categories?post=7058"},{"taxonomy":"post_tag","embeddable":true,"href":"https:\/\/semmelweis.hu\/sebeszet\/wp-json\/wp\/v2\/tags?post=7058"}],"curies":[{"name":"wp","href":"https:\/\/api.w.org\/{rel}","templated":true}]}}