{"id":7053,"date":"2021-12-13T08:26:02","date_gmt":"2021-12-13T07:26:02","guid":{"rendered":"https:\/\/semmelweis.hu\/sebeszet1\/?page_id=7053"},"modified":"2021-12-13T08:27:13","modified_gmt":"2021-12-13T07:27:13","slug":"hasznos-cimek-majtranszplantacio","status":"publish","type":"page","link":"https:\/\/semmelweis.hu\/sebeszet\/szervatultetes\/a-majatultetesrol\/tajekoztato-majatultetett-betegeknek\/hasznos-cimek-majtranszplantacio\/","title":{"rendered":"Hasznos c\u00edmek \u2013 m\u00e1jtranszplant\u00e1ci\u00f3"},"content":{"rendered":"<p>Magyar Szerv\u00e1t\u00fcltetettek Orsz\u00e1gos Sport Kultur\u00e1lis \u00e9s \u00c9rdekv\u00e9delmi Sz\u00f6vets\u00e9ge<br \/>1138 Budapest, Esztergomi \u00fat 36. II\/4 Tel: 239-4116 Tel\/fax: 340-2172<br \/><a href=\"mailto:MTSE@mail.matav.hu\">MTSE@mail.matav.hu<\/a><\/p>\n<p>Magyar M\u00e1jtranszplant\u00e1ltak Egyes\u00fclete<br \/>1213 Budapest, Gondol\u00e1s \u00fat 6. Tel\/fax: 420-1504<\/p>\n<p>Magyar Transzplant\u00e1ci\u00f3s T\u00e1rsas\u00e1g<br \/>1082 Budapest, Baross utca 23-25<br \/><a href=\"http:\/\/www.transzplant.hu\/\" target=\"_blank\" rel=\"noopener\">www.transzplant.hu<\/a><\/p>\n<h3>K\u00f6sz\u00f6netnyilv\u00e1n\u00edt\u00e1s<\/h3>\n<p>A Fujisawa GmbH k\u00f6sz\u00f6net\u00e9t fejezi ki a k\u00f6vetkez\u0151 szervezeteknek, ami\u00e9rt k\u00e9zik\u00f6nyv\u00fcket, t\u00e1j\u00e9koztat\u00f3jukat biztos\u00edtott\u00e1k e betegt\u00e1j\u00e9koztat\u00f3 \u00f6ssze\u00e1ll\u00edt\u00e1s\u00e1hoz:<br \/>International Transplant Nurses Society,Pittsburgh,USA<br \/>National Kidney Federation, Workshop, Anglia<br \/>Universitatsklinikum Rudolf Virchow, Berlin, N\u00e9metorsz\u00e1g<br \/>Dialyse Patienten Deutschlands E. V., Mainz, N\u00e9metorsz\u00e1g<br \/>Semmelweis Egyetem Transzplant\u00e1ci\u00f3s \u00e9s Seb\u00e9szeti Klinika Budapest<\/p>\n","protected":false},"excerpt":{"rendered":"<p>Magyar Szerv\u00e1t\u00fcltetettek Orsz\u00e1gos Sport Kultur\u00e1lis \u00e9s \u00c9rdekv\u00e9delmi Sz\u00f6vets\u00e9ge1138 Budapest, Esztergomi \u00fat 36. II\/4 Tel: 239-4116 Tel\/fax: 340-2172 <a href=\"mailto:MTSE@mail.matav.hu\">MTSE@mail.matav.hu<\/a> Magyar M\u00e1jtranszplant\u00e1ltak Egyes\u00fclete1213 Budapest, Gondol\u00e1s \u00fat 6. Tel\/fax: 420-1504 Magyar Transzplant\u00e1ci\u00f3s T\u00e1rsas\u00e1g1082 Budapest, Baross utca 23-25 <a href=\"http:\/\/www.transzplant.hu\/\" target=\"_blank\" rel=\"noopener\">www.transzplant.hu<\/a> K\u00f6sz\u00f6netnyilv\u00e1n\u00edt\u00e1s A Fujisawa GmbH k\u00f6sz\u00f6net\u00e9t fejezi ki a k\u00f6vetkez\u0151 szervezeteknek, ami\u00e9rt k\u00e9zik\u00f6nyv\u00fcket, t\u00e1j\u00e9koztat\u00f3jukat biztos\u00edtott\u00e1k e betegt\u00e1j\u00e9koztat\u00f3 \u00f6ssze\u00e1ll\u00edt\u00e1s\u00e1hoz:International Transplant Nurses Society,Pittsburgh,USANational Kidney Federation, &hellip;<\/p>\n","protected":false},"author":101236,"featured_media":0,"parent":7033,"menu_order":9,"comment_status":"closed","ping_status":"closed","template":"","meta":{"_acf_changed":false,"footnotes":""},"categories":[],"tags":[],"class_list":["post-7053","page","type-page","status-publish","hentry"],"acf":[],"_links":{"self":[{"href":"https:\/\/semmelweis.hu\/sebeszet\/wp-json\/wp\/v2\/pages\/7053","targetHints":{"allow":["GET"]}}],"collection":[{"href":"https:\/\/semmelweis.hu\/sebeszet\/wp-json\/wp\/v2\/pages"}],"about":[{"href":"https:\/\/semmelweis.hu\/sebeszet\/wp-json\/wp\/v2\/types\/page"}],"author":[{"embeddable":true,"href":"https:\/\/semmelweis.hu\/sebeszet\/wp-json\/wp\/v2\/users\/101236"}],"replies":[{"embeddable":true,"href":"https:\/\/semmelweis.hu\/sebeszet\/wp-json\/wp\/v2\/comments?post=7053"}],"version-history":[{"count":4,"href":"https:\/\/semmelweis.hu\/sebeszet\/wp-json\/wp\/v2\/pages\/7053\/revisions"}],"predecessor-version":[{"id":7057,"href":"https:\/\/semmelweis.hu\/sebeszet\/wp-json\/wp\/v2\/pages\/7053\/revisions\/7057"}],"up":[{"embeddable":true,"href":"https:\/\/semmelweis.hu\/sebeszet\/wp-json\/wp\/v2\/pages\/7033"}],"wp:attachment":[{"href":"https:\/\/semmelweis.hu\/sebeszet\/wp-json\/wp\/v2\/media?parent=7053"}],"wp:term":[{"taxonomy":"category","embeddable":true,"href":"https:\/\/semmelweis.hu\/sebeszet\/wp-json\/wp\/v2\/categories?post=7053"},{"taxonomy":"post_tag","embeddable":true,"href":"https:\/\/semmelweis.hu\/sebeszet\/wp-json\/wp\/v2\/tags?post=7053"}],"curies":[{"name":"wp","href":"https:\/\/api.w.org\/{rel}","templated":true}]}}