{"id":7049,"date":"2021-12-13T08:24:17","date_gmt":"2021-12-13T07:24:17","guid":{"rendered":"https:\/\/semmelweis.hu\/sebeszet1\/?page_id=7049"},"modified":"2021-12-13T08:24:17","modified_gmt":"2021-12-13T07:24:17","slug":"szoszedet-majatultetes","status":"publish","type":"page","link":"https:\/\/semmelweis.hu\/sebeszet\/szervatultetes\/a-majatultetesrol\/tajekoztato-majatultetett-betegeknek\/szoszedet-majatultetes\/","title":{"rendered":"Sz\u00f3szedet \u2013 m\u00e1j\u00e1t\u00fcltet\u00e9s"},"content":{"rendered":"<h3>\u00a0<\/h3>\n<table border=\"0\" cellspacing=\"0\" cellpadding=\"0\">\n<tbody>\n<tr valign=\"top\">\n<td>\n<h2><strong>A<\/strong><\/h2>\n<\/td>\n<td style=\"text-align: justify\">\u00a0<\/td>\n<\/tr>\n<tr valign=\"top\">\n<td>AN\u00c9MIA<\/td>\n<td style=\"text-align: justify\">a hemoglobin norm\u00e1l szintj\u00e9nek cs\u00f6kken\u00e9se<\/td>\n<\/tr>\n<tr>\n<td>ANESZTETIKUM<\/td>\n<td style=\"text-align: justify\">gy\u00f3gyszer, ami a tudat tomp\u00edt\u00e1s\u00e1val (altatva) cs\u00f6kkenti a f\u00e1jdalom\u00e9rzetet<\/td>\n<\/tr>\n<tr>\n<td>ANTIG\u00c9N<\/td>\n<td style=\"text-align: justify\">b\u00e1rmely molekula, melyet az immunrendszer felismer, \u00e9s v\u00e1laszreakci\u00f3t v\u00e1lt ki<\/td>\n<\/tr>\n<tr>\n<td>ANTITEST<\/td>\n<td style=\"text-align: justify\">a szervezet \u00e1ltal az idegen anyagok, p1. bakt\u00e9riumok elt\u00e1vol\u00edt\u00e1s\u00e1ra termelt feh\u00e9rje<\/td>\n<\/tr>\n<tr>\n<td>ATHEROSCLEROSIS<\/td>\n<td style=\"text-align: justify\">zs\u00edrlerak\u00f3d\u00e1s az art\u00e9ri\u00e1k bels\u0151 felsz\u00edn\u00e9n, ami zavarhatja a v\u00e9r\u00e1raml\u00e1st<\/td>\n<\/tr>\n<tr>\n<td>ATTENU\u00c1LT VACCINA<\/td>\n<td style=\"text-align: justify\">egy \u00e9l\u0151 v\u00edrus legyeng\u00edtett v\u00e1ltozata, amely csak immunv\u00e1laszt v\u00e1lt ki, s nem a specifikus betegs\u00e9get<\/td>\n<\/tr>\n<tr>\n<td>\n<h2><strong>B<\/strong><\/h2>\n<\/td>\n<td style=\"text-align: justify\">\u00a0<\/td>\n<\/tr>\n<tr>\n<td>BAKT\u00c9RIUM<\/td>\n<td style=\"text-align: justify\">apr\u00f3 \u00e9l\u0151l\u00e9ny, mely betegs\u00e9get okozhat<\/td>\n<\/tr>\n<tr>\n<td>BILIRUBIN<\/td>\n<td style=\"text-align: justify\">epefest\u00e9k, a v\u00f6r\u00f6sv\u00e9rsejtek boml\u00e1sterm\u00e9ke<\/td>\n<\/tr>\n<tr>\n<td>BIOPSZIA<\/td>\n<td style=\"text-align: justify\">diagnosztikai c\u00e9llal t\u00f6rt\u00e9n\u0151 sz\u00f6vet mintav\u00e9tel<\/td>\n<\/tr>\n<tr>\n<td>B-LYMPHOCITA<\/td>\n<td style=\"text-align: justify\">egy feh\u00e9rv\u00e9rsejt t\u00edpus<\/td>\n<\/tr>\n<tr>\n<td>\n<h2><strong>C<\/strong><\/h2>\n<\/td>\n<td style=\"text-align: justify\">\u00a0<\/td>\n<\/tr>\n<tr>\n<td>CHOLESTERIN<\/td>\n<td style=\"text-align: justify\">olyan zs\u00edrf\u00e9les\u00e9g, mely sz\u00e1mos fontos funkci\u00f3t t\u00f6lt be a szervezetben, de sz\u00edvbetegs\u00e9get is okozhat; cholesterin tal\u00e1lhat\u00f3 az \u00e1llati eredet\u0171 \u00e9telekben, p1. h\u00fas, hal, baromfi, toj\u00e1s \u00e9s tejterm\u00e9kek<\/td>\n<\/tr>\n<tr>\n<td>CITOMEGALOV\u00cdRUS<\/td>\n<td style=\"text-align: justify\">a transzplant\u00e1lt betegekn\u00e9l nagyon gyakran el\u0151fordul\u00f3 v\u00edrusfert\u0151z\u00e9s, ami a t\u00fcd\u0151t, \u00e9s m\u00e1s szerveket is \u00e9rinthet; a herpes v\u00edruscsal\u00e1dba tartozik<\/td>\n<\/tr>\n<tr>\n<td>CIRRHOZIS<\/td>\n<td style=\"text-align: justify\">a m\u00e1j visszaford\u00edthatatlan hegesed\u00e9se<\/td>\n<\/tr>\n<tr>\n<td>CHOLEDOCHUS<\/td>\n<td style=\"text-align: justify\">epevezet\u00e9k<\/td>\n<\/tr>\n<tr>\n<td>CHOLECYSTA<\/td>\n<td style=\"text-align: justify\">epeh\u00f3lyag<\/td>\n<\/tr>\n<tr>\n<td>\n<h2><strong>D<\/strong><\/h2>\n<\/td>\n<td style=\"text-align: justify\">\u00a0<\/td>\n<\/tr>\n<tr>\n<td>DIABETES<\/td>\n<td style=\"text-align: justify\">olyan betegs\u00e9g, amelyben magas a betegek v\u00e9rcukor szintje<\/td>\n<\/tr>\n<tr>\n<td>DIURETIKUM<\/td>\n<td style=\"text-align: justify\">a vizelet mennyis\u00e9g\u00e9t fokoz\u00f3 gy\u00f3gyszer<\/td>\n<\/tr>\n<tr>\n<td>ELEKTROKAR DIOGRAM (EKG)<\/td>\n<td style=\"text-align: justify\">a sz\u00edv elektromos m\u0171k\u00f6d\u00e9s\u00e9t r\u00f6gz\u00edt\u0151 lelet<\/td>\n<\/tr>\n<tr>\n<td>ELEKTROLIT<\/td>\n<td style=\"text-align: justify\">az \u00e1sv\u00e1nyi anyagok oldott form\u00e1ja, pl. n\u00e1trium, k\u00e1lium, magn\u00e9zium, klorid stb.<\/td>\n<\/tr>\n<tr>\n<td>ENZIM<\/td>\n<td style=\"text-align: justify\">a szervezet \u00e1ltal termelt feh\u00e9rje, mely k\u00e9pes egy anyag m\u00e1sik anyagg\u00e1 t\u00f6rt\u00e9n\u0151 \u00e1talak\u00edt\u00e1s\u00e1ra<\/td>\n<\/tr>\n<tr>\n<td>EPEH\u00d3LYAG<\/td>\n<td style=\"text-align: justify\">az ep\u00e9t t\u00e1rol\u00f3 izmos fal\u00fa h\u00f3lyag a m\u00e1j als\u00f3 sz\u00e9l\u00e9n<\/td>\n<\/tr>\n<tr>\n<td>\n<h2><strong>F<\/strong><\/h2>\n<\/td>\n<td style=\"text-align: justify\">\u00a0<\/td>\n<\/tr>\n<tr>\n<td>FEH\u00c9RV\u00c9RSEJT<\/td>\n<td style=\"text-align: justify\">a fert\u0151z\u00e9sekkel szemben v\u00e9dekez\u0151 v\u00e9rsejtek; az immunrendszer r\u00e9sze<\/td>\n<\/tr>\n<tr>\n<td>FOETUS<\/td>\n<td style=\"text-align: justify\">a m\u00e9g meg nem sz\u00fcletett (anyam\u00e9hben lev\u0151) magzat<\/td>\n<\/tr>\n<tr>\n<td>\n<h2><strong>H<\/strong><\/h2>\n<\/td>\n<td style=\"text-align: justify\">\u00a0<\/td>\n<\/tr>\n<tr>\n<td>HEMATOKRIT<\/td>\n<td style=\"text-align: justify\">a v\u00e9r v\u00f6r\u00f6sv\u00e9rtest-tartalm\u00e1nak m\u00e9rt\u00e9ke<\/td>\n<\/tr>\n<tr>\n<td>HAEMORRHAGIA<\/td>\n<td style=\"text-align: justify\">v\u00e9rz\u00e9s<\/td>\n<\/tr>\n<tr>\n<td>HEPATIKUS<\/td>\n<td style=\"text-align: justify\">m\u00e1jjal kapcsolatos<\/td>\n<\/tr>\n<tr>\n<td>HERPES<\/td>\n<td style=\"text-align: justify\">az emberekre fert\u0151z\u0151 v\u00edruscsal\u00e1d; a herpes simplex a sz\u00e1jk\u00f6rny\u00e9k, \u00e9s a nemi szervek kisebesed\u00e9s\u00e9t okozza, a herpes zoster \u00f6vs\u00f6m\u00f6rt okoz<\/td>\n<\/tr>\n<tr>\n<td>HYYPERTONIA<\/td>\n<td style=\"text-align: justify\">magas v\u00e9rnyom\u00e1s<\/td>\n<\/tr>\n<tr>\n<td>\n<h2><strong>I<\/strong><\/h2>\n<\/td>\n<td style=\"text-align: justify\">\u00a0<\/td>\n<\/tr>\n<tr>\n<td>IMMUNIT\u00c1S<\/td>\n<td style=\"text-align: justify\">ellen\u00e1ll\u00f3 k\u00e9pess\u00e9g az adott fert\u0151z\u0151betegs\u00e9ggel szemben<\/td>\n<\/tr>\n<tr>\n<td>IMMUNRENDSZER<\/td>\n<td style=\"text-align: justify\">a szervezet idegen anyagokkal, p1. bakt\u00e9riumokkal, v\u00edrusokkal szembeni v\u00e9delmi rendszere<\/td>\n<\/tr>\n<tr>\n<td>IMMUNSZUPPRESSZI\u00d3<\/td>\n<td style=\"text-align: justify\">olyan gy\u00f3gykezel\u00e9s, amivel az \u00e1t\u00fcltetett szerv kil\u00f6k\u0151d\u00e9s\u00e9t megakad\u00e1lyozz\u00e1k<\/td>\n<\/tr>\n<tr>\n<td>IV VAGY INTRAV\u00c9N\u00c1S<\/td>\n<td style=\"text-align: justify\">a gy\u00f3gyszert, vagy folyad\u00e9kot k\u00f6zvetlen\u00fcl egy v\u00e9n\u00e1n \u00e1t adj\u00e1k be<\/td>\n<\/tr>\n<tr>\n<td>IV KAT\u00c9TER<\/td>\n<td style=\"text-align: justify\">egy v\u00e9kony cs\u0151h\u00f6z r\u00f6gz\u00edtett kis t\u0171, melyen kereszt\u00fcl gy\u00f3gyszer, vagy folyad\u00e9k juttathat\u00f3 a v\u00e9n\u00e1kba<\/td>\n<\/tr>\n<tr>\n<td>\n<h2><strong>K<\/strong><\/h2>\n<\/td>\n<td style=\"text-align: justify\">\u00a0<\/td>\n<\/tr>\n<tr>\n<td>K\u00c1LIUM<\/td>\n<td style=\"text-align: justify\">a szervezet m\u0171k\u00f6d\u00e9s\u00e9hez fontos \u00e1sv\u00e1nyi anyag<\/td>\n<\/tr>\n<tr>\n<td>KAT\u00c9TER<\/td>\n<td style=\"text-align: justify\">olyan cs\u0151, amin kereszt\u00fcl folyad\u00e9k juthat a test \u00fcregeibe, vagy onn\u00e9t a k\u00fclvil\u00e1gba<\/td>\n<\/tr>\n<tr>\n<td>KORTIKOSZEROID<\/td>\n<td style=\"text-align: justify\">immunszuppressz\u00edv gy\u00f3gyszerek egy csoportja, ide tartozik a prednisolon, \u00e9s a MEDROL<\/td>\n<\/tr>\n<tr>\n<td>KREATININ<\/td>\n<td style=\"text-align: justify\">a szervezet norm\u00e1l k\u00e9miai reakci\u00f3ib\u00f3l sz\u00e1rmaz\u00f3 anyag, ami a v\u00e9rben, \u00e9s a vizeletben tal\u00e1lhat\u00f3; a v\u00e9r magas kreatininkoncentr\u00e1ci\u00f3ja a cs\u00f6kkent vesefunkci\u00f3 jele<\/td>\n<\/tr>\n<tr>\n<td>K\u00d3ROKOZ\u00d3, LEGYENG\u00cdTETT<\/td>\n<td style=\"text-align: justify\">\u00e9l\u0151v\u00edrus gyeng\u00edtett form\u00e1ja, ami immunv\u00e1laszt kiv\u00e1lt, de nem okoz betegs\u00e9get<\/td>\n<\/tr>\n<tr>\n<td>\n<h2><strong>L<\/strong><\/h2>\n<\/td>\n<td style=\"text-align: justify\">\u00a0<\/td>\n<\/tr>\n<tr>\n<td>LYMPHOCITA<\/td>\n<td style=\"text-align: justify\">a szervezet nyiroksz\u00f6veteiben termel\u0151d\u0151 feh\u00e9rv\u00e9rsejtek<\/td>\n<\/tr>\n<tr>\n<td>LIMF\u00d3MA<\/td>\n<td style=\"text-align: justify\">a feh\u00e9rv\u00e9rsejtek rosszindulat\u00fa daganatos megbeteged\u00e9se, \u00e1ltal\u00e1ban kezelhet\u0151<\/td>\n<\/tr>\n<tr>\n<td>\n<h2><strong>M<\/strong><\/h2>\n<\/td>\n<td style=\"text-align: justify\">\u00a0<\/td>\n<\/tr>\n<tr>\n<td>MAGN\u00c9ZIUM<\/td>\n<td style=\"text-align: justify\">a szervezet m\u0171k\u00f6d\u00e9s\u00e9hez alapvet\u0151 fontoss\u00e1g\u00fa \u00e1sv\u00e1nyi anyag<\/td>\n<\/tr>\n<tr>\n<td>M\u00c1JENZIM<\/td>\n<td style=\"text-align: justify\">a m\u00e1jban k\u00e9pz\u0151d\u0151 enzimek. V\u00e9rben m\u00e9rhet\u0151 szintj\u00fck a m\u00e1j \u00e1llapot\u00e1ra utal<\/td>\n<\/tr>\n<tr>\n<td>\n<h2><strong>N<\/strong><\/h2>\n<\/td>\n<td style=\"text-align: justify\">\u00a0<\/td>\n<\/tr>\n<tr>\n<td>N\u00c1TRIUM<\/td>\n<td style=\"text-align: justify\">az asztali s\u00f3 (n\u00e1trium-klorid) egyik \u00f6sszetev\u0151je, egy olyan elektrolit, mely a v\u00e9rben a legfontosabb s\u00f3<\/td>\n<\/tr>\n<tr>\n<td>NEUTROFIL<\/td>\n<td style=\"text-align: justify\">a feh\u00e9rv\u00e9rsejtek egy fajt\u00e1ja<\/td>\n<\/tr>\n<tr>\n<td>\n<h2><strong>O<\/strong><\/h2>\n<\/td>\n<td style=\"text-align: justify\">\u00a0<\/td>\n<\/tr>\n<tr>\n<td>OEDEMA<\/td>\n<td style=\"text-align: justify\">(\u00f6d\u00e9ma) folyad\u00e9k felhalmoz\u00f3d\u00e1sa a test sz\u00f6veteiben; a boka k\u00f6rny\u00e9k\u00e9nek dagad\u00e1sa az \u00f6d\u00e9mak\u00e9pz\u0151d\u00e9s jele<\/td>\n<\/tr>\n<tr>\n<td>OR\u00c1LISAN<\/td>\n<td style=\"text-align: justify\">sz\u00e1jon \u00e1t<\/td>\n<\/tr>\n<tr>\n<td>\n<h2><strong>\u00d6<\/strong><\/h2>\n<\/td>\n<td style=\"text-align: justify\">\u00a0<\/td>\n<\/tr>\n<tr>\n<td>\u00d6VS\u00d6M\u00d6R<\/td>\n<td style=\"text-align: justify\">herpes v\u00edrus (herpes zoster) fert\u0151z\u00e9s, ami \u00e1ltal\u00e1ban az idegeket \u00e9rinti, f\u00e1jdalmat okozva a test egy r\u00e9sz\u00e9n<\/td>\n<\/tr>\n<tr>\n<td>\n<h2><strong>P<\/strong><\/h2>\n<\/td>\n<td style=\"text-align: justify\">\u00a0<\/td>\n<\/tr>\n<tr>\n<td>PROFILAXIS<\/td>\n<td style=\"text-align: justify\">gy\u00f3gyszer szed\u00e9se, pl. antibiotikum\u00e9, egy betegs\u00e9g megel\u0151z\u00e9s\u00e9re<\/td>\n<\/tr>\n<tr>\n<td>\n<h2><strong>R<\/strong><\/h2>\n<\/td>\n<td style=\"text-align: justify\">\u00a0<\/td>\n<\/tr>\n<tr>\n<td>REN\u00c1LIS<\/td>\n<td style=\"text-align: justify\">ves\u00e9vel kapcsolatos<\/td>\n<\/tr>\n<tr>\n<td>\n<h2><strong>S<\/strong><\/h2>\n<\/td>\n<td style=\"text-align: justify\">\u00a0<\/td>\n<\/tr>\n<tr>\n<td>S\u00c1RGAS\u00c1G<\/td>\n<td style=\"text-align: justify\">a szem, \u00e9s a b\u0151r s\u00e1rg\u00e1s elsz\u00ednez\u0151d\u00e9se, amit az epefest\u00e9kek v\u00e9rben val\u00f3 felszaporod\u00e1sa okoz<\/td>\n<\/tr>\n<tr>\n<td>SZERVKIL\u00d6K\u0150D\u00c9S<\/td>\n<td style=\"text-align: justify\">az immunrendszer pr\u00f3b\u00e1lkoz\u00e1sa, hogy az \u00e1ltala \u201eidegennek\u201d \u00edt\u00e9lt anyagot elt\u00e1vol\u00edtsa, vagy elpuszt\u00edtsa (pl. a be\u00fcltetett m\u00e1jat)<\/td>\n<\/tr>\n<tr>\n<td>\n<h2><strong>T<\/strong><\/h2>\n<\/td>\n<td style=\"text-align: justify\">\u00a0<\/td>\n<\/tr>\n<tr>\n<td>T-LYMPHOCITA<\/td>\n<td style=\"text-align: justify\">a kil\u00f6k\u0151d\u00e9sben fontos szerepet j\u00e1tsz\u00f3 feh\u00e9rv\u00e9rsejtf\u00e9le<\/td>\n<\/tr>\n<tr>\n<td>TROMBOCITA<\/td>\n<td style=\"text-align: justify\">v\u00e9rlemezke, a norm\u00e1lis v\u00e9ralvad\u00e1shoz sz\u00fcks\u00e9ges kism\u00e9ret\u0171 v\u00e9rsejt<\/td>\n<\/tr>\n<tr>\n<td>TROMB\u00d3ZIS<\/td>\n<td style=\"text-align: justify\">az erekben t\u00f6rt\u00e9n\u0151 v\u00e9ralvad\u00e9k-k\u00e9pz\u0151d\u00e9s<\/td>\n<\/tr>\n<tr>\n<td>\n<h2><strong>U<\/strong><\/h2>\n<\/td>\n<td style=\"text-align: justify\">\u00a0<\/td>\n<\/tr>\n<tr>\n<td>ULTRAHANG<\/td>\n<td style=\"text-align: justify\">a test szerkezet\u00e9nek vizsg\u00e1lata (l\u00e1that\u00f3v\u00e1 t\u00e9tele) hanghull\u00e1mok seg\u00edts\u00e9g\u00e9vel<\/td>\n<\/tr>\n<tr>\n<td>UREA<\/td>\n<td style=\"text-align: justify\">a szervezetben a nitrog\u00e9n metabolizmus v\u00e9gterm\u00e9ke<\/td>\n<\/tr>\n<tr>\n<td>UR\u00c9MIA<\/td>\n<td style=\"text-align: justify\">az urea, \u00e9s m\u00e1s nitrog\u00e9ntartalm\u00fa anyagcsereterm\u00e9kek felhalmoz\u00f3d\u00e1sa a szervezetben<\/td>\n<\/tr>\n<tr>\n<td>\n<h2><strong>V<\/strong><\/h2>\n<\/td>\n<td style=\"text-align: justify\">\u00a0<\/td>\n<\/tr>\n<tr>\n<td>VENTIL\u00c1TOR<\/td>\n<td style=\"text-align: justify\">a betegek l\u00e9gz\u00e9s\u00e9t seg\u00edt\u0151 g\u00e9p (l\u00e9legeztet\u0151g\u00e9p)<\/td>\n<\/tr>\n<tr>\n<td>V\u00c9R UREA NITROG\u00c9N (BUN, CN)<\/td>\n<td style=\"text-align: justify\">a szervezetben foly\u00f3 feh\u00e9rjelebont\u00e1s mell\u00e9kterm\u00e9ke<\/td>\n<\/tr>\n<tr>\n<td>VESEEL\u00c9GTELENS\u00c9G<\/td>\n<td style=\"text-align: justify\">a vese m\u0171k\u00f6d\u00e9s\u00e9nek akut, vagy kr\u00f3nikus rosszabbod\u00e1sa, ami az urea-, \u00e9s kreatininszint n\u00f6veked\u00e9s\u00e9hez vezet<\/td>\n<\/tr>\n<tr>\n<td>V\u00cdRUS<\/td>\n<td style=\"text-align: justify\">nagyon kism\u00e9ret\u0171 \u00e9l\u0151l\u00e9ny (k\u00f3rokoz\u00f3), ami fert\u0151z\u00e9st okoz<\/td>\n<\/tr>\n<\/tbody>\n<\/table>\n<p>&nbsp;<\/p>\n","protected":false},"excerpt":{"rendered":"<p>\u00a0 A \u00a0 AN\u00c9MIA a hemoglobin norm\u00e1l szintj\u00e9nek cs\u00f6kken\u00e9se ANESZTETIKUM gy\u00f3gyszer, ami a tudat tomp\u00edt\u00e1s\u00e1val (altatva) cs\u00f6kkenti a f\u00e1jdalom\u00e9rzetet ANTIG\u00c9N b\u00e1rmely molekula, melyet az immunrendszer felismer, \u00e9s v\u00e1laszreakci\u00f3t v\u00e1lt ki ANTITEST a szervezet \u00e1ltal az idegen anyagok, p1. bakt\u00e9riumok elt\u00e1vol\u00edt\u00e1s\u00e1ra termelt feh\u00e9rje ATHEROSCLEROSIS zs\u00edrlerak\u00f3d\u00e1s az art\u00e9ri\u00e1k bels\u0151 felsz\u00edn\u00e9n, ami zavarhatja a v\u00e9r\u00e1raml\u00e1st ATTENU\u00c1LT VACCINA egy &hellip;<\/p>\n","protected":false},"author":101236,"featured_media":0,"parent":7033,"menu_order":7,"comment_status":"closed","ping_status":"closed","template":"","meta":{"_acf_changed":false,"footnotes":""},"categories":[],"tags":[],"class_list":["post-7049","page","type-page","status-publish","hentry"],"acf":[],"_links":{"self":[{"href":"https:\/\/semmelweis.hu\/sebeszet\/wp-json\/wp\/v2\/pages\/7049","targetHints":{"allow":["GET"]}}],"collection":[{"href":"https:\/\/semmelweis.hu\/sebeszet\/wp-json\/wp\/v2\/pages"}],"about":[{"href":"https:\/\/semmelweis.hu\/sebeszet\/wp-json\/wp\/v2\/types\/page"}],"author":[{"embeddable":true,"href":"https:\/\/semmelweis.hu\/sebeszet\/wp-json\/wp\/v2\/users\/101236"}],"replies":[{"embeddable":true,"href":"https:\/\/semmelweis.hu\/sebeszet\/wp-json\/wp\/v2\/comments?post=7049"}],"version-history":[{"count":1,"href":"https:\/\/semmelweis.hu\/sebeszet\/wp-json\/wp\/v2\/pages\/7049\/revisions"}],"predecessor-version":[{"id":7050,"href":"https:\/\/semmelweis.hu\/sebeszet\/wp-json\/wp\/v2\/pages\/7049\/revisions\/7050"}],"up":[{"embeddable":true,"href":"https:\/\/semmelweis.hu\/sebeszet\/wp-json\/wp\/v2\/pages\/7033"}],"wp:attachment":[{"href":"https:\/\/semmelweis.hu\/sebeszet\/wp-json\/wp\/v2\/media?parent=7049"}],"wp:term":[{"taxonomy":"category","embeddable":true,"href":"https:\/\/semmelweis.hu\/sebeszet\/wp-json\/wp\/v2\/categories?post=7049"},{"taxonomy":"post_tag","embeddable":true,"href":"https:\/\/semmelweis.hu\/sebeszet\/wp-json\/wp\/v2\/tags?post=7049"}],"curies":[{"name":"wp","href":"https:\/\/api.w.org\/{rel}","templated":true}]}}