{"id":7047,"date":"2021-12-13T08:23:10","date_gmt":"2021-12-13T07:23:10","guid":{"rendered":"https:\/\/semmelweis.hu\/sebeszet1\/?page_id=7047"},"modified":"2021-12-13T08:23:10","modified_gmt":"2021-12-13T07:23:10","slug":"a-mutet-utani-szovodmenyek","status":"publish","type":"page","link":"https:\/\/semmelweis.hu\/sebeszet\/szervatultetes\/a-majatultetesrol\/tajekoztato-majatultetett-betegeknek\/a-mutet-utani-szovodmenyek\/","title":{"rendered":"A m\u0171t\u00e9t ut\u00e1ni sz\u00f6v\u0151dm\u00e9nyek"},"content":{"rendered":"<p style=\"text-align: justify\">Minden beteg, aki nagy m\u0171t\u00e9ten esik \u00e1t, sajnos tapasztalhat sz\u00f6v\u0151dm\u00e9nyeket. A transzplant\u00e1ci\u00f3n \u00e1tesett betegekn\u00e9l ennek fokozott a vesz\u00e9lye, mivel immunszuppresszi\u00f3ban r\u00e9szes\u00fclnek, ami g\u00e1tolja az immunrendszer\u00fcket, \u00e9s egy\u00fattal a fert\u0151z\u00e9sekkel szembeni v\u00e9dekez\u0151k\u00e9pess\u00e9g\u00fcket is. A legt\u00f6bb beteg \u00e9szlel valamilyen sz\u00f6v\u0151dm\u00e9nyt a transzplant\u00e1ci\u00f3 ut\u00e1ni els\u0151 hetekben, ez\u00e9rt ne agg\u00f3djon, ha valamilyen probl\u00e9ma jelentkezik. A transzplant\u00e1ci\u00f3t v\u00e9gz\u0151 munkacsoport mindent megtesz, hogy a sz\u00f6v\u0151dm\u00e9nyek el\u0151fordul\u00e1s\u00e1t cs\u00f6kkentse, \u00e9s ha m\u00e9gis el\u0151fordul, gyorsan kezeli azokat. Ha pontosan betartja az orvos el\u0151\u00edr\u00e1sait, \u00e9s probl\u00e9ma eset\u00e9n halad\u00e9ktalanul \u00e9rtes\u00edti, hamarosan \u00fajra kezdheti az eg\u00e9szs\u00e9ges, akt\u00edv \u00e9letet.<\/p>\n<p style=\"text-align: justify\"><strong>Kil\u00f6k\u0151d\u00e9si reakci\u00f3<\/strong><\/p>\n<p style=\"text-align: justify\">A szerv\u00e1t\u00fcltet\u00e9st k\u00f6vet\u0151 els\u0151 4-8 h\u00e9tben a legt\u00f6bb beteg \u00e1tesik egy, vagy t\u00f6bb enyhe, vagy m\u00e9rs\u00e9kelt fok\u00fa kil\u00f6k\u0151d\u00e9si reakci\u00f3n. Kezdetben lehet, hogy nem jelentkeznek a kil\u00f6k\u0151d\u00e9s egy\u00e9rtelm\u0171 jelei, de k\u00f6z\u00e9rzet\u00e9ben megfigyelhet kis v\u00e1ltoz\u00e1sokat: pl. megmagyar\u00e1zhatatlan idegess\u00e9get, fesz\u00fclts\u00e9g \u00e9rz\u00e9st, ism\u00e9telt h\u0151emelked\u00e9st. Ismernie kell a kil\u00f6k\u0151d\u00e9s \u00e1ltal\u00e1nos t\u00fcneteit:<\/p>\n<ul style=\"text-align: justify\">\n<li>Hasi f\u00e1jdalom, vagy fesz\u00fcl\u00e9s \u00e9rz\u00e9s<\/li>\n<li>S\u00f6t\u00e9t vizelet megjelen\u00e9se<\/li>\n<li>Az eddig norm\u00e1lis sz\u00edn\u0171 sz\u00e9klet vil\u00e1gos, agyagsz\u00edn\u0171v\u00e9 v\u00e1l\u00e1sa<\/li>\n<li>A szem feh\u00e9rje s\u00e1rg\u00e1s sz\u00edn\u0171v\u00e9 v\u00e1l\u00e1sa<\/li>\n<li>\u00c9melyg\u00e9s<\/li>\n<\/ul>\n<p style=\"text-align: justify\"><u>Ha id\u0151ben felismerik, a kil\u00f6k\u0151d\u00e9si reakci\u00f3k sikeresen kezelhet\u0151ek<\/u><\/p>\n<p style=\"text-align: justify\"><strong>A kil\u00f6k\u0151d\u00e9s kezel\u00e9se<\/strong><\/p>\n<p style=\"text-align: justify\">A kil\u00f6k\u0151d\u00e9si reakci\u00f3 gyan\u00faja laborat\u00f3riumi jelekb\u0151l, \u00e9s a t\u00fcnetekb\u0151l mer\u00fcl fel, melyet gyakran m\u00e1jbiopszi\u00e1val is igazolnak. Az enyhe kil\u00f6k\u0151d\u00e9si reakci\u00f3 \u00e1ltal\u00e1ban csak gy\u00f3gyszeradag emel\u00e9st ig\u00e9nyel, a k\u00f6z\u00e9ps\u00falyos, \u00e9s s\u00falyos kil\u00f6k\u0151d\u00e9si reakci\u00f3 kezel\u00e9se 3 napig tart\u00f3, nagy d\u00f3zis\u00fa kortikoszteroid kezel\u00e9st (shot, vagy magyarul: l\u00f6k\u00e9s kezel\u00e9s). Ha a kortikoszteroid kezel\u00e9s ut\u00e1n a kil\u00f6k\u0151d\u00e9si reakci\u00f3 m\u00e9g fenn\u00e1ll, vagy r\u00f6vid id\u0151 eltelt\u00e9vel \u00fajra visszat\u00e9r, akkor egy hat\u00e9konyabb kezel\u00e9sre, pl. OKT3, vagy ATG, ALG lesz sz\u00fcks\u00e9ge. Az alkalmazhat\u00f3 gy\u00f3gyszerek igen sz\u00e9les, \u00e9s hat\u00e9kony v\u00e1laszt\u00e9ka miatt csak a betegek igen kis (mintegy 5 %) sz\u00e1zal\u00e9k\u00e1n\u00e1l alakul ki befoly\u00e1solhatatlan kil\u00f6k\u0151d\u00e9si reakci\u00f3. E betegek kezel\u00e9se egy ism\u00e9telt m\u00e1j\u00e1t\u00fcltet\u00e9s.<\/p>\n<p style=\"text-align: justify\"><strong>Fert\u0151z\u00e9sek<\/strong><\/p>\n<p style=\"text-align: justify\">Am\u00edg az immunrendszer m\u0171k\u00f6d\u00e9s\u00e9nek g\u00e1tl\u00e1sa a kil\u00f6k\u0151d\u00e9s megakad\u00e1lyoz\u00e1s\u00e1hoz sz\u00fcks\u00e9ges, a kezel\u00e9s, ugyanakkor rontja a szervezet, fert\u0151z\u00e9sekkel szembeni v\u00e9dekez\u0151k\u00e9pess\u00e9g\u00e9t. Ez\u00e9rt a m\u0171t\u00e9t ut\u00e1ni id\u0151szakban \u00e9rz\u00e9kenyebb lesz a megf\u00e1z\u00e1ssal, \u00e9s egy\u00e9b fert\u0151z\u00e9sekkel szemben.<\/p>\n<p style=\"text-align: justify\"><strong>A fert\u0151z\u00e9sek megel\u0151z\u00e9se<\/strong><\/p>\n<p style=\"text-align: justify\">A k\u00f6r\u00fcl\u00f6tt\u00fcnk l\u00e9v\u0151 vil\u00e1gban sz\u00e1mos bakt\u00e9rium, \u00e9s egy\u00e9b mikroorganizmus \u00e9l. B\u00e1r fontos, hogy ne ker\u00fclj\u00f6n \u00e9rintkez\u00e9sbe a lehets\u00e9ges k\u00f3rokoz\u00f3kkal, az\u00e9rt ne v\u00e1ljon remet\u00e9v\u00e9. N\u00e9h\u00e1ny nagyon egyszer\u0171 szab\u00e1ly seg\u00edt az \u00d6n, \u00e9s csal\u00e1dja sz\u00e1m\u00e1ra a fert\u0151z\u00e9s vesz\u00e9ly\u00e9t jelent\u0151sen cs\u00f6kkenteni. Ez lehet\u0151v\u00e9 teszi, hogy ne kelljen eg\u00e9sz eddigi \u00e9let\u00e9t elviselhetetlen korl\u00e1tokkal megv\u00e1ltoztatni. Ezek a k\u00f6vetkez\u0151k:<\/p>\n<ul style=\"text-align: justify\">\n<li>Pihenjen eleget<\/li>\n<li>T\u00e1pl\u00e1lkozzon eg\u00e9szs\u00e9gesen<\/li>\n<li>Mozogjon rendszeresen, \u00e9s tartsa tests\u00faly\u00e1t elfogadhat\u00f3 hat\u00e1rok k\u00f6z\u00f6tt<\/li>\n<li>Influenz\u00e1s id\u0151szakban (\u0151sszel, \u00e9s tavasszal) ker\u00fclje a zs\u00fafolt bev\u00e1s\u00e1rl\u00f3k\u00f6zpontokat, sz\u00ednh\u00e1zakat, mozikat<\/li>\n<li>Ker\u00fclje a tal\u00e1lkoz\u00e1st olyan szem\u00e9lyekkel, akikn\u00e9l influenza, vagy n\u00e1tha \u00e9ppen zajlik<\/li>\n<li>Alaposan mosson midig kezet \u00e9tkez\u00e9s el\u0151tt, \u00e9s WC haszn\u00e1lat ut\u00e1n<\/li>\n<li>Viseljen gumikeszty\u0171t, ha kert\u00e9szkedik, vagy m\u00e1s f\u00f6ldes munk\u00e1t v\u00e9gez<\/li>\n<li>Ne utazzon zs\u00fafolt t\u00f6megk\u00f6zleked\u00e9si eszk\u00f6z\u00f6n<\/li>\n<li>Ne doh\u00e1nyozzon!<\/li>\n<\/ul>\n<p style=\"text-align: justify\">N\u00e9ha azonban a fert\u0151z\u00e9st ennek ellen\u00e9re sem siker\u00fcl elker\u00fclni. Halad\u00e9ktalanul \u00e9rtes\u00edtse ambulanci\u00e1nk orvos\u00e1t, vagy \u00fcgyeleti id\u0151ben klinik\u00e1nk \u00fcgyeletvezet\u0151j\u00e9t, ha a k\u00f6vetkez\u0151 t\u00fcnetek valamelyik\u00e9t \u00e9szleli:<\/p>\n<ul style=\"text-align: justify\">\n<li>Egy napon t\u00fal tart\u00f3 38 \u00b0C feletti h\u0151m\u00e9rs\u00e9klet, k\u00fcl\u00f6n\u00f6sen, ha hidegr\u00e1z\u00e1ssal j\u00e1r egy\u00fctt<\/li>\n<li>Hasmen\u00e9s, h\u00e1nyinger, h\u00e1ny\u00e1s, megmagyar\u00e1zhatatlan fejf\u00e1j\u00e1s<\/li>\n<li>Fullad\u00e1s, hasi f\u00e1jdalom kialakul\u00e1sa<\/li>\n<li>Ki\u00fct\u00e9sek, b\u0151rp\u00edr megjelen\u00e9se, a b\u0151r, vagy szemfeh\u00e9rje sz\u00edn\u00e9nek s\u00e1rg\u00e1s \u00e1rnyalat\u00fav\u00e1 v\u00e1l\u00e1sa<\/li>\n<li>Nyel\u00e9si nehez\u00edtetts\u00e9g, nyel\u00e9si f\u00e1jdalom kialakul\u00e1sa<\/li>\n<\/ul>\n<p style=\"text-align: justify\">Ambulanci\u00e1nk orvosa, vagy \u00fcgyeletes\u00fcnk az adott betegs\u00e9gnek megfelel\u0151 legjobb gy\u00f3gyszert fogja \u00d6nnek fel\u00edrni.<\/p>\n<p style=\"text-align: justify\"><strong>Vesem\u0171k\u00f6d\u00e9si zavarok<\/strong><\/p>\n<p style=\"text-align: justify\">A cyclosporin, \u00e9s a tacrolimus kezel\u00e9s egyik lehets\u00e9ges mell\u00e9khat\u00e1sa a vesem<br \/>\u0171k\u00f6d\u00e9si zavar kialakul\u00e1sa. A vese m\u0171k\u00f6d\u00e9s\u00e9r\u0151l j\u00f3 t\u00e1j\u00e9koztat\u00e1st ad a labor kontrollok sor\u00e1n m\u00e9rt CN (vagy BUN) \u00e9rt\u00e9k, \u00e9s a kreatinin \u00e9rt\u00e9k. Ezek az \u00e9rt\u00e9kek megemelkednek, ha a vese m\u0171k\u00f6d\u00e9se a gy\u00f3gyszer mell\u00e9khat\u00e1s k\u00f6vetkezt\u00e9ben esetleg romlik. Nagyon sok esetben ezek az emelked\u00e9sek a gy\u00f3gyszer d\u00f3zis\u00e1t\u00f3l f\u00fcggenek, \u00e9s a d\u00f3zis cs\u00f6kkent\u00e9s\u00e9vel visszat\u00e9rnek a norm\u00e1lis \u00e9rt\u00e9kre. A k\u00e1rosodott vesem\u0171k\u00f6d\u00e9s egyik korai t\u00fcnete lehet az indokolatlan \u00e1lland\u00f3 f\u00e1rads\u00e1g kialakul\u00e1sa hirtelen, indokolatlan tests\u00falyn\u00f6veked\u00e9ssel, illetve boka, \u00e9s l\u00e1bsz\u00e1r \u00f6d\u00e9ma kialakul\u00e1sa. Ha ilyen t\u00fcneteket \u00e9szlel, halad\u00e9ktalanul jelentkezz\u00e9k ambulanci\u00e1nkon.<\/p>\n<p style=\"text-align: justify\"><strong>Cukorbetegs\u00e9g<\/strong><\/p>\n<p style=\"text-align: justify\">A cukorbetegs\u00e9g a v\u00e9r cukorszintj\u00e9nek tart\u00f3s emelked\u00e9s\u00e9t jelenti. A hossz\u00fa id\u0151n kereszt\u00fcl fenn\u00e1ll\u00f3, kezeletlen cukorbetegs\u00e9g sz\u00e1mos sz\u00f6v\u0151dm\u00e9ny kialakul\u00e1s\u00e1hoz vezethet: vaks\u00e1g, vese, \u00e9s sz\u00edvpanaszok, v\u00e9rkering\u00e9si zavarok. Az \u00d6n \u00e1ltal szedett gy\u00f3gyszerek n\u00e9melyike el\u0151seg\u00edtheti cukorbetegs\u00e9g kialakul\u00e1s\u00e1t. K\u00e9rj\u00fck ambul\u00e1ns kontrollok alkalm\u00e1val, h\u00edvja fel kezel\u0151orvosa figyelm\u00e9t, ha a k\u00f6vetkez\u0151 t\u00fcnetek valamelyik\u00e9t \u00e9szlelte:<\/p>\n<ul style=\"text-align: justify\">\n<li>\u00c1lland\u00f3 szomj\u00fas\u00e1g \u00e9rz\u00e9s<\/li>\n<li>Gyakori vizel\u00e9s<\/li>\n<li>L\u00e1t\u00e1szavar<\/li>\n<\/ul>\n<p style=\"text-align: justify\">El\u0151seg\u00edti a v\u00e9rcukorszint cs\u00f6kken\u00e9s\u00e9t, ha tests\u00faly\u00e1t di\u00e9t\u00e1val az \u00d6n sz\u00e1m\u00e1ra ide\u00e1lis szinten tartja, \u00e9s rendszeresen mozog. Lehets\u00e9ges, hogy a di\u00e9ta \u00f6nmag\u00e1ban nem el\u00e9g, \u00e9s sz\u00e1jon\u00e1t szedhet\u0151 gy\u00f3gyszerekre, vagy inzulinra lesz sz\u00fcks\u00e9ge. Ha cukorbetegs\u00e9g alakulna ki, megfelel\u0151, szem\u00e9lyre szabott ell\u00e1t\u00e1ssal seg\u00edt\u00fcnk e probl\u00e9ma megold\u00e1s\u00e1ban.<\/p>\n<p style=\"text-align: justify\"><strong>Magasv\u00e9rnyom\u00e1s (hypertonia)<\/strong><\/p>\n<p style=\"text-align: justify\">A magasv\u00e9rnyom\u00e1s, \u00e9s a sz\u00edvbetegs\u00e9g az \u00e9letkor el\u0151re haladt\u00e1val egyre gyakoribb\u00e1 v\u00e1l\u00f3 betegs\u00e9gek. V\u00e9rnyom\u00e1sa a szedett gy\u00f3gyszerek mell\u00e9khat\u00e1sak\u00e9nt is emelkedhet. Ha a magasv\u00e9rnyom\u00e1st nem kezelik, az gyeng\u00edti a sz\u00edvet, \u00e9s az erek id\u0151 el\u0151tti \u00f6reged\u00e9s\u00e9hez vezet. Lehets\u00e9ges, hogy v\u00e9rnyom\u00e1scs\u00f6kkent\u0151, illetve h\u00fagyhajt\u00f3 gy\u00f3gyszereket kell szednie. Ez megn\u00f6veli a vizelet mennyis\u00e9g\u00e9t, \u00e9s \u00edgy elt\u00e1vol\u00edtja a felesleges folyad\u00e9kot a szervezet\u00e9b\u0151l.<br \/>Az \u00e9letm\u00f3d v\u00e1ltoztat\u00e1s sokat seg\u00edthet a magasv\u00e9rnyom\u00e1s megel\u0151z\u00e9s\u00e9ben, \u00e9s kezel\u00e9s\u00e9ben. Pr\u00f3b\u00e1lja ker\u00fclni a stresszt. Fogyasszon alacsony s\u00f3tartalm\u00fa \u00e9teleket, ne doh\u00e1nyozzon, \u00e9s v\u00e9gezzen rendszeres testmozg\u00e1st.<\/p>\n<p style=\"text-align: justify\"><strong>Daganatos betegs\u00e9gek<\/strong><\/p>\n<p style=\"text-align: justify\">A rosszindulat\u00fa daganatok kialakul\u00e1s\u00e1t kism\u00e9rt\u00e9kben valamennyi immunszuppressz\u00edv gy\u00f3gyszer n\u00f6veli, k\u00fcl\u00f6n\u00f6sen az \u00fan. B-sejtes (egyfajta feh\u00e9rv\u00e9rsejt) limf\u00f3m\u00e1k\u00e9t. B\u00e1r a rosszindulat\u00fa daganat kialakul\u00e1s\u00e1nak vesz\u00e9lye minden immunszuppressz\u00edv kezel\u00e9sben r\u00e9szes\u00fclt beteg eset\u00e9n fenn\u00e1ll, ez a vesz\u00e9ly nagyon kicsi, kisebb, mint 3 %. Szerencs\u00e9re, mivel rendszeres orvosi ellen\u0151rz\u00e9s alatt \u00e1ll, igen val\u00f3sz\u00edn\u0171, hogy b\u00e1rmilyen k\u00f3ros elv\u00e1ltoz\u00e1st id\u0151ben felismernek. Ezen k\u00edv\u00fcl, ha megfelel\u0151 \u00f3vint\u00e9zked\u00e9seket tesz a k\u00e1ros napsug\u00e1rz\u00e1ssal szemben, a b\u0151rdaganatok kialakul\u00e1s\u00e1nak vesz\u00e9lye jelent\u0151sen cs\u00f6kkeni fog.<\/p>\n<p style=\"text-align: justify\"><strong>Idegrendszeri sz\u00f6v\u0151dm\u00e9nyek<\/strong><\/p>\n<p style=\"text-align: justify\">A cyclosporin, \u00e9s a tacrolimus alv\u00e1si zavarokat okozhatnak, pl. \u00e1lmatlans\u00e1got, t\u00fal \u00e9l\u00e9nk \u00e1lmokat, esetleg r\u00e9m\u00e1lmokat. Az egy\u00e9b hangulatv\u00e1ltoz\u00e1sok k\u00f6z\u00e9 tartozik a t\u00fal\u00e9rz\u00e9kenys\u00e9g, hirtelen hangulatv\u00e1ltoz\u00e1s, n\u00e9h\u00e1ny betegn\u00e9l esetleg a koncentr\u00e1l\u00e1s, \u00e9s eml\u00e9kez\u00e9s zavara. El\u0151fordulhat, hogy k\u00e9zremeg\u00e9st, k\u00e9z, \u00e9s l\u00e1bzsibbad\u00e1st \u00e9szlel. Ezek a mell\u00e9khat\u00e1sok a m\u0171t\u00e9t ut\u00e1ni id\u0151szakban l\u00e9pnek fel, \u00e9s a d\u00f3zis cs\u00f6kkent\u00e9s\u00e9vel jelent\u0151sen m\u00e9rs\u00e9kl\u0151dnek.<\/p>\n<p style=\"text-align: justify\"><strong>Pszichi\u00e1triai probl\u00e9m\u00e1k<\/strong><\/p>\n<p style=\"text-align: justify\">Nem ritka, hogy a m\u0171t\u00e9t ut\u00e1ni kezdeti emelkedett hangulat ut\u00e1n a transzplant\u00e1lt betegek aggodalmass\u00e1, esetleg b\u00faskomorr\u00e1 v\u00e1lnak. K\u00fcl\u00f6n\u00f6sen n\u0151k, \u00e9s gyermekek eset\u00e9n aggodalmat okozhat a k\u00fcls\u0151 megv\u00e1ltoz\u00e1sa. Van beteg, aki att\u00f3l f\u00e9l, hogy \u00e9lete eg\u00e9szen m\u00e1s lesz, mint transzplant\u00e1ci\u00f3 el\u0151tt volt, esetleg valamilyen m\u00f3don fogyat\u00e9koss\u00e1 v\u00e1lt. Ezek probl\u00e9m\u00e1k, fesz\u00fclts\u00e9get okozhatnak a csal\u00e1don bel\u00fcl is. N\u00e9ha neh\u00e9z a csal\u00e1dnak meg\u00e9rteni a transzplant\u00e1lt beteg speci\u00e1lis ig\u00e9nyeit. C\u00e9lunk, hogy rehabilit\u00e1ci\u00f3ja, a norm\u00e1lis \u00e9letbe val\u00f3 visszailleszked\u00e9se min\u00e9l z\u00f6kken\u0151mentesebb legyen. Ambulanci\u00e1nk orvos\u00e1hoz b\u00e1rmely ilyen jelleg\u0171 k\u00e9rd\u00e9s\u00e9vel is bizalommal fordulhat, \u00e9s probl\u00e9m\u00e1j\u00e1ra tal\u00e1lunk megold\u00e1st.<\/p>\n<p style=\"text-align: justify\"><strong>Az \u00e9letmin\u0151s\u00e9g<\/strong><\/p>\n<p style=\"text-align: justify\">A m\u00e1j\u00e1t\u00fcltet\u00e9s egy kiss\u00e9 k\u00fcl\u00f6nb\u00f6zik az aut\u00f3 motorcser\u00e9j\u00e9t\u0151l. \u00d6nnek is v\u00e1ltoztatnia kell eddigi \u00e9let\u00e9n, gy\u00f3gyszert kell szednie, rendszeres kontrollra kell j\u00e1rnia. De \u00d6n is tapasztalni fogja \u2013 mik\u00e9nt m\u00e1jtranszplant\u00e1lt betegek ezrei szerte a vil\u00e1gon-, hogy \u00e9let\u00fck sokkal jobb\u00e1, emberibb\u00e9 v\u00e1lt a transzplant\u00e1ci\u00f3 \u00f3ta.<\/p>\n<p style=\"text-align: justify\"><strong>Ambul\u00e1ns gondoz\u00e1s<\/strong><\/p>\n<p style=\"text-align: justify\">E tekintetben rendk\u00edv\u00fcl nagy felel\u0151ss\u00e9ggel b\u00edr \u00d6n is. Ha \u00d6n \u00e9s be\u00fcltetett \u00faj m\u00e1ja egyszer megszokja egym\u00e1st, \u00d6n is tapasztalni fogja, hogy az ambul\u00e1ns gondoz\u00e1s ugyan azt jelenti az \u00d6n sz\u00e1m\u00e1ra, mint b\u00e1rmely eg\u00e9szs\u00e9ges<br \/>ember sz\u00e1m\u00e1ra: a betegs\u00e9gek megel\u0151z\u00e9s\u00e9t, \u00e9s a menet k\u00f6zben felmer\u00fcl\u0151 b\u00e1rmely probl\u00e9ma hat\u00e9kony, \u00e9s sikeres megold\u00e1s\u00e1t. A kapcsolattart\u00e1s ambulanci\u00e1nkkal, h\u00e1ziorvos\u00e1val, fogorvos\u00e1val alapvet\u0151 fontoss\u00e1g\u00fa a tov\u00e1bbiakban. Legyen biztos benne, hogy valamennyi\u00fcnk c\u00e9lja az \u00d6n j\u00f3ll\u00e9t\u00e9nek fenntart\u00e1sa. Ebben nagy seg\u00edts\u00e9g\u00fcnkre lehet, ha rendszeresen m\u00e9ri s\u00faly\u00e1t, pulzus\u00e1t, v\u00e9rnyom\u00e1s\u00e1t, testh\u0151j\u00e9t, esetleges gy\u00f3gyszer mell\u00e9khat\u00e1s jelentkez\u00e9s\u00e9t.<\/p>\n","protected":false},"excerpt":{"rendered":"<p>Minden beteg, aki nagy m\u0171t\u00e9ten esik \u00e1t, sajnos tapasztalhat sz\u00f6v\u0151dm\u00e9nyeket. A transzplant\u00e1ci\u00f3n \u00e1tesett betegekn\u00e9l ennek fokozott a vesz\u00e9lye, mivel immunszuppresszi\u00f3ban r\u00e9szes\u00fclnek, ami g\u00e1tolja az immunrendszer\u00fcket, \u00e9s egy\u00fattal a fert\u0151z\u00e9sekkel szembeni v\u00e9dekez\u0151k\u00e9pess\u00e9g\u00fcket is. A legt\u00f6bb beteg \u00e9szlel valamilyen sz\u00f6v\u0151dm\u00e9nyt a transzplant\u00e1ci\u00f3 ut\u00e1ni els\u0151 hetekben, ez\u00e9rt ne agg\u00f3djon, ha valamilyen probl\u00e9ma jelentkezik. A transzplant\u00e1ci\u00f3t v\u00e9gz\u0151 munkacsoport mindent &hellip;<\/p>\n","protected":false},"author":101236,"featured_media":0,"parent":7033,"menu_order":6,"comment_status":"closed","ping_status":"closed","template":"","meta":{"_acf_changed":false,"footnotes":""},"categories":[],"tags":[],"class_list":["post-7047","page","type-page","status-publish","hentry"],"acf":[],"_links":{"self":[{"href":"https:\/\/semmelweis.hu\/sebeszet\/wp-json\/wp\/v2\/pages\/7047","targetHints":{"allow":["GET"]}}],"collection":[{"href":"https:\/\/semmelweis.hu\/sebeszet\/wp-json\/wp\/v2\/pages"}],"about":[{"href":"https:\/\/semmelweis.hu\/sebeszet\/wp-json\/wp\/v2\/types\/page"}],"author":[{"embeddable":true,"href":"https:\/\/semmelweis.hu\/sebeszet\/wp-json\/wp\/v2\/users\/101236"}],"replies":[{"embeddable":true,"href":"https:\/\/semmelweis.hu\/sebeszet\/wp-json\/wp\/v2\/comments?post=7047"}],"version-history":[{"count":1,"href":"https:\/\/semmelweis.hu\/sebeszet\/wp-json\/wp\/v2\/pages\/7047\/revisions"}],"predecessor-version":[{"id":7048,"href":"https:\/\/semmelweis.hu\/sebeszet\/wp-json\/wp\/v2\/pages\/7047\/revisions\/7048"}],"up":[{"embeddable":true,"href":"https:\/\/semmelweis.hu\/sebeszet\/wp-json\/wp\/v2\/pages\/7033"}],"wp:attachment":[{"href":"https:\/\/semmelweis.hu\/sebeszet\/wp-json\/wp\/v2\/media?parent=7047"}],"wp:term":[{"taxonomy":"category","embeddable":true,"href":"https:\/\/semmelweis.hu\/sebeszet\/wp-json\/wp\/v2\/categories?post=7047"},{"taxonomy":"post_tag","embeddable":true,"href":"https:\/\/semmelweis.hu\/sebeszet\/wp-json\/wp\/v2\/tags?post=7047"}],"curies":[{"name":"wp","href":"https:\/\/api.w.org\/{rel}","templated":true}]}}