{"id":7043,"date":"2021-12-13T08:21:31","date_gmt":"2021-12-13T07:21:31","guid":{"rendered":"https:\/\/semmelweis.hu\/sebeszet1\/?page_id=7043"},"modified":"2021-12-13T08:21:31","modified_gmt":"2021-12-13T07:21:31","slug":"hetkoznapok-a-majtranszplantacio-utan","status":"publish","type":"page","link":"https:\/\/semmelweis.hu\/sebeszet\/szervatultetes\/a-majatultetesrol\/tajekoztato-majatultetett-betegeknek\/hetkoznapok-a-majtranszplantacio-utan\/","title":{"rendered":"H\u00e9tk\u00f6znapok a m\u00e1jtranszplant\u00e1ci\u00f3 ut\u00e1n"},"content":{"rendered":"<h3 style=\"text-align: justify\">\u00dajra otthon<\/h3>\n<p style=\"text-align: justify\">A hazat\u00e9r\u00e9s a transzplant\u00e1ci\u00f3 ut\u00e1n rendszerint \u00f6r\u00f6mteli pillanat. M\u00e9gis gyakran vegy\u00fcl az \u00f6r\u00f6mbe aggodalom, \u00e9s n\u00e9ha depresszi\u00f3 is. Fontos, hogy meg\u00e9rtse: a gy\u00f3gyul\u00e1s egy folyamat, mely hetekig eltart. Mind \u00d6nnek, mind a csal\u00e1dj\u00e1nak fel kell dolgoznia a m\u0171t\u00e9t k\u00f6r\u00fcli esem\u00e9nyeket, meg kell tanulni az \u00faj \u00e9letm\u00f3dot. Mindez id\u0151be telik. A legt\u00f6bb transzplant\u00e1lt sz\u00e1m\u00e1ra seg\u00edts\u00e9get jelent az aktivit\u00e1s, mely seg\u00edt visszanyerni a fizikai er\u0151t is. Ha a m\u0171t\u00e9t ut\u00e1ni legs\u00e9r\u00fcl\u00e9kenyebb els\u0151 h\u00e1rom h\u00f3nap eltelik, szinte minden beteg \u00e9lvezi a teljes, akt\u00edv \u00e9letet. Mindazon k\u00f6t\u00f6tts\u00e9g ellen\u00e9re, mely a transzplant\u00e1lt \u00e1llapottal j\u00e1r, a legt\u00f6bb beteg visszat\u00e9r a norm\u00e1lis \u00e9letvitelhez. Dolgoznak, gyermeket nevelnek, hasznos tagjai a t\u00e1rsadalomnak.<\/p>\n<h3 style=\"text-align: justify\">\u00c9tkez\u00e9si tan\u00e1csok<\/h3>\n<p style=\"text-align: justify\">A m\u0171t\u00e9tet megel\u0151z\u0151en \u00d6n hosszasan beteg volt, \u00e9s szinte minden esetben vesz\u00edtett a betegs\u00e9get megel\u0151z\u0151 fizikai \u00e1llapot\u00e1b\u00f3l. \u00c9ppen ez\u00e9rt, a megfelel\u0151 t\u00e1pl\u00e1lkoz\u00e1s nagyon fontos a m\u0171t\u00e9t ut\u00e1ni gy\u00f3gyul\u00e1s folyamat\u00e1ban. Az eg\u00e9szs\u00e9ges \u00e9trend seg\u00edt visszanyerni erej\u00e9t, \u00e9s fizikai \u00e1llapot\u00e1t. A sz\u00fcks\u00e9ges gy\u00f3gyszerk\u00e9nt szedett Medrol (vagy Prednisolon) egyik mell\u00e9khat\u00e1sa az \u00e9tv\u00e1gy n\u00f6veked\u00e9se. Ez\u00e9rt hosszabb t\u00e1von figyelmet kell ford\u00edtani az alacsony zs\u00edr, \u00e9s m\u00e9rs\u00e9kelt sz\u00e9nhidr\u00e1t tartalm\u00fa t\u00e1pl\u00e1lkoz\u00e1sra, hogy a sz\u00fcks\u00e9gesn\u00e9l nagyobb tests\u00falyn\u00f6veked\u00e9st elker\u00fclje. Di\u00e9t\u00e1s n\u0151v\u00e9r\u00fcnk k\u00e9szs\u00e9ggel \u00e1ll rendelkez\u00e9s\u00e9re az otthoni \u00e9trend megtervez\u00e9s\u00e9ben.<\/p>\n<p style=\"text-align: justify\">A napi \u00e9trendben felt\u00e9tlen\u00fcl szerepelnie kell:<\/p>\n<ul style=\"text-align: justify\">\n<li>Gy\u00fcm\u00f6lcsnek<\/li>\n<li>Z\u00f6lds\u00e9geknek<\/li>\n<li>Tejnek, \u00e9s tejterm\u00e9keknek<\/li>\n<li>A kell\u0151 feh\u00e9rje bevitel biztos\u00edt\u00e1s\u00e1ra feh\u00e9r (baromfi) h\u00fasnak, illetve, ha kedveli, halnak<\/li>\n<\/ul>\n<h3 style=\"text-align: justify\">Tov\u00e1bbi javaslataink:<\/h3>\n<ul style=\"text-align: justify\">\n<li>Naponta m\u00e9rje tests\u00faly\u00e1t<\/li>\n<li>Ha a f\u0151\u00e9tkez\u00e9sek k\u00f6z\u00f6tt \u00e9hesnek \u00e9rzi mag\u00e1t, fogyasszon gy\u00fcm\u00f6lcs\u00f6t.<\/li>\n<li>Legal\u00e1bb 2 liter folyad\u00e9kot kell naponta elfogyasztania. Ez seg\u00edti a vese m\u0171k\u00f6d\u00e9s\u00e9t a salakanyagok elt\u00e1vol\u00edt\u00e1s\u00e1ban. Megfelel\u0151 erre a c\u00e9lra az alacsony zs\u00edrtartalm\u00fa tej, \u00e1sv\u00e1nyvizek, gy\u00fcm\u00f6lcslevek.<\/li>\n<li>Gy\u00fcm\u00f6lcs\u00f6t csak mosva fogyasszon.<\/li>\n<li>F\u00f6lddel \u00e9rintkez\u0151 z\u00f6lds\u00e9gf\u00e9l\u00e9ket mindig f\u0151zve fogyasszon. Seg\u00edt a vitamin tartalom meg\u0151rz\u00e9s\u00e9ben a kukta haszn\u00e1lata.<\/li>\n<li>Ne fogyasszon nem paszt\u0151r\u00f6z\u00f6tt tejet, \u00e9s pen\u00e9szes (pl.: Camember) sajtot.<\/li>\n<li>Lehet\u0151s\u00e9g szerint mindig frissen k\u00e9sz\u00edtett \u00e9telt fogyasszon.<\/li>\n<\/ul>\n<p style=\"text-align: justify\">A Medrol m\u00e1sik mell\u00e9khat\u00e1sa, hogy visszatartja a szervezetben a s\u00f3t. Ez k\u00f6nnyen v\u00edz visszatart\u00e1shoz, \u00e9s k\u00f6vetkezm\u00e9nyes magasv\u00e9rnyom\u00e1s kialakul\u00e1s\u00e1hoz vezethet.<br \/>Ez\u00e9rt:<\/p>\n<ul style=\"text-align: justify\">\n<li>Konyhas\u00f3t m\u00e9rt\u00e9kkel haszn\u00e1ljon a f\u0151z\u00e9s sor\u00e1n.<\/li>\n<li>K\u00fcl\u00f6n\u00f6sen f\u00fcst\u00f6lt h\u00fasok, illetve s\u00f3s chipsek, csak m\u00e9rt\u00e9kkel fogyaszthat\u00f3k.<\/li>\n<\/ul>\n<h3 style=\"text-align: justify\">Fizikai terhel\u00e9s<\/h3>\n<p style=\"text-align: justify\">A megfelel\u0151 fizikai aktivit\u00e1s nem csak a test, hanem a l\u00e9lek gy\u00f3gyul\u00e1s\u00e1t is el\u0151seg\u00edti. Azok a betegek, akik rendszeresen, akt\u00edvan mozognak, maguk is bizony\u00edtj\u00e1k, hogy a sport el\u0151seg\u00edtette gy\u00f3gyul\u00e1sukat, er\u0151t adott a h\u00e9tk\u00f6znapi \u00e9letbe val\u00f3 visszat\u00e9r\u00e9shez. Nem mell\u00e9kes az sem, hogy a sport seg\u00edt a k\u00edv\u00e1natos tests\u00faly fenntart\u00e1s\u00e1ban is.<br \/>A hossz\u00fa betegs\u00e9g, \u00e9s a m\u0171t\u00e9t ut\u00e1n a fizikai terhel\u00e9s lassan fokozhat\u00f3. Csak \u00edgy \u00e9rhet\u0151 el az optim\u00e1lis hat\u00e1s an\u00e9lk\u00fcl, hogy szervezet\u00e9t vesz\u00e9lyeztetn\u00e9. A l\u00e9pcs\u0151n j\u00e1r\u00e1s ? l\u00e9pcs\u0151z\u00e9s- megfelel\u0151, \u00e9s biztons\u00e1gos kezd\u00e9se a gyakorlatoknak, ha azt a j\u00f3les\u0151 f\u00e1radts\u00e1g \u00e9rz\u00e9s\u00e9ig folytatja. Fontos, hogy ne terhelje t\u00fal mag\u00e1t, \u00e9s kell\u0151 ideig pihenjen. Hamarosan \u00e9szlelni fogja, hogy ereje visszat\u00e9r, \u00e9s m\u00e1s gyakorlatokat is elkezdhet. A hossz\u00fa s\u00e9ta, \u00fasz\u00e1s, ker\u00e9kp\u00e1roz\u00e1s megfelel\u0151 gyakorlat az er\u0151nl\u00e9t visszaszerz\u00e9s\u00e9re. A m\u0171t\u00e9tet k\u00f6vet\u0151 f\u00e9l \u00e9vvel ak\u00e1r teniszezhet, vagy futhat is.<br \/>Minden ilyen tev\u00e9kenys\u00e9gben fontos a fokozatoss\u00e1g. K\u00e9rje kezel\u0151 orvosa tan\u00e1cs\u00e1t, \u00e9s gy\u00f3gytorn\u00e1szunk v\u00e9lem\u00e9ny\u00e9t ebben is !<\/p>\n<div class=\"kiemeles_box\" style=\"text-align: justify\">\n<p>FIGYELEM<\/p>\n<p>Ha az al\u00e1bbi t\u00fcnetek b\u00e1rmelyik\u00e9t \u00e9szleli tornagyakorlatok, vagy sportol\u00e1s k\u00f6zben tartson pihen\u0151t, \u00e9s \u00e9rtes\u00edtse kezel\u0151 orvos\u00e1t:<\/p>\n<ul>\n<li>Mellkasi f\u00e1jdalom, vagy nyom\u00e1s\u00e9rz\u00e9s<\/li>\n<li>Sz\u00e9d\u00fcl\u00e9s, \u00e9s \u00e9melyg\u00e9s<\/li>\n<li>Szokatlan l\u00e9gszomj<\/li>\n<li>L\u00e1t\u00e1szavar a torna k\u00f6zben<\/li>\n<li>Rendszertelen szapora sz\u00edvver\u00e9s, mely kor\u00e1bban nem jelentkezett<\/li>\n<\/ul>\n<\/div>\n<h3 style=\"text-align: justify\">Aut\u00f3vezet\u00e9s<\/h3>\n<p style=\"text-align: justify\">Nem tan\u00e1csoljuk az aut\u00f3vezet\u00e9st, a transzplant\u00e1ci\u00f3t k\u00f6vet\u0151 els\u0151 k\u00e9t h\u00f3napban<\/p>\n<h3 style=\"text-align: justify\">Alkohol<\/h3>\n<p style=\"text-align: justify\">Nem tan\u00e1csoljuk alkoholos italok fogyaszt\u00e1s\u00e1t. Az alkohol a m\u00e1jban bomlik le, \u00e9s s\u00falyos m\u00e1jk\u00e1rosod\u00e1shoz vezethet a transzplant\u00e1lt m\u00e1jban.<\/p>\n<h3 style=\"text-align: justify\">Doh\u00e1nyz\u00e1s<\/h3>\n<p style=\"text-align: justify\">K\u00e9rj\u00fck, hagyja abba a doh\u00e1nyz\u00e1st. Ez nem csak az \u00d6n eg\u00e9szs\u00e9g\u00e9t szolg\u00e1lja.<\/p>\n<h3 style=\"text-align: justify\">Szexu\u00e1lis aktivit\u00e1s<\/h3>\n<p style=\"text-align: justify\">A sikeres transzplant\u00e1ci\u00f3t k\u00f6vet\u0151en az \u00e1ltal\u00e1nos \u00e1llapot javul\u00e1s\u00e1val, ez az aktivit\u00e1sa is a norm\u00e1lishoz t\u00e9r vissza. F\u00e9rfiak eset\u00e9ben a potencia visszat\u00e9r\u00e9se v\u00e1rhat\u00f3, m\u00edg n\u0151k eset\u00e9ben a kor\u00e1bban a betegs\u00e9g miatt elmaradt, vagy rendszertelenn\u00e9 v\u00e1lt menstru\u00e1ci\u00f3 helyett, norm\u00e1lis ciklus \u00e1ll be. B\u00e1rmely k\u00e9rd\u00e9se van, bizalommal forduljon ambulanci\u00e1nk orvos\u00e1hoz.<br \/>Miut\u00e1n az immunszuppressz\u00edv szerek befoly\u00e1solhatj\u00e1k a fogamz\u00e1sg\u00e1tl\u00f3 tablett\u00e1k hat\u00e1s\u00e1t, a tablett\u00e1k haszn\u00e1lat\u00e1t nem javasoljuk. Ugyancsak a fokozott fert\u0151z\u00e9svesz\u00e9ly miatt, nem javasolt m\u00e9hen bel\u00fcli fogamz\u00e1sg\u00e1tl\u00f3 eszk\u00f6z (spir\u00e1l) haszn\u00e1lata sem. Tan\u00e1csolhat\u00f3 az \u00f3vszeres v\u00e9dekez\u00e9s, \u00e9s egyedi elb\u00edr\u00e1l\u00e1s alapj\u00e1n a pessz\u00e1rium haszn\u00e1lata.<\/p>\n<h3 style=\"text-align: justify\">Gyermek v\u00e1llal\u00e1sa<\/h3>\n<p style=\"text-align: justify\">F\u00e9rfiak sz\u00e1zai bizony\u00edtj\u00e1k, hogy eg\u00e9szs\u00e9ges gyermek nemz\u00e9s\u00e9re k\u00e9pesek a m\u00e1j\u00e1t\u00fcltet\u00e9s ut\u00e1n, \u00e9s sok n\u0151 adott \u00e9letet eg\u00e9szs\u00e9ges gyermeknek transzplant\u00e1ci\u00f3 ut\u00e1n. \u00c1ltal\u00e1ban a transzplant\u00e1ci\u00f3 ut\u00e1n egy \u00e9vvel javasoljuk gyermek v\u00e1llal\u00e1s\u00e1t. Erre az id\u0151re a sz\u00fcks\u00e9ges immunszuppresszi\u00f3 a lehets\u00e9ges minimumra cs\u00f6kkenthet\u0151, \u00e9s j\u00f3 vesem\u0171k\u00f6d\u00e9s mellett v\u00e1llalhat\u00f3 a gyermek.<\/p>\n<h3 style=\"text-align: justify\">Nyaral\u00e1s<\/h3>\n<p style=\"text-align: justify\">Semmi ok nincs arra, hogy ne \u00e9lvezhesse a nyaral\u00e1st. Mindazon\u00e1ltal ne menjen olyan t\u00e1j\u00e1ra a vil\u00e1gnak, ahol fert\u0151z\u00f6tt \u00e9tel, vagy v\u00edz lehet\u0151s\u00e9ge felmer\u00fcl, vagy tudottan nem megfelel\u0151ek a higi\u00e9n\u00e9s viszonyok. \u00c1ltal\u00e1ban biztons\u00e1gos Eur\u00f3pa, \u00c9szak-Amerika. Ha nyaral\u00e1sra, k\u00fclf\u00f6ldre utazik, mindig vigyen mag\u00e1val elegend\u0151 mennyis\u00e9g\u0171 gy\u00f3gyszert. Egyes gy\u00f3gyszerek neve orsz\u00e1gr\u00f3l-orsz\u00e1gra v\u00e1ltozhat, ez\u00e9rt tudnia kell a legfontosabb gy\u00f3gyszerei pontos nev\u00e9t.<br \/>Mindig legyen el\u00e9rhet\u0151 mobil telefonon, vagy hagyja meg el\u00e9rhet\u0151s\u00e9g\u00e9t!<\/p>\n<h3 style=\"text-align: justify\">V\u00e9d\u0151olt\u00e1sok<\/h3>\n<p style=\"text-align: justify\">Nem kaphat \u00e9l\u0151, gyeng\u00edtett v\u00edrust tartalmaz\u00f3 olt\u00f3anyagot (pl. gyermekb\u00e9nul\u00e1s ellenes olt\u00e1s, r\u00f3zsahiml\u0151, vagy s\u00e1rgal\u00e1z ellenes olt\u00e1s). Kaphat tetanusz ellenes olt\u00e1st, de k\u00e9rj\u00fck minden olt\u00e1s el\u0151tt, k\u00e9rje m\u00e1jambulanci\u00e1nk v\u00e9lem\u00e9ny\u00e9t.<\/p>\n<h3 style=\"text-align: justify\">H\u00e1zi\u00e1llatok, n\u00f6v\u00e9nyek<\/h3>\n<p style=\"text-align: justify\">\u00c1ltal\u00e1ban nem javasolt h\u00e1zi\u00e1llatok tart\u00e1sa a lak\u00e1sban, mert fokozza a fert\u0151z\u00e9s vesz\u00e9ly\u00e9t. A legkisebb vesz\u00e9lyt ebb\u0151l a szempontb\u00f3l persze a halak jelentik. A kuty\u00e1k k\u00f6z\u00fcl a k\u00f6nnyen tiszt\u00e1ntarthat\u00f3, r\u00f6vid sz\u0151r\u0171 fajt\u00e1k elfogadhat\u00f3ak. Kifejezetten nem javasolt macska tart\u00e1sa a transzplant\u00e1lt betegre v\u00e9gzetes fert\u0151z\u00e9st jelent\u0151 Toxoplasmosis miatt, \u00e9s madarak tart\u00e1sa ugyancsak ker\u00fclend\u0151, l\u00e9g\u00fati fert\u0151z\u00e9s vesz\u00e9lye miatt<br \/>Ha m\u00e9gis \u00e1llatot tart a lak\u00e1sban, minden takar\u00edt\u00e1st gumikeszty\u0171ben, \u00e9s sz\u00e1jmaszkban v\u00e9gezzen, de m\u00e9g jobb, ha valaki m\u00e1s v\u00e9gzi \u00d6n helyett. Ne engedje, hogy h\u00e1zi\u00e1llata kez\u00e9t, vagy arc\u00e1t megnyalja. Ha ez m\u00e9gis megt\u00f6rt\u00e9nik, azonnali szappanos mosakod\u00e1s javasolt. Minden k\u00f6r\u00fclm\u00e9nyek k\u00f6z\u00f6tt tartsa h\u00e1zi\u00e1llata ed\u00e9nyeit elk\u00fcl\u00f6n\u00edtve.<br \/>\u00c1ltal\u00e1ban nem javasolt cserepes n\u00f6v\u00e9nyek tart\u00e1sa a konyh\u00e1ban, \u00e9s a h\u00e1l\u00f3szob\u00e1ban fert\u0151z\u00e9s vesz\u00e9ly miatt. Ugyancsak nem javasolt kert\u00e9szked\u00e9s v\u00e9gz\u00e9se az els\u0151 \u00e9vben a fokozott s\u00e9r\u00fcl\u00e9s vesz\u00e9ly miatt. K\u00e9s\u0151bb v\u00e9gezhet ilyen tev\u00e9kenys\u00e9get, de a pal\u00e1nt\u00e1z\u00e1s, tr\u00e1gy\u00e1z\u00e1st ilyenkor is ker\u00fclni kell. Minden f\u00f6ldes tev\u00e9kenys\u00e9gn\u00e9l viseljen gumikeszty\u0171t.<\/p>\n<h3 style=\"text-align: justify\">Takar\u00edt\u00e1s otthon<\/h3>\n<p style=\"text-align: justify\">Hangs\u00falyozzuk a f\u00fcrd\u0151, \u00e9s a konyha rendszeres, \u00e9s alapos takar\u00edt\u00e1s\u00e1t, k\u00fcl\u00f6n figyelemmel a h\u0171t\u0151szekr\u00e9nyre. Nincs sz\u00fcks\u00e9g k\u00fcl\u00f6nleges takar\u00edt\u00f3 szerekre, a h\u00e9tk\u00f6znapi tiszt\u00edt\u00f3szerek elegend\u0151ek. A lak\u00e1s t\u00f6bbi r\u00e9sz\u00e9nek takar\u00edt\u00e1sa a szok\u00e1sosnak megfelel\u0151.<\/p>\n","protected":false},"excerpt":{"rendered":"<p>\u00dajra otthon A hazat\u00e9r\u00e9s a transzplant\u00e1ci\u00f3 ut\u00e1n rendszerint \u00f6r\u00f6mteli pillanat. M\u00e9gis gyakran vegy\u00fcl az \u00f6r\u00f6mbe aggodalom, \u00e9s n\u00e9ha depresszi\u00f3 is. Fontos, hogy meg\u00e9rtse: a gy\u00f3gyul\u00e1s egy folyamat, mely hetekig eltart. Mind \u00d6nnek, mind a csal\u00e1dj\u00e1nak fel kell dolgoznia a m\u0171t\u00e9t k\u00f6r\u00fcli esem\u00e9nyeket, meg kell tanulni az \u00faj \u00e9letm\u00f3dot. Mindez id\u0151be telik. A legt\u00f6bb transzplant\u00e1lt sz\u00e1m\u00e1ra &hellip;<\/p>\n","protected":false},"author":101236,"featured_media":0,"parent":7033,"menu_order":4,"comment_status":"closed","ping_status":"closed","template":"","meta":{"_acf_changed":false,"footnotes":""},"categories":[],"tags":[],"class_list":["post-7043","page","type-page","status-publish","hentry"],"acf":[],"_links":{"self":[{"href":"https:\/\/semmelweis.hu\/sebeszet\/wp-json\/wp\/v2\/pages\/7043","targetHints":{"allow":["GET"]}}],"collection":[{"href":"https:\/\/semmelweis.hu\/sebeszet\/wp-json\/wp\/v2\/pages"}],"about":[{"href":"https:\/\/semmelweis.hu\/sebeszet\/wp-json\/wp\/v2\/types\/page"}],"author":[{"embeddable":true,"href":"https:\/\/semmelweis.hu\/sebeszet\/wp-json\/wp\/v2\/users\/101236"}],"replies":[{"embeddable":true,"href":"https:\/\/semmelweis.hu\/sebeszet\/wp-json\/wp\/v2\/comments?post=7043"}],"version-history":[{"count":1,"href":"https:\/\/semmelweis.hu\/sebeszet\/wp-json\/wp\/v2\/pages\/7043\/revisions"}],"predecessor-version":[{"id":7044,"href":"https:\/\/semmelweis.hu\/sebeszet\/wp-json\/wp\/v2\/pages\/7043\/revisions\/7044"}],"up":[{"embeddable":true,"href":"https:\/\/semmelweis.hu\/sebeszet\/wp-json\/wp\/v2\/pages\/7033"}],"wp:attachment":[{"href":"https:\/\/semmelweis.hu\/sebeszet\/wp-json\/wp\/v2\/media?parent=7043"}],"wp:term":[{"taxonomy":"category","embeddable":true,"href":"https:\/\/semmelweis.hu\/sebeszet\/wp-json\/wp\/v2\/categories?post=7043"},{"taxonomy":"post_tag","embeddable":true,"href":"https:\/\/semmelweis.hu\/sebeszet\/wp-json\/wp\/v2\/tags?post=7043"}],"curies":[{"name":"wp","href":"https:\/\/api.w.org\/{rel}","templated":true}]}}