{"id":7041,"date":"2021-12-13T08:20:42","date_gmt":"2021-12-13T07:20:42","guid":{"rendered":"https:\/\/semmelweis.hu\/sebeszet1\/?page_id=7041"},"modified":"2021-12-13T08:20:42","modified_gmt":"2021-12-13T07:20:42","slug":"apolas-otthon-majatultetes","status":"publish","type":"page","link":"https:\/\/semmelweis.hu\/sebeszet\/szervatultetes\/a-majatultetesrol\/tajekoztato-majatultetett-betegeknek\/apolas-otthon-majatultetes\/","title":{"rendered":"\u00c1pol\u00e1s Otthon \u2013 m\u00e1j\u00e1t\u00fcltet\u00e9s"},"content":{"rendered":"<p style=\"text-align: justify\">Id\u00e1ig a klinika orvosai, \u00e9s n\u0151v\u00e9rei vigy\u00e1zt\u00e1k gy\u00f3gyul\u00e1s\u00e1t, de el\u00e9rkezett v\u00e9gre a hazat\u00e9r\u00e9s ideje. Teljes gy\u00f3gyul\u00e1s\u00e1\u00e9rt igen nagy felel\u0151ss\u00e9ggel tartozik \u00d6n is, de ne feledje, hogy b\u00e1rmely k\u00e9rd\u00e9s, probl\u00e9ma eset\u00e9n a transzplant\u00e1ci\u00f3s munkacsoport rendelkez\u00e9s\u00e9re \u00e1ll!<\/p>\n<h3 style=\"text-align: justify\">Sebgondoz\u00e1s<\/h3>\n<p style=\"text-align: justify\">Sebe t\u00e1voz\u00e1skor esetleg fed\u0151k\u00f6t\u00e9st ig\u00e9nyel, de gyakran azt sem. Seb\u00e9t mosakod\u00e1skor v\u00edz \u00e9rheti. Ha a sebvonal piross\u00e1g\u00e1t, nedvez\u00e9s\u00e9t, esetleg v\u00e1lad\u00e9koz\u00e1s\u00e1t \u00e9szleli, forduljon ambulanci\u00e1nkhoz. K\u00e9rj\u00fck, ne kezelje \u00f6nmag\u00e1t semmilyen gy\u00f3gyszerrel, kr\u00e9mmel kezel\u0151 orvosa tudta n\u00e9lk\u00fcl.<\/p>\n<h3 style=\"text-align: justify\">H\u0151m\u00e9rs\u00e9kletm\u00e9r\u00e9s<\/h3>\n<p style=\"text-align: justify\">M\u00e9rje meg h\u0151m\u00e9rs\u00e9klet\u00e9t, ha melegebbnek \u00e9rzi mag\u00e1t, rossz k\u00f6z\u00e9rzete alakul ki, fejf\u00e1j\u00e1sa, izom, vagy v\u00e9gtag f\u00e1jdalmai alakulnak ki. Mindezek fert\u0151z\u00e9s, vagy kil\u00f6k\u0151d\u00e9si reakci\u00f3 els\u0151 jelei lehetnek. Ha t\u00f6bb, mint egy napig 38 \u00b0C feletti h\u0151m\u00e9rs\u00e9kletet m\u00e9r, halad\u00e9ktalanul jelentkezzen a m\u00e1jambulanci\u00e1n szem\u00e9lyesen, vagy \u00fcgyeleti id\u0151ben a klinika \u00fcgyeletvezet\u0151j\u00e9n\u00e9l telefonon. Ne kezelje \u00f6nmag\u00e1t kezel\u0151 orvosa tudta n\u00e9lk\u00fcl!<\/p>\n<h3 style=\"text-align: justify\">V\u00e9rnyom\u00e1s \u00e9s pulzusm\u00e9r\u00e9s<\/h3>\n<p style=\"text-align: justify\">Bennfekv\u00e9se sor\u00e1n megtan\u00edtott\u00e1k \u00f6nt a pulzus, \u00e9s v\u00e9rnyom\u00e1s m\u00e9r\u00e9s\u00e9re. Fontos, hogy odahaza ezt rendszeresen elv\u00e9gezze, \u00e9s az esetleges kiugr\u00f3 \u00e9rt\u00e9kekr\u0151l kontroll alkalm\u00e1val kezel\u0151 orvos\u00e1t t\u00e1j\u00e9koztassa. Ezt a c\u00e9lt szolg\u00e1lja az ambulanci\u00e1nkon kapott v\u00e9rnyom\u00e1s napl\u00f3.<\/p>\n<h3 style=\"text-align: justify\">V\u00e9rcukorszint m\u00e9r\u00e9s<\/h3>\n<p style=\"text-align: justify\">Ha \u00f6nnek a m\u00e1j\u00e1t\u00fcltet\u00e9st megel\u0151z\u0151en cukorbetegs\u00e9ge volt, akkor a m\u0171t\u00e9tet k\u00f6vet\u0151en kapott immunszuppressz\u00edv gy\u00f3gyszerek mell\u00e9khat\u00e1sak\u00e9nt ez \u00e1tmenetileg nagyobb mennyis\u00e9g\u0171 inzulin ad\u00e1s\u00e1t ig\u00e9nyelheti. N\u00e9ha a kor\u00e1bban lappang\u00f3, esetleg csak di\u00e9t\u00e1t ig\u00e9nyl\u0151 cukorbetegs\u00e9g a m\u0171t\u00e9tet k\u00f6vet\u0151en inzulin ad\u00e1s\u00e1t ig\u00e9nyli. Ezek a t\u00fcnetek a k\u00e9s\u0151bbiek sor\u00e1n v\u00e1rhat\u00f3an javulni fognak. Otthon\u00e1ba be\u00e1ll\u00edtott sz\u00e9nhidr\u00e1t h\u00e1ztart\u00e1s mellett bocs\u00e1tjuk. K\u00e9rj\u00fck, hogy a hazaenged\u00e9skor megbesz\u00e9ltek szerint m\u00e9rje a v\u00e9rcukor szintj\u00e9t.<\/p>\n<h3 style=\"text-align: justify\">Fog\u00e1pol\u00e1s<\/h3>\n<p style=\"text-align: justify\">Haszn\u00e1ljon puha fogkef\u00e9t, hogy megel\u0151zze a fog\u00edny s\u00e9r\u00fcl\u00e9s\u00e9t. Minden \u00e9tkez\u00e9s ut\u00e1n alaposan mosson fogat. B\u00e1r mindenki sz\u00e1m\u00e1ra aj\u00e1nlott, hogy f\u00e9l\u00e9vente ellen\u0151riztesse fogai \u00e9ps\u00e9g\u00e9t fogorvossal, a transzplant\u00e1ci\u00f3t k\u00f6vet\u0151 f\u00e9l \u00e9vben s\u00fcrg\u0151s sz\u00fcks\u00e9g eset\u00e9t kiv\u00e9ve k\u00e9rj\u00fck, besz\u00e9lje meg m\u00e1jambulanci\u00e1nk orvos\u00e1val a sz\u00fcks\u00e9gess\u00e9 v\u00e1l\u00f3 fogorvosi kezel\u00e9st. Ebben az id\u0151szakban minden ilyen jelleg\u0171 beavatkoz\u00e1s el\u0151tt 24 \u00f3r\u00e1val megel\u0151z\u0151 antibiotikus kezel\u00e9sre van sz\u00fcks\u00e9ge.<\/p>\n<h3 style=\"text-align: justify\">Test higi\u00e9n\u00e9<\/h3>\n<p style=\"text-align: justify\">K\u00fcl\u00f6n\u00f6sen fontos, hogy a fert\u0151z\u00e9svesz\u00e9ly cs\u00f6kkent\u00e9se \u00e9rdek\u00e9ben az \u00e1ltal\u00e1nos higi\u00e9n\u00e9s szab\u00e1lyokat betartsa.<\/p>\n<ul style=\"text-align: justify\">\n<li>El\u0151ny\u00f6sebb a rendszeres zuhany haszn\u00e1lata a f\u00fcrd\u0151k\u00e1ddal szemben<\/li>\n<li>A hagyom\u00e1nyos szappannal szemben el\u0151ny\u00f6sebb a foly\u00e9kony szappan haszn\u00e1lata<\/li>\n<li>Naponta tiszta t\u00f6r\u00fclk\u00f6z\u0151 haszn\u00e1lata k\u00edv\u00e1natos<\/li>\n<li>Nem lehet el\u00e9gg\u00e9 hangs\u00falyozni az \u00e9tkez\u00e9s el\u0151tti, \u00e9s WC haszn\u00e1lat ut\u00e1ni k\u00e9zmos\u00e1s fontoss\u00e1g\u00e1t<\/li>\n<li>Menstru\u00e1l\u00f3 n\u0151kn\u00e9l k\u00fcl\u00f6n\u00f6sen fontos, a bet\u00e9tek, \u00e9s tampon haszn\u00e1lat higi\u00e9n\u00e9j\u00e9nek betart\u00e1sa.<\/li>\n<\/ul>\n<h3 style=\"text-align: justify\">B\u0151r \u00e9s haj\u00e1pol\u00e1s<\/h3>\n<p style=\"text-align: justify\">A kortikoszteroidok (Medrol, Prednisolon), gyakran okoz akn\u00e9t (kiterjedt pattan\u00e1sok) az arcon, \u00e9s a mellkason. Ha ilyen alakul ki, enyhe antibakteri\u00e1lis szappant haszn\u00e1ljon, de a kiterjedt akn\u00e9 kezel\u00e9se b\u0151rgy\u00f3gy\u00e1sz feladata.<br \/>Ha b\u0151rsz\u00e1razs\u00e1g alakul ki, haszn\u00e1ljon babaszappant, f\u00fcrd\u00e9st k\u00f6vet\u0151en pedig \u00e9rz\u00e9keny b\u0151rre val\u00f3 test\u00e1pol\u00f3t.<br \/>Az immunszuppressz\u00edv gy\u00f3gyszerek egy r\u00e9sz\u00e9nek mell\u00e9khat\u00e1sa lehet a fokozott sz\u0151rn\u00f6veked\u00e9s. Ez k\u00fcl\u00f6n\u00f6sen kellemetlen lehet n\u0151kn\u00e9l, \u00e9s gyermekekn\u00e9l. Ez semmi esetre sem lehet indok az immunszuppressz\u00edv kezel\u00e9s elhagy\u00e1s\u00e1ra. Ha ilyen jelleg\u0171 mell\u00e9khat\u00e1st \u00e9szlelne, besz\u00e9lje meg a gondot m\u00e1jambulanci\u00e1nk orvos\u00e1val, aki megfelel\u0151 seg\u00edts\u00e9get tud ny\u00fajtani.<\/p>\n<h3 style=\"text-align: justify\">Napoz\u00e1s<\/h3>\n<p style=\"text-align: justify\">A t\u00fal er\u0151s napsug\u00e1rz\u00e1s mindenki sz\u00e1m\u00e1ra vesz\u00e9lyes. A napf\u00e9ny ultraibolya sugarai a felel\u0151sek az id\u0151 el\u0151tti b\u0151r \u00f6reged\u00e9s\u00e9rt, a nap\u00e9g\u00e9s\u00e9rt, \u00e9s a b\u0151rr\u00e1k\u00e9rt. A transzplant\u00e1lt betegek fokozottan vesz\u00e9lyeztettek b\u0151rr\u00e1k szempontj\u00e1b\u00f3l, mert immunrendszer\u00fck nem k\u00e9pes kijav\u00edtani azokat a s\u00e9r\u00fcl\u00e9seket, melyet a nap ultraibolya sugarai okoznak. Mindig v\u00e9dje b\u0151r\u00e9t az er\u0151s napsug\u00e1rz\u00e1st\u00f3l:<\/p>\n<ul style=\"text-align: justify\">\n<li>Ne menjen napra d\u00e9lel\u0151tt 10 \u00f3ra, \u00e9s d\u00e9lut\u00e1n 3 \u00f3ra k\u00f6z\u00f6tt, amikor az ultraibolya sug\u00e1rz\u00e1s a leger\u0151sebb!<\/li>\n<li>Haszn\u00e1ljon j\u00f3 min\u0151s\u00e9g\u0171, legal\u00e1bb 15-\u00f6s faktor\u00fa f\u00e9nyv\u00e9d\u0151 kr\u00e9met a ny\u00e1ri h\u00f3napokban<\/li>\n<li>A napv\u00e9d\u0151 kr\u00e9mek elvesz\u00edtik f\u00fcrd\u00e9s ut\u00e1n v\u00e9d\u0151k\u00e9pess\u00e9g\u00fck egy r\u00e9sz\u00e9t. F\u00fcrd\u00e9s, \u00fasz\u00e1s ut\u00e1n ism\u00e9telt haszn\u00e1latuk javasolt<\/li>\n<li>Ne haszn\u00e1ljon szol\u00e1riumot!<\/li>\n<\/ul>\n<p style=\"text-align: justify\">A fest\u00e9kes anyajegyek rosszindulat\u00fa \u00e1talakul\u00e1s\u00e1nak vesz\u00e9lye fokozott a transzplant\u00e1lt betegekn\u00e9l. Ha azt \u00e9szleli, hogy r\u00e9gi anyajegye m\u00e9ret\u00e9ben, sz\u00edn\u00e9ben v\u00e1ltozott, halad\u00e9ktalanul forduljon ambulanci\u00e1nkhoz!<\/p>\n","protected":false},"excerpt":{"rendered":"<p>Id\u00e1ig a klinika orvosai, \u00e9s n\u0151v\u00e9rei vigy\u00e1zt\u00e1k gy\u00f3gyul\u00e1s\u00e1t, de el\u00e9rkezett v\u00e9gre a hazat\u00e9r\u00e9s ideje. Teljes gy\u00f3gyul\u00e1s\u00e1\u00e9rt igen nagy felel\u0151ss\u00e9ggel tartozik \u00d6n is, de ne feledje, hogy b\u00e1rmely k\u00e9rd\u00e9s, probl\u00e9ma eset\u00e9n a transzplant\u00e1ci\u00f3s munkacsoport rendelkez\u00e9s\u00e9re \u00e1ll! Sebgondoz\u00e1s Sebe t\u00e1voz\u00e1skor esetleg fed\u0151k\u00f6t\u00e9st ig\u00e9nyel, de gyakran azt sem. Seb\u00e9t mosakod\u00e1skor v\u00edz \u00e9rheti. Ha a sebvonal piross\u00e1g\u00e1t, nedvez\u00e9s\u00e9t, esetleg &hellip;<\/p>\n","protected":false},"author":101236,"featured_media":0,"parent":7033,"menu_order":3,"comment_status":"closed","ping_status":"closed","template":"","meta":{"_acf_changed":false,"footnotes":""},"categories":[],"tags":[],"class_list":["post-7041","page","type-page","status-publish","hentry"],"acf":[],"_links":{"self":[{"href":"https:\/\/semmelweis.hu\/sebeszet\/wp-json\/wp\/v2\/pages\/7041","targetHints":{"allow":["GET"]}}],"collection":[{"href":"https:\/\/semmelweis.hu\/sebeszet\/wp-json\/wp\/v2\/pages"}],"about":[{"href":"https:\/\/semmelweis.hu\/sebeszet\/wp-json\/wp\/v2\/types\/page"}],"author":[{"embeddable":true,"href":"https:\/\/semmelweis.hu\/sebeszet\/wp-json\/wp\/v2\/users\/101236"}],"replies":[{"embeddable":true,"href":"https:\/\/semmelweis.hu\/sebeszet\/wp-json\/wp\/v2\/comments?post=7041"}],"version-history":[{"count":1,"href":"https:\/\/semmelweis.hu\/sebeszet\/wp-json\/wp\/v2\/pages\/7041\/revisions"}],"predecessor-version":[{"id":7042,"href":"https:\/\/semmelweis.hu\/sebeszet\/wp-json\/wp\/v2\/pages\/7041\/revisions\/7042"}],"up":[{"embeddable":true,"href":"https:\/\/semmelweis.hu\/sebeszet\/wp-json\/wp\/v2\/pages\/7033"}],"wp:attachment":[{"href":"https:\/\/semmelweis.hu\/sebeszet\/wp-json\/wp\/v2\/media?parent=7041"}],"wp:term":[{"taxonomy":"category","embeddable":true,"href":"https:\/\/semmelweis.hu\/sebeszet\/wp-json\/wp\/v2\/categories?post=7041"},{"taxonomy":"post_tag","embeddable":true,"href":"https:\/\/semmelweis.hu\/sebeszet\/wp-json\/wp\/v2\/tags?post=7041"}],"curies":[{"name":"wp","href":"https:\/\/api.w.org\/{rel}","templated":true}]}}