{"id":7037,"date":"2021-12-13T08:18:33","date_gmt":"2021-12-13T07:18:33","guid":{"rendered":"https:\/\/semmelweis.hu\/sebeszet1\/?page_id=7037"},"modified":"2021-12-13T08:18:50","modified_gmt":"2021-12-13T07:18:50","slug":"a-majatultetes","status":"publish","type":"page","link":"https:\/\/semmelweis.hu\/sebeszet\/szervatultetes\/a-majatultetesrol\/tajekoztato-majatultetett-betegeknek\/a-majatultetes\/","title":{"rendered":"A m\u00e1j\u00e1t\u00fcltet\u00e9s"},"content":{"rendered":"<p style=\"text-align: justify\">Ahhoz, hogy a m\u00e1j\u00e1t\u00fcltet\u00e9s megt\u00f6rt\u00e9nhessen, sz\u00e1mos vizsg\u00e1laton kell \u00e1tesni. Az \u00fagynevezett I. f\u00e1zis vizsg\u00e1latok egy nagyon r\u00e9szletes belgy\u00f3gy\u00e1szati kivizsg\u00e1l\u00e1st jelentenek, melyek c\u00e9lja, hogy a szervezet teherb\u00edr\u00f3 k\u00e9pess\u00e9ge, illetve esetleges kiz\u00e1r\u00f3 k\u00f6r\u00fclm\u00e9nyek ismertt\u00e9 v\u00e1ljanak. Ezt \u00e1ltal\u00e1ban a m\u00e1j\u00e1t\u00fcltet\u00e9st javasl\u00f3 belgy\u00f3gy\u00e1szati oszt\u00e1ly v\u00e9gzi el. A II. f\u00e1zis vizsg\u00e1latok c\u00e9lja azt vizsg\u00e1lni, hogy milyen k\u00f6rnyezetbe (erek \u00e1llapota, \u00e9s esetleges \u00e9rfejl\u0151d\u00e9si elt\u00e9r\u00e9sek) ker\u00fcl a szervezetben a be\u00fcltetend\u0151 \u00faj m\u00e1j. Ugyancsak ilyenkor k\u00e9sz\u00fcl fel a V\u00e9rell\u00e1t\u00f3 Szolg\u00e1lat a m\u00e1jtranszplant\u00e1ci\u00f3 sor\u00e1n v\u00e1rhat\u00f3 v\u00e9rig\u00e9nyre. A II f\u00e1zis vizsg\u00e1latok m\u00e1r a Semmelweis Egyetem Transzplant\u00e1ci\u00f3s \u00e9s Seb\u00e9szeti Klinik\u00e1j\u00e1n t\u00f6rt\u00e9nnek, lehet\u0151s\u00e9g szerint egy napos, j\u00e1r\u00f3 beteg vizsg\u00e1lat form\u00e1j\u00e1ban. Erre az egy napos vizsg\u00e1latra, \u00e9hgyomorra kell \u00e9rkeznie az el\u0151re egyeztetett id\u0151pontban. Ha valamennyi vizsg\u00e1lata elk\u00e9sz\u00fclt, \u00e9s az eredm\u00e9nyek Int\u00e9zet\u00fcnk rendelkez\u00e9s\u00e9re \u00e1llnak, akkor a Nemzeti M\u00e1j V\u00e1r\u00f3lista bizotts\u00e1g b\u00edr\u00e1lja el, hogy az \u00d6n sz\u00e1m\u00e1ra a m\u00e1j\u00e1t\u00fcltet\u00e9s javasolt-e. E bizotts\u00e1g tagjai seb\u00e9szek, belgy\u00f3gy\u00e1szok, illetve az \u00d6n eddigi ell\u00e1t\u00e1s\u00e1ban, \u00e9s kivizsg\u00e1l\u00e1s\u00e1ban r\u00e9sztvev\u0151 szakemberek. Ha a bizotts\u00e1g tagjai az eddigi k\u00f3rt\u00f6rt\u00e9nete, \u00e9s az esetleg kialakult sz\u00f6v\u0151dm\u00e9nyek ismeret\u00e9ben indokoltnak tartja a m\u00e1j\u00e1t\u00fcltet\u00e9st, a v\u00e1r\u00f3lista bizotts\u00e1g \u00d6nt V\u00e1r\u00f3list\u00e1ra helyezi, melyr\u0151l \u00edr\u00e1sban \u00e9rtes\u00edtj\u00fck. A V\u00e1r\u00f3list\u00e1n m\u00e1r azok a minden szempontb\u00f3l a transzplant\u00e1ci\u00f3ra alkalmas betegek vannak, akik sz\u00e1m\u00e1ra b\u00e1rmikor ad\u00f3dhat egy v\u00e9rcsoportban, \u00e9s m\u00e9retben megfelel\u0151 m\u00e1j. Am\u00edg \u00d6n v\u00e1r\u00f3list\u00e1n van, addig is rendszeres ellen\u0151rz\u00e9s\u00e9t v\u00e9gezz\u00fck Int\u00e9zet\u00fcnkben.<\/p>\n<p style=\"text-align: justify\"><strong>Mit hozzon mag\u00e1val riad\u00f3 alkalm\u00e1val?<\/strong><\/p>\n<p style=\"text-align: justify\">Ha a v\u00e1r\u00f3list\u00e1n van, egy el\u0151re \u00f6sszek\u00e9sz\u00edtett t\u00e1ska sokat seg\u00edt a riad\u00f3 alkalm\u00e1val. K\u00e9rj\u00fck, hozzon mag\u00e1val:<\/p>\n<ul style=\"text-align: justify\">\n<li>H\u00e1l\u00f3ruh\u00e1t, pizsam\u00e1t<\/li>\n<li>V\u00e1lt\u00e1s feh\u00e9rnem\u0171t<\/li>\n<li>K\u00f6nt\u00f6st, papucsot<\/li>\n<li>Tiszt\u00e1lkod\u00e1si eszk\u00f6z\u00f6ket (szappan, borotva, fogkefe stb.)<\/li>\n<li>K\u00f6nyvet, olvasni val\u00f3t<\/li>\n<\/ul>\n<p style=\"text-align: justify\">Am\u00edg a riad\u00f3ra v\u00e1r, nagyon fontos, hogy fogait fogorvosa rendszeresen ellen\u0151rizze. Ezzel jelent\u0151sen cs\u00f6kkentheti a m\u0171t\u00e9t ut\u00e1ni fert\u0151z\u00e9s vesz\u00e9ly\u00e9t.<\/p>\n<p style=\"text-align: justify\"><strong>M\u0171t\u00e9ti el\u0151k\u00e9sz\u00edt\u00e9s<\/strong><\/p>\n<p style=\"text-align: justify\">Ha riad\u00f3 alkalm\u00e1val meg\u00e9rkezik a Klinik\u00e1ra, s\u00fcrg\u0151s EKG, labor, ultrahang, \u00e9s r\u00f6ntgen vizsg\u00e1lat t\u00f6rt\u00e9nik. Ennek c\u00e9lja, hogy felfedjen minden olyan, esetlegesen lappang\u00f3 fert\u0151z\u00e9st, mely a m\u00e1jbetegekn\u00e9l nem mindig nyilv\u00e1nval\u00f3. Be\u00f6nt\u00e9st fog kapni, melynek c\u00e9lja, hogy a m\u0171t\u00e9tre el\u0151k\u00e9sz\u00edts\u00fck. V\u00e9gezet\u00fcl fert\u0151tlen\u00edt\u0151 szappannal alapos zuhanyoz\u00e1s k\u00f6vetkezik.<\/p>\n<p style=\"text-align: justify\">Tal\u00e1lkozni fog az altat\u00f3orvossal, \u00e9s a klinika seb\u00e9szeivel, akik t\u00e1j\u00e9koztatni fogj\u00e1k arr\u00f3l, hogy mikor v\u00e1rhat\u00f3 a m\u0171t\u00e9t, esetlegesen milyen egy\u00e9b kock\u00e1zatai vannak a beavatkoz\u00e1snak. Most ker\u00fcl elb\u00edr\u00e1l\u00e1sra, hogy az aktu\u00e1lis \u00e1llapota alapj\u00e1n alkalmas-e a m\u0171t\u00e9tre. V\u00e9g\u00fcl ilyenkor fogj\u00e1k k\u00e9rni a m\u0171t\u00e9ti beleegyez\u00e9s al\u00e1\u00edr\u00e1s\u00e1t.<br \/>A m\u0171t\u00e9ti el\u0151k\u00e9sz\u00edt\u00e9s n\u00e9h\u00e1ny \u00f3r\u00e1t vesz ig\u00e9nybe. Ez alatt m\u00e1r dolgozik valahol egy oper\u00e1l\u00f3 csoport a donor m\u00e1j elt\u00e1vol\u00edt\u00e1s\u00e1n. Az \u0151 v\u00e9lem\u00e9ny\u00fck a d\u00f6nt\u0151 abb\u00f3l a szempontb\u00f3l, hogy a donor m\u00e1j alkalmas-e be\u00fcltet\u00e9sre. N\u00e9ha el\u0151fordul, hogy a donor m\u00e1j az ilyenkor tal\u00e1lt lelet alapj\u00e1n nem alkalmas a be\u00fcltet\u00e9sre. Err\u0151l t\u00e1j\u00e9koztatni fogjuk, \u00e9s a vizsg\u00e1latokat k\u00f6vet\u0151en haza engedj\u00fck. Tudjuk, hogy az ilyenkor elmarad\u00f3 m\u0171t\u00e9t nagy lelki megterhel\u00e9st okozhat mind \u00d6nnek, mind csal\u00e1dj\u00e1nak, de az \u00d6n biztons\u00e1g\u00e1t szolg\u00e1lja, hogy csak minden szempontb\u00f3l alkalmas szerv ker\u00fclj\u00f6n be\u00fcltet\u00e9sre. N\u00e9ha el\u0151fordul, hogy az adott donorm\u00e1jra t\u00f6bb beteget h\u00edvunk be, \u00d6n esetleg tartal\u00e9kk\u00e9nt szerepel. Ennek oka, hogy p\u00e9ld\u00e1ul a daganatos eredet\u0171 m\u00e1jbetegs\u00e9gek eset\u00e9n id\u0151nk\u00e9nt csak a m\u0171t\u00e9t k\u00f6zben lehet eld\u00f6nteni egy recipiens alkalmass\u00e1g\u00e1t. Ilyenkor az alkalmatlannak bizonyult recipiens helyett a tartal\u00e9k recipiens kapja a m\u00e1jat. Mindig elmondjuk, ha \u00d6nt tartal\u00e9knak h\u00edvjuk be, vagy betegs\u00e9ge, \u00e9s az esetlegesen kialakult sz\u00f6v\u0151dm\u00e9nyek miatt \u00d6n mell\u00e9 tartal\u00e9k recipienst h\u00edvunk be egy riad\u00f3 sor\u00e1n.<\/p>\n<div class=\"kiemeles_box\" style=\"text-align: justify\">\n<h2><strong>FONTOS<\/strong><\/h2>\n<p>Ha egy alkalmas m\u00e1j van az \u00d6n sz\u00e1m\u00e1ra, a Klinika azonnal \u00e9rtes\u00edti. K\u00e9rj\u00fck az \u00e9rtes\u00edt\u00e9st k\u00f6vet\u0151en:<\/p>\n<ul>\n<li>Ne egyen \u00e9s igyon semmit<\/li>\n<li>Ne doh\u00e1nyozzon<\/li>\n<li>V\u00e1rakozzon a koordin\u00e1torral megbesz\u00e9lt helyen a ment\u0151 meg\u00e9rkez\u00e9s\u00e9ig<\/li>\n<li>De a legfontosabb: maradjon nyugodt!<\/li>\n<\/ul>\n<\/div>\n<p style=\"text-align: justify\"><strong>A m\u0171t\u00e9t<\/strong><\/p>\n<p style=\"text-align: justify\">A m\u00e1j\u00e1t\u00fcltet\u00e9s alapvet\u0151 seb\u00e9szi technik\u00e1ja az elm\u00falt mintegy 25 \u00e9vben fejl\u0151d\u00f6tt ki. Ez d\u00f6nt\u0151en k\u00e9t f\u0151 l\u00e9p\u00e9sb\u0151l \u00e1ll: a megbetegedett m\u00e1j elt\u00e1vol\u00edt\u00e1s\u00e1b\u00f3l, \u00e9s az \u00faj m\u00e1j be\u00fcltet\u00e9s\u00e9b\u0151l a jobb fels\u0151 hasf\u00e9lbe, az eredeti m\u00e1j hely\u00e9re. B\u00e1r ez egyszer<br \/>\u0171nek hangzik, m\u00e9gis nagy kih\u00edv\u00e1st jelent a seb\u00e9sz sz\u00e1m\u00e1ra, \u00e9s a m\u0171t\u00e9ti id\u0151 hat \u00e9s tizennyolc \u00f3ra k\u00f6z\u00f6tt v\u00e1ltozhat. A be\u00fcltet\u00e9sben 2 seb\u00e9sz, aneszteziol\u00f3gus, \u00e9s t\u00f6bb asszisztens vesz r\u00e9szt. A m\u0171t\u00e9t sor\u00e1n a beteg m\u00e1jat lev\u00e1lasztj\u00e1k a m\u00e1jat ell\u00e1t\u00f3 nagyerekr\u0151l, \u00e9s az epevezet\u00e9kr\u0151l, majd az \u00faj m\u00e1jat a r\u00e9gi hely\u00e9re helyezik, \u00e9s mindezekkel a k\u00e9pletekkel \u00fajra egyes\u00edtik.<\/p>\n<div class=\"kiemeles_box\" style=\"text-align: justify\">\n<p><strong>FONTOS !<\/strong><\/p>\n<p>M\u00e9g az el\u0151k\u00e9sz\u00edt\u00e9s k\u00e9s\u0151i szakasz\u00e1ban, vagy ak\u00e1r a m\u0171t\u00e9t k\u00f6zben is ad\u00f3dhat olyan helyzet, hogy ak\u00e1r a donorm\u00e1j alkalmatlans\u00e1ga, ak\u00e1r egy\u00e9b ok miatt a m\u0171t\u00e9t elhagy\u00e1s\u00e1ra k\u00e9nyszer\u00fcl a seb\u00e9sz.<\/p>\n<\/div>\n<p style=\"text-align: justify\"><strong>A m\u0171t\u00e9t ut\u00e1n<\/strong><\/p>\n<p style=\"text-align: justify\">A m\u0171t\u00e9tet k\u00f6vet\u0151en az intenz\u00edv oszt\u00e1lyra ker\u00fcl. Itt v\u00e1rhat\u00f3an l\u00e9legeztet\u0151 g\u00e9ppel fogj\u00e1k kezelni, melyr\u0151l 24-48 \u00f3ra mult\u00e1val fogj\u00e1k levenni. N\u00e9ha el\u0151fordul, hogy a l\u00e9legeztet\u00e9s ett\u0151l hosszabb ideig tart. Amikor fel\u00e9bred az intenz\u00edv oszt\u00e1lyon, cs\u00f6vek fognak a has\u00e1b\u00f3l kil\u00f3gni. Ezek c\u00e9lja, hogy a m\u00e1j k\u00f6r\u00fcli folyad\u00e9kgy\u00fclemet levezess\u00e9k, \u00e9s id\u0151ben \u00e9szlelni lehessen egy esetleges v\u00e9rz\u00e9ses, vagy fert\u0151z\u00e9ses sz\u00f6v\u0151dm\u00e9ny kialakul\u00e1s\u00e1t. Ezeket a cs\u00f6veket, vagy m\u00e9g az intenz\u00edv oszt\u00e1lyon, vagy k\u00e9s\u0151bb a seb\u00e9szeti oszt\u00e1lyon elt\u00e1vol\u00edtjuk.<br \/>\u00c1ltal\u00e1ban 3-10 napos intenz\u00edv oszt\u00e1lyos kezel\u00e9s ut\u00e1n seb\u00e9szeti k\u00f3rterembe ker\u00fcl. Itt tov\u00e1bbi 2-3 h\u00e9t kezel\u00e9s t\u00f6rt\u00e9nik a hazamenetel el\u0151tt. Ez alatt az id\u0151 alatt a korai kil\u00f6k\u0151d\u00e9si reakci\u00f3 jeleit, esetleges hasi, vagy mellkasi folyad\u00e9kgy\u00fclem kialakul\u00e1s\u00e1t, fert\u0151z\u00e9ses sz\u00f6v\u0151dm\u00e9ny kialakul\u00e1s\u00e1t figyelik. Nagyon fontos, hogy min\u00e9l hamarabb pr\u00f3b\u00e1ljon meg a gy\u00f3gytorn\u00e1sz seg\u00edts\u00e9g\u00e9vel az \u00e1gyb\u00f3l kikelni, mert ez sok kering\u00e9si zavart el\u0151zhet meg. Ez a gy\u00f3gyul\u00e1si id\u0151szak a gy\u00f3gytorna, \u00e9s a fokozott, sz\u00e1jon\u00e1t t\u00f6rt\u00e9n\u0151 kal\u00f3ria bevitel id\u0151szaka. Fontos, hogy a m\u0171t\u00e9t k\u00f6vetkezt\u00e9ben kialakult telts\u00e9g\u00e9rz\u00e9s ellen\u00e9re pr\u00f3b\u00e1ljon meg enni.<\/p>\n<p style=\"text-align: justify\"><strong>M\u00e1jbiopszia<\/strong><\/p>\n<p style=\"text-align: justify\">Ha sz\u00fcks\u00e9ges, a transzplant\u00e1ci\u00f3s munkacsoport ultrahang ellen\u0151rz\u00e9se mellett sz\u00f6vetmint\u00e1t vesz a be\u00fcltetett \u00faj m\u00e1jb\u00f3l. Ezt a mintav\u00e9telt h\u00edvj\u00e1k biopszi\u00e1nak. C\u00e9lja, hogy ellen\u0151rizze a m\u00e1j gy\u00f3gyul\u00e1si folyamat\u00e1t, kil\u00f6k\u0151d\u00e9si reakci\u00f3 jelentkez\u00e9s\u00e9t, vagy annak hi\u00e1ny\u00e1t. A biopszia el\u0151tt helyi \u00e9rz\u00e9stelen\u00edt\u0151 szert kap, majd egy speci\u00e1lis t\u0171vel kis sz\u00f6vethengert vesznek a m\u00e1jb\u00f3l mikroszk\u00f3pos vizsg\u00e1lat c\u00e9lj\u00e1b\u00f3l. Ez ut\u00e1n a beavatkoz\u00e1s ut\u00e1n, ha m\u00e1sk\u00e9pp nem rendelik, 4 \u00f3ra hosszat az \u00e1gyban fekve kell maradni.<\/p>\n<p style=\"text-align: justify\"><strong>Kontroll vizsg\u00e1latok<\/strong><\/p>\n<p style=\"text-align: justify\">A hazabocs\u00e1t\u00e1st k\u00f6vet\u0151en el\u0151sz\u00f6r hetente, k\u00e9s\u0151bb k\u00e9thetente, majd havonta kell jelentkezni a m\u00e1jambulanci\u00e1n kontroll vizsg\u00e1latokra. Ennek c\u00e9lja, hogy az elv\u00e9gzett labor, \u00e9s ultrahang vizsg\u00e1latokkal k\u00f6vess\u00fck a gy\u00f3gyul\u00e1s folyamat\u00e1t, \u00e9s az esetleges sz\u00f6v\u0151dm\u00e9nyeket id\u0151ben \u00e9szlelhess\u00fck. Minden kontroll alkalm\u00e1val r\u00e9szletes labor vizsg\u00e1lat t\u00f6rt\u00e9nik, melyeket sz\u00fcks\u00e9g szerint egy\u00e9b vizsg\u00e1latokkal eg\u00e9sz\u00edt\u00fcnk ki. Ugyancsak v\u00e9rv\u00e9tel t\u00f6rt\u00e9nik egyes fontos gy\u00f3gyszerek v\u00e9rszintj\u00e9nek (Prograf\u00ae, Sandimmun Neoral\u00ae, Rapamune\u00ae) ellen\u0151rz\u00e9s\u00e9re. Ett\u0151l f\u00fcgg, hogy m\u00f3dos\u00edtjuk-e ezen gy\u00f3gyszerek adagol\u00e1s\u00e1t. A t\u00fal magas gy\u00f3gyszerszint a fert\u0151z\u00e9sek fokozott vesz\u00e9ly\u00e9vel j\u00e1r, m\u00edg a t\u00fal alacsony szint kil\u00f6k\u0151d\u00e9si reakci\u00f3hoz vezethet. Ahogy cs\u00f6kken a kil\u00f6k\u0151d\u00e9si reakci\u00f3 vesz\u00e9lye, a gy\u00f3gyszerek szintj\u00e9t a lehets\u00e9ges minimumra cs\u00f6kkentj\u00fck.<\/p>\n<div class=\"kiemeles_box\">\n<p style=\"text-align: justify\"><strong>FONTOS!<\/strong><\/p>\n<ul>\n<li style=\"text-align: justify\">Ne vegye be Prograf (tacrolimus), vagy Sandimmun Neoral (cyclosporin), vagy Rapamune (sirolimus) gy\u00f3gyszereit a kontroll laborvizsg\u00e1lat el\u0151tt, mert ez megv\u00e1ltoztatja az eredm\u00e9nyeket!<\/li>\n<li style=\"text-align: justify\">Labor kontroll el\u0151tti utols\u00f3 esti gy\u00f3gyszerbev\u00e9tel\u00e9t id\u0151ben \u00fagy tolja el, hogy a m\u00e1snapi v\u00e9rv\u00e9telig (reggel 8- 8.30) k\u00f6z\u00f6tt 12 \u00f3ra teljen el.<\/li>\n<li style=\"text-align: justify\">Hozza mag\u00e1val ezeket a gy\u00f3gyszereket, hogy k\u00f6zvetlen\u00fcl a v\u00e9rv\u00e9telt k\u00f6vet\u0151en be tudja venni!<\/li>\n<li style=\"text-align: justify\">Hozza mag\u00e1val ambul\u00e1ns lapj\u00e1t, \u00e9s utols\u00f3 klinikai z\u00e1r\u00f3jelent\u00e9s\u00e9t!<\/li>\n<\/ul>\n<\/div>\n","protected":false},"excerpt":{"rendered":"<p>Ahhoz, hogy a m\u00e1j\u00e1t\u00fcltet\u00e9s megt\u00f6rt\u00e9nhessen, sz\u00e1mos vizsg\u00e1laton kell \u00e1tesni. Az \u00fagynevezett I. f\u00e1zis vizsg\u00e1latok egy nagyon r\u00e9szletes belgy\u00f3gy\u00e1szati kivizsg\u00e1l\u00e1st jelentenek, melyek c\u00e9lja, hogy a szervezet teherb\u00edr\u00f3 k\u00e9pess\u00e9ge, illetve esetleges kiz\u00e1r\u00f3 k\u00f6r\u00fclm\u00e9nyek ismertt\u00e9 v\u00e1ljanak. Ezt \u00e1ltal\u00e1ban a m\u00e1j\u00e1t\u00fcltet\u00e9st javasl\u00f3 belgy\u00f3gy\u00e1szati oszt\u00e1ly v\u00e9gzi el. A II. f\u00e1zis vizsg\u00e1latok c\u00e9lja azt vizsg\u00e1lni, hogy milyen k\u00f6rnyezetbe (erek \u00e1llapota, \u00e9s &hellip;<\/p>\n","protected":false},"author":101236,"featured_media":0,"parent":7033,"menu_order":2,"comment_status":"closed","ping_status":"closed","template":"","meta":{"_acf_changed":false,"footnotes":""},"categories":[],"tags":[],"class_list":["post-7037","page","type-page","status-publish","hentry"],"acf":[],"_links":{"self":[{"href":"https:\/\/semmelweis.hu\/sebeszet\/wp-json\/wp\/v2\/pages\/7037","targetHints":{"allow":["GET"]}}],"collection":[{"href":"https:\/\/semmelweis.hu\/sebeszet\/wp-json\/wp\/v2\/pages"}],"about":[{"href":"https:\/\/semmelweis.hu\/sebeszet\/wp-json\/wp\/v2\/types\/page"}],"author":[{"embeddable":true,"href":"https:\/\/semmelweis.hu\/sebeszet\/wp-json\/wp\/v2\/users\/101236"}],"replies":[{"embeddable":true,"href":"https:\/\/semmelweis.hu\/sebeszet\/wp-json\/wp\/v2\/comments?post=7037"}],"version-history":[{"count":2,"href":"https:\/\/semmelweis.hu\/sebeszet\/wp-json\/wp\/v2\/pages\/7037\/revisions"}],"predecessor-version":[{"id":7039,"href":"https:\/\/semmelweis.hu\/sebeszet\/wp-json\/wp\/v2\/pages\/7037\/revisions\/7039"}],"up":[{"embeddable":true,"href":"https:\/\/semmelweis.hu\/sebeszet\/wp-json\/wp\/v2\/pages\/7033"}],"wp:attachment":[{"href":"https:\/\/semmelweis.hu\/sebeszet\/wp-json\/wp\/v2\/media?parent=7037"}],"wp:term":[{"taxonomy":"category","embeddable":true,"href":"https:\/\/semmelweis.hu\/sebeszet\/wp-json\/wp\/v2\/categories?post=7037"},{"taxonomy":"post_tag","embeddable":true,"href":"https:\/\/semmelweis.hu\/sebeszet\/wp-json\/wp\/v2\/tags?post=7037"}],"curies":[{"name":"wp","href":"https:\/\/api.w.org\/{rel}","templated":true}]}}