{"id":7035,"date":"2021-12-13T08:17:55","date_gmt":"2021-12-13T07:17:55","guid":{"rendered":"https:\/\/semmelweis.hu\/sebeszet1\/?page_id=7035"},"modified":"2021-12-13T08:19:46","modified_gmt":"2021-12-13T07:19:46","slug":"a-maj","status":"publish","type":"page","link":"https:\/\/semmelweis.hu\/sebeszet\/szervatultetes\/a-majatultetesrol\/tajekoztato-majatultetett-betegeknek\/a-maj\/","title":{"rendered":"A m\u00e1j"},"content":{"rendered":"<p style=\"text-align: justify\">A m\u00e1j a test legnagyobb szerve. A jobb fels\u0151 hasf\u00e9lben helyezkedik el, el\u00f6lr\u0151l a jobb oldali als\u00f3 bord\u00e1k, fel\u00fclr\u0151l a rekeszizom \u00e9s a t\u00fcd\u0151 hat\u00e1rolja. Sz\u00e1mtalan funkci\u00f3ja k\u00f6z\u00fcl a legfontosabbak:<\/p>\n<ul style=\"text-align: justify\">\n<li>Az elfogyasztott t\u00e1pl\u00e1l\u00e9k \u00e1talak\u00edt\u00e1sa a szervezet szempontj\u00e1b\u00f3l sz\u00fcks\u00e9ges anyagokk\u00e1, mint p\u00e9ld\u00e1ul kem\u00e9ny\u00edt\u0151b\u0151l cukor k\u00e9pz\u00e9se, epe termel\u00e9se a zs\u00edrok lebont\u00e1s\u00e1hoz.<\/li>\n<li>V\u00e9ralvad\u00e1si anyagok termel\u00e9se, enzimek, \u00e9s feh\u00e9rj\u00e9k el\u0151\u00e1ll\u00edt\u00e1sa.<\/li>\n<li>Vas, vitaminok, \u00e9s t\u00e1panyagok rakt\u00e1roz\u00e1sa.<\/li>\n<li>A szervezet m\u00e9regtelen\u00edt\u00e9se: gy\u00f3gyszerek, \u00e9s k\u00e1ros, a szervezet szempontj\u00e1b\u00f3l vesz\u00e9lyes anyagok (pl. alkohol) \u00e1talak\u00edt\u00e1sa, lebont\u00e1sa.<\/li>\n<\/ul>\n<p style=\"text-align: justify\"><strong>A m\u00e1jbetegs\u00e9g<\/strong><\/p>\n<p style=\"text-align: justify\">A m\u00e1j rendk\u00edv\u00fcl nagy regener\u00e1l\u00f3d\u00e1si k\u00e9pess\u00e9ggel rendelkezik. M\u00e9gis bizonyos k\u00f6r\u00fclm\u00e9nyek k\u00f6z\u00f6tt a m\u00e1j visszavonhatatlanul k\u00e1rosodik. Ennek oka lehet velesz\u00fcletett rendelleness\u00e9g, t\u00falzott alkohol, vagy gy\u00f3gyszerfogyaszt\u00e1s, daganatos betegs\u00e9g, vagy m\u00e1jgyullad\u00e1st okoz\u00f3 v\u00edrusok. A m\u00e1j zsugorod\u00e1sa (szaknyelven: cirrhozis) alakulhat ki, mely igen s\u00falyos sz\u00f6v\u0151dm\u00e9nyekhez vezet. Ilyen sz\u00f6v\u0151dm\u00e9ny p\u00e9ld\u00e1ul a nyel\u0151cs\u0151 visszeress\u00e9gb\u0151l sz\u00e1rmaz\u00f3 v\u00e9rz\u00e9s, a salakanyagok felhalmoz\u00f3d\u00e1sa, ism\u00e9telt fert\u0151z\u00e9sek jelentkez\u00e9se. E sz\u00f6v\u0151dm\u00e9nyek ak\u00e1r hal\u00e1losak is lehetnek. Gyakran az egyetlen lehet\u0151s\u00e9g ilyenkor a megbetegedett m\u00e1j elt\u00e1vol\u00edt\u00e1sa, \u00e9s egy \u00faj, m\u0171k\u00f6d\u0151 m\u00e1jjal t\u00f6rt\u00e9n\u0151 helyettes\u00edt\u00e9se.<\/p>\n<p style=\"text-align: justify\"><strong>A m\u00e1jbetegs\u00e9g t\u00fcnetei<\/strong><\/p>\n<p style=\"text-align: justify\">A m\u00e1jbetegs\u00e9g legjellemz\u0151bb t\u00fcnete a s\u00e1rgas\u00e1g jelentkez\u00e9se. Ez a szem, \u00e9s a b\u0151r s\u00e1rga elsz\u00ednez\u0151d\u00e9s\u00e9t jelenti, mely akkor alakul ki, ha az epe, \u00e9s annak boml\u00e1sterm\u00e9kei a v\u00e9rben felhalmoz\u00f3dnak. Egy\u00e9b t\u00fcnetek lehetnek m\u00e9g:<\/p>\n<ul style=\"text-align: justify\">\n<li>S\u00falyos, \u00e1lland\u00f3 viszket\u00e9s<\/li>\n<li>A vizelet s\u00f6t\u00e9t elsz\u00ednez\u0151d\u00e9se<\/li>\n<li>Zavart tudati \u00e1llapot, k\u00f3ma kialakul\u00e1sa<\/li>\n<li>V\u00e9rh\u00e1ny\u00e1s<\/li>\n<li>V\u00e9ral\u00e1fut\u00e1sok jelentkez\u00e9se testszerte, v\u00e9rz\u00e9kenys\u00e9g kialakul\u00e1sa<\/li>\n<li>Vil\u00e1gos, agyagsz\u00edn\u0171 sz\u00e9klet<\/li>\n<li>Jelent\u0151s, hirtelen hask\u00f6rfogat n\u00f6veked\u00e9s<\/li>\n<\/ul>\n<p style=\"text-align: justify\"><strong>A m\u00e1jbetegs\u00e9g legjellemz\u0151bb t\u00fcnete a s\u00e1rgas\u00e1g (a szem, \u00e9s a b\u0151r s\u00e1rg\u00e1s elsz\u00ednez\u0151d\u00e9se) kialakul\u00e1sa<\/strong><\/p>\n","protected":false},"excerpt":{"rendered":"<p>A m\u00e1j a test legnagyobb szerve. A jobb fels\u0151 hasf\u00e9lben helyezkedik el, el\u00f6lr\u0151l a jobb oldali als\u00f3 bord\u00e1k, fel\u00fclr\u0151l a rekeszizom \u00e9s a t\u00fcd\u0151 hat\u00e1rolja. Sz\u00e1mtalan funkci\u00f3ja k\u00f6z\u00fcl a legfontosabbak: Az elfogyasztott t\u00e1pl\u00e1l\u00e9k \u00e1talak\u00edt\u00e1sa a szervezet szempontj\u00e1b\u00f3l sz\u00fcks\u00e9ges anyagokk\u00e1, mint p\u00e9ld\u00e1ul kem\u00e9ny\u00edt\u0151b\u0151l cukor k\u00e9pz\u00e9se, epe termel\u00e9se a zs\u00edrok lebont\u00e1s\u00e1hoz. V\u00e9ralvad\u00e1si anyagok termel\u00e9se, enzimek, \u00e9s feh\u00e9rj\u00e9k &hellip;<\/p>\n","protected":false},"author":101236,"featured_media":0,"parent":7033,"menu_order":1,"comment_status":"closed","ping_status":"closed","template":"","meta":{"_acf_changed":false,"footnotes":""},"categories":[],"tags":[],"class_list":["post-7035","page","type-page","status-publish","hentry"],"acf":[],"_links":{"self":[{"href":"https:\/\/semmelweis.hu\/sebeszet\/wp-json\/wp\/v2\/pages\/7035","targetHints":{"allow":["GET"]}}],"collection":[{"href":"https:\/\/semmelweis.hu\/sebeszet\/wp-json\/wp\/v2\/pages"}],"about":[{"href":"https:\/\/semmelweis.hu\/sebeszet\/wp-json\/wp\/v2\/types\/page"}],"author":[{"embeddable":true,"href":"https:\/\/semmelweis.hu\/sebeszet\/wp-json\/wp\/v2\/users\/101236"}],"replies":[{"embeddable":true,"href":"https:\/\/semmelweis.hu\/sebeszet\/wp-json\/wp\/v2\/comments?post=7035"}],"version-history":[{"count":2,"href":"https:\/\/semmelweis.hu\/sebeszet\/wp-json\/wp\/v2\/pages\/7035\/revisions"}],"predecessor-version":[{"id":7040,"href":"https:\/\/semmelweis.hu\/sebeszet\/wp-json\/wp\/v2\/pages\/7035\/revisions\/7040"}],"up":[{"embeddable":true,"href":"https:\/\/semmelweis.hu\/sebeszet\/wp-json\/wp\/v2\/pages\/7033"}],"wp:attachment":[{"href":"https:\/\/semmelweis.hu\/sebeszet\/wp-json\/wp\/v2\/media?parent=7035"}],"wp:term":[{"taxonomy":"category","embeddable":true,"href":"https:\/\/semmelweis.hu\/sebeszet\/wp-json\/wp\/v2\/categories?post=7035"},{"taxonomy":"post_tag","embeddable":true,"href":"https:\/\/semmelweis.hu\/sebeszet\/wp-json\/wp\/v2\/tags?post=7035"}],"curies":[{"name":"wp","href":"https:\/\/api.w.org\/{rel}","templated":true}]}}