{"id":7033,"date":"2021-12-13T08:16:42","date_gmt":"2021-12-13T07:16:42","guid":{"rendered":"https:\/\/semmelweis.hu\/sebeszet1\/?page_id=7033"},"modified":"2023-06-07T08:35:37","modified_gmt":"2023-06-07T06:35:37","slug":"tajekoztato-majatultetett-betegeknek","status":"publish","type":"page","link":"https:\/\/semmelweis.hu\/sebeszet\/szervatultetes\/a-majatultetesrol\/tajekoztato-majatultetett-betegeknek\/","title":{"rendered":"T\u00e1j\u00e9koztat\u00f3 m\u00e1j\u00e1t\u00fcltetett betegeknek"},"content":{"rendered":"<h2 style=\"text-align: justify\">&#8222;Az \u00e9let folytat\u00f3dik&#8221;<\/h2>\n<p style=\"text-align: justify\">Az \u00d6n betegs\u00e9g\u00e9nek hat\u00e9kony gy\u00f3gy\u00edt\u00e1sa a m\u00e1j\u00e1t\u00fcltet\u00e9s &#8211; hallotta az elm\u00falt hetekben m\u00e1r sokszor. Ezt a h\u00edrt biztosan k\u00e9ts\u00e9ggel, \u00e9s szorong\u00e1ssal fogadta. M\u00e9gis a szerv\u00e1t\u00fcltet\u00e9s ma sz\u00e1mos m\u00e1j, vese, \u00e9s sz\u00edvbeteg sz\u00e1m\u00e1ra a biztos gy\u00f3gyul\u00e1st jelenti. Szerte a vil\u00e1gon naponta s\u00falyos betegek sz\u00e1zai esnek \u00e1t szerv\u00e1t\u00fcltet\u00e9sen, mely a beteg szerv kicser\u00e9l\u00e9se l\u00e9v\u00e9n, egy eg\u00e9szs\u00e9gesebb, akt\u00edv \u00e9let lehet\u0151s\u00e9g\u00e9t teremti meg sz\u00e1mukra. A m\u00e1j\u00e1t\u00fcltet\u00e9s eredm\u00e9nyess\u00e9ge rendk\u00edv\u00fcl sokat javult az els\u0151 transzplant\u00e1ci\u00f3 \u00f3ta. H\u00fasz \u00e9vvel ezel\u0151tt a betegek 35 %-a volt \u00e9letben az \u00e1t\u00fcltet\u00e9st k\u00f6vet\u0151 els\u0151 \u00e9v v\u00e9g\u00e9n. M\u00e1ra a betegek t\u00f6bb mint 80 %-a \u00e9l az els\u0151 \u00e9v v\u00e9g\u00e9n, k\u00f6sz\u00f6nhet\u0151en az immunszuppressz\u00edv kezel\u00e9s, \u00e9s a seb\u00e9szi technika fejl\u0151d\u00e9s\u00e9nek. T\u00e1j\u00e9koztat\u00f3 f\u00fczet\u00fcnk c\u00e9lja, hogy seg\u00edts\u00fck mindazon tudnival\u00f3kkal, melyek egy r\u00e9sz\u00e9r\u0151l biztosan hallott m\u00e1r betegt\u00e1rsait\u00f3l, \u00e9s kezel\u0151 orvos\u00e1t\u00f3l. Sok probl\u00e9m\u00e1ra fog v\u00e1laszt kapni ebb\u0151l a f\u00fczetb\u0151l, de ne f\u00e9ljen tov\u00e1bbra is k\u00e9rdezni b\u00e1rmely esetben, ha \u00fagy \u00e9rzi, nem teljesen \u00e9rthet\u0151, vagy kiel\u00e9g\u00edt\u0151 a most kapott v\u00e1lasz. Azt szeretn\u00e9nk, ha min\u00e9l t\u00e1j\u00e9kozottabb lenne betegs\u00e9g\u00e9r\u0151l, \u00e9s a m\u00e1j\u00e1t\u00fcltet\u00e9s\u00e9r\u0151l, mert ezzel saj\u00e1t gy\u00f3gyul\u00e1s\u00e1t, \u00e9s a transzplant\u00e1l\u00f3 munkacsoportot egyar\u00e1nt seg\u00edti.<\/p>\n<h3 style=\"text-align: justify\">Tartalomjegyz\u00e9k:<\/h3>\n<ul>\n<li style=\"text-align: justify\"><a href=\"https:\/\/semmelweis.hu\/sebeszet\/szervatultetes\/a-majatultetesrol\/tajekoztato-majatultett-betegeknek\/a-maj\/\">A m\u00e1j<\/a><\/li>\n<li style=\"text-align: justify\"><a href=\"https:\/\/semmelweis.hu\/sebeszet\/szervatultetes\/a-majatultetesrol\/tajekoztato-majatultett-betegeknek\/a-majatultetes\/\">A m\u00e1j\u00e1t\u00fcltet\u00e9s<\/a><\/li>\n<li style=\"text-align: justify\"><a href=\"https:\/\/semmelweis.hu\/sebeszet\/szervatultetes\/a-majatultetesrol\/tajekoztato-majatultett-betegeknek\/apolas-otthon\/\">\u00c1pol\u00e1s otthon<\/a><\/li>\n<li style=\"text-align: justify\"><a href=\"https:\/\/semmelweis.hu\/sebeszet\/szervatultetes\/a-majatultetesrol\/tajekoztato-majatultett-betegeknek\/hetkoznapok-a-majtranszplantacio-utan\/\">H\u00e9tk\u00f6znapok a transzplant\u00e1ci\u00f3 ut\u00e1n<\/a><\/li>\n<li style=\"text-align: justify\"><a href=\"https:\/\/semmelweis.hu\/sebeszet\/szervatultetes\/a-majatultetesrol\/tajekoztato-majatultett-betegeknek\/i_immunszuppressziv-kezeles\/\">Immunszupressz\u00edv kezel\u00e9s<\/a><\/li>\n<li style=\"text-align: justify\"><a href=\"https:\/\/semmelweis.hu\/sebeszet\/szervatultetes\/a-majatultetesrol\/tajekoztato-majatultett-betegeknek\/a-mutet-utani-szovodmenyek\/\">A m\u0171t\u00e9t ut\u00e1ni sz\u00f6v\u0151dm\u00e9nyek<\/a><\/li>\n<li style=\"text-align: justify\"><a href=\"https:\/\/semmelweis.hu\/sebeszet\/szervatultetes\/a-majatultetesrol\/tajekoztato-majatultett-betegeknek\/szoszedet\/\">Sz\u00f3szedet<\/a><\/li>\n<li style=\"text-align: justify\"><a href=\"https:\/\/semmelweis.hu\/sebeszet\/szervatultetes\/a-majatultetesrol\/tajekoztato-majatultett-betegeknek\/fontos-telefonszamok\/\">Fontos telefonsz\u00e1mok<\/a><\/li>\n<li style=\"text-align: justify\"><a href=\"https:\/\/semmelweis.hu\/sebeszet\/szervatultetes\/a-majatultetesrol\/tajekoztato-majatultett-betegeknek\/hasznos-cimek\/\">Hasznos c\u00edmek<\/a><\/li>\n<\/ul>\n","protected":false},"excerpt":{"rendered":"<p>&#8222;Az \u00e9let folytat\u00f3dik&#8221; Az \u00d6n betegs\u00e9g\u00e9nek hat\u00e9kony gy\u00f3gy\u00edt\u00e1sa a m\u00e1j\u00e1t\u00fcltet\u00e9s &#8211; hallotta az elm\u00falt hetekben m\u00e1r sokszor. Ezt a h\u00edrt biztosan k\u00e9ts\u00e9ggel, \u00e9s szorong\u00e1ssal fogadta. M\u00e9gis a szerv\u00e1t\u00fcltet\u00e9s ma sz\u00e1mos m\u00e1j, vese, \u00e9s sz\u00edvbeteg sz\u00e1m\u00e1ra a biztos gy\u00f3gyul\u00e1st jelenti. Szerte a vil\u00e1gon naponta s\u00falyos betegek sz\u00e1zai esnek \u00e1t szerv\u00e1t\u00fcltet\u00e9sen, mely a beteg szerv kicser\u00e9l\u00e9se l\u00e9v\u00e9n, &hellip;<\/p>\n","protected":false},"author":101236,"featured_media":0,"parent":6998,"menu_order":1,"comment_status":"closed","ping_status":"closed","template":"","meta":{"_acf_changed":false,"footnotes":""},"categories":[],"tags":[],"class_list":["post-7033","page","type-page","status-publish","hentry"],"acf":[],"_links":{"self":[{"href":"https:\/\/semmelweis.hu\/sebeszet\/wp-json\/wp\/v2\/pages\/7033","targetHints":{"allow":["GET"]}}],"collection":[{"href":"https:\/\/semmelweis.hu\/sebeszet\/wp-json\/wp\/v2\/pages"}],"about":[{"href":"https:\/\/semmelweis.hu\/sebeszet\/wp-json\/wp\/v2\/types\/page"}],"author":[{"embeddable":true,"href":"https:\/\/semmelweis.hu\/sebeszet\/wp-json\/wp\/v2\/users\/101236"}],"replies":[{"embeddable":true,"href":"https:\/\/semmelweis.hu\/sebeszet\/wp-json\/wp\/v2\/comments?post=7033"}],"version-history":[{"count":4,"href":"https:\/\/semmelweis.hu\/sebeszet\/wp-json\/wp\/v2\/pages\/7033\/revisions"}],"predecessor-version":[{"id":8101,"href":"https:\/\/semmelweis.hu\/sebeszet\/wp-json\/wp\/v2\/pages\/7033\/revisions\/8101"}],"up":[{"embeddable":true,"href":"https:\/\/semmelweis.hu\/sebeszet\/wp-json\/wp\/v2\/pages\/6998"}],"wp:attachment":[{"href":"https:\/\/semmelweis.hu\/sebeszet\/wp-json\/wp\/v2\/media?parent=7033"}],"wp:term":[{"taxonomy":"category","embeddable":true,"href":"https:\/\/semmelweis.hu\/sebeszet\/wp-json\/wp\/v2\/categories?post=7033"},{"taxonomy":"post_tag","embeddable":true,"href":"https:\/\/semmelweis.hu\/sebeszet\/wp-json\/wp\/v2\/tags?post=7033"}],"curies":[{"name":"wp","href":"https:\/\/api.w.org\/{rel}","templated":true}]}}