{"id":7000,"date":"2021-12-08T09:47:37","date_gmt":"2021-12-08T08:47:37","guid":{"rendered":"https:\/\/semmelweis.hu\/sebeszet1\/?page_id=7000"},"modified":"2023-04-25T14:57:23","modified_gmt":"2023-04-25T12:57:23","slug":"a-veseatultetesrol","status":"publish","type":"page","link":"https:\/\/semmelweis.hu\/sebeszet\/szervatultetes\/a-veseatultetesrol\/","title":{"rendered":"A vese\u00e1t\u00fcltet\u00e9sr\u0151l"},"content":{"rendered":"<h2>T\u00e1j\u00e9koztat\u00f3 vesetranszplant\u00e1lt betegek sz\u00e1m\u00e1ra &#8211;\u00a0Az \u00e9let megy tov\u00e1bb!<\/h2>\n<p><strong>Tisztelt Olvas\u00f3!\u00a0Tisztelt \u00c9rintett Csal\u00e1d!<\/strong><\/p>\n<p style=\"text-align: justify\">Nemcsak \u00d6nt, mint \u00e9rintettet, de csal\u00e1dj\u00e1t, valamint k\u00f6zvetlen k\u00f6rnyezet\u00e9t is szeretn\u00e9m megsz\u00f3l\u00edtani. Ne titkolja el aggodalm\u00e1t, \u00e9rz\u00e9seit, esetleg f\u00e1jdalm\u00e1t csal\u00e1dja, bar\u00e1tai el\u0151tt. Egyed\u00fcl nehezebb elviselni a gondokat \u00e9s \u00f6r\u00fclni is jobb t\u00e1rsas\u00e1gban a sikernek. Kr\u00f3nikus betegs\u00e9g\u00e9nek gy\u00f3gy\u00edt\u00e1sa a szerv\u00e1t\u00fcltet\u00e9ssel \u00faj t\u00e1vlatokat nyit tov\u00e1bbi sikeres \u00e9let\u00e9re. Azzal, hogy v\u00e1llalta a vese-v\u00e1r\u00f3list\u00e1ra ker\u00fcl\u00e9st, lehet\u0151s\u00e9get adott \u00f6nmag\u00e1nak ahhoz, hogy sikeres m\u0171t\u00e9t eset\u00e9n elszakadjon a m\u0171vese-kezel\u00e9s okozta esetenk\u00e9nt kellemetlen k\u00f6t\u00f6tts\u00e9gt\u0151l. A kil\u00f6k\u0151d\u00e9st megakad\u00e1lyoz\u00f3 modern gy\u00f3gyszerek seg\u00edts\u00e9g\u00e9vel biztons\u00e1gban egy \u00faj \u00e9letet \u00e9lhet. Kor\u00e1bbi, eg\u00e9szs\u00e9ges \u00e9let\u00e9hez hasonl\u00f3an visszat\u00e9rhet a munk\u00e1j\u00e1hoz, sportolhat, j\u00f3 n\u00e9h\u00e1ny \u00faj, \u00e1t\u00fcltetett ves\u00e9vel \u00e9l\u0151 n\u0151h\u00f6z hasonl\u00f3an ak\u00e1r gyermeket is sz\u00fclhet. Figyelve test\u00e9re, elfogadva kezel\u0151orvosai tan\u00e1cs\u00e1t, teljes \u00e9letet \u00e9lhet.<\/p>\n<p style=\"text-align: justify\">Ismerjen meg mindent a vese\u00e1t\u00fcltet\u00e9sr\u0151l! Besz\u00e9lgessen betegt\u00e1rsaival, akikkel az ambulanci\u00e1n tal\u00e1lkozik. Keresse a szerv\u00e1t\u00fcltetett betegek, Szerv\u00e1t\u00fcltetettek Sportegyes\u00fclet\u00e9t, akik seg\u00edtenek abban, hogy t\u00fcrelemmel v\u00e1rja a veseriad\u00f3t, \u00e9s tan\u00e1csokat adnak arra vonatkoz\u00f3an, hogy szervezete a lehet\u0151 legjobb \u00e1llapotban legyen a m\u0171t\u00e9t idej\u00e9re \u00e9s ut\u00e1na a fel\u00e9p\u00fcl\u00e9s is k\u00f6nnyebb legyen. A Transzplant\u00e1ci\u00f3s K\u00f6zpontok dolgoz\u00f3inak nagy t\u00f6bbs\u00e9ge Nyugat-Eur\u00f3p\u00e1ban kapott r\u00f6videbb-hosszabb ideig kik\u00e9pz\u00e9st, felk\u00e9sz\u00fcltek, \u00e9s vil\u00e1gsz\u00ednvonal\u00fa gondoz\u00e1st biztos\u00edtanak \u00d6nnek. \u00d6nnek hinnie kell ebben, saj\u00e1t mag\u00e1ban \u00e9s vese\u00e1t\u00fcltet\u00e9se siker\u00e9ben!<\/p>\n<p style=\"text-align: justify\">K\u00e9rem, hogy a k\u00f6vetkez\u0151 oldalakat figyelmesen tanulm\u00e1nyozza.<\/p>\n<p>Prof. Dr. J\u00e1ray Jen\u0151<\/p>\n<p>&nbsp;<\/p>\n<h3>K\u00d6SZ\u00d6NETNYILV\u00c1N\u00cdT\u00c1S<\/h3>\n<p>A Fujisawa GmbH k\u00f6sz\u00f6net\u00e9t fejezi ki a k\u00f6vetkez\u0151 szervezeteknek, ami\u00e9rt k\u00e9zik\u00f6nyv\u00fcket, t\u00e1j\u00e9koztat\u00f3jukat biztos\u00edtott\u00e1k e betegt\u00e1j\u00e9koztat\u00f3 f\u00fczet \u00f6ssze\u00e1ll\u00edt\u00e1s\u00e1hoz:<br \/>\nInternational Transplant Nurses Society, Pittsburgh, USA<br \/>\nNational Kidney Federation, Workshop, Anglia<br \/>\nUniversit\u00e4tsklinikum Rudolf Virchow, Berlin, N\u00e9metorsz\u00e1g<br \/>\nDialyse Patienten Deutschlands E.V., Mainz, N\u00e9metorsz\u00e1g<\/p>\n<ul>\n<li><a href=\"https:\/\/semmelweis.hu\/sebeszet\/szervatultetes\/a-veseatultetesrol\/a-vese\/\">A vese<\/a><\/li>\n<li><a href=\"https:\/\/semmelweis.hu\/transzplant\/szervatultetes\/tajekoztato-vesetranszplantalt-betegek-szamara\/veseatultetes\/\">Vese\u00e1t\u00fcltet\u00e9s<\/a><\/li>\n<li><a href=\"https:\/\/semmelweis.hu\/sebeszet\/szervatultetes\/a-veseatultetesrol\/egeszsegugyi-ellatas-a-korhazbol-valo-hazateres-utan\/\">Eg\u00e9szs\u00e9g\u00fcgyi ell\u00e1t\u00e1s a k\u00f3rh\u00e1z elhagy\u00e1sa ut\u00e1n<\/a><\/li>\n<li><a href=\"https:\/\/semmelweis.hu\/sebeszet\/szervatultetes\/a-veseatultetesrol\/elet-a-vesetranszplantacio-utan\/\">\u00c9let a vesetranszplant\u00e1ci\u00f3 ut\u00e1n<\/a><\/li>\n<li class=\"page_item page-item-7097 current_page_item\"><a href=\"https:\/\/semmelweis.hu\/sebeszet\/szervatultetes\/a-veseatultetesrol\/a-gyogyszerek-ellenorzo-listaja\/\">A gy\u00f3gyszerek ellen\u0151rz\u0151 list\u00e1ja<\/a><\/li>\n<li><a href=\"https:\/\/semmelweis.hu\/sebeszet\/szervatultetes\/a-veseatultetesrol\/immunszupressziv-kezeles-veseatultetes\/\">Immunszuppressz\u00edv kezel\u00e9s &#8211; vese\u00e1t\u00fcltet\u00e9s<\/a><\/li>\n<li><a href=\"https:\/\/semmelweis.hu\/sebeszet\/szervatultetes\/a-veseatultetesrol\/mutet-utani-szovodmenyek-veseatultetes\/\">M\u0171t\u00e9t ut\u00e1ni sz\u00f6v\u0151dm\u00e9nyek<\/a><\/li>\n<li><a href=\"https:\/\/semmelweis.hu\/sebeszet\/szervatultetes\/a-veseatultetesrol\/az-elodonor-veseatultetes-betegtajekoztatoja\/\">Az \u00e9l\u0151donoros vese\u00e1t\u00fcltet\u00e9s betegt\u00e1j\u00e9koztat\u00f3ja<\/a><\/li>\n<li><a href=\"https:\/\/semmelweis.hu\/sebeszet\/szervatultetes\/a-veseatultetesrol\/elodonorosszervfelajanlas\/\">\u00c9l\u0151donoros szervfelaj\u00e1nl\u00e1s<\/a><\/li>\n<li><a href=\"https:\/\/semmelweis.hu\/sebeszet\/szervatultetes\/a-veseatultetesrol\/szoszedet-veseatultetes\/\">Sz\u00f3szedet<\/a><\/li>\n<li><a href=\"https:\/\/semmelweis.hu\/sebeszet\/szervatultetes\/a-veseatultetesrol\/betegnaplo-minta-veseatultetes\/\">F\u00fcggel\u00e9k: Betegnapl\u00f3<\/a><\/li>\n<\/ul>\n<p>&nbsp;<\/p>\n<p>&nbsp;<\/p>\n","protected":false},"excerpt":{"rendered":"<p>T\u00e1j\u00e9koztat\u00f3 vesetranszplant\u00e1lt betegek sz\u00e1m\u00e1ra &#8211;\u00a0Az \u00e9let megy tov\u00e1bb! Tisztelt Olvas\u00f3!\u00a0Tisztelt \u00c9rintett Csal\u00e1d! Nemcsak \u00d6nt, mint \u00e9rintettet, de csal\u00e1dj\u00e1t, valamint k\u00f6zvetlen k\u00f6rnyezet\u00e9t is szeretn\u00e9m megsz\u00f3l\u00edtani. Ne titkolja el aggodalm\u00e1t, \u00e9rz\u00e9seit, esetleg f\u00e1jdalm\u00e1t csal\u00e1dja, bar\u00e1tai el\u0151tt. Egyed\u00fcl nehezebb elviselni a gondokat \u00e9s \u00f6r\u00fclni is jobb t\u00e1rsas\u00e1gban a sikernek. Kr\u00f3nikus betegs\u00e9g\u00e9nek gy\u00f3gy\u00edt\u00e1sa a szerv\u00e1t\u00fcltet\u00e9ssel \u00faj t\u00e1vlatokat nyit tov\u00e1bbi &hellip;<\/p>\n","protected":false},"author":101236,"featured_media":0,"parent":6996,"menu_order":2,"comment_status":"closed","ping_status":"closed","template":"","meta":{"_acf_changed":false,"footnotes":""},"categories":[],"tags":[],"class_list":["post-7000","page","type-page","status-publish","hentry"],"acf":[],"_links":{"self":[{"href":"https:\/\/semmelweis.hu\/sebeszet\/wp-json\/wp\/v2\/pages\/7000","targetHints":{"allow":["GET"]}}],"collection":[{"href":"https:\/\/semmelweis.hu\/sebeszet\/wp-json\/wp\/v2\/pages"}],"about":[{"href":"https:\/\/semmelweis.hu\/sebeszet\/wp-json\/wp\/v2\/types\/page"}],"author":[{"embeddable":true,"href":"https:\/\/semmelweis.hu\/sebeszet\/wp-json\/wp\/v2\/users\/101236"}],"replies":[{"embeddable":true,"href":"https:\/\/semmelweis.hu\/sebeszet\/wp-json\/wp\/v2\/comments?post=7000"}],"version-history":[{"count":3,"href":"https:\/\/semmelweis.hu\/sebeszet\/wp-json\/wp\/v2\/pages\/7000\/revisions"}],"predecessor-version":[{"id":8046,"href":"https:\/\/semmelweis.hu\/sebeszet\/wp-json\/wp\/v2\/pages\/7000\/revisions\/8046"}],"up":[{"embeddable":true,"href":"https:\/\/semmelweis.hu\/sebeszet\/wp-json\/wp\/v2\/pages\/6996"}],"wp:attachment":[{"href":"https:\/\/semmelweis.hu\/sebeszet\/wp-json\/wp\/v2\/media?parent=7000"}],"wp:term":[{"taxonomy":"category","embeddable":true,"href":"https:\/\/semmelweis.hu\/sebeszet\/wp-json\/wp\/v2\/categories?post=7000"},{"taxonomy":"post_tag","embeddable":true,"href":"https:\/\/semmelweis.hu\/sebeszet\/wp-json\/wp\/v2\/tags?post=7000"}],"curies":[{"name":"wp","href":"https:\/\/api.w.org\/{rel}","templated":true}]}}