{"id":6893,"date":"2021-11-10T10:47:17","date_gmt":"2021-11-10T09:47:17","guid":{"rendered":"https:\/\/semmelweis.hu\/sebeszet1\/?page_id=6893"},"modified":"2021-11-11T13:18:34","modified_gmt":"2021-11-11T12:18:34","slug":"jogi-nyilatkozat","status":"publish","type":"page","link":"https:\/\/semmelweis.hu\/sebeszet\/a-klinikarol\/a-baross-utcai-klinika-tortenete\/jogi-nyilatkozat\/","title":{"rendered":"Jogi nyilatkozat"},"content":{"rendered":"<p style=\"text-align: justify\">A Semmelweis Egyetem Transzpant\u00e1ci\u00f3s \u00e9s seb\u00e9szeti Klinika weboldal\u00e1n \u00e9s az onnan el\u00e9rhet\u0151 al-oldalakon tal\u00e1lhat\u00f3 \u00f6sszes dokumentum (\u00edr\u00e1sos, k\u00e9pi, prezent\u00e1ci\u00f3s, stb) a felt\u00fcntetett Szerz\u0151 szerz\u0151i jogi tulajdon\u00e1t k\u00e9pezi, amely jogr\u00f3l a Szerz\u0151 a weboldalon val\u00f3 k\u00f6zl\u00e9s c\u00e9lj\u00e1b\u00f3l &#8211; \u00e9s annak erej\u00e9ig &#8211; a Semmelweis Egyetem Transzplant\u00e1ci\u00f3s \u00e9s Seb\u00e9szeti Klinika r\u00e9sz\u00e9re lemondott.<\/p>\n<p style=\"text-align: justify\">Azon dokumentumok eset\u00e9ben, ahol Szerz\u0151 nincs felt\u0171ntetve, a szerz\u0151i jog minden esetben a Semmelweis Egyetem Transzplant\u00e1ci\u00f3s \u00e9s Seb\u00e9szeti Klinik\u00e1t illeti.<\/p>\n<p style=\"text-align: justify\">A honlapon tal\u00e1lhat\u00f3 b\u00e1rmely (\u00edr\u00e1sos, k\u00e9pi, prezent\u00e1ci\u00f3s, egy\u00e9b) dokumentum vagy ezek b\u00e1rmely r\u00e9szlet\u00e9nek \u00fczleti c\u00e9l\u00fa felhaszn\u00e1l\u00e1sa \u00e9s\/vagy \u00fajrak\u00f6zl\u00e9se ak\u00e1r nyomtatott ak\u00e1r elektronikus form\u00e1ban a Klinika \u00edr\u00e1sos hozz\u00e1j\u00e1rul\u00e1sa n\u00e9lk\u00fcl szigor\u00faan tilos \u00e9s a jelenleg Magyarosz\u00e1gon hat\u00e1lyos t\u00f6rv\u00e9nyekbe \u00fctk\u00f6zik.<\/p>\n<p>Minden jog fenntartva:<br \/>\nSemmelweis Egyetem Transzplant\u00e1ci\u00f3s \u00e9s Seb\u00e9szeti Klinika Igazgat\u00f3s\u00e1ga, 2005-2019<\/p>\n","protected":false},"excerpt":{"rendered":"<p>A Semmelweis Egyetem Transzpant\u00e1ci\u00f3s \u00e9s seb\u00e9szeti Klinika weboldal\u00e1n \u00e9s az onnan el\u00e9rhet\u0151 al-oldalakon tal\u00e1lhat\u00f3 \u00f6sszes dokumentum (\u00edr\u00e1sos, k\u00e9pi, prezent\u00e1ci\u00f3s, stb) a felt\u00fcntetett Szerz\u0151 szerz\u0151i jogi tulajdon\u00e1t k\u00e9pezi, amely jogr\u00f3l a Szerz\u0151 a weboldalon val\u00f3 k\u00f6zl\u00e9s c\u00e9lj\u00e1b\u00f3l &#8211; \u00e9s annak erej\u00e9ig &#8211; a Semmelweis Egyetem Transzplant\u00e1ci\u00f3s \u00e9s Seb\u00e9szeti Klinika r\u00e9sz\u00e9re lemondott. Azon dokumentumok eset\u00e9ben, ahol Szerz\u0151 &hellip;<\/p>\n","protected":false},"author":101236,"featured_media":0,"parent":6879,"menu_order":7,"comment_status":"closed","ping_status":"closed","template":"","meta":{"_acf_changed":false,"footnotes":""},"categories":[],"tags":[],"class_list":["post-6893","page","type-page","status-publish","hentry"],"acf":[],"_links":{"self":[{"href":"https:\/\/semmelweis.hu\/sebeszet\/wp-json\/wp\/v2\/pages\/6893","targetHints":{"allow":["GET"]}}],"collection":[{"href":"https:\/\/semmelweis.hu\/sebeszet\/wp-json\/wp\/v2\/pages"}],"about":[{"href":"https:\/\/semmelweis.hu\/sebeszet\/wp-json\/wp\/v2\/types\/page"}],"author":[{"embeddable":true,"href":"https:\/\/semmelweis.hu\/sebeszet\/wp-json\/wp\/v2\/users\/101236"}],"replies":[{"embeddable":true,"href":"https:\/\/semmelweis.hu\/sebeszet\/wp-json\/wp\/v2\/comments?post=6893"}],"version-history":[{"count":2,"href":"https:\/\/semmelweis.hu\/sebeszet\/wp-json\/wp\/v2\/pages\/6893\/revisions"}],"predecessor-version":[{"id":6918,"href":"https:\/\/semmelweis.hu\/sebeszet\/wp-json\/wp\/v2\/pages\/6893\/revisions\/6918"}],"up":[{"embeddable":true,"href":"https:\/\/semmelweis.hu\/sebeszet\/wp-json\/wp\/v2\/pages\/6879"}],"wp:attachment":[{"href":"https:\/\/semmelweis.hu\/sebeszet\/wp-json\/wp\/v2\/media?parent=6893"}],"wp:term":[{"taxonomy":"category","embeddable":true,"href":"https:\/\/semmelweis.hu\/sebeszet\/wp-json\/wp\/v2\/categories?post=6893"},{"taxonomy":"post_tag","embeddable":true,"href":"https:\/\/semmelweis.hu\/sebeszet\/wp-json\/wp\/v2\/tags?post=6893"}],"curies":[{"name":"wp","href":"https:\/\/api.w.org\/{rel}","templated":true}]}}