{"id":6889,"date":"2021-11-10T10:46:34","date_gmt":"2021-11-10T09:46:34","guid":{"rendered":"https:\/\/semmelweis.hu\/sebeszet1\/?page_id=6889"},"modified":"2021-11-11T13:12:55","modified_gmt":"2021-11-11T12:12:55","slug":"altalanos-tudnivalok","status":"publish","type":"page","link":"https:\/\/semmelweis.hu\/sebeszet\/a-klinikarol\/a-baross-utcai-klinika-tortenete\/altalanos-tudnivalok\/","title":{"rendered":"\u00c1ltal\u00e1nos tudnival\u00f3k"},"content":{"rendered":"<p style=\"text-align: justify\">A klinika megk\u00f6zel\u00edthet\u0151 a 3-as illetve 4-es metr\u00f3vonallal a K\u00e1lvin t\u00e9r vagy a Ferenc k\u00f6r\u00fat meg\u00e1ll\u00f3k fel\u0151l, a 9. aut\u00f3busszal, a 83. trolibusszal, a 47. \u00e9s 49. villamossal ugyancsak a K\u00e1lvin t\u00e9r fel\u0151l, illetve a 4. vagy a 6. villamossal a Baross utcai meg\u00e1ll\u00f3t\u00f3l.<\/p>\n<p style=\"text-align: justify\">Parkol\u00e1si lehet\u0151s\u00e9g az egyetem ter\u00fclet\u00e9n nincs.<\/p>\n<p style=\"text-align: justify\"><strong>Eg\u00e9szs\u00e9gv\u00e9delmi \u00e9s t\u0171zrend\u00e9szeti okok miatt a doh\u00e1nyz\u00e1s csak a kijel\u00f6lt helyeken \u00e9s csak a betegek sz\u00e1m\u00e1ra enged\u00e9lyezett!<\/strong><\/p>\n<p style=\"text-align: justify\">A klinika ter\u00fclet\u00e9n alkoholos italt fogyasztani, vagy ittas \u00e1llapotban tart\u00f3zkodni tilos. Az alkoholfogyaszt\u00e1s a klinik\u00e1r\u00f3l val\u00f3 azonnali elbocs\u00e1t\u00e1ssal j\u00e1r.<\/p>\n<p style=\"text-align: justify\">Az \u00f3ri\u00e1si k\u00f6lts\u00e9ggel, az \u00d6n\u00f6k p\u00e9nz\u00e9b\u0151l \u00e9p\u00fclt klinika tisztas\u00e1g\u00e1nak, \u00e1llag\u00e1nak \u00e9s \u00e9rt\u00e9keinek meg\u0151rz\u00e9se mindannyiunk k\u00f6z\u00f6s k\u00f6teless\u00e9ge, a rong\u00e1l\u00e1s\u00e9rt mindenki anyagi felel\u0151ss\u00e9ggel tartozik.<\/p>\n<p style=\"text-align: justify\">A klinika alkalmazottai n\u00e9vvel \u00e9s beoszt\u00e1ssal ell\u00e1tott kit\u0171z\u0151t hordanak. A klinik\u00e1t \u00e1lland\u00f3an biztons\u00e1gi szem\u00e9lyzet \u0151rzi. K\u00e9rj\u00fck, hogy csak a c\u00e9ljuknak megfelel\u0151 ter\u00fcleten tart\u00f3zkodjanak. Az illet\u00e9ktelen szem\u00e9lyeket a biztons\u00e1gi szolg\u00e1lat munkat\u00e1rsai a klinik\u00e1r\u00f3l elt\u00e1vol\u00edthatj\u00e1k.<\/p>\n<p style=\"text-align: justify\">Az ell\u00e1t\u00e1s\u00e1val, gy\u00f3gy\u00edt\u00e1s\u00e1val, \u00e1pol\u00e1s\u00e1val kapcsolatos panaszaikkal, javaslataikkal forduljanak az oszt\u00e1ly vezet\u0151j\u00e9hez, a klinika igazgat\u00f3j\u00e1hoz vagy helyetteseihez illetve az oszt\u00e1ly- vagy int\u00e9zetvezet\u0151 f\u0151n\u0151v\u00e9rhez.<\/p>\n<p style=\"text-align: justify\">T\u00e1voz\u00e1skor t\u00f6ltse ki a mell\u00e9kletk\u00e9nt kapott \u00e9rt\u00e9kel\u0151 k\u00e9rd\u0151\u00edvet, \u00e9s azt a betegruhat\u00e1rban sz\u00edveskedj\u00e9k leadni.<\/p>\n<p style=\"text-align: justify\">Minden jav\u00edt\u00f3 sz\u00e1nd\u00e9k\u00fa kritik\u00e1t, \u00e9szrev\u00e9telt, javaslatot \u00e9s t\u00e1mogat\u00e1st sz\u00edvesen vesz\u00fcnk.<\/p>\n<p style=\"text-align: justify\">A klinika szakmai l\u00e1togat\u00f3kat el\u0151zetes id\u0151pont-egyeztet\u00e9s ut\u00e1n fogad.<\/p>\n<p style=\"text-align: justify\"><strong>A klinika k\u00f6zponti telefonsz\u00e1ma: +36 1 267 6000<\/strong>. A k\u00f6zpont automatikusan kapcsol \u00e1t a m\u00e1sik 8 v\u00e1rosi vonal valamelyik\u00e9re.<\/p>\n<p style=\"text-align: justify\">Mindezekkel a szigor\u00fanak t\u0171n\u0151 int\u00e9zked\u00e9sekkel a betegek eg\u00e9szs\u00e9g\u00e9t, biztons\u00e1g\u00e1t, a klinika \u00e9s a betegek \u00e9rt\u00e9keit k\u00edv\u00e1njuk \u00f3vni, \u0151rizni. Vegy\u00e9k figyelembe azt, hogy a klinik\u00e1n v\u00e9gzett szerv\u00e1t\u00fcltet\u00e9sek k\u00fcl\u00f6nlegesen szigor\u00fa tisztas\u00e1gi \u00e9s egy\u00e9b rendszab\u00e1lyok alkalmaz\u00e1s\u00e1t teszik sz\u00fcks\u00e9gess\u00e9. Ez\u00e9rt ne tekints\u00e9k zaklat\u00e1snak az alkalmazottak vagy a biztons\u00e1gi szolg\u00e1lat embereinek figyelmeztet\u00e9s\u00e9t vagy utas\u00edt\u00e1sait.<\/p>\n<p style=\"text-align: justify\">Ha a feliratok ellen\u00e9re az int\u00e9zetben elt\u00e9ved, k\u00e9rje munkat\u00e1rsaink seg\u00edts\u00e9g\u00e9t!<\/p>\n<p style=\"text-align: justify\">K\u00e9rj\u00fck, seg\u00edtse tev\u00e9kenys\u00e9g\u00fcnket alap\u00edtv\u00e1nyunk t\u00e1mogat\u00e1s\u00e1val!<\/p>\n<h2 style=\"text-align: justify\">Alap\u00edtv\u00e1nyunk adatai:<\/h2>\n<table style=\"border-collapse: collapse;width: 100%\">\n<tbody>\n<tr>\n<td style=\"width: 50%\">N\u00e9v:<\/td>\n<td style=\"width: 50%\">Transzplant\u00e1ci\u00f3s \u00e9s Seb\u00e9szeti Klinika Alap\u00edtv\u00e1ny<\/td>\n<\/tr>\n<tr>\n<td style=\"width: 50%\">C\u00edm:<\/td>\n<td style=\"width: 50%\">1137 Budapest, Pozsonyi \u00fat 1. I.\/2.<\/td>\n<\/tr>\n<tr>\n<td style=\"width: 50%\">Banksz\u00e1mlasz\u00e1m:<\/td>\n<td style=\"width: 50%\">CIB Bank 10702404-27644407-51100005<\/td>\n<\/tr>\n<tr>\n<td style=\"width: 50%\">Ad\u00f3sz\u00e1m:<\/td>\n<td style=\"width: 50%\">18180853-1-41<\/td>\n<\/tr>\n<\/tbody>\n<\/table>\n<p>&nbsp;<\/p>\n","protected":false},"excerpt":{"rendered":"<p>A klinika megk\u00f6zel\u00edthet\u0151 a 3-as illetve 4-es metr\u00f3vonallal a K\u00e1lvin t\u00e9r vagy a Ferenc k\u00f6r\u00fat meg\u00e1ll\u00f3k fel\u0151l, a 9. aut\u00f3busszal, a 83. trolibusszal, a 47. \u00e9s 49. villamossal ugyancsak a K\u00e1lvin t\u00e9r fel\u0151l, illetve a 4. vagy a 6. villamossal a Baross utcai meg\u00e1ll\u00f3t\u00f3l. Parkol\u00e1si lehet\u0151s\u00e9g az egyetem ter\u00fclet\u00e9n nincs. Eg\u00e9szs\u00e9gv\u00e9delmi \u00e9s t\u0171zrend\u00e9szeti okok miatt &hellip;<\/p>\n","protected":false},"author":101236,"featured_media":0,"parent":6879,"menu_order":5,"comment_status":"closed","ping_status":"closed","template":"","meta":{"_acf_changed":false,"footnotes":""},"categories":[],"tags":[],"class_list":["post-6889","page","type-page","status-publish","hentry"],"acf":[],"_links":{"self":[{"href":"https:\/\/semmelweis.hu\/sebeszet\/wp-json\/wp\/v2\/pages\/6889","targetHints":{"allow":["GET"]}}],"collection":[{"href":"https:\/\/semmelweis.hu\/sebeszet\/wp-json\/wp\/v2\/pages"}],"about":[{"href":"https:\/\/semmelweis.hu\/sebeszet\/wp-json\/wp\/v2\/types\/page"}],"author":[{"embeddable":true,"href":"https:\/\/semmelweis.hu\/sebeszet\/wp-json\/wp\/v2\/users\/101236"}],"replies":[{"embeddable":true,"href":"https:\/\/semmelweis.hu\/sebeszet\/wp-json\/wp\/v2\/comments?post=6889"}],"version-history":[{"count":2,"href":"https:\/\/semmelweis.hu\/sebeszet\/wp-json\/wp\/v2\/pages\/6889\/revisions"}],"predecessor-version":[{"id":6908,"href":"https:\/\/semmelweis.hu\/sebeszet\/wp-json\/wp\/v2\/pages\/6889\/revisions\/6908"}],"up":[{"embeddable":true,"href":"https:\/\/semmelweis.hu\/sebeszet\/wp-json\/wp\/v2\/pages\/6879"}],"wp:attachment":[{"href":"https:\/\/semmelweis.hu\/sebeszet\/wp-json\/wp\/v2\/media?parent=6889"}],"wp:term":[{"taxonomy":"category","embeddable":true,"href":"https:\/\/semmelweis.hu\/sebeszet\/wp-json\/wp\/v2\/categories?post=6889"},{"taxonomy":"post_tag","embeddable":true,"href":"https:\/\/semmelweis.hu\/sebeszet\/wp-json\/wp\/v2\/tags?post=6889"}],"curies":[{"name":"wp","href":"https:\/\/api.w.org\/{rel}","templated":true}]}}