{"id":6885,"date":"2021-11-10T10:45:11","date_gmt":"2021-11-10T09:45:11","guid":{"rendered":"https:\/\/semmelweis.hu\/sebeszet1\/?page_id=6885"},"modified":"2021-11-11T13:12:02","modified_gmt":"2021-11-11T12:12:02","slug":"a-klinika-reszlegei","status":"publish","type":"page","link":"https:\/\/semmelweis.hu\/sebeszet\/a-klinikarol\/a-baross-utcai-klinika-tortenete\/a-klinika-reszlegei\/","title":{"rendered":"A klinika r\u00e9szlegei"},"content":{"rendered":"<h2 style=\"text-align: justify\">2.1. M\u00e9lyf\u00f6ldszint: (a liftek nyom\u00f3gombj\u00e1n &#8222;0&#8221;)<\/h2>\n<p style=\"text-align: justify\">A Baross utcai f\u0151bej\u00e1raton bel\u00e9pve jobb oldalon van a recepci\u00f3, a l\u00e1togat\u00f3 ruhat\u00e1r \u00e9s a j\u00e1r\u00f3betegek bejelentkez\u00e9s\u00e9re, ir\u00e1ny\u00edt\u00e1s\u00e1ra szolg\u00e1l\u00f3 sz\u00e1m\u00edt\u00f3g\u00e9pes munkahely. Ugyanezen a szinten az alkalmazottak sz\u00e1m\u00e1ra fenntartott helyis\u00e9gek \u00e9s a m\u0171k\u00f6d\u00e9shez tartoz\u00f3 egy\u00e9b kiszolg\u00e1l\u00f3 r\u00e9szlegek vannak. Az udvar fel\u0151li k\u00e9t bej\u00e1rat csak a ment\u0151 \u00e1ltal sz\u00e1ll\u00edtott betegek k\u00f6zleked\u00e9s\u00e9re szolg\u00e1l. Az \u00e9p\u00fclet k\u00e9t oldal\u00e1n l\u00e9v\u0151 bej\u00e1ratok a k\u00f6znapi forgalom el\u0151tt z\u00e1rva vannak; a k\u00e9t oldals\u00f3 l\u00e9pcs\u0151h\u00e1z helyett a bal oldali lifteket k\u00e9rj\u00fck haszn\u00e1lni.<\/p>\n<h2 style=\"text-align: justify\">2.2. Magasf\u00f6ldszint: (a liftek nyom\u00f3gombj\u00e1n &#8222;M&#8221;)<\/h2>\n<p style=\"text-align: justify\">Ide \u00e9s a magasabb emeletszintekre a bal oldali liftek egyik\u00e9vel juthatnak fel. Az \u00e9p\u00fclet jobb sz\u00e1rny\u00e1ban tal\u00e1lhat\u00f3 az EKG, a l\u00e9gz\u00e9sfunkci\u00f3, az endoszk\u00f3pos, a seb\u00e9szeti \u00e9s belgy\u00f3gy\u00e1szati vizsg\u00e1l\u00f3 helyis\u00e9gek. Ugyanitt tal\u00e1lhat\u00f3 a befekv\u0151 betegek r\u00e9sz\u00e9re szolg\u00e1l\u00f3 felv\u00e9teli iroda, a ruhat\u00e1r, az \u00e9rt\u00e9kmeg\u0151rz\u0151, a kism\u0171t\u00e9tek elv\u00e9gz\u00e9s\u00e9re alkalmas IV. m\u0171t\u0151, valamint a gy\u00f3gytorna helyis\u00e9g is.<\/p>\n<p style=\"text-align: justify\">Az \u00e9p\u00fclet bal sz\u00e1rny\u00e1ban helyezt\u00e9k el a klinikai gy\u00f3gyszert\u00e1rat, az izot\u00f3p- \u00e9s ultrahang-laborat\u00f3riumot, \u00e9s a radiol\u00f3giai r\u00e9szlegeket (hagyom\u00e1nyos r\u00f6ntgen, komputer tomogr\u00e1f [CT], angiogr\u00e1f [\u00e9rfest\u00e9ses vizsg\u00e1l\u00f3]).<\/p>\n<h2 style=\"text-align: justify\">2.3. Az 1. emelet: (a liftek nyom\u00f3gombj\u00e1n &#8222;1&#8221;)<\/h2>\n<p style=\"text-align: justify\">Az \u00e9p\u00fclet k\u00f6z\u00e9ps\u0151 r\u00e9sz\u00e9t a modern oktat\u00e1shoz sz\u00fcks\u00e9ges minden technikai berendez\u00e9ssel ell\u00e1tott tanterem foglalja el. A tanterem mellett tal\u00e1lhat\u00f3 a szervtranszplant\u00e1ci\u00f3k szervez\u00e9s\u00e9t, adminisztr\u00e1ci\u00f3j\u00e1t v\u00e9gz\u0151 koordin\u00e1torok irod\u00e1ja. Az \u00e9p\u00fclet jobb sz\u00e1rny\u00e1ban a Transzplant\u00e1ci\u00f3s Nefrol\u00f3giai r\u00e9szleg tal\u00e1lhat\u00f3, ahol a vese- \u00e9s a hasny\u00e1lmirigy + vese kombin\u00e1lt \u00e1t\u00fcltet\u00e9sben r\u00e9szes\u00fclt betegek teljes k\u00f6r\u0171 ell\u00e1t\u00e1sa t\u00f6rt\u00e9nik, bele\u00e9rtve a m\u0171t\u00e9t el\u0151tt vagy m\u0171t\u00e9t ut\u00e1n sz\u00fcks\u00e9gess\u00e9 v\u00e1l\u00f3 m\u0171vesekezel\u00e9st, belgy\u00f3gy\u00e1szati kezel\u00e9seket is. A bal oldali sz\u00e1rnyban a k\u00e9miai, biok\u00e9miai, a bakteriol\u00f3giai \u00e9s a virol\u00f3giai laborat\u00f3rium van.<\/p>\n<h2 style=\"text-align: justify\">2.4. A 2. emelet: (a liftek nyom\u00f3gombj\u00e1n &#8222;2&#8221;)<\/h2>\n<p style=\"text-align: justify\">Az \u00e9p\u00fclet k\u00e9t sz\u00e1rny\u00e1ban lev\u0151 Seb\u00e9szeti oszt\u00e1lyok k\u00f3rtermeiben r\u00e9szben az \u00e1ltal\u00e1nos vagy speci\u00e1lis seb\u00e9szeti beavatkoz\u00e1s miatt felvett betegeket, r\u00e9szben a m\u00e1j- \u00e9s vese\u00e1t\u00fcltet\u00e9sen \u00e1tesett betegeket l\u00e1tjuk el.<\/p>\n<p style=\"text-align: justify\">K\u00f6z\u00e9pen tal\u00e1lhat\u00f3 a Professzori iroda, a Titk\u00e1rs\u00e1g, a klinikavezet\u0151 f\u0151n\u0151v\u00e9r, az igazgat\u00f3helyettesek valamint az orvosok szob\u00e1i.<\/p>\n<h2 style=\"text-align: justify\">2.5. A 3.emelet: (a liftek nyom\u00f3gombj\u00e1n &#8222;3&#8221;)<\/h2>\n<p style=\"text-align: justify\">Ezen a szinten alak\u00edtott\u00e1k ki a h\u00e1rom m\u0171t\u0151t (I, II. III.), az aszeptikus \u00e9s a szeptikus intenz\u00edv oszt\u00e1lyokat \u00e9s a k\u00f6zponti steriliz\u00e1l\u00f3 helyis\u00e9geit.<\/p>\n<h2 style=\"text-align: justify\">2.6. Az 1., a 2., \u00e9s a 3. kieg\u00e9sz\u00edt\u0151 szint: (a liftek nyom\u00f3gombj\u00e1n &#8222;A&#8221;, &#8222;B&#8221;, &#8222;C&#8221;)<\/h2>\n<p style=\"text-align: justify\">E szinteken csak a szem\u00e9lyzet \u00e1ltal haszn\u00e1lt helyis\u00e9gek tal\u00e1lhat\u00f3k, a betegek \u00e9s l\u00e1togat\u00f3k sz\u00e1m\u00e1ra z\u00e1rt ter\u00fclet.<\/p>\n<p style=\"text-align: justify\">Az els\u0151 \u00e9s a m\u00e1sodik emelet udvar fel\u0151li folyos\u00f3in k\u00f6z\u00e9pen \u00e9s a fekv\u0151beteg oszt\u00e1lyok folyos\u00f3inak v\u00e9g\u00e9n a l\u00e1togat\u00f3k fogad\u00e1s\u00e1ra alkalmas t\u00e1rsalg\u00f3kat alak\u00edtottunk ki.<\/p>\n","protected":false},"excerpt":{"rendered":"<p>2.1. M\u00e9lyf\u00f6ldszint: (a liftek nyom\u00f3gombj\u00e1n &#8222;0&#8221;) A Baross utcai f\u0151bej\u00e1raton bel\u00e9pve jobb oldalon van a recepci\u00f3, a l\u00e1togat\u00f3 ruhat\u00e1r \u00e9s a j\u00e1r\u00f3betegek bejelentkez\u00e9s\u00e9re, ir\u00e1ny\u00edt\u00e1s\u00e1ra szolg\u00e1l\u00f3 sz\u00e1m\u00edt\u00f3g\u00e9pes munkahely. Ugyanezen a szinten az alkalmazottak sz\u00e1m\u00e1ra fenntartott helyis\u00e9gek \u00e9s a m\u0171k\u00f6d\u00e9shez tartoz\u00f3 egy\u00e9b kiszolg\u00e1l\u00f3 r\u00e9szlegek vannak. Az udvar fel\u0151li k\u00e9t bej\u00e1rat csak a ment\u0151 \u00e1ltal sz\u00e1ll\u00edtott betegek k\u00f6zleked\u00e9s\u00e9re &hellip;<\/p>\n","protected":false},"author":101236,"featured_media":0,"parent":6879,"menu_order":3,"comment_status":"closed","ping_status":"closed","template":"","meta":{"_acf_changed":false,"footnotes":""},"categories":[],"tags":[],"class_list":["post-6885","page","type-page","status-publish","hentry"],"acf":[],"_links":{"self":[{"href":"https:\/\/semmelweis.hu\/sebeszet\/wp-json\/wp\/v2\/pages\/6885","targetHints":{"allow":["GET"]}}],"collection":[{"href":"https:\/\/semmelweis.hu\/sebeszet\/wp-json\/wp\/v2\/pages"}],"about":[{"href":"https:\/\/semmelweis.hu\/sebeszet\/wp-json\/wp\/v2\/types\/page"}],"author":[{"embeddable":true,"href":"https:\/\/semmelweis.hu\/sebeszet\/wp-json\/wp\/v2\/users\/101236"}],"replies":[{"embeddable":true,"href":"https:\/\/semmelweis.hu\/sebeszet\/wp-json\/wp\/v2\/comments?post=6885"}],"version-history":[{"count":2,"href":"https:\/\/semmelweis.hu\/sebeszet\/wp-json\/wp\/v2\/pages\/6885\/revisions"}],"predecessor-version":[{"id":6906,"href":"https:\/\/semmelweis.hu\/sebeszet\/wp-json\/wp\/v2\/pages\/6885\/revisions\/6906"}],"up":[{"embeddable":true,"href":"https:\/\/semmelweis.hu\/sebeszet\/wp-json\/wp\/v2\/pages\/6879"}],"wp:attachment":[{"href":"https:\/\/semmelweis.hu\/sebeszet\/wp-json\/wp\/v2\/media?parent=6885"}],"wp:term":[{"taxonomy":"category","embeddable":true,"href":"https:\/\/semmelweis.hu\/sebeszet\/wp-json\/wp\/v2\/categories?post=6885"},{"taxonomy":"post_tag","embeddable":true,"href":"https:\/\/semmelweis.hu\/sebeszet\/wp-json\/wp\/v2\/tags?post=6885"}],"curies":[{"name":"wp","href":"https:\/\/api.w.org\/{rel}","templated":true}]}}