{"id":6883,"date":"2021-11-10T10:44:46","date_gmt":"2021-11-10T09:44:46","guid":{"rendered":"https:\/\/semmelweis.hu\/sebeszet1\/?page_id=6883"},"modified":"2023-04-06T11:57:38","modified_gmt":"2023-04-06T09:57:38","slug":"a-klinika-tortenete","status":"publish","type":"page","link":"https:\/\/semmelweis.hu\/sebeszet\/a-klinikarol\/a-baross-utcai-klinika-tortenete\/a-klinika-tortenete\/","title":{"rendered":"A klinika t\u00f6rt\u00e9nete"},"content":{"rendered":"<p style=\"text-align: justify\">Klinik\u00e1nk el\u0151zm\u00e9nyei t\u00f6bb mint k\u00e9t \u00e9vsz\u00e1zadra ny\u00falnak vissza.\u00a0Az 1808\/09-es tan\u00e9vben Elm\u00e9leti Seb\u00e9szeti Tansz\u00e9k n\u00e9ven kezd\u0151d\u00f6tt seb\u00e9szeti oktat\u00e1s 1812-ig Eckstein J\u00e1nos, majd 1814 \u00e9s 1847 k\u00f6z\u00f6tt Veleczky J\u00e1nos vezet\u00e9s\u00e9vel a Hatvani utc\u00e1ban.<\/p>\n<p style=\"text-align: justify\">Kiss Istv\u00e1n, a Baross utcai Klinika (akkori nev\u00e9n II. sz\u00e1m\u00fa seb\u00e9szeti klinika) \u00e9p\u00edt\u00e9sze, els\u0151k\u00e9nt kapott a M\u0171egyetemen \u00e9p\u00edt\u00e9szdiplom\u00e1t 1880. febru\u00e1r 27-\u00e9n. M\u00e1r fiatalon az igazs\u00e1g\u00fcgyi miniszt\u00e9rium h\u00e1zi \u00e9p\u00edt\u0151je lett \u00e9s r\u00f6vidre szabott \u00e9lete folyam\u00e1n sz\u00e1mos jelent\u0151s \u00e9p\u00fcletet tervezett, melyek t\u00f6bbs\u00e9ge ma m\u00e1r Magyarorsz\u00e1g hat\u00e1rain k\u00edv\u00fcl esik. Budapesten a legt\u00f6bb megval\u00f3sult \u00e9p\u00fclete k\u00f3rh\u00e1z, de \u00e9p\u00edtett n\u00e9h\u00e1ny mag\u00e1nh\u00e1zat is.<\/p>\n<p style=\"text-align: justify\">Az el\u0151zetes terveket Kiss m\u00e9g 1893-ban, a n\u0151gy\u00f3gy\u00e1szati klinik\u00e1val p\u00e1rhuzamosan k\u00e9sz\u00edtette, melynek homlokzata er\u0151teljesen hasonl\u00f3s\u00e1got mutat ezzel az \u00e9p\u00fclettel. A seb\u00e9szeti klinika r\u00e9szletterveinek kidolgoz\u00e1s\u00e1val 1898 j\u00falius\u00e1ban b\u00edzt\u00e1k meg. Kiss olasz renesz\u00e1nsz st\u00edlus\u00fa, nyerst\u00e9gla bor\u00edt\u00e1s\u00fa k\u00f3rh\u00e1zat tervezett, melyet a Baross utcai f\u0151homlokzaton terrakott\u00e1val d\u00edsz\u00edtett. Az \u00e9p\u00edtkez\u00e9s 1899. j\u00falius 15-\u00e9n kezd\u0151d\u00f6tt, az \u00e9p\u00edt\u00e9svezet\u0151 ism\u00e9t Schoditsch Lajos \u00e9s Rupp Frigyes volt, a kivitelez\u00e9st szint\u00e9n M\u00e9sz\u00e1ros J\u00e1nos \u00e9s Gerstenberger Emil c\u00e9ge v\u00e9gezte.<\/p>\n<p style=\"text-align: justify\">Az \u00e9p\u00fcletre 1900. j\u00fanius 23-\u00e1n ker\u00fclt fel a tet\u0151, ekkor tartott\u00e1k a bokr\u00e9ta\u00fcnnepet, melyen a korm\u00e1ny k\u00e9pvisel\u0151i is r\u00e9szt vettek. Kiss k\u00f6sz\u00f6nt\u0151j\u00e9ben \u00f6r\u00f6m\u00e9t fejezte ki, hogy az \u00e9p\u00fclet az \u00e1ltala nem is rem\u00e9lt kivitelben k\u00e9sz\u00fcl.<\/p>\n<p style=\"text-align: justify\">A n\u00e9gyszintes \u00e9p\u00fclet minden tekintetben megfelelt a gy\u00f3gy\u00edt\u00e1s XX. sz\u00e1zadi k\u00f6vetelm\u00e9nyeinek. K\u00fcl\u00f6n \u00e9p\u00fcletr\u00e9szbe helyezt\u00e9k a k\u00f3rtermeket, a tan\u00edt\u00e1sra \u00e9s a m\u0171t\u00e9tekre szolg\u00e1l\u00f3 helyis\u00e9geket. A jobboldali sz\u00e1rnyban a n\u0151i betegek, a bal oldaliban a f\u00e9rfi betegek kaptak helyet, k\u00f6z\u00e9pen volt az iskolai r\u00e9sz. Ezen bel\u00fcl volt a nagym\u00e9ret\u0171 gyakorlati oktat\u00f3 m\u0171t\u0151terem \u2013 a szomsz\u00e9dos n\u0151gy\u00f3gy\u00e1szati klinik\u00e1hoz hasonl\u00f3 megold\u00e1sokkal: k\u00f6zel 10 m\u00e9teres belmagass\u00e1ggal rendelkezett, a terem h\u00e1rom oldal\u00e1n elhelyezett \u00fcl\u00e9ssor 220\u2013240 hallgat\u00f3t volt k\u00e9pes befogadni \u00e9s egyszerre ak\u00e1r k\u00e9t m\u0171t\u00e9tet is lehetett itt v\u00e9gezni.<\/p>\n<p style=\"text-align: justify\">A megvil\u00e1g\u00edt\u00e1st nappal a mennyezeti \u00e9s a Baross utc\u00e1ra n\u00e9z\u0151 hatalmas ablak \u2013 melyn\u00e9l a f\u00e9nyt hom\u00e1lyos t\u00fckr\u00f6kkel tomp\u00edtott\u00e1k \u2013, este 32 \u00edvl\u00e1mpa \u00e9s 15 fali \u00e9s f\u00fcgg\u0151l\u00e1mpa biztos\u00edtotta. Volt a k\u00f6z\u00e9ps\u0151 r\u00e9szben tov\u00e1bb\u00e1 egy elm\u00e9leti oktat\u00f3terem, valamint olyan is, ahol a j\u00e1r\u00f3 betegek m\u0171t\u00e9teit v\u00e9gezhett\u00e9k, de a k\u00e9nyesebb m\u0171t\u00e9tek sz\u00e1m\u00e1ra is kialak\u00edtottak kisebb helyis\u00e9get, ide kevesebb hallgat\u00f3 f\u00e9rt be. Elk\u00fcl\u00f6n\u00fclt tov\u00e1bb\u00e1 a s\u00fcrg\u0151ss\u00e9gi ell\u00e1t\u00e1s \u00e9s a bentlak\u00f3 orvosok, \u00e1pol\u00f3k lak\u00e1sai. Volt k\u00f6nyvt\u00e1r, laborat\u00f3rium, m\u00fazeum \u00e9s R\u00f6ntgen-szoba is. A k\u00f3rh\u00e1zi r\u00e9szen 132 fekv\u0151betegnek jutott hely, de sz\u00fcks\u00e9g eset\u00e9n ennek az \u00e1gysz\u00e1mnak a dupl\u00e1j\u00e1t is el tudt\u00e1k helyezni.<\/p>\n<p style=\"text-align: justify\">A munk\u00e1latokkal 1901 okt\u00f3ber\u00e9ben v\u00e9geztek, s novemberben megindult a j\u00e1r\u00f3beteg-ell\u00e1t\u00e1s \u00e9s a betegfelv\u00e9tel. \u201eMegtal\u00e1ljuk klinik\u00e1nk \u00faj \u00e9p\u00fclet\u00e9ben mindazt, mi a sebeszet gyakorl\u00e1s\u00e1ra \u00e9s tan\u00edt\u00e1s\u00e1ra, a betegek helyes \u00e1pol\u00e1s\u00e1ra \u00e9s ell\u00e1t\u00e1s\u00e1ra a mai fogalmak szerint sz\u00fcks\u00e9ges, s megtal\u00e1ljuk benne mindazt, mi a sebeszet tudom\u00e1nyos m\u0171vel\u00e9s\u00e9re megk\u00edv\u00e1nhat\u00f3. Beoszt\u00e1s\u00e1val s berendez\u00e9s\u00e9vel megfelel a klinika modern fogalm\u00e1nak\u201d \u2013 mondta R\u00e9czey Imre, a II. seb\u00e9szeti klinika igazgat\u00f3ja megnyit\u00f3besz\u00e9d\u00e9ben. A klinika 1902. janu\u00e1r 27-\u00e9n tartott hivatalos megnyit\u00f3j\u00e1n azonban a tervez\u0151 m\u00e1r nem lehetett jelen. <em>(<a href=\"https:\/\/pestbuda.hu\/cikk\/20220504_az_elso_muegyetemi_epiteszdiploma_birtokosanak_budapesti_epuletei\">forr\u00e1s<\/a>)<\/em><\/p>\n<p style=\"text-align: justify\">1851\u22121879 k\u00f6z\u00f6tt Stockinger Tam\u00e1s K\u00f3rodai El\u0151k\u00e9sz\u00edt\u0151 Seb\u00e9szet Tansz\u00e9k n\u00e9ven vezette az int\u00e9zetet imm\u00e1ron a Szent R\u00f3kus K\u00f3rh\u00e1zban. Lumniczer S\u00e1ndor kinevez\u00e9s\u00e9vel 1880-ban v\u00e1lt II. sz. Seb\u00e9szeti Klinik\u00e1v\u00e1 \u00e9s ker\u00fclt alaposan \u00e1tszervez\u00e9sre az int\u00e9zm\u00e9ny, mely v\u00e9g\u00fcl 1902-ben k\u00f6lt\u00f6z\u00f6tt a Baross utc\u00e1ba. Igazgat\u00f3 egyetemi tan\u00e1rok: Lumniczer S\u00e1ndor 1880\u22121892, R\u00e9czey Imre 1892\u22121913, Kuzmik P\u00e1l 1914\u22121926, Bakay Lajos, 1926\u22121946, \u00c1d\u00e1m Lajos 1946, Sebesty\u00e9n Gyula 1948\u22121954, Rub\u00e1nyi P\u00e1l 1954\u22121957 \u00e9s 1959\u22121963, Klimk\u00f3 Dezs\u0151 1957\u22121959, Mester Endre 1963\u22121974, Stefanics J\u00e1nos 1974\u22121978. Ekkor a II. sz. Seb\u00e9szeti Klinika az Istv\u00e1n K\u00f3rh\u00e1zba k\u00f6lt\u00f6z\u00f6tt.<\/p>\n<p style=\"text-align: justify\">1978 \u00e9s 1985 k\u00f6z\u00f6tt a h\u00e1z adott otthont a Manninger Jen\u0151 professzor \u00e1ltal vezetett Orsz\u00e1gos Traumatol\u00f3giai Int\u00e9zetnek, ekkor jelent\u0151s rekonstrukci\u00f3 is t\u00f6rt\u00e9nt az \u00e9p\u00fclet korszer\u0171s\u00edt\u00e9se \u00e9rdek\u00e9ben. Ezt k\u00f6vet\u0151en \u00e9veken \u00e1t kihaszn\u00e1latlanul, \u00fcresen \u00e1llt az \u00e9p\u00fclet.<\/p>\n<p style=\"text-align: justify\">A rendszerv\u00e1lt\u00e1s k\u00f6r\u00fcl sz\u00fcletett meg a d\u00f6nt\u00e9s, hogy itt Transzplant\u00e1ci\u00f3s \u00e9s Seb\u00e9szeti Klinika l\u00e9tes\u00fcl. Az \u00e1t\u00e9p\u00edt\u00e9s 1988-ban kezd\u0151d\u00f6tt, majd a klinik\u00e1t 1994-ben adt\u00e1k \u00e1t rendeltet\u00e9s\u00e9nek. Az \u00f3ri\u00e1si k\u00f6lts\u00e9ggel rendbe hozott \u00e9p\u00fclet meg\u0151rizte eredeti sz\u00e9ps\u00e9g\u00e9t, bel\u00fcl pedig a legkorszer\u0171bb k\u00f6vetelm\u00e9nyeknek is megfelel. H\u00e1rom l\u00e9gkond\u00edcion\u00e1lt m\u0171t\u0151, radiol\u00f3giai r\u00e9szleg, izot\u00f3plaborat\u00f3rium, ultrahang-vizsg\u00e1l\u00f3, endoszk\u00f3pos egys\u00e9g, k\u00f6zponti laborat\u00f3rium, sz\u00e1m\u00edt\u00f3g\u00e9pes h\u00e1l\u00f3zat, tanterem, korszer\u0171 oktat\u00e1si felszerel\u00e9sek, komfortos 1\u22125 \u00e1gyas szob\u00e1k \u00e1lnak a betegek \u00e9s hallgat\u00f3k rendelkez\u00e9s\u00e9re. A 12 \u00e1gyas intenz\u00edv oszt\u00e1ly mellett seb\u00e9szeti \u00e9s transzplant\u00e1ci\u00f3s \u00e1gyak teszik ki a 88 \u00e1gyat.<\/p>\n<p style=\"text-align: justify\">A szerv\u00e1t\u00fcltet\u00e9seken k\u00edv\u00fcl m\u00e1s, az \u00e1ltal\u00e1nos \u00e9s egyes speci\u00e1lis seb\u00e9szet k\u00f6r\u00e9be tartoz\u00f3 beavatkoz\u00e1sok is t\u00f6rt\u00e9nnek (pl. endokrin seb\u00e9szet, m\u00e1jm\u0171t\u00e9tek, gastrointestinalis beavatkoz\u00e1sok).<\/p>\n<p style=\"text-align: justify\"><strong>A klinika igazgat\u00f3i:<\/strong><br \/>\nDr. Perner Ferenc 1990\u22122002<br \/>\nDr. J\u00e1ray Jen\u0151 2003\u22122009<br \/>\nDr. Langer R\u00f3bert 2009-2014<br \/>\nDr. M\u00e1th\u00e9 Zolt\u00e1n 2014-t\u0151l<\/p>\n<p style=\"text-align: center\">\u00a0<\/p>\n","protected":false},"excerpt":{"rendered":"<p>Klinik\u00e1nk el\u0151zm\u00e9nyei t\u00f6bb mint k\u00e9t \u00e9vsz\u00e1zadra ny\u00falnak vissza.\u00a0Az 1808\/09-es tan\u00e9vben Elm\u00e9leti Seb\u00e9szeti Tansz\u00e9k n\u00e9ven kezd\u0151d\u00f6tt seb\u00e9szeti oktat\u00e1s 1812-ig Eckstein J\u00e1nos, majd 1814 \u00e9s 1847 k\u00f6z\u00f6tt Veleczky J\u00e1nos vezet\u00e9s\u00e9vel a Hatvani utc\u00e1ban. Kiss Istv\u00e1n, a Baross utcai Klinika (akkori nev\u00e9n II. sz\u00e1m\u00fa seb\u00e9szeti klinika) \u00e9p\u00edt\u00e9sze, els\u0151k\u00e9nt kapott a M\u0171egyetemen \u00e9p\u00edt\u00e9szdiplom\u00e1t 1880. febru\u00e1r 27-\u00e9n. M\u00e1r fiatalon az &hellip;<\/p>\n","protected":false},"author":101236,"featured_media":0,"parent":6879,"menu_order":2,"comment_status":"closed","ping_status":"closed","template":"","meta":{"_acf_changed":false,"footnotes":""},"categories":[],"tags":[],"class_list":["post-6883","page","type-page","status-publish","hentry"],"acf":[],"_links":{"self":[{"href":"https:\/\/semmelweis.hu\/sebeszet\/wp-json\/wp\/v2\/pages\/6883","targetHints":{"allow":["GET"]}}],"collection":[{"href":"https:\/\/semmelweis.hu\/sebeszet\/wp-json\/wp\/v2\/pages"}],"about":[{"href":"https:\/\/semmelweis.hu\/sebeszet\/wp-json\/wp\/v2\/types\/page"}],"author":[{"embeddable":true,"href":"https:\/\/semmelweis.hu\/sebeszet\/wp-json\/wp\/v2\/users\/101236"}],"replies":[{"embeddable":true,"href":"https:\/\/semmelweis.hu\/sebeszet\/wp-json\/wp\/v2\/comments?post=6883"}],"version-history":[{"count":10,"href":"https:\/\/semmelweis.hu\/sebeszet\/wp-json\/wp\/v2\/pages\/6883\/revisions"}],"predecessor-version":[{"id":7928,"href":"https:\/\/semmelweis.hu\/sebeszet\/wp-json\/wp\/v2\/pages\/6883\/revisions\/7928"}],"up":[{"embeddable":true,"href":"https:\/\/semmelweis.hu\/sebeszet\/wp-json\/wp\/v2\/pages\/6879"}],"wp:attachment":[{"href":"https:\/\/semmelweis.hu\/sebeszet\/wp-json\/wp\/v2\/media?parent=6883"}],"wp:term":[{"taxonomy":"category","embeddable":true,"href":"https:\/\/semmelweis.hu\/sebeszet\/wp-json\/wp\/v2\/categories?post=6883"},{"taxonomy":"post_tag","embeddable":true,"href":"https:\/\/semmelweis.hu\/sebeszet\/wp-json\/wp\/v2\/tags?post=6883"}],"curies":[{"name":"wp","href":"https:\/\/api.w.org\/{rel}","templated":true}]}}