{"id":6881,"date":"2021-11-10T10:43:48","date_gmt":"2021-11-10T09:43:48","guid":{"rendered":"https:\/\/semmelweis.hu\/sebeszet1\/?page_id=6881"},"modified":"2023-04-06T12:25:14","modified_gmt":"2023-04-06T10:25:14","slug":"a-klinika-bemutatasa","status":"publish","type":"page","link":"https:\/\/semmelweis.hu\/sebeszet\/a-klinikarol\/a-baross-utcai-klinika-tortenete\/a-klinika-bemutatasa\/","title":{"rendered":"A klinika bemutat\u00e1sa"},"content":{"rendered":"<p class=\"jobbsav\" style=\"text-align: justify\">A Seb\u00e9szeti, Transzplant\u00e1ci\u00f3s \u00e9s Gasztroenterol\u00f3giai Klinika az Eur\u00f3pai Seb\u00e9szt\u00e1rsas\u00e1g (European Board of Surgery) Transzplant\u00e1ci\u00f3s Szekci\u00f3ja (UEMS-EBS, Section of Transplantation Surgery) \u00e9s az Eurotransplant \u00e1ltal nemzetk\u00f6zileg akkredit\u00e1lt eur\u00f3pai transzplant\u00e1ci\u00f3s seb\u00e9szeti kik\u00e9pz\u0151 k\u00f6zpont.<\/p>\n<p class=\"jobbsav\" style=\"text-align: justify\">Tev\u00e9kenys\u00e9g\u00fcnk speci\u00e1lis ter\u00fclete a szerv\u00e1t\u00fcltet\u00e9s (vese, m\u00e1j, kombin\u00e1lt vese- hasny\u00e1lmirigy, valamint hasny\u00e1lmirigy szigetsejt) \u00e9s ezekkel kapcsolatos hat\u00e1rter\u00fcletek. 2014-ben az Eurotransplant nyolc eur\u00f3pai tagorsz\u00e1g\u00e1nak transzplant\u00e1ci\u00f3s centrumait \u00f6sszehasonl\u00edt\u00f3 adatai alapj\u00e1n a Seb\u00e9szeti, Transzplant\u00e1ci\u00f3s \u00e9s Gasztroenterol\u00f3giai Klinik\u00e1n v\u00e9gezt\u00e9k el a legt\u00f6bb vese\u00e1t\u00fcltet\u00e9st, a m\u00e1j\u00e1t\u00fcltet\u00e9sek k\u00f6z\u00f6tt pedig az \u00f6t\u00f6dik helyet \u00e9rt\u00fck el. Klinik\u00e1nk az \u00e9lvonalba tartozik a hasi szervek transzplant\u00e1ci\u00f3ja ter\u00fclet\u00e9n.<\/p>\n<p class=\"jobbsav\" style=\"text-align: justify\">Klinik\u00e1nkon speci\u00e1lisan k\u00e9pzett alkalmazottak \u00e1llnak a betegek rendelkez\u00e9s\u00e9re. Ell\u00e1tjuk az \u00e1ltal\u00e1nos hasi seb\u00e9szet minden ter\u00fclet\u00e9t, kiemelten foglalkozunk a daganatos betegek kezel\u00e9s\u00e9vel \u00e9s ut\u00f3gondoz\u00e1s\u00e1val, a bels\u0151 elv\u00e1laszt\u00e1s\u00fa mirigyek (mell\u00e9kvese, pajzsmirigy, mell\u00e9kpajzsmirigy) betegs\u00e9geinek seb\u00e9szeti kezel\u00e9s\u00e9vel. T\u00f6bb szerven a m\u0171t\u00e9teket minim\u00e1l invaziv (laparoszk\u00f3pos) m\u00f3dszerrel is v\u00e9gezz\u00fck (epe, mell\u00e9kvese, vese, stb.) E nagy lehet\u0151s\u00e9gek el\u0151tt \u00e1ll\u00f3 ter\u00fcleten folyamatos profilb\u0151v\u00edt\u00e9st tervez\u00fcnk. Lehet\u0151s\u00e9g\u00fcnk van az eml\u0151 ultrahangos \u00e9s r\u00f6ntgen (mammogr\u00e1fi\u00e1s) vizsg\u00e1lat\u00e1ra, ultrahang- \u00e9s r\u00f6ntgenvez\u00e9relt (sztereotaxi\u00e1s) sz\u00f6vettani mintav\u00e9telre, a nem tapinthat\u00f3 elv\u00e1ltoz\u00e1sok jel\u00f6l\u00e9s\u00e9re. Klinik\u00e1nkon v\u00e1llaljuk a sz\u00f6v\u0151dm\u00e9nyes epe\u00fati betegs\u00e9gek \u00e9s m\u00e1jdaganatok seb\u00e9szei korrekci\u00f3j\u00e1t, gy\u00f3gy\u00edt\u00e1s\u00e1t.<\/p>\n<p class=\"jobbsav\" style=\"text-align: justify\">Szakk\u00e9pzett munkat\u00e1rsaink foglalkoznak a szerv\u00e1t\u00fcltet\u00e9s ut\u00e1n a betegek gondoz\u00e1s\u00e1val, a belgy\u00f3gy\u00e1szati vese- \u00e9s m\u00e1jbetegek kivizsg\u00e1l\u00e1s\u00e1val, kezel\u00e9s\u00e9vel, bele\u00e9rtve az \u00fagynevezett \u00e9l\u0151 donorok kivizsg\u00e1l\u00e1s\u00e1t is.<\/p>\n<p class=\"jobbsav\" style=\"text-align: justify\">A j\u00e1r\u00f3beteg-rendel\u00e9sen lehet\u0151s\u00e9g van a speci\u00e1lis szakrendel\u00e9seken k\u00edv\u00fcl endoszk\u00f3pos, ultrahangos, angiogr\u00e1fi\u00e1s \u00e9s sz\u00e1m\u00edt\u00f3g\u00e9pes r\u00e9tegvizsg\u00e1latok (CT) elv\u00e9gz\u00e9s\u00e9re, tan\u00e1csad\u00e1sra (di\u00e9ta, gy\u00f3gytorna, stomakezel\u00e9s) is. Az ambul\u00e1ns m\u0171t\u0151 alkalmas kism\u0171t\u00e9tekre, diagnosztikus pr\u00f3bakimetsz\u00e9sekre, a m\u0171vese kezel\u00e9shez sz\u00fcks\u00e9ges arterioven\u00f3zus \u00e9r\u00f6sszek\u00f6ttet\u00e9s k\u00e9pz\u00e9s\u00e9re. Diagnosztikus r\u00e9szleg\u00fcnk felk\u00e9sz\u00fclt t\u0171biopszi\u00e1k, \u00e9s ultrahangvez\u00e9relt beavatkoz\u00e1sok v\u00e9gz\u00e9s\u00e9re is.<\/p>\n<p class=\"jobbsav\" style=\"text-align: justify\">A klinik\u00e1n magyarul, angolul \u00e9s n\u00e9met\u00fcl oktatunk IV-V. \u00e9ves medikusokat \u00e1ltal\u00e1nos seb\u00e9szetb\u0151l (tantermi el\u0151ad\u00e1s \u00e9s seb\u00e9szetb\u0151l beteg\u00e1gy melletti kiscsoportos gyakorlat). Tov\u00e1bb\u00e1 r\u00e9szt vesz\u00fcnk a posztgradu\u00e1lis szakorvosk\u00e9pz\u00e9sben a seb\u00e9szet, a radiol\u00f3gia, az aneszteziol\u00f3gia \u00e9s intenz\u00edv ter\u00e1pia illetve a nefrol\u00f3gia ter\u00fclet\u00e9n.<\/p>\n<p class=\"jobbsav\" style=\"text-align: justify\">A klinik\u00e1n jelent\u0151s kutat\u00f3munka is folyik, els\u0151sorban a transzplant\u00e1ci\u00f3, de az \u00e1ltal\u00e1nos seb\u00e9szet ter\u00fclet\u00e9n is. Hazai \u00e9s nemzetk\u00f6zi tudom\u00e1nyos f\u00f3rumokon minden \u00e9vben sikeresen szerepel\u00fcnk, rendszeresen publik\u00e1lunk hazai \u00e9s nemzetk\u00f6zi tudom\u00e1nyos szaklapokban. A klinika PhD Iskol\u00e1j\u00e1ban sz\u00e1mos hallgat\u00f3 szerzett fokozatot.<\/p>\n<p class=\"jobbsav\" style=\"text-align: justify\">2015 okt\u00f3bere \u00f3ta a klinika transzplant\u00e1ci\u00f3s \u00e9s seb\u00e9szeti tev\u00e9kenys\u00e9ge ISO 9001 Min\u0151s\u00e9gbiztos\u00edt\u00e1s \u00e1ltal akkredit\u00e1lt.<\/p>\n<p class=\"jobbsav\" style=\"text-align: justify\">Arch\u00edv cikkek:<br \/>\n2014\/09\/11 &#8211; <a href=\"https:\/\/semmelweis.hu\/hirek\/2014\/09\/11\/dr-mathe-zoltan-a-transzplantacio-csapatmunka\/\" target=\"_blank\" rel=\"noopener noreferrer\">Dr. M\u00e1th\u00e9 Zolt\u00e1n: a transzplant\u00e1ci\u00f3 csapatmunka<\/a><br \/>\n2014\/10\/10 &#8211; <a href=\"https:\/\/semmelweis.hu\/hirek\/2014\/10\/10\/ugrasszeruen-megnott-a-szervatultetesek-szama-a-semmelweis-egyetemen\/\" target=\"_blank\" rel=\"noopener noreferrer\">Ugr\u00e1sszer\u0171en megn\u0151tt a szerv\u00e1t\u00fcltet\u00e9sek sz\u00e1ma a Semmelweis Egyetemen<\/a><br \/>\n2015\/01\/15 &#8211; <a href=\"https:\/\/semmelweis.hu\/hirek\/2015\/01\/15\/vesetranszplantacio-elso-helyen-europaban-a-semmelweis-egyetem-transzplantacios-es-sebeszeti-klinikaja\/\" target=\"_blank\" rel=\"noopener noreferrer\">Vesetranszplant\u00e1ci\u00f3 \u2013 els\u0151 helyen Eur\u00f3p\u00e1ban a Semmelweis Egyetem Transzplant\u00e1ci\u00f3s \u00e9s Seb\u00e9szeti Klinik\u00e1ja<\/a><br \/>\n2015\/03\/02 &#8211; <a href=\"https:\/\/semmelweis.hu\/hirek\/2015\/03\/02\/veralvadast-segito-eszkozt-kapott-a-transzplantacios-klinika\/\" target=\"_blank\" rel=\"noopener noreferrer\">V\u00e9ralvad\u00e1st seg\u00edt\u0151 eszk\u00f6zt kapott a Transzplant\u00e1ci\u00f3s Klinika<\/a><br \/>\n2015\/03\/27 &#8211; <a href=\"https:\/\/semmelweis.hu\/hirek\/2015\/04\/01\/20-eves-a-hazai-majtranszplantacio-jubileumi-ules-a-transzplantacios-es-sebeszeti-klinikan\/\" target=\"_blank\" rel=\"noopener noreferrer\">20 \u00e9ves a hazai m\u00e1jtranszplant\u00e1ci\u00f3 \u2013 jubileumi \u00fcl\u00e9s a Transzplant\u00e1ci\u00f3s \u00e9s Seb\u00e9szeti Klinik\u00e1n<\/a><br \/>\n2017\/11\/30 &#8211; <a href=\"https:\/\/semmelweis.hu\/hirek\/2017\/11\/30\/80-szuletesnapjan-koszontottek-dr-perner-ferencet\/\">80. SZ\u00dcLET\u00c9SNAPJ\u00c1N K\u00d6SZ\u00d6NT\u00d6TT\u00c9K DR. PERNER FERENCET<\/a><\/p>\n","protected":false},"excerpt":{"rendered":"<p>A Seb\u00e9szeti, Transzplant\u00e1ci\u00f3s \u00e9s Gasztroenterol\u00f3giai Klinika az Eur\u00f3pai Seb\u00e9szt\u00e1rsas\u00e1g (European Board of Surgery) Transzplant\u00e1ci\u00f3s Szekci\u00f3ja (UEMS-EBS, Section of Transplantation Surgery) \u00e9s az Eurotransplant \u00e1ltal nemzetk\u00f6zileg akkredit\u00e1lt eur\u00f3pai transzplant\u00e1ci\u00f3s seb\u00e9szeti kik\u00e9pz\u0151 k\u00f6zpont. Tev\u00e9kenys\u00e9g\u00fcnk speci\u00e1lis ter\u00fclete a szerv\u00e1t\u00fcltet\u00e9s (vese, m\u00e1j, kombin\u00e1lt vese- hasny\u00e1lmirigy, valamint hasny\u00e1lmirigy szigetsejt) \u00e9s ezekkel kapcsolatos hat\u00e1rter\u00fcletek. 2014-ben az Eurotransplant nyolc eur\u00f3pai tagorsz\u00e1g\u00e1nak transzplant\u00e1ci\u00f3s &hellip;<\/p>\n","protected":false},"author":101236,"featured_media":0,"parent":6879,"menu_order":1,"comment_status":"closed","ping_status":"closed","template":"","meta":{"_acf_changed":false,"footnotes":""},"categories":[],"tags":[],"class_list":["post-6881","page","type-page","status-publish","hentry"],"acf":[],"_links":{"self":[{"href":"https:\/\/semmelweis.hu\/sebeszet\/wp-json\/wp\/v2\/pages\/6881","targetHints":{"allow":["GET"]}}],"collection":[{"href":"https:\/\/semmelweis.hu\/sebeszet\/wp-json\/wp\/v2\/pages"}],"about":[{"href":"https:\/\/semmelweis.hu\/sebeszet\/wp-json\/wp\/v2\/types\/page"}],"author":[{"embeddable":true,"href":"https:\/\/semmelweis.hu\/sebeszet\/wp-json\/wp\/v2\/users\/101236"}],"replies":[{"embeddable":true,"href":"https:\/\/semmelweis.hu\/sebeszet\/wp-json\/wp\/v2\/comments?post=6881"}],"version-history":[{"count":6,"href":"https:\/\/semmelweis.hu\/sebeszet\/wp-json\/wp\/v2\/pages\/6881\/revisions"}],"predecessor-version":[{"id":7931,"href":"https:\/\/semmelweis.hu\/sebeszet\/wp-json\/wp\/v2\/pages\/6881\/revisions\/7931"}],"up":[{"embeddable":true,"href":"https:\/\/semmelweis.hu\/sebeszet\/wp-json\/wp\/v2\/pages\/6879"}],"wp:attachment":[{"href":"https:\/\/semmelweis.hu\/sebeszet\/wp-json\/wp\/v2\/media?parent=6881"}],"wp:term":[{"taxonomy":"category","embeddable":true,"href":"https:\/\/semmelweis.hu\/sebeszet\/wp-json\/wp\/v2\/categories?post=6881"},{"taxonomy":"post_tag","embeddable":true,"href":"https:\/\/semmelweis.hu\/sebeszet\/wp-json\/wp\/v2\/tags?post=6881"}],"curies":[{"name":"wp","href":"https:\/\/api.w.org\/{rel}","templated":true}]}}