{"id":6832,"date":"2021-11-10T08:43:01","date_gmt":"2021-11-10T07:43:01","guid":{"rendered":"https:\/\/semmelweis.hu\/sebeszet1\/?page_id=6832"},"modified":"2026-03-19T08:40:29","modified_gmt":"2026-03-19T07:40:29","slug":"transzplantacios-es-sebeszeti-klinika-alapitvany","status":"publish","type":"page","link":"https:\/\/semmelweis.hu\/sebeszet\/alapitvany\/transzplantacios-es-sebeszeti-klinika-alapitvany\/","title":{"rendered":"Transzplant\u00e1ci\u00f3s \u00e9s Seb\u00e9szeti Klinika Alap\u00edtv\u00e1ny"},"content":{"rendered":"<p style=\"text-align: justify\">A <strong>Transzplant\u00e1ci\u00f3s \u00e9s Seb\u00e9szeti Klinika<\/strong> Alap\u00edtv\u00e1ny c\u00e9lja a szervtranszplant\u00e1lt betegek \u00e9s a klinika \u00e1ltal kezelt egy\u00e9b betegek ell\u00e1t\u00e1s\u00e1nak jav\u00edt\u00e1sa \u00e9s a gy\u00f3gy\u00edt\u00e1s felt\u00e9teleinek jobb\u00edt\u00e1sa, \u00faj gy\u00f3gy\u00edt\u00f3 elj\u00e1r\u00e1sok bevezet\u00e9s\u00e9nek t\u00e1mogat\u00e1sa, valamint eg\u00e9szs\u00e9gnevel\u00e9s, eg\u00e9szs\u00e9g\u00fcgyi felvil\u00e1gos\u00edt\u00f3 munka, eg\u00e9szs\u00e9g\u00fcgyi oktat\u00e1s, eg\u00e9szs\u00e9g\u00fcgyi szakk\u00e9pz\u00e9s, eg\u00e9szs\u00e9g\u00fcgyi szervez\u00e9s \u00e9s tudom\u00e1nyos munka t\u00e1mogat\u00e1sa, a szervtranszplant\u00e1lt betegek \u00e9rdek\u00e9ben t\u00f6rt\u00e9n\u0151 klinikai kutat\u00e1sok v\u00e9gz\u00e9se \u00e9s v\u00e9geztet\u00e9se, rehabilit\u00e1ci\u00f3j\u00e1nak seg\u00edts\u00e9ge, eg\u00e9szs\u00e9g\u00fcgyi karbantart\u00e1sa \u00e9s optimaliz\u00e1l\u00e1sa, tov\u00e1bb\u00e1 a szerv\u00e1t\u00fcltet\u00e9sre v\u00e1r\u00f3 betegek optim\u00e1lis kivizsg\u00e1l\u00e1s\u00e1nak seg\u00edt\u00e9se, \u00e9l\u0151donoros szerv\u00e1t\u00fcltet\u00e9si program t\u00e1mogat\u00e1sa \u00e9s felvil\u00e1gos\u00edt\u00f3 \u00e9s szakmai seg\u00edt\u0151 tev\u00e9kenys\u00e9g adott betegcsoportokban a szerv\u00e1t\u00fcltet\u00e9sre szorul\u00f3 betegek szakszer\u0171 felkutat\u00e1s\u00e1hoz. A c\u00e9l megval\u00f3s\u00edt\u00e1s\u00e1t seg\u00edt\u0151 eszk\u00f6z\u00f6k felkutat\u00e1sa, \u00faj ismeretek megszerz\u00e9se, t\u00e1mogat\u00e1sok ig\u00e9nybev\u00e9tele \u00e9s ny\u00fajt\u00e1sa.<\/p>\n<p style=\"text-align: center\"><strong>Kiv\u00e9teles \u00f6r\u00f6m\u00fcnkre szolg\u00e1lna, ha szem\u00e9lyi j\u00f6vedelemad\u00f3j\u00e1nak 1%-\u00e1val<br \/>\nvagy b\u00e1rmilyen m\u00e9rt\u00e9k\u0171 felaj\u00e1nl\u00e1s\u00e1val a Transzplant\u00e1ci\u00f3s \u00e9s<br \/>\nSeb\u00e9szeti Klinika Alap\u00edtv\u00e1ny\u00e1t t\u00e1mogatn\u00e1.<\/strong><\/p>\n<p style=\"text-align: center\">Sz\u00edves t\u00e1mogat\u00e1sukat k\u00f6sz\u00f6nj\u00fck!<\/p>\n<p style=\"text-align: justify\">C\u00edm:<strong> 1082 Budapest, Baross u. 23-25.<\/strong><\/p>\n<p style=\"text-align: justify\">Ad\u00f3sz\u00e1m: <strong>18180853-1-42<\/strong><\/p>\n<p style=\"text-align: justify\">Sz\u00e1mlasz\u00e1m: <strong>CIB Bank 10702404-27644407-51100005<\/strong><\/p>\n<p><img loading=\"lazy\" decoding=\"async\" class=\"size-medium wp-image-6921 alignright\" src=\"https:\/\/semmelweis.hu\/sebeszet\/files\/2021\/11\/1-300x208.jpg\" alt=\"\" width=\"300\" height=\"208\" srcset=\"https:\/\/semmelweis.hu\/sebeszet\/files\/2021\/11\/1-300x208.jpg 300w, https:\/\/semmelweis.hu\/sebeszet\/files\/2021\/11\/1-175x120.jpg 175w, https:\/\/semmelweis.hu\/sebeszet\/files\/2021\/11\/1.jpg 587w\" sizes=\"auto, (max-width: 300px) 100vw, 300px\" \/><\/p>\n<p style=\"text-align: justify\">\u00a0\u201eMi nem \u00fczletb\u0151l csin\u00e1ljuk, amit csin\u00e1lunk. Hanem mi megtanultuk azt, hogy a Szentl\u00e9lek a maga szeretete meg a b\u00f6lcsess\u00e9ge szerint adja az aj\u00e1nd\u00e9kait, \u00e9s nek\u00fcnk a gy\u00f3gy\u00edt\u00e1s aj\u00e1nd\u00e9k\u00e1t adta. Nem f\u00f6lt\u00e9tlen\u00fcl csodat\u00e9telt. De megadta azt a k\u00e9pess\u00e9get \u00e9s \u00e9rz\u00e9ket, hogy belen\u00e9z\u00fcnk a betegnek a szem\u00e9be, \u00e9s megl\u00e1tjuk, mi a baja, vagy az els\u0151 pr\u00f3b\u00e1lkoz\u00e1sra j\u00f3 a diagn\u00f3zisunk, \u00e9s j\u00f3 gy\u00f3gyszert tudunk adni.\u201d (Szent Kozma \u00e9s Damj\u00e1n)<\/p>\n<p style=\"text-align: justify\">Az alap\u00edtv\u00e1ny k\u00f6zhaszn\u00fa tev\u00e9kenys\u00e9gei:<\/p>\n<ul>\n<li style=\"text-align: justify\">betegs\u00e9gmegel\u0151z\u00e9s<\/li>\n<li style=\"text-align: justify\">fekv\u0151betegek \u00e9s j\u00e1r\u00f3betegek r\u00e9sz\u00e9re gy\u00f3gy\u00edt\u00f3-, eg\u00e9szs\u00e9g\u00fcgyi rehabilit\u00e1ci\u00f3s tev\u00e9kenys\u00e9gek<\/li>\n<li style=\"text-align: justify\">betegek eg\u00e9szs\u00e9g\u00fcgyi ell\u00e1t\u00e1s\u00e1t el\u0151seg\u00edt\u0151 (orvostechnikai) \u00e9s egy\u00e9b eszk\u00f6z\u00f6k, berendez\u00e9sek megszerz\u00e9se<\/li>\n<li style=\"text-align: justify\">nevel\u00e9s \u00e9s oktat\u00e1s, k\u00e9pz\u00e9sfejleszt\u00e9s, ismeretterjeszt\u00e9s<\/li>\n<li style=\"text-align: justify\">tudom\u00e1nyos kutat\u00f3munka v\u00e9gz\u00e9se, tanulm\u00e1nyutak, kongresszusok szervez\u00e9se, az azokon val\u00f3 r\u00e9szv\u00e9tel<\/li>\n<li style=\"text-align: justify\">betegek r\u00e9sz\u00e9re kiadv\u00e1nyok, k\u00f6nyvek, sz\u00f3r\u00f3lapok, betegt\u00e1j\u00e9koztat\u00f3k, valamint oktat\u00e1si-, tudom\u00e1nyos-, audiovizu\u00e1lis anyagok kiad\u00e1sa, beszerz\u00e9se<\/li>\n<li style=\"text-align: justify\">j\u00f3t\u00e9konys\u00e1gi akci\u00f3k szervez\u00e9se, ilyen akci\u00f3kban val\u00f3 r\u00e9szv\u00e9tel<\/li>\n<li style=\"text-align: justify\">eg\u00e9szs\u00e9g\u00fcgyi dolgoz\u00f3k munkafelt\u00e9teleinek jav\u00edt\u00e1sa<\/li>\n<\/ul>\n","protected":false},"excerpt":{"rendered":"<p>A Transzplant\u00e1ci\u00f3s \u00e9s Seb\u00e9szeti Klinika Alap\u00edtv\u00e1ny c\u00e9lja a szervtranszplant\u00e1lt betegek \u00e9s a klinika \u00e1ltal kezelt egy\u00e9b betegek ell\u00e1t\u00e1s\u00e1nak jav\u00edt\u00e1sa \u00e9s a gy\u00f3gy\u00edt\u00e1s felt\u00e9teleinek jobb\u00edt\u00e1sa, \u00faj gy\u00f3gy\u00edt\u00f3 elj\u00e1r\u00e1sok bevezet\u00e9s\u00e9nek t\u00e1mogat\u00e1sa, valamint eg\u00e9szs\u00e9gnevel\u00e9s, eg\u00e9szs\u00e9g\u00fcgyi felvil\u00e1gos\u00edt\u00f3 munka, eg\u00e9szs\u00e9g\u00fcgyi oktat\u00e1s, eg\u00e9szs\u00e9g\u00fcgyi szakk\u00e9pz\u00e9s, eg\u00e9szs\u00e9g\u00fcgyi szervez\u00e9s \u00e9s tudom\u00e1nyos munka t\u00e1mogat\u00e1sa, a szervtranszplant\u00e1lt betegek \u00e9rdek\u00e9ben t\u00f6rt\u00e9n\u0151 klinikai kutat\u00e1sok v\u00e9gz\u00e9se \u00e9s v\u00e9geztet\u00e9se, rehabilit\u00e1ci\u00f3j\u00e1nak &hellip;<\/p>\n","protected":false},"author":101236,"featured_media":0,"parent":6829,"menu_order":2,"comment_status":"closed","ping_status":"closed","template":"","meta":{"_acf_changed":false,"footnotes":""},"categories":[],"tags":[],"class_list":["post-6832","page","type-page","status-publish","hentry"],"acf":[],"_links":{"self":[{"href":"https:\/\/semmelweis.hu\/sebeszet\/wp-json\/wp\/v2\/pages\/6832","targetHints":{"allow":["GET"]}}],"collection":[{"href":"https:\/\/semmelweis.hu\/sebeszet\/wp-json\/wp\/v2\/pages"}],"about":[{"href":"https:\/\/semmelweis.hu\/sebeszet\/wp-json\/wp\/v2\/types\/page"}],"author":[{"embeddable":true,"href":"https:\/\/semmelweis.hu\/sebeszet\/wp-json\/wp\/v2\/users\/101236"}],"replies":[{"embeddable":true,"href":"https:\/\/semmelweis.hu\/sebeszet\/wp-json\/wp\/v2\/comments?post=6832"}],"version-history":[{"count":10,"href":"https:\/\/semmelweis.hu\/sebeszet\/wp-json\/wp\/v2\/pages\/6832\/revisions"}],"predecessor-version":[{"id":9567,"href":"https:\/\/semmelweis.hu\/sebeszet\/wp-json\/wp\/v2\/pages\/6832\/revisions\/9567"}],"up":[{"embeddable":true,"href":"https:\/\/semmelweis.hu\/sebeszet\/wp-json\/wp\/v2\/pages\/6829"}],"wp:attachment":[{"href":"https:\/\/semmelweis.hu\/sebeszet\/wp-json\/wp\/v2\/media?parent=6832"}],"wp:term":[{"taxonomy":"category","embeddable":true,"href":"https:\/\/semmelweis.hu\/sebeszet\/wp-json\/wp\/v2\/categories?post=6832"},{"taxonomy":"post_tag","embeddable":true,"href":"https:\/\/semmelweis.hu\/sebeszet\/wp-json\/wp\/v2\/tags?post=6832"}],"curies":[{"name":"wp","href":"https:\/\/api.w.org\/{rel}","templated":true}]}}