{"id":6814,"date":"2021-11-10T08:21:04","date_gmt":"2021-11-10T07:21:04","guid":{"rendered":"https:\/\/semmelweis.hu\/sebeszet1\/?page_id=6814"},"modified":"2024-09-09T13:13:31","modified_gmt":"2024-09-09T11:13:31","slug":"pruefungsfragen","status":"publish","type":"page","link":"https:\/\/semmelweis.hu\/sebeszet\/de\/unterricht\/vi-jahrgang\/pruefungsfragen\/","title":{"rendered":"Pr\u00fcfungsfragen"},"content":{"rendered":"<p style=\"text-align: center\"><span style=\"font-size: 24pt\"><strong>Themenkatalog<\/strong><\/span><\/p>\n<p style=\"text-align: center\"><span style=\"font-size: 18pt\"><strong>Chirurgie PJ<\/strong><\/span><\/p>\n<p>&nbsp;<\/p>\n<p><strong>ALLGEMEINCHIRURGISCHE THEMEN<\/strong><\/p>\n<ol>\n<li>WUNDARTEN, PRINZIPIEN DER WUNDVERSORGUNG<\/li>\n<li>WEICHTEIL INFEKTIONEN, WUNDINFEKTION, NPWT, ANTIBIOTISCHE PROPHYLAXE<\/li>\n<li>OP-INDIKATIONEN, -KONTRAINDIKATIONEN, -ZUGANGSWEGE<\/li>\n<li>PR\u00c4OPERATIVE VERSORGUNG, ERAS, PR\u00c4HABILITATION, PERIOPERATIVE ERN\u00c4HRUNG<\/li>\n<li>POSTOPERATIVE VERSORGUNG, POSTOPERATIVE KOMPLIKATIONEN<\/li>\n<li>CHIRURGISCHE ONKOLOGIE (Grundbegriffe, TNM-Stadien, neoadjuvante und adjuvante onkologische Behandlung, Onko-Team)<\/li>\n<li>MINIMALINVASIVE CHIRURGIE (Relevanz, Techniken)<\/li>\n<li>TRANSPLANTATION (Grundbegriffe, Hirntod, Indikationen, Immunsuppression)<\/li>\n<li>K\u00dcNSTLICHE DARMAUSG\u00c4NGE, STOMATA (Typen, Indikationen)<\/li>\n<li>BLUTUNGSARTEN, BLUTUNGSSTILLUNG, TRANSFUSION<\/li>\n<li>THROMBEMBOLIE, PROPHYLAXE<\/li>\n<li>CHIRURGISCHE DIAGNOSTIK (Physikalische Untersuchung, Labor, Bildgebende Untersuchungen), INTERVENTIONEN (Endoskopie, US\/CT-gesteuerte Eingriffe)<\/li>\n<li>ANATOMIE DER ABDOMINELLEN VISZERALEN GEF\u00c4SSE<\/li>\n<\/ol>\n<p>&nbsp;<\/p>\n<p><strong>ORGANSPEZIFISCHE THEMEN<\/strong><\/p>\n<ol>\n<li>NEBENNIERE \u2013 ERKRANKUNGEN, CHIRURGISCHE KONSEQUENZEN<\/li>\n<li>BENIGNE SCHILDDR\u00dcSENERKRANKUNGEN (Symptome, Diagnostik, Behandlung)<\/li>\n<li>MALIGNE ERKRANKUNGEN DER SCHILDDR\u00dcSE (Symptome, Diagnostik, Behandlung)<\/li>\n<li>CHIRURGISCHE ERKRANKUNGEN DER NEBENSCHILDDR\u00dcSEN\u00a0 (Symptome, Diagnostik, Behandlung)<\/li>\n<li>BENIGNE ERKRANKUNGEN DES \u00d6SOPHAGUS (ACHALASIE, DIVERTIKEL, HIATUS HERNIE, GERD), DIAGNOSTIK UND THERAPIE<\/li>\n<li>MALIGNE ERKRANKUNGEN DES \u00d6SOPHAGUS, DIAGNOSTIK UND THERAPIE<\/li>\n<li>MAGEN- UND DUODENUM-ULCERA, SYMPTOMATIK, KOMPLIKATIONEN<\/li>\n<li>MAGENTUMOR (Symptome, Diagnostik, Behandlung)<\/li>\n<li>CHOLECYSTOLITHIASIS, CHOLEDOCHOLITHIASIS (Symptome, Diagnostik, Behandlung)<\/li>\n<li>CHOLELITHIASIS (Komplikationen, Versorgung)<\/li>\n<li>MALIGNE ERKRANKUNGEN DER GALLENWEGE UND DER GALLENBLASE<\/li>\n<li>BENIGNE LEBERTUMORE (Symptome, Differentialdagnostik, Behandlung)<\/li>\n<li>PRIM\u00c4RE UND METASTATISCHE LEBERTUMORE (Symptome, Diagnostik, Behandlung)<\/li>\n<li>AKUTE UND CHRONISCHE PANKREATITIS (Symptome, Diagnostik, Komplikationen, Behandlung)<\/li>\n<li>MALIGNE PANKREAS-TUMORE (Symptome, Diagnostik, radikale und palliative bzw. operative und interventionelle Behandlungen)<\/li>\n<li>COLORECTALE POLYPEN, POLYPOSIS SYNDROME (Symptome, Diagnostik, Behandlung)<\/li>\n<li>ANORECTALE TUMORE (Symptome, Diagnostik, Behandlung)<\/li>\n<li>COLON-TUMORE (Symptome, Diagnostik, Behandlung)<\/li>\n<li>COLON-DIVERTICULOSIS, -DIVERTICULITIS<\/li>\n<li>M. CROHN &#8211; CHIRURGISCHE KONSEQUENZEN<\/li>\n<li>COLITIS ULCEROSA &#8211; CHIRURGISCHE KONSEQUENZEN<\/li>\n<li>BENIGNE ERKRANKUNGEN DES ANORECTUMS (H\u00e4morrhoiden, perianale Fistel, Analfissur, anorectale Abszesse)<\/li>\n<li>PERITONITIS (Symptomatik, \u00c4thiologien, Diagnostik, Behandlung, Hohlorganperforationen)<\/li>\n<li>ILEUS (Formen, Symptome, Diagnostik, Therapie)<\/li>\n<li>AKUTE APPENDIZITIS (Symptome, Differentialdagnostik, Behandlung)<\/li>\n<li>AKUTE UND CHRONISCHE INTESTINALE ISCH\u00c4MIE<\/li>\n<li>OBERE GI-BLUTUNGEN, SYMPTOME, \u00c4THIOLOGIEN, THERAPIE<\/li>\n<li>UNTERE GI-BLUTUNGEN, SYMPTOME, \u00c4THIOLOGIEN, THERAPIE<\/li>\n<li>INGUINALE UND FEMORALE HERNIEN (Definition, Anatomie, Symptomatik, Therapie)<\/li>\n<li>BAUCHWAND- UND SELTENE HERNIEN (Definition, Anatomie, Symptomatik, Therapie)<\/li>\n<li>CHIRURGISCHE RELEVANZ DER MILZ, CHIRURGIE VON RETROPERITONEALEN L\u00c4SIONEN<\/li>\n<li>MAMMA-KARZINOM (Symptome, Diagnostik, Behandlung)<\/li>\n<li>BENIGNE BRUSTERKRANKUNGEN, REKONSTRUKTIONS-M\u00d6GLICHKEITEN<\/li>\n<li>BARIATRISCHE CHIRURGIE<\/li>\n<\/ol>\n<p>&nbsp;<\/p>\n<p style=\"text-align: center\">&#8212; Indem Sie <strong><a href=\"https:\/\/semmelweis.hu\/sebeszet\/files\/2024\/09\/6.-eves-nemet-tetelsor-2024_1.pdf\">HIER<\/a><\/strong> klicken, k\u00f6nnen Sie die Themenkatalog herunterladen. &#8212;<\/p>\n<p>&nbsp;<\/p>\n<p><strong>Praktische Anforderungen f\u00fcr die Pr\u00fcfung:<\/strong><\/p>\n<p><strong>\u00a0<\/strong><\/p>\n<p>Ganzer K\u00f6rper physikalische Untersuchung, insb. abdominellen Status erheben<\/p>\n<p>Rektal-digitale Untersuchung<\/p>\n<p>periphere Arterien Doppler-Uuntersuchung<\/p>\n<p>Blutabnahme, iv., im., sc. Injektionen Verabreichen<\/p>\n<p>Allgemeinchirurgische Instrumente erkennen<\/p>\n<p>Wundversorgung, Wunden beschreiben k\u00f6nnen<\/p>\n<p>Diverse Nahttechniken erkennen, N\u00e4hte entfernen<\/p>\n<p>Drainagen handhaben, entfernen<\/p>\n<p>Dokumentation f\u00fchren<\/p>\n<p>Einwaschen<\/p>\n<p>Sterilit\u00e4tsregel, Isoliereung<\/p>\n<p>&nbsp;<\/p>\n<p>&nbsp;<\/p>\n","protected":false},"excerpt":{"rendered":"<p>Themenkatalog Chirurgie PJ &nbsp; ALLGEMEINCHIRURGISCHE THEMEN WUNDARTEN, PRINZIPIEN DER WUNDVERSORGUNG WEICHTEIL INFEKTIONEN, WUNDINFEKTION, NPWT, ANTIBIOTISCHE PROPHYLAXE OP-INDIKATIONEN, -KONTRAINDIKATIONEN, -ZUGANGSWEGE PR\u00c4OPERATIVE VERSORGUNG, ERAS, PR\u00c4HABILITATION, PERIOPERATIVE ERN\u00c4HRUNG POSTOPERATIVE VERSORGUNG, POSTOPERATIVE KOMPLIKATIONEN CHIRURGISCHE ONKOLOGIE (Grundbegriffe, TNM-Stadien, neoadjuvante und adjuvante onkologische Behandlung, Onko-Team) MINIMALINVASIVE CHIRURGIE (Relevanz, Techniken) TRANSPLANTATION (Grundbegriffe, Hirntod, Indikationen, Immunsuppression) K\u00dcNSTLICHE DARMAUSG\u00c4NGE, STOMATA (Typen, Indikationen) BLUTUNGSARTEN, BLUTUNGSSTILLUNG, &hellip;<\/p>\n","protected":false},"author":101236,"featured_media":0,"parent":6812,"menu_order":0,"comment_status":"closed","ping_status":"closed","template":"","meta":{"_acf_changed":false,"footnotes":""},"categories":[],"tags":[],"class_list":["post-6814","page","type-page","status-publish","hentry"],"acf":[],"_links":{"self":[{"href":"https:\/\/semmelweis.hu\/sebeszet\/wp-json\/wp\/v2\/pages\/6814","targetHints":{"allow":["GET"]}}],"collection":[{"href":"https:\/\/semmelweis.hu\/sebeszet\/wp-json\/wp\/v2\/pages"}],"about":[{"href":"https:\/\/semmelweis.hu\/sebeszet\/wp-json\/wp\/v2\/types\/page"}],"author":[{"embeddable":true,"href":"https:\/\/semmelweis.hu\/sebeszet\/wp-json\/wp\/v2\/users\/101236"}],"replies":[{"embeddable":true,"href":"https:\/\/semmelweis.hu\/sebeszet\/wp-json\/wp\/v2\/comments?post=6814"}],"version-history":[{"count":4,"href":"https:\/\/semmelweis.hu\/sebeszet\/wp-json\/wp\/v2\/pages\/6814\/revisions"}],"predecessor-version":[{"id":8775,"href":"https:\/\/semmelweis.hu\/sebeszet\/wp-json\/wp\/v2\/pages\/6814\/revisions\/8775"}],"up":[{"embeddable":true,"href":"https:\/\/semmelweis.hu\/sebeszet\/wp-json\/wp\/v2\/pages\/6812"}],"wp:attachment":[{"href":"https:\/\/semmelweis.hu\/sebeszet\/wp-json\/wp\/v2\/media?parent=6814"}],"wp:term":[{"taxonomy":"category","embeddable":true,"href":"https:\/\/semmelweis.hu\/sebeszet\/wp-json\/wp\/v2\/categories?post=6814"},{"taxonomy":"post_tag","embeddable":true,"href":"https:\/\/semmelweis.hu\/sebeszet\/wp-json\/wp\/v2\/tags?post=6814"}],"curies":[{"name":"wp","href":"https:\/\/api.w.org\/{rel}","templated":true}]}}