{"id":6635,"date":"2021-08-18T15:31:18","date_gmt":"2021-08-18T13:31:18","guid":{"rendered":"https:\/\/semmelweis.hu\/sebeszet1\/?page_id=6635"},"modified":"2025-02-06T08:38:42","modified_gmt":"2025-02-06T07:38:42","slug":"klinikai-szakpszichologiai-konzultacio","status":"publish","type":"page","link":"https:\/\/semmelweis.hu\/sebeszet\/betegellatas\/klinikai-szakpszichologiai-konzultacio\/","title":{"rendered":"Klinikai szakpszichol\u00f3giai konzult\u00e1ci\u00f3"},"content":{"rendered":"<p style=\"text-align: center\"><span style=\"font-size: 18pt\"><strong>T\u00e1j\u00e9koztat\u00f3 a klinikai szakpszichol\u00f3giai ell\u00e1t\u00e1s el\u00e9rhet\u0151s\u00e9g\u00e9r\u0151l a Seb\u00e9szeti, Transzplant\u00e1ci\u00f3s \u00e9s Gasztroenterol\u00f3giai Klinik\u00e1n<\/strong><\/span><\/p>\n<p style=\"text-align: justify\">Klinik\u00e1nkon t\u00f6reksz\u00fcnk arra, hogy a lehet\u0151 legmagasabb sz\u00ednvonalon tudjunk ell\u00e1t\u00e1st biztos\u00edtani a betegeink sz\u00e1m\u00e1ra. Ennek \u00e9rdek\u00e9ben k\u00f6vetj\u00fck a nemzetk\u00f6zi ir\u00e1nyelveket \u00e9s a szakirodalom aj\u00e1nl\u00e1sait, amelyek kijel\u00f6lik a hazai gyakorlat korszer\u0171s\u00edt\u00e9s\u00e9nek ir\u00e1nyai k\u00f6z\u00f6tt a pszichol\u00f3giai intervenci\u00f3k alkalmaz\u00e1s\u00e1t a szomatikus orvosl\u00e1sban. A nem v\u00e1rt k\u00f6r\u00fclm\u00e9nyek, a m\u0171t\u00e9ti beavatkoz\u00e1sok, esetlegesen a szervtranszplant\u00e1ci\u00f3 sz\u00fcks\u00e9gess\u00e9ge, vagy m\u0171t\u00e9tet k\u00f6vet\u0151 rehabilit\u00e1ci\u00f3 nemcsak fizik\u00e1lisan, de gyakran lelkileg is kih\u00edv\u00e1st jelentenek mind az \u00e9rintett szem\u00e9ly, mind a csal\u00e1dja sz\u00e1m\u00e1ra. Az ir\u00e1nyelvek kiemelik, hogy a betegell\u00e1t\u00e1sban a fizikai sz\u00fcks\u00e9gleteken \u00e9s az \u00e1llapotjavul\u00e1st c\u00e9lz\u00f3 kezel\u00e9seken t\u00fal a pszich\u00e9s, a t\u00e1rsas \u00e9s a spiritu\u00e1lis ig\u00e9nyek ter\u00fcletein is seg\u00edteni kell a beteget, k\u00fcl\u00f6n\u00f6sen a fordul\u00f3pontot jelent\u0151 esem\u00e9nyek idej\u00e9n, \u00e9s ezt ab ovo a beteg hozz\u00e1tartoz\u00f3i r\u00e9sz\u00e9re is biztos\u00edtani sz\u00fcks\u00e9ges. Ennek \u00e9rdek\u00e9ben a Seb\u00e9szeti, Transzplant\u00e1ci\u00f3s \u00e9s Gasztroenterol\u00f3giai Klinika betegell\u00e1t\u00e1s\u00e1nak profilj\u00e1t<strong> Klinikai Szakpszichol\u00f3giai Ambulancia<\/strong> l\u00e9trehoz\u00e1s\u00e1val sz\u00e9les\u00edtett\u00fck. A Klinikai Szakpszichol\u00f3giai Ambulancia <strong>klinikai szakpszichol\u00f3giai tev\u00e9kenys\u00e9get<\/strong> l\u00e1t el, feladataiban a fekv\u0151betegek ell\u00e1t\u00e1s\u00e1hoz, valamint a j\u00e1r\u00f3beteg-szakell\u00e1t\u00e1shoz kapcsolt szakpszichol\u00f3giai konzult\u00e1ci\u00f3, \u00e1llapotfelm\u00e9r\u00e9s \u00e9s a pszichoter\u00e1pi\u00e1s gondoz\u00e1s tev\u00e9kenys\u00e9geinek m\u0171k\u00f6dtet\u00e9s\u00e9t v\u00e9gzi.<\/p>\n<p style=\"text-align: justify\">A <strong>szakpszichol\u00f3giai ell\u00e1t\u00e1s a k\u00f3rh\u00e1zi kezel\u00e9s teljes id\u0151tartama alatt, t\u00e9r\u00edt\u00e9smentesen, a beteg ig\u00e9nyeihez igaz\u00edtottan <\/strong>vehet\u0151 ig\u00e9nybe. Konzult\u00e1ci\u00f3t a beteg maga ind\u00edthat saj\u00e1t k\u00e9r\u00e9s\u00e9re, illetve k\u00e9rheti azt a hozz\u00e1tartoz\u00f3, vagy a beteget kezel\u0151 team egy tagja. Konzult\u00e1ci\u00f3t k\u00f6vet\u0151en t\u00e1mogat\u00f3 ter\u00e1pia, illetve pszichoter\u00e1pi\u00e1s ell\u00e1t\u00e1s indulhat, szakmai indik\u00e1ci\u00f3 alapj\u00e1n, az el\u0151re egyeztetett ter\u00e1pi\u00e1s c\u00e9lok meghat\u00e1roz\u00e1s\u00e1t k\u00f6vet\u0151en. A folyamatban val\u00f3 r\u00e9szv\u00e9tel minden esetben <strong>\u00f6nk\u00e9ntes.<\/strong><\/p>\n<p style=\"text-align: justify\">A Klinikai Szakpszichol\u00f3giai Ambulancia <strong>fekv\u0151betegek r\u00e9sz\u00e9re el\u00e9rhet\u0151<\/strong> <strong>szolg\u00e1ltat\u00e1sai:<\/strong><\/p>\n<ul style=\"text-align: justify\">\n<li>Pszichol\u00f3giai konzult\u00e1ci\u00f3, pszichoeduk\u00e1ci\u00f3<\/li>\n<li>Pszichol\u00f3giai \u00e1llapotfelm\u00e9r\u00e9s<\/li>\n<li>Szupport\u00edv (t\u00e1mogat\u00f3) pszichoter\u00e1pia<\/li>\n<li>Alacsony intenzit\u00e1s\u00fa pszichoter\u00e1pia<\/li>\n<li>Kr\u00edzisintervenci\u00f3, kr\u00edziskezel\u00e9s, pszichol\u00f3giai els\u0151seg\u00e9ly<\/li>\n<\/ul>\n<p style=\"text-align: justify\">A Klinikai Szakpszichol\u00f3giai Ambulancia <strong>j\u00e1r\u00f3beteg-szakell\u00e1t\u00e1s form\u00e1j\u00e1ban el\u00e9rhet\u0151 szolg\u00e1ltat\u00e1sai:<\/strong><\/p>\n<ul style=\"text-align: justify\">\n<li>M\u0171t\u00e9ti felk\u00e9sz\u00edt\u00e9s \u00e9s m\u0171t\u00e9t ut\u00e1ni rehabilit\u00e1ci\u00f3; f\u00e1jdalomkezel\u00e9si strat\u00e9gi\u00e1k elsaj\u00e1t\u00edt\u00e1sa<\/li>\n<li>Szupport\u00edv (t\u00e1mogat\u00f3) egy\u00e9ni alappszichoter\u00e1pia (max. 6 \u00fcl\u00e9s erej\u00e9ig)<\/li>\n<li>Szomatikus betegs\u00e9ghez kapcsol\u00f3d\u00f3 stressz, szorong\u00e1s \u00e9s hangulatingadoz\u00e1s kezel\u00e9s\u00e9ben alkalmazott alacsony intenzit\u00e1s\u00fa pszichoter\u00e1pia<\/li>\n<li>Stressz-kezel\u00e9si k\u00e9szs\u00e9gek fejleszt\u00e9se, relax\u00e1ci\u00f3<\/li>\n<li>Eg\u00e9szs\u00e9gesebb \u00e9letm\u00f3d kialak\u00edt\u00e1s\u00e1hoz sz\u00fcks\u00e9ges seg\u00edts\u00e9g<\/li>\n<li>Asszert\u00edv kommunik\u00e1ci\u00f3s tr\u00e9ning, d\u00fchkezel\u00e9si m\u00f3dok \u00e9s probl\u00e9mamegold\u00e1s tan\u00edt\u00e1sa<\/li>\n<li>Transzplant\u00e1ci\u00f3s v\u00e1r\u00f3list\u00e1ra ker\u00fcl\u00e9st k\u00f6vet\u0151 id\u0151szakban, transzplant\u00e1ci\u00f3t k\u00f6vet\u0151en jelentkez\u0151 szorong\u00e1s, hangulatingadoz\u00e1s kezel\u00e9s\u00e9ben alacsony intenzit\u00e1s\u00fa pszichoter\u00e1pia<\/li>\n<li>Gy\u00e1szfeldolgoz\u00e1s; m\u00e9lt\u00f3s\u00e1gter\u00e1pia<\/li>\n<\/ul>\n<p style=\"text-align: justify\">Amivel a Klinikai Szakpszichol\u00f3giai Ambulancia <strong>j\u00e1r\u00f3beteg-szakell\u00e1t\u00e1sa nem foglalkozik:<\/strong><\/p>\n<ul style=\"text-align: justify\">\n<li>s\u00fcrg\u0151s, akut helyzetek kezel\u00e9se (pl. \u00f6ngyilkoss\u00e1gi kr\u00edzis)<\/li>\n<li>alkohollal, szerhaszn\u00e1lattal kapcsolatos probl\u00e9m\u00e1ban, vagy egy\u00e9b f\u00fcgg\u0151s\u00e9gben (pl szerencsej\u00e1t\u00e9k)<\/li>\n<li>gy\u00f3gyszeres kezel\u00e9si ig\u00e9ny<\/li>\n<li>nem a szomatikus betegs\u00e9g talaj\u00e1n kialakult ment\u00e1lis zavarok pszichoter\u00e1pi\u00e1s kezel\u00e9se; tov\u00e1bb\u00e1 bipol\u00e1ris zavar, major depresszi\u00f3, pszichotikus zavarok, illetve szem\u00e9lyis\u00e9gzavarok pszichoter\u00e1pi\u00e1s kezel\u00e9se.<\/li>\n<\/ul>\n<p style=\"text-align: justify\">A fentiek eset\u00e9ben a ter\u00fcletileg illet\u00e9kes pszichi\u00e1triai szakrendel\u0151kben tudnak seg\u00edts\u00e9get k\u00e9rni.<\/p>\n<p style=\"text-align: justify\">A Klinikai Szakpszichol\u00f3giai Ambulancia betegell\u00e1t\u00e1si tev\u00e9kenys\u00e9ge a Seb\u00e9szeti, Transzplant\u00e1ci\u00f3s \u00e9s Gasztroenterol\u00f3giai Klinik\u00e1n gondozott betegekre vonatkozik, szakmai indik\u00e1ci\u00f3 f\u00fcggv\u00e9ny\u00e9ben.<\/p>\n<p style=\"text-align: justify\">J\u00e1r\u00f3beteg rendel\u00e9s\u00fcnkre telefonon vagy emailben t\u00f6rt\u00e9n\u0151 el\u0151zetes id\u0151pont egyeztet\u00e9se ut\u00e1n lehet jelentkezni. A Klinikai Szakpszichol\u00f3giai Ambulancia j\u00e1r\u00f3betegek r\u00e9sz\u00e9re biztos\u00edtott rendel\u00e9si id\u0151s\u00e1vjair\u00f3l \u00e9s a beoszt\u00e1sr\u00f3l telefonos bejelentkez\u00e9skor, el\u0151jegyz\u00e9s k\u00e9r\u00e9sekor tudnak \u00e9rdekl\u0151dni. A rendel\u00e9sre minden esetben be kell jelentkezni a f\u00f6ldszinti betegfelv\u00e9teli ablakn\u00e1l.<\/p>\n<p style=\"text-align: justify\">A klinikai szakpszichol\u00f3giai ell\u00e1t\u00e1s biztos\u00edt\u00e1s\u00e1val c\u00e9lunk egyr\u00e9szt a nemzetk\u00f6zi ir\u00e1nyelvekkel \u00f6sszhangba hozni a hazai gyakorlatot, amelyek a gy\u00f3gy\u00edt\u00e1sban a gyakorlat r\u00e9szek\u00e9nt el\u0151\u00edrj\u00e1k a testi betegs\u00e9gekhez t\u00e1rsul\u00f3 stressz, szorong\u00e1s \u00e9s a hangulati hull\u00e1mz\u00e1s enyh\u00fcl\u00e9s\u00e9nek el\u0151seg\u00edt\u00e9s\u00e9t a betegek ell\u00e1t\u00e1s\u00e1ban. M\u00e1sr\u00e9szt tekintettel a n\u00e1lunk gondozott betegek pszichoszoci\u00e1lis ig\u00e9nyeire c\u00e9lunk lehet\u0151s\u00e9get biztos\u00edtani arra, hogy betegeink korszer\u0171, evidence-based alapokon nyugv\u00f3 pszichoter\u00e1pi\u00e1s seg\u00edts\u00e9get kapjanak a szomatikus betegs\u00e9ggel val\u00f3 megk\u00fczd\u00e9sben.<\/p>\n<p style=\"text-align: justify\"><strong>\u00a0<\/strong><\/p>\n<p style=\"text-align: justify\"><strong>Forduljanak bizalommal pszichol\u00f3gusainkhoz k\u00f6zvetlen\u00fcl vagy kezel\u0151orvosukon kereszt\u00fcl!<\/strong><\/p>\n<p style=\"text-align: justify\"><strong>\u00a0<\/strong><\/p>\n<p style=\"text-align: justify\"><strong>El\u00e9rhet\u0151s\u00e9g\u00fck:<\/strong><\/p>\n<p style=\"text-align: justify\">Juh\u00e1sz Anita\u00a0\u00a0\u00a0\u00a0\u00a0\u00a0\u00a0\u00a0\u00a0\u00a0\u00a0\u00a0\u00a0\u00a0\u00a0\u00a0\u00a0\u00a0\u00a0\u00a0\u00a0\u00a0\u00a0\u00a0\u00a0\u00a0\u00a0\u00a0\u00a0\u00a0\u00a0\u00a0\u00a0\u00a0\u00a0\u00a0\u00a0\u00a0\u00a0\u00a0\u00a0\u00a0\u00a0\u00a0\u00a0\u00a0\u00a0\u00a0\u00a0<\/p>\n<p style=\"text-align: justify\">klinikai- \u00e9s ment\u00e1lhigi\u00e9niai szakpszichol\u00f3gus<\/p>\n<p style=\"text-align: justify\">SE Seb\u00e9szeti, Transzplant\u00e1ci\u00f3s \u00e9s Gasztroenterol\u00f3giai Klinika<\/p>\n<p style=\"text-align: justify\">juhasz.anita &#8222;kukac&#8221; semmelweis.hu<\/p>\n<p style=\"text-align: justify\">steg.pszichologusok \u201ckukac\u201d semmelweis.hu<\/p>\n<p>&nbsp;<\/p>\n<p style=\"text-align: justify\">Kiss Luca<\/p>\n<p style=\"text-align: justify\">tan\u00e1csad\u00f3 szakpszichol\u00f3gus<\/p>\n<p style=\"text-align: justify\">SE Seb\u00e9szeti, Transzplant\u00e1ci\u00f3s \u00e9s Gasztroenterol\u00f3giai Klinika<\/p>\n<p style=\"text-align: justify\">kiss.luca.agnes &#8222;kukac&#8221; semmelweis.hu<\/p>\n<p>&nbsp;<\/p>\n<p>Mezei Judit\u00a0\u00a0\u00a0\u00a0\u00a0\u00a0\u00a0\u00a0\u00a0\u00a0\u00a0\u00a0\u00a0\u00a0\u00a0\u00a0\u00a0\u00a0\u00a0\u00a0\u00a0\u00a0\u00a0\u00a0\u00a0\u00a0\u00a0\u00a0\u00a0\u00a0\u00a0\u00a0\u00a0\u00a0\u00a0\u00a0\u00a0\u00a0\u00a0\u00a0\u00a0\u00a0\u00a0\u00a0\u00a0\u00a0\u00a0\u00a0\u00a0\u00a0\u00a0<\/p>\n<p>klinikai- \u00e9s ment\u00e1lhigi\u00e9niai szakpszichol\u00f3gus<\/p>\n<p>SE Seb\u00e9szeti, Transzplant\u00e1ci\u00f3s \u00e9s Gasztroenterol\u00f3giai Klinika<\/p>\n<p>mezei.judit &#8222;kukac&#8221; semmelweis.hu<\/p>\n<p>&nbsp;<\/p>\n<figure id=\"attachment_9069\" aria-describedby=\"caption-attachment-9069\" style=\"width: 477px\" class=\"wp-caption aligncenter\"><img loading=\"lazy\" decoding=\"async\" class=\" wp-image-9069\" src=\"https:\/\/semmelweis.hu\/sebeszet\/files\/2025\/02\/IMG_20250205_100155-225x300.jpg\" alt=\"A k\u00e9pen: Kiss Luca, Juh\u00e1sz Anita, Mezei Judit\" width=\"477\" height=\"636\" srcset=\"https:\/\/semmelweis.hu\/sebeszet\/files\/2025\/02\/IMG_20250205_100155-225x300.jpg 225w, https:\/\/semmelweis.hu\/sebeszet\/files\/2025\/02\/IMG_20250205_100155-768x1024.jpg 768w, https:\/\/semmelweis.hu\/sebeszet\/files\/2025\/02\/IMG_20250205_100155-1152x1536.jpg 1152w, https:\/\/semmelweis.hu\/sebeszet\/files\/2025\/02\/IMG_20250205_100155-1536x2048.jpg 1536w, https:\/\/semmelweis.hu\/sebeszet\/files\/2025\/02\/IMG_20250205_100155-753x1004.jpg 753w, https:\/\/semmelweis.hu\/sebeszet\/files\/2025\/02\/IMG_20250205_100155-scaled.jpg 1920w\" sizes=\"auto, (max-width: 477px) 100vw, 477px\" \/><figcaption id=\"caption-attachment-9069\" class=\"wp-caption-text\">A k\u00e9pen: Kiss Luca, Juh\u00e1sz Anita, Mezei Judit<\/figcaption><\/figure>\n<p>&nbsp;<\/p>\n<p style=\"text-align: justify\">Budapest, 2024. janu\u00e1r 1.<\/p>\n<p>&nbsp;<\/p>\n<p style=\"text-align: justify\">Prof. Dr. Szij\u00e1rt\u00f3 Attila sk.<\/p>\n<p style=\"text-align: justify\">Igazgat\u00f3, egyetemi tan\u00e1r<\/p>\n","protected":false},"excerpt":{"rendered":"<p>T\u00e1j\u00e9koztat\u00f3 a klinikai szakpszichol\u00f3giai ell\u00e1t\u00e1s el\u00e9rhet\u0151s\u00e9g\u00e9r\u0151l a Seb\u00e9szeti, Transzplant\u00e1ci\u00f3s \u00e9s Gasztroenterol\u00f3giai Klinik\u00e1n Klinik\u00e1nkon t\u00f6reksz\u00fcnk arra, hogy a lehet\u0151 legmagasabb sz\u00ednvonalon tudjunk ell\u00e1t\u00e1st biztos\u00edtani a betegeink sz\u00e1m\u00e1ra. Ennek \u00e9rdek\u00e9ben k\u00f6vetj\u00fck a nemzetk\u00f6zi ir\u00e1nyelveket \u00e9s a szakirodalom aj\u00e1nl\u00e1sait, amelyek kijel\u00f6lik a hazai gyakorlat korszer\u0171s\u00edt\u00e9s\u00e9nek ir\u00e1nyai k\u00f6z\u00f6tt a pszichol\u00f3giai intervenci\u00f3k alkalmaz\u00e1s\u00e1t a szomatikus orvosl\u00e1sban. A nem v\u00e1rt k\u00f6r\u00fclm\u00e9nyek, &hellip;<\/p>\n","protected":false},"author":101236,"featured_media":0,"parent":77,"menu_order":15,"comment_status":"closed","ping_status":"closed","template":"","meta":{"_acf_changed":false,"footnotes":""},"categories":[],"tags":[],"class_list":["post-6635","page","type-page","status-publish","hentry"],"acf":[],"_links":{"self":[{"href":"https:\/\/semmelweis.hu\/sebeszet\/wp-json\/wp\/v2\/pages\/6635","targetHints":{"allow":["GET"]}}],"collection":[{"href":"https:\/\/semmelweis.hu\/sebeszet\/wp-json\/wp\/v2\/pages"}],"about":[{"href":"https:\/\/semmelweis.hu\/sebeszet\/wp-json\/wp\/v2\/types\/page"}],"author":[{"embeddable":true,"href":"https:\/\/semmelweis.hu\/sebeszet\/wp-json\/wp\/v2\/users\/101236"}],"replies":[{"embeddable":true,"href":"https:\/\/semmelweis.hu\/sebeszet\/wp-json\/wp\/v2\/comments?post=6635"}],"version-history":[{"count":11,"href":"https:\/\/semmelweis.hu\/sebeszet\/wp-json\/wp\/v2\/pages\/6635\/revisions"}],"predecessor-version":[{"id":9071,"href":"https:\/\/semmelweis.hu\/sebeszet\/wp-json\/wp\/v2\/pages\/6635\/revisions\/9071"}],"up":[{"embeddable":true,"href":"https:\/\/semmelweis.hu\/sebeszet\/wp-json\/wp\/v2\/pages\/77"}],"wp:attachment":[{"href":"https:\/\/semmelweis.hu\/sebeszet\/wp-json\/wp\/v2\/media?parent=6635"}],"wp:term":[{"taxonomy":"category","embeddable":true,"href":"https:\/\/semmelweis.hu\/sebeszet\/wp-json\/wp\/v2\/categories?post=6635"},{"taxonomy":"post_tag","embeddable":true,"href":"https:\/\/semmelweis.hu\/sebeszet\/wp-json\/wp\/v2\/tags?post=6635"}],"curies":[{"name":"wp","href":"https:\/\/api.w.org\/{rel}","templated":true}]}}