{"id":6581,"date":"2021-06-18T08:41:46","date_gmt":"2021-06-18T06:41:46","guid":{"rendered":"https:\/\/semmelweis.hu\/sebeszet1\/?page_id=6581"},"modified":"2024-03-13T14:21:14","modified_gmt":"2024-03-13T13:21:14","slug":"kontakt","status":"publish","type":"page","link":"https:\/\/semmelweis.hu\/sebeszet\/de\/unterricht\/kontakt\/","title":{"rendered":"Kontakt"},"content":{"rendered":"<div class=\"responsive-tabs\">\n<h2 class=\"tabtitle\">\u00dcll\u0151i \u00fat<\/h2>\n<div class=\"tabcontent\">\n\n<p><strong>Semmelweis Egyetem Seb\u00e9szeti, Transzplant\u00e1ci\u00f3s \u00e9s Gasztroenterol\u00f3giai Klinika<\/strong><br \/>\n(Klinik f\u00fcr Chirurgie, Transplantation und Gastroenterologie)<\/p>\n<p>H-1082 Budapest \u00dcll\u0151i \u00fat 78.<br \/>\nTel: +36 1 459 1500 ext. 52120<br \/>\nE-mail: steg@semmelweis.hu<\/p>\n<p><strong>Student affairs b\u00fcro:<br \/>\n<\/strong>\u00d6ffnungszeiten: 8:00 \u2013 14:30<br \/>\nZsanett Kov\u00e1cs: +36 20 825 8999 <br \/>\noktatas.seb1@semmelweis.hu<\/p>\n<p><strong>Verantwortlich f\u00fcr die deutsche Bildung:<br \/>\n<\/strong><span style=\"font-size: 1rem\">Dr. Gergely Huszty<\/span><\/p>\n\n<!-- iframe plugin v.4.9 wordpress.org\/plugins\/iframe\/ -->\n<iframe loading=\"lazy\" src=\"https:\/\/www.google.com\/maps\/embed?pb=!1m18!1m12!1m3!1d2696.3839413685705!2d19.079972!3d47.48243340000002!2m3!1f0!2f0!3f0!3m2!1i1024!2i768!4f13.1!3m3!1m2!1s0x4741dce42f6edf0d%3A0xd3829506ecc86745!2sSemmelweis+Egyetem+I.+Sz.+Seb%C3%A9szeti+Klinika!5e0!3m2!1shu!2shu!4v1443132418057\" width=\"100%\" height=\"350\" scrolling=\"yes\" class=\"iframe-class\" frameborder=\"0\"><\/iframe>\n\n<p class=\"wpcf7-contact-form-not-found\"><strong>Hiba:<\/strong> Kapcsolatfelv\u00e9teli \u0171rlap nem tal\u00e1lhat\u00f3.<\/p>\n<p>&nbsp;<\/p>\n","protected":false},"excerpt":{"rendered":"<p>Semmelweis Egyetem Seb\u00e9szeti, Transzplant\u00e1ci\u00f3s \u00e9s Gasztroenterol\u00f3giai Klinika<br \/>\n(Klinik f\u00fcr Chirurgie, Transplantation und Gastroenterologie)<br \/>\nH-1082 Budapest \u00dcll\u0151i \u00fat 78.<br \/>\nTel: +36 1 459 1500 ext. 52120<br \/>\nE-mail: steg@semmelweis.hu<br \/>\nStudent affairs b\u00fcro:<br \/>\n\u00d6ffnungszeiten: 8:00 \u2013 14:30<br \/>\nZsanett Kov\u00e1cs: +36 20 825 8999<br \/>\noktatas.seb1@semmelweis.hu<br \/>\nVerantwortlich f\u00fcr die deutsche Bildung:<br \/>\nDr. Gergely Huszty<\/p>\n<p> \u00a0<br \/>\n&nbsp;<\/p>\n","protected":false},"author":101236,"featured_media":0,"parent":6601,"menu_order":2,"comment_status":"closed","ping_status":"closed","template":"","meta":{"_acf_changed":false,"footnotes":""},"categories":[],"tags":[],"class_list":["post-6581","page","type-page","status-publish","hentry"],"acf":[],"_links":{"self":[{"href":"https:\/\/semmelweis.hu\/sebeszet\/wp-json\/wp\/v2\/pages\/6581","targetHints":{"allow":["GET"]}}],"collection":[{"href":"https:\/\/semmelweis.hu\/sebeszet\/wp-json\/wp\/v2\/pages"}],"about":[{"href":"https:\/\/semmelweis.hu\/sebeszet\/wp-json\/wp\/v2\/types\/page"}],"author":[{"embeddable":true,"href":"https:\/\/semmelweis.hu\/sebeszet\/wp-json\/wp\/v2\/users\/101236"}],"replies":[{"embeddable":true,"href":"https:\/\/semmelweis.hu\/sebeszet\/wp-json\/wp\/v2\/comments?post=6581"}],"version-history":[{"count":8,"href":"https:\/\/semmelweis.hu\/sebeszet\/wp-json\/wp\/v2\/pages\/6581\/revisions"}],"predecessor-version":[{"id":8558,"href":"https:\/\/semmelweis.hu\/sebeszet\/wp-json\/wp\/v2\/pages\/6581\/revisions\/8558"}],"up":[{"embeddable":true,"href":"https:\/\/semmelweis.hu\/sebeszet\/wp-json\/wp\/v2\/pages\/6601"}],"wp:attachment":[{"href":"https:\/\/semmelweis.hu\/sebeszet\/wp-json\/wp\/v2\/media?parent=6581"}],"wp:term":[{"taxonomy":"category","embeddable":true,"href":"https:\/\/semmelweis.hu\/sebeszet\/wp-json\/wp\/v2\/categories?post=6581"},{"taxonomy":"post_tag","embeddable":true,"href":"https:\/\/semmelweis.hu\/sebeszet\/wp-json\/wp\/v2\/tags?post=6581"}],"curies":[{"name":"wp","href":"https:\/\/api.w.org\/{rel}","templated":true}]}}