{"id":6579,"date":"2021-06-18T08:41:24","date_gmt":"2021-06-18T06:41:24","guid":{"rendered":"https:\/\/semmelweis.hu\/sebeszet1\/?page_id=6579"},"modified":"2021-11-25T13:11:02","modified_gmt":"2021-11-25T12:11:02","slug":"uber-uns","status":"publish","type":"page","link":"https:\/\/semmelweis.hu\/sebeszet\/de\/uber-uns\/","title":{"rendered":"\u00dcber Uns"},"content":{"rendered":"<p style=\"text-align: justify\">Lieber Leser!<br \/>\nLiebe Patientin!<\/p>\n<p style=\"text-align: justify\">Die Klinik f\u00fcr Chirurgie, Transplantation und Gastroenterologie der Semmelweis Universit\u00e4t wurde zum 1. Oktober 2021 durch Zusammenlegung der drei bisher eigenst\u00e4ndigen Kliniken unserer Universit\u00e4t gegr\u00fcndet.<\/p>\n<p style=\"text-align: justify\">Die grundlegende Organisationseinheit hie\u00df bei ihrer Gr\u00fcndung &#8222;Nummer Eins&#8221;, sp\u00e4ter wurde sie als 1. Klinik f\u00fcr Chirurgie bezeichnet. Das Institut wurde 1909 von unseren Vorg\u00e4ngern gegr\u00fcndet und anschlie\u00dfend f\u00fcr knapp ein Jahr (1. September 2020 bis 31. September 2021) um ein gastroenterologisches Profil erweitert. Es fungierte als Abteilung f\u00fcr Chirurgie und Interventionelle Gastroenterologie.<\/p>\n<p style=\"text-align: justify\">Aufgrund des Beschlusses des Hochschulsenats vom 30.06.2021 ist die erste integrierte Organisationseinheit das II. Es war die Chirurgische Klinik. Dieses Institut entstand 1997 aus dem Zusammenschluss der chirurgischen Abteilung des St. Johannis-Krankenhauses und der chirurgischen Abteilung des Lehrkrankenhauses und zog somit in den K\u00fatv\u00f6lgy Klinikblock IV um. im ersten Obergeschoss des Zentralen Patientengeb\u00e4udes der Semmelweis Universit\u00e4t. im ersten Stock bis zur obigen Entscheidung fortgesetzt.<\/p>\n<p style=\"text-align: justify\">Die weitere Expansion war der Beitritt der Klinik f\u00fcr Transplantation und Chirurgie, die 1994 und dann im September 2021 gegr\u00fcndet wurde. Unter diesem Namen arbeitete er bis 30, w\u00e4hrend der Regierungszeit von f\u00fcnf ehemaligen Abteilungsleitern.<\/p>\n<figure id=\"attachment_5393\" aria-describedby=\"caption-attachment-5393\" style=\"width: 203px\" class=\"wp-caption alignleft\"><img loading=\"lazy\" decoding=\"async\" class=\"wp-image-5393 size-medium\" src=\"https:\/\/semmelweis.hu\/sebeszet\/files\/2020\/11\/SA02s-203x300.jpg\" alt=\"\" width=\"203\" height=\"300\" srcset=\"https:\/\/semmelweis.hu\/sebeszet\/files\/2020\/11\/SA02s-203x300.jpg 203w, https:\/\/semmelweis.hu\/sebeszet\/files\/2020\/11\/SA02s.jpg 406w\" sizes=\"auto, (max-width: 203px) 100vw, 203px\" \/><figcaption id=\"caption-attachment-5393\" class=\"wp-caption-text\">Prof. Dr. Szij\u00e1rt\u00f3 Attila tansz\u00e9kvezet\u0151 egyetemi tan\u00e1r, klinikaigazgat\u00f3<\/figcaption><\/figure>\n<p style=\"text-align: justify\">Durch die Integration der oben genannten Heilanstalten wurde in Ungarn ein einzigartiger chirurgisch-gastroenterologischer Komplex mit einem breiten Leistungsspektrum geschaffen. Hier kann k\u00fcnstlerisch operiert, die Spezialit\u00e4t komplement\u00e4rer Nebenberufe gest\u00e4rkt und durch die Konzentration des intellektuellen Kapitals in einem vielf\u00e4ltigen klinischen Umfeld eine neue \u201eMarke\u201c geschaffen werden, die mehr ist als eine \u201e Kompetenzzentrum&#8217;. Alle drei Orte waren einst klassische Chirurgieschulen und Kreativwerkst\u00e4tten und sind in ihrer heutigen einheitlichen Form ein Ort der Eliteausbildung&#8230;<\/p>\n<p style=\"text-align: justify\">Wir hoffen, dass wir Ihnen mit unserer Expertise so schnell wie m\u00f6glich zur Genesung verhelfen k\u00f6nnen. Vielen Dank f\u00fcr Ihr Vertrauen in unsere Institution!<\/p>\n<p style=\"text-align: justify\"><strong>Vorstellung der Klinik \u201e\u00dcll\u0151i \u00fati\u201c der Klinik f\u00fcr Chirurgie, Transplantation und Gastroenterologie (ehemals 1. Klinik f\u00fcr Chirurgie und Interventionsgastroenterologie)<\/strong><\/p>\n<p style=\"text-align: justify\">Die \u201e\u00dcl\u0151i \u00fat Surgery Clinic\u201c ist seit \u00fcber 100 Jahren das f\u00fchrende chirurgische Institut Ungarns mit den \u00e4ltesten Traditionen. Ikonischer Ort, einzigartige Patientenversorgung, P\u00e4dagoge und Forscher, \u201ekreative Werkstatt\u201c. Die 1. Chirurgische Klinik war die unumg\u00e4ngliche Basis f\u00fcr die Entwicklung der ungarischen Chirurgie in den aufregendsten hundert Jahren der Medizin. Diese Funktion nimmt sie bis heute wahr und wird um eine moderne gastroenterologische Abteilung erweitert. Die seit 1909 am heutigen Standort t\u00e4tige Klinik war damals der modernste Chirurg in Europa. Diese W\u00e4nde k\u00f6nnen Zeugen revolution\u00e4rer Innovationen gewesen sein. Das Haus war und ist gepr\u00e4gt von Spiritualit\u00e4t, der Liebe zum Beruf, der k\u00fcnstlerischen Pflege der Chirurgie und den aufkommenden Traditionen.<\/p>\n<p style=\"text-align: justify\">In unserer Klinik sind die Disziplinen Chirurgie, An\u00e4sthesiologie und Intensivmedizin sowie ab September 2020 die Gastroenterologie unter einem Dach vereint. In den chirurgischen und an\u00e4sthesiologischen Abteilungen der Klinik decken insgesamt 101 chirurgische und 9 Intensivstationen das gesamte Spektrum der Allgemein- und Magen-Darm-Chirurgie an Leber und Gallengang, Bauchspeicheldr\u00fcse, oberem Gastrointestinaltrakt und Koloproktologie sowie Brust- und endokrinchirurgischen Profilen ab.<\/p>\n<p style=\"text-align: justify\">Das Institut bietet die chirurgische Akutversorgung nach der territorialen Gliederung und die bundesweite Aufnahme von Patienten der h\u00f6chsten Stufe III \/ B mit fortschreitender Versorgung.<\/p>\n<p style=\"text-align: justify\">Im September 2020 wurde unsere Klinik um eine 30-Betten-Station f\u00fcr Gastroenterologie und ein interventionelles Gastroenterologiezentrum erweitert. Wir bieten Patienten mit Leber- und Gallengangserkrankungen, chronisch entz\u00fcndlichen Darmerkrankungen (IBD) und Erkrankungen des oberen und unteren Magen-Darm-Trakts sowie Magen-Darm-Blutungen ein hohes Ma\u00df an Versorgung. In der Einrichtung gibt es auch ein Heim-Zentrum f\u00fcr k\u00fcnstliche (parenterale) Ern\u00e4hrung. Unser hepatologisches Versorgungszentrum ist eine der tragenden S\u00e4ulen unserer leberchirurgischen Versorgung. So bieten Gastroenterologie und Chirurgie in einer in Ungarn einzigartigen ganzheitlichen Weise die Patientenversorgung auf h\u00f6chstem Niveau im Rahmen einer Organisationseinheit.<\/p>\n<p style=\"text-align: justify\"><a href=\"https:\/\/semmelweis.hu\/sebeszet\/files\/2021\/11\/12.jpg\"><img loading=\"lazy\" decoding=\"async\" class=\"aligncenter wp-image-6930 size-full\" src=\"https:\/\/semmelweis.hu\/sebeszet\/files\/2021\/11\/12.jpg\" alt=\"\" width=\"675\" height=\"450\" srcset=\"https:\/\/semmelweis.hu\/sebeszet\/files\/2021\/11\/12.jpg 675w, https:\/\/semmelweis.hu\/sebeszet\/files\/2021\/11\/12-300x200.jpg 300w, https:\/\/semmelweis.hu\/sebeszet\/files\/2021\/11\/12-203x135.jpg 203w\" sizes=\"auto, (max-width: 675px) 100vw, 675px\" \/><\/a><\/p>\n<p style=\"text-align: justify\">Die j\u00e4hrliche Zahl der Operationen betr\u00e4gt etwa 3.500 bis 4.000, von denen die \u00fcberwiegende Mehrheit die Behandlung von Erkrankungen erm\u00f6glicht, die eine onkologische Operation oder die fortschrittlichste Versorgung erfordern. Mehr als 50.000 Patienten besuchen jedes Jahr Ambulanzen. Nat\u00fcrlich ist auch der Einsatz von eint\u00e4gigen chirurgischen oder fortgeschrittenen laparoskopischen Methoden vorhanden, die einen schnelleren Heilungsprozess bei Krankheiten erm\u00f6glichen, die zuvor eine l\u00e4ngere Krankenhausversorgung erforderten. Die Klinik bietet bundesweit Vorrang bei der Behandlung komplizierter chirurgischer F\u00e4lle, hepato-pankreas-bili\u00e4rer Erkrankungen, gastroenterologischer Onkologie und endokriner Chirurgie. Patienten in diesen Profilen werden von Teams unter der Leitung von international anerkannten Experten behandelt. Um unsere Arbeit in der Leber-, Bauchspeicheldr\u00fcsen- und Gallengangschirurgie zu erweitern, haben ich und meine Kollegen ein professionelles Netzwerk namens HPB Surgical Research Center gegr\u00fcndet.<\/p>\n<p style=\"text-align: justify\">Die komplexe Einheit bietet eine Reihe fortschrittlicher gastroenterologischer Diagnose- und Therapiem\u00f6glichkeiten: obere und untere Magen-Darm-Endoskopie, endoskopische Ultraschalluntersuchung und endoskopische retrograde Cholangiopankreatikographie (ERCP). Dar\u00fcber hinaus wird die Vollst\u00e4ndigkeit der t\u00e4glichen Versorgung durch konventionelle, interventionelle und intraoperative Ultraschalluntersuchungen, Computertomographie (CT), Angiographie, Isotopendiagnostik, interventionelle Radiologie sowie laparoskopische Operationstechniken und neue h\u00e4mostatische Verfahren sichergestellt.<\/p>\n<p style=\"text-align: justify\"><strong>Vorstellung der Klinik \u201eBarossstra\u00dfe\u201c der Klinik f\u00fcr Chirurgie, Transplantation und Gastroenterologie (ehemals Klinik f\u00fcr Transplantation und Chirurgie)<\/strong><\/p>\n<p style=\"text-align: justify\">Die Klinik ist ein international akkreditiertes European Transplant Surgery Training Center der Sektion Transplantationschirurgie des European Board of Surgery (UEMS-EBS) und Eurotransplant.<\/p>\n<p style=\"text-align: justify\">Das Spezialgebiet unserer T\u00e4tigkeit ist die Organtransplantation (Niere, Leber, kombinierte Nieren-Pankreas- und Pankreas-Inselzellen) und angrenzende Grenzgebiete. Im Jahr 2014 hat die Klinik f\u00fcr Transplantation und Chirurgie die meisten Nierentransplantationen in der Klinik f\u00fcr Transplantation und Chirurgie durchgef\u00fchrt, nach Vergleichsdaten der Transplantationszentren von acht europ\u00e4ischen Eurotransplant-L\u00e4ndern, und wir k\u00f6nnen sagen, dass unsere Klinik an der Spitze der Bauchtransplantation steht.<\/p>\n<p style=\"text-align: justify\"><a href=\"https:\/\/semmelweis.hu\/sebeszet\/files\/2021\/11\/img_0072.jpg\"><img loading=\"lazy\" decoding=\"async\" class=\"aligncenter wp-image-6913 size-full\" src=\"https:\/\/semmelweis.hu\/sebeszet\/files\/2021\/11\/img_0072.jpg\" alt=\"\" width=\"580\" height=\"300\" srcset=\"https:\/\/semmelweis.hu\/sebeszet\/files\/2021\/11\/img_0072.jpg 580w, https:\/\/semmelweis.hu\/sebeszet\/files\/2021\/11\/img_0072-300x155.jpg 300w\" sizes=\"auto, (max-width: 580px) 100vw, 580px\" \/><\/a><\/p>\n<p style=\"text-align: justify\">In unserer Klinik stehen den Patienten speziell geschulte Kollegen zur Verf\u00fcgung. Wir bieten alle Bereiche der allgemeinen Bauchchirurgie, mit besonderem Fokus auf die Behandlung und Nachsorge von Krebspatienten sowie die operative Behandlung von Erkrankungen der endokrinen Dr\u00fcsen (Nebenniere, Schilddr\u00fcse, Nebenschilddr\u00fcse). An mehreren Organen werden Operationen mit minimal-invasiven (laparoskopischen) Methoden durchgef\u00fchrt (Gallenblase, Nebenniere, Niere, Leber, Bauchspeicheldr\u00fcse, Magen-Darm-Trakt usw.). Wir haben bundesweit die gr\u00f6\u00dfte Anzahl an Lebendspendennierentransplantationen, deren Spenderoperation und Nierenentnahme ebenfalls laparoskopisch durchgef\u00fchrt wird. Wir planen eine kontinuierliche Profilerweiterung in diesem Bereich mit gro\u00dfem Potenzial.<\/p>\n<p style=\"text-align: justify\">In unserer Klinik f\u00fchren wir die operative Korrektur und Behandlung von komplizierten Gallengangserkrankungen und Lebertumoren durch.<\/p>\n<p style=\"text-align: justify\">Auf unserer Intensivstation unter der Leitung der Klinik f\u00fcr An\u00e4sthesiologie und Intensivmedizin der Semmelweis Universit\u00e4t werden Patienten nach Transplantation oder Allgemeinchirurgie, die einer intensivmedizinischen Beobachtung oder Behandlung bed\u00fcrfen, mit modernsten Methoden behandelt.<\/p>\n<p style=\"text-align: justify\">Unser qualifiziertes Personal betreut die Patienten nach der Organtransplantation, untersucht und behandelt Nieren- und Leberpatienten in der Inneren Medizin, einschlie\u00dflich der Untersuchung von Lebendspendern.<\/p>\n<p style=\"text-align: justify\">In unserer Ambulanz k\u00f6nnen neben Spezialkliniken endoskopische, Ultraschall-, Angiographie- und Computertomographie (CT)-Untersuchungen sowie di\u00e4tetische, physiotherapeutische und stomatotherapeutische Beratungen in Kooperation mit der Klinik f\u00fcr Medizinische Bildgebung durchgef\u00fchrt werden. In unserer diagnostischen Abteilung f\u00fchren wir routinem\u00e4\u00dfig Nadelbiopsien und ultraschallgesteuerte Verfahren durch.<\/p>\n<p style=\"text-align: justify\">Der ambulante Operationssaal eignet sich f\u00fcr kleine Operationen, diagnostische Testexzisionen und zur Ausbildung von arterioven\u00f6sen Gef\u00e4\u00dfverbindungen, die f\u00fcr die Behandlung des K\u00fcnstlers notwendig sind.<\/p>\n<p style=\"text-align: justify\">Seit Oktober 2015 sind die Transplantations- und chirurgischen Aktivit\u00e4ten der Klinik durch die ISO 9001 Qualit\u00e4tssicherung akkreditiert.<\/p>\n<p style=\"text-align: justify\"><strong>Ausbildung an der Klinik f\u00fcr Chirurgie, Transplantation und Gastroenterologie<\/strong><\/p>\n<p style=\"text-align: justify\">Auf diese Klinik kann unsere Universit\u00e4t angesichts ihrer herausragenden Leistungen, ihrer schulbildenden Vergangenheit und Gegenwart zu Recht stolz sein. Neben modernsten Verfahren, historischen Wendepunkten (z. B. die erste Lebertransplantation in Ungarn, der Start des ersten Nierentransplantationsprogramms, der Start der ber\u00fchmten europ\u00e4ischen endokrine Chirurgie, etc.), das wissenschaftliche Leben &#8211; und damit die Chirurgie Die Klinik ist zu einem integralen Bestandteil ihrer Entwicklung geworden.<\/p>\n<table class=\" aligncenter\" style=\"border-collapse: collapse;width: 88.8498%\">\n<tbody>\n<tr>\n<td style=\"width: 552.516px\"><a href=\"https:\/\/semmelweis.hu\/sebeszet\/files\/2021\/11\/14.jpg\"><img loading=\"lazy\" decoding=\"async\" class=\"size-medium wp-image-6932 aligncenter\" src=\"https:\/\/semmelweis.hu\/sebeszet\/files\/2021\/11\/14-300x200.jpg\" alt=\"\" width=\"300\" height=\"200\" srcset=\"https:\/\/semmelweis.hu\/sebeszet\/files\/2021\/11\/14-300x200.jpg 300w, https:\/\/semmelweis.hu\/sebeszet\/files\/2021\/11\/14-203x135.jpg 203w, https:\/\/semmelweis.hu\/sebeszet\/files\/2021\/11\/14.jpg 502w\" sizes=\"auto, (max-width: 300px) 100vw, 300px\" \/><\/a><\/td>\n<td style=\"width: 668.156px\"><a href=\"https:\/\/semmelweis.hu\/sebeszet\/files\/2021\/11\/13.jpg\"><img loading=\"lazy\" decoding=\"async\" class=\"wp-image-6931 aligncenter\" src=\"https:\/\/semmelweis.hu\/sebeszet\/files\/2021\/11\/13-300x218.jpg\" alt=\"\" width=\"280\" height=\"203\" srcset=\"https:\/\/semmelweis.hu\/sebeszet\/files\/2021\/11\/13-300x218.jpg 300w, https:\/\/semmelweis.hu\/sebeszet\/files\/2021\/11\/13.jpg 494w\" sizes=\"auto, (max-width: 280px) 100vw, 280px\" \/><\/a><\/td>\n<\/tr>\n<\/tbody>\n<\/table>\n<p style=\"text-align: justify\">Sowohl in der Baross Street als auch in der \u00dcll\u0151i \u00fat hat sich eine seri\u00f6se Schule etabliert, die nur durch eine Vereinheitlichung des Ansatzes gest\u00e4rkt wird. Wir spielen eine sehr wichtige Rolle in der Eliteausbildung von Chirurgen, in der Menge und in der einheitlichen Herangehensweise, die wir der jetzt wachsenden Generation von Chirurgen vermitteln k\u00f6nnen. Auf der Ebene unserer Bildungsaufgaben I., IV. und VI. Es wird auch eine theoretische und praktische Ausbildung von Medizinstudenten in Ungarisch, Deutsch und Englisch angeboten. Neben den Studierenden der Fakult\u00e4t f\u00fcr Allgemeinmedizin lernen auch die Studierenden der Fakult\u00e4t f\u00fcr Zahnmedizin und der Fakult\u00e4t f\u00fcr Gesundheitswissenschaften die Grundlagen der Chirurgie kennen.<\/p>\n<p style=\"text-align: justify\">Im Rahmen der wissenschaftlichen studentischen Arbeit besch\u00e4ftigen sich j\u00e4hrlich 10-15 Studierende mit wissenschaftlichen T\u00e4tigkeiten in der experimentellen und klinischen Chirurgie, chirurgischen Pathologie, An\u00e4sthesiologie und Gastroenterologie. Auch unsere Doktorandenausbildung (PhD) mit chirurgischer Ausrichtung ist im nationalen Kontext herausragend.<\/p>\n<p style=\"text-align: justify\">Weiterbildungen zur professionellen Pr\u00fcfungsvorbereitung, organisierte und individuelle Weiterbildungen sind in unseren Berufsbildern umfangreich. Die Klinik ist eine Praxis-Ausbildungseinrichtung f\u00fcr Pflegekr\u00e4fte, OP- und An\u00e4sthesisten.<\/p>\n<p style=\"text-align: justify\">Auf dieser Grundlage hoffen wir, dass die \u201eneue\u201c Klinik f\u00fcr Chirurgie, Transplantation und Gastroenterologie in Zukunft den Gedanken von J\u00e1nos Balassa, dem gr\u00f6\u00dften ungarischen Chirurgen und ehemaligen legend\u00e4ren Professor unserer Abteilung, w\u00fcrdig ist:<\/p>\n<p style=\"text-align: justify\"><em>\u201eChirurgie und Innere Medizin stehen auf derselben wissenschaftlichen Basis. Lass die Chirurgie kein Handwerk sein, das allein auf fremden Formen beruht, sondern eine Wissenschaft, die in einigen Teilen das Ganze erfindet.\u201c<\/em><\/p>\n","protected":false},"excerpt":{"rendered":"<p>Lieber Leser! Liebe Patientin! Die Klinik f\u00fcr Chirurgie, Transplantation und Gastroenterologie der Semmelweis Universit\u00e4t wurde zum 1. Oktober 2021 durch Zusammenlegung der drei bisher eigenst\u00e4ndigen Kliniken unserer Universit\u00e4t gegr\u00fcndet. Die grundlegende Organisationseinheit hie\u00df bei ihrer Gr\u00fcndung &#8222;Nummer Eins&#8221;, sp\u00e4ter wurde sie als 1. Klinik f\u00fcr Chirurgie bezeichnet. Das Institut wurde 1909 von unseren Vorg\u00e4ngern gegr\u00fcndet &hellip;<\/p>\n","protected":false},"author":101236,"featured_media":0,"parent":0,"menu_order":1,"comment_status":"closed","ping_status":"closed","template":"","meta":{"_acf_changed":false,"footnotes":""},"categories":[],"tags":[],"class_list":["post-6579","page","type-page","status-publish","hentry"],"acf":[],"_links":{"self":[{"href":"https:\/\/semmelweis.hu\/sebeszet\/wp-json\/wp\/v2\/pages\/6579","targetHints":{"allow":["GET"]}}],"collection":[{"href":"https:\/\/semmelweis.hu\/sebeszet\/wp-json\/wp\/v2\/pages"}],"about":[{"href":"https:\/\/semmelweis.hu\/sebeszet\/wp-json\/wp\/v2\/types\/page"}],"author":[{"embeddable":true,"href":"https:\/\/semmelweis.hu\/sebeszet\/wp-json\/wp\/v2\/users\/101236"}],"replies":[{"embeddable":true,"href":"https:\/\/semmelweis.hu\/sebeszet\/wp-json\/wp\/v2\/comments?post=6579"}],"version-history":[{"count":6,"href":"https:\/\/semmelweis.hu\/sebeszet\/wp-json\/wp\/v2\/pages\/6579\/revisions"}],"predecessor-version":[{"id":6973,"href":"https:\/\/semmelweis.hu\/sebeszet\/wp-json\/wp\/v2\/pages\/6579\/revisions\/6973"}],"wp:attachment":[{"href":"https:\/\/semmelweis.hu\/sebeszet\/wp-json\/wp\/v2\/media?parent=6579"}],"wp:term":[{"taxonomy":"category","embeddable":true,"href":"https:\/\/semmelweis.hu\/sebeszet\/wp-json\/wp\/v2\/categories?post=6579"},{"taxonomy":"post_tag","embeddable":true,"href":"https:\/\/semmelweis.hu\/sebeszet\/wp-json\/wp\/v2\/tags?post=6579"}],"curies":[{"name":"wp","href":"https:\/\/api.w.org\/{rel}","templated":true}]}}