{"id":6548,"date":"2021-06-14T09:19:45","date_gmt":"2021-06-14T07:19:45","guid":{"rendered":"https:\/\/semmelweis.hu\/sebeszet1\/?page_id=6548"},"modified":"2025-03-31T21:32:28","modified_gmt":"2025-03-31T19:32:28","slug":"oktatovideok","status":"publish","type":"page","link":"https:\/\/semmelweis.hu\/sebeszet\/betegellatas\/oktatovideok\/","title":{"rendered":"Oktat\u00f3vide\u00f3k"},"content":{"rendered":"<h3 style=\"text-align: center\">OKTAT\u00d3VIDE\u00d3K<\/h3>\n<p>&nbsp;<\/p>\n<p style=\"text-align: center\"><iframe loading=\"lazy\" src=\"\/\/www.youtube.com\/embed\/-ZVZsPAMG6Q\" width=\"560\" height=\"315\"><\/iframe><br \/>\n<span style=\"font-size: 12pt\">Seb<\/span><span style=\"font-size: 12pt\">k\u00f6t\u00f6z\u00e9s m\u0171t\u00e9t ut\u00e1n<\/span><\/p>\n<p>&nbsp;<\/p>\n<p style=\"text-align: center\"><iframe loading=\"lazy\" src=\"\/\/www.youtube.com\/embed\/pz058cjz1dA\" width=\"560\" height=\"315\"><\/iframe><br \/>\n<span style=\"font-size: 12pt\">L\u00e9g<\/span><span style=\"font-size: 12pt\">z\u00e9storna incentive spirom\u00e9terrel a m\u0171t\u00e9ti el\u0151k\u00e9sz\u00fclet sor\u00e1n<\/span><\/p>\n<p>&nbsp;<\/p>\n<p style=\"text-align: center\"><iframe loading=\"lazy\" src=\"\/\/www.youtube.com\/embed\/LH3e6O2kP0E\" width=\"560\" height=\"315\"><\/iframe><br \/>\n<span style=\"font-size: 12pt\">V\u00e9rhig\u00edt\u00f3 injekci\u00f3 bead\u00e1sa<\/span><\/p>\n<p>&nbsp;<\/p>\n<p style=\"text-align: center\"><iframe loading=\"lazy\" src=\"\/\/www.youtube.com\/embed\/CBq-8nLu34g?si=RElOsmh_m_Hix4zf\" width=\"560\" height=\"315\"><span data-mce-type=\"bookmark\" style=\"width: 0px;overflow: hidden;line-height: 0\" class=\"mce_SELRES_start\">\ufeff<\/span><\/iframe><br \/>\n<span style=\"font-size: 12pt\">Vastagb\u00e9lt\u00fckr\u00f6z\u00e9s<\/span><\/p>\n<p>&nbsp;<\/p>\n<p style=\"text-align: center\"><iframe loading=\"lazy\" src=\"https:\/\/www.youtube.com\/embed\/3lO4-r8cW64\" width=\"560\" height=\"315\"><\/iframe><br \/>\n<span style=\"font-size: 12pt\">Oktat\u00f3vide\u00f3 r\u00f6vidb\u00e9l szindr\u00f3m\u00e1s betegeknek (port sterilen tart\u00e1sa \u00e9s a t\u00e1pszer \u00f6sszerak\u00e1sa)<\/span><\/p>\n<p>&nbsp;<\/p>\n<p style=\"text-align: center\"><iframe loading=\"lazy\" src=\"https:\/\/www.youtube.com\/embed\/srQApZHJuVA\" width=\"560\" height=\"315\"><\/iframe><br \/>\n<span style=\"font-size: 12pt\">M\u0171t\u00e9tre felkeszit\u0151 relax\u00e1ci\u00f3s hanganyag<\/span><\/p>\n","protected":false},"excerpt":{"rendered":"<p>OKTAT\u00d3VIDE\u00d3K<br \/>\n&nbsp;<\/p>\n<p>Sebk\u00f6t\u00f6z\u00e9s m\u0171t\u00e9t ut\u00e1n<br \/>\n&nbsp;<\/p>\n<p>L\u00e9gz\u00e9storna incentive spirom\u00e9terrel a m\u0171t\u00e9ti el\u0151k\u00e9sz\u00fclet sor\u00e1n<br \/>\n&nbsp;<\/p>\n<p>V\u00e9rhig\u00edt\u00f3 injekci\u00f3 bead\u00e1sa<br \/>\n&nbsp;<br \/>\n\ufeff<br \/>\nVastagb\u00e9lt\u00fckr\u00f6z\u00e9s<br \/>\n&nbsp;<\/p>\n<p>Oktat\u00f3vide\u00f3 r\u00f6vidb\u00e9l szindr\u00f3m\u00e1s betegeknek (port sterilen tart\u00e1sa \u00e9s a t\u00e1pszer \u00f6sszerak\u00e1sa)<br \/>\n&nbsp;<\/p>\n<p>M\u0171t\u00e9tre felkeszit\u0151 relax\u00e1ci\u00f3s hanganyag<\/p>\n","protected":false},"author":101236,"featured_media":0,"parent":77,"menu_order":18,"comment_status":"closed","ping_status":"closed","template":"","meta":{"_acf_changed":false,"footnotes":""},"categories":[],"tags":[],"class_list":["post-6548","page","type-page","status-publish","hentry"],"acf":[],"_links":{"self":[{"href":"https:\/\/semmelweis.hu\/sebeszet\/wp-json\/wp\/v2\/pages\/6548","targetHints":{"allow":["GET"]}}],"collection":[{"href":"https:\/\/semmelweis.hu\/sebeszet\/wp-json\/wp\/v2\/pages"}],"about":[{"href":"https:\/\/semmelweis.hu\/sebeszet\/wp-json\/wp\/v2\/types\/page"}],"author":[{"embeddable":true,"href":"https:\/\/semmelweis.hu\/sebeszet\/wp-json\/wp\/v2\/users\/101236"}],"replies":[{"embeddable":true,"href":"https:\/\/semmelweis.hu\/sebeszet\/wp-json\/wp\/v2\/comments?post=6548"}],"version-history":[{"count":10,"href":"https:\/\/semmelweis.hu\/sebeszet\/wp-json\/wp\/v2\/pages\/6548\/revisions"}],"predecessor-version":[{"id":9146,"href":"https:\/\/semmelweis.hu\/sebeszet\/wp-json\/wp\/v2\/pages\/6548\/revisions\/9146"}],"up":[{"embeddable":true,"href":"https:\/\/semmelweis.hu\/sebeszet\/wp-json\/wp\/v2\/pages\/77"}],"wp:attachment":[{"href":"https:\/\/semmelweis.hu\/sebeszet\/wp-json\/wp\/v2\/media?parent=6548"}],"wp:term":[{"taxonomy":"category","embeddable":true,"href":"https:\/\/semmelweis.hu\/sebeszet\/wp-json\/wp\/v2\/categories?post=6548"},{"taxonomy":"post_tag","embeddable":true,"href":"https:\/\/semmelweis.hu\/sebeszet\/wp-json\/wp\/v2\/tags?post=6548"}],"curies":[{"name":"wp","href":"https:\/\/api.w.org\/{rel}","templated":true}]}}