{"id":6464,"date":"2021-05-26T14:04:29","date_gmt":"2021-05-26T12:04:29","guid":{"rendered":"https:\/\/semmelweis.hu\/sebeszet1\/?page_id=6464"},"modified":"2025-03-24T13:20:27","modified_gmt":"2025-03-24T12:20:27","slug":"latogatasi-rend","status":"publish","type":"page","link":"https:\/\/semmelweis.hu\/sebeszet\/betegellatas\/latogatasi-rend\/","title":{"rendered":"L\u00e1togat\u00e1si rend"},"content":{"rendered":"<p style=\"text-align: center\"><span style=\"font-size: 24pt\"><strong>L\u00c1TOGAT\u00c1SI REND<\/strong><\/span><\/p>\n<p style=\"text-align: center\"><strong>\u00a0<\/strong><\/p>\n<p style=\"text-align: center\">A gy\u00f3gy\u00edt\u00f3 munka, a betegek gy\u00f3gyul\u00e1s\u00e1nak \u00e9s pihen\u00e9s\u00e9nek zavartalan biztos\u00edt\u00e1sa \u00e9rdek\u00e9ben a betegl\u00e1togat\u00e1s id\u0151pontja:<\/p>\n<p>&nbsp;<\/p>\n<p style=\"text-align: center\"><strong>Minden nap: 16.00 \u00e9s 18.00 \u00f3ra k\u00f6z\u00f6tt van.<\/strong><\/p>\n<p style=\"text-align: center\">Ett\u0151l elt\u00e9r\u0151 id\u0151pontban beteg csak a Klinika Igazgat\u00f3 \u00edr\u00e1sos enged\u00e9ly\u00e9vel l\u00e1togathat\u00f3.<\/p>\n<p>&nbsp;<\/p>\n<p style=\"text-align: center\"><strong>\u00a0Az oszt\u00e1lyokra t\u00f6rt\u00e9n\u0151 bel\u00e9p\u00e9skor k\u00e9zfert\u0151tlen\u00edt\u00e9s v\u00e9gz\u00e9se k\u00f6telez\u0151. <\/strong><\/p>\n<p style=\"text-align: center\"><strong>A L\u00c1TOGAT\u00d3KNAK a Klinika eg\u00e9sz ter\u00fclet\u00e9n sz\u00e1jat \u00e9s orrot eltakar\u00f3 maszk visel\u00e9se folyamatosan k\u00f6telez\u0151 a fert\u0151z\u00e9s elleni fokozott v\u00e9delem biztos\u00edt\u00e1sa \u00e9rdek\u00e9ben.<\/strong><\/p>\n<p style=\"text-align: center\"><strong>Egy beteghez naponta <\/strong><span style=\"color: #ff0000\"><strong>legfeljebb\u00a0k\u00e9t l\u00e1togat\u00f3\u00a0mehet be (egym\u00e1st k\u00f6vet\u0151en), szem\u00e9lyenk\u00e9nt maximum\u00a030 perces\u00a0id\u0151tartamra, vagy\u00a0egy l\u00e1togat\u00f3\u00a0maximum\u00a060 perces\u00a0id\u0151tartamra.<\/strong><\/span><\/p>\n<p style=\"text-align: center\">L\u00e1togat\u00e1si id\u0151ben a beteg a l\u00e1togat\u00f3it a folyos\u00f3n, udvaron \u00e9s a k\u00f3rteremben is fogadhatja, de a l\u00e1togat\u00f3 \u00e1gyra nem \u00fclhet.<\/p>\n<p style=\"text-align: center\"><strong>14 \u00e9ven aluli gyermek- k\u00f3rh\u00e1zban kezelt beteget nem l\u00e1togathat.<\/strong><\/p>\n<p style=\"text-align: center\">_____________________________________________________________________________<\/p>\n<p style=\"text-align: center\"><strong>Az<\/strong><span style=\"color: #ff0000\"><strong> intenz\u00edv oszt\u00e1lyon <\/strong><\/span><strong>folyamatos \u00e9s speci\u00e1lis betegell\u00e1t\u00e1s zajlik. A l\u00e1togat\u00e1si id\u0151 ennek f\u00fcggv\u00e9ny\u00e9ben v\u00e1ltozik a t\u00f6bbi oszt\u00e1lyhoz k\u00e9pest:<\/strong><\/p>\n<p style=\"text-align: center\"><strong>Minden nap: 16.00 \u00e9s 17.00 \u00f3ra k\u00f6z\u00f6tt van.<\/strong><\/p>\n<p style=\"text-align: center\">Az intenz\u00edv oszt\u00e1lyon kezelt beteg l\u00e1togat\u00e1sa eset\u00e9n, a klinika \u00e1ltal biztos\u00edtott v\u00e9d\u0151\u00f6lt\u00f6zet visel\u00e9se k\u00f6telez\u0151.<\/p>\n<p style=\"text-align: center\">____________________________________________________________________________<\/p>\n<p><strong>\u00a0<\/strong><\/p>\n<p style=\"text-align: center\"><strong>18<sup>00 <\/sup>\u00f3ra ut\u00e1n l\u00e1togat\u00e1si c\u00e9llal a Klinik\u00e1n tart\u00f3zkodni nem lehet.<\/strong><\/p>\n<p style=\"text-align: center\">\u00a0<\/p>\n<p style=\"text-align: center\">A fentiekben r\u00f6gz\u00edtett kapcsolattart\u00e1si jogokat a beteg \u00e9s az arra jogosult szem\u00e9lyek kiz\u00e1r\u00f3lag a Klinik\u00e1n megl\u00e9v\u0151 mindenkori felt\u00e9telekt\u0151l f\u00fcgg\u0151en, a betegt\u00e1rsak jogainak tiszteletben tart\u00e1s\u00e1val \u00e9s a betegell\u00e1t\u00e1s zavartalans\u00e1g\u00e1t biztos\u00edtva gyakorolhatj\u00e1k. Amennyiben a beteg, illetve a l\u00e1togat\u00f3k magatart\u00e1sa nem felel meg a Klinik\u00e1n megl\u00e9v\u0151 felt\u00e9teleknek, s\u00e9rti a betegt\u00e1rsak jogait, vagy nem biztos\u00edtja a betegell\u00e1t\u00e1s zavartalans\u00e1g\u00e1t, \u00fagy az eg\u00e9szs\u00e9g\u00fcgyi ell\u00e1t\u00e1st v\u00e9gz\u0151 szem\u00e9lyzet- sikertelen figyelmeztet\u00e9s ut\u00e1n \u2013 jogosult az ell\u00e1t\u00e1si rend biztos\u00edt\u00e1sa \u00e9rdek\u00e9ben az \u00e1ltala sz\u00fcks\u00e9gesnek tartott int\u00e9zked\u00e9sek megt\u00e9tel\u00e9re.<\/p>\n<p>&nbsp;<\/p>\n<p>&nbsp;<\/p>\n<p>&nbsp;<\/p>\n<p>&nbsp;<\/p>\n<p>&nbsp;<\/p>\n<p>&nbsp;<\/p>\n<p>&nbsp;<\/p>\n<p>&nbsp;<\/p>\n<p>&nbsp;<\/p>\n<p>&nbsp;<\/p>\n<p>&nbsp;<\/p>\n<p style=\"text-align: justify\">\u00a0<\/p>\n","protected":false},"excerpt":{"rendered":"<p>L\u00c1TOGAT\u00c1SI REND \u00a0 A gy\u00f3gy\u00edt\u00f3 munka, a betegek gy\u00f3gyul\u00e1s\u00e1nak \u00e9s pihen\u00e9s\u00e9nek zavartalan biztos\u00edt\u00e1sa \u00e9rdek\u00e9ben a betegl\u00e1togat\u00e1s id\u0151pontja: &nbsp; Minden nap: 16.00 \u00e9s 18.00 \u00f3ra k\u00f6z\u00f6tt van. Ett\u0151l elt\u00e9r\u0151 id\u0151pontban beteg csak a Klinika Igazgat\u00f3 \u00edr\u00e1sos enged\u00e9ly\u00e9vel l\u00e1togathat\u00f3. &nbsp; \u00a0Az oszt\u00e1lyokra t\u00f6rt\u00e9n\u0151 bel\u00e9p\u00e9skor k\u00e9zfert\u0151tlen\u00edt\u00e9s v\u00e9gz\u00e9se k\u00f6telez\u0151. A L\u00c1TOGAT\u00d3KNAK a Klinika eg\u00e9sz ter\u00fclet\u00e9n sz\u00e1jat \u00e9s orrot eltakar\u00f3 &hellip;<\/p>\n","protected":false},"author":101236,"featured_media":0,"parent":77,"menu_order":8,"comment_status":"closed","ping_status":"closed","template":"","meta":{"_acf_changed":false,"footnotes":""},"categories":[],"tags":[],"class_list":["post-6464","page","type-page","status-publish","hentry"],"acf":[],"_links":{"self":[{"href":"https:\/\/semmelweis.hu\/sebeszet\/wp-json\/wp\/v2\/pages\/6464","targetHints":{"allow":["GET"]}}],"collection":[{"href":"https:\/\/semmelweis.hu\/sebeszet\/wp-json\/wp\/v2\/pages"}],"about":[{"href":"https:\/\/semmelweis.hu\/sebeszet\/wp-json\/wp\/v2\/types\/page"}],"author":[{"embeddable":true,"href":"https:\/\/semmelweis.hu\/sebeszet\/wp-json\/wp\/v2\/users\/101236"}],"replies":[{"embeddable":true,"href":"https:\/\/semmelweis.hu\/sebeszet\/wp-json\/wp\/v2\/comments?post=6464"}],"version-history":[{"count":10,"href":"https:\/\/semmelweis.hu\/sebeszet\/wp-json\/wp\/v2\/pages\/6464\/revisions"}],"predecessor-version":[{"id":9140,"href":"https:\/\/semmelweis.hu\/sebeszet\/wp-json\/wp\/v2\/pages\/6464\/revisions\/9140"}],"up":[{"embeddable":true,"href":"https:\/\/semmelweis.hu\/sebeszet\/wp-json\/wp\/v2\/pages\/77"}],"wp:attachment":[{"href":"https:\/\/semmelweis.hu\/sebeszet\/wp-json\/wp\/v2\/media?parent=6464"}],"wp:term":[{"taxonomy":"category","embeddable":true,"href":"https:\/\/semmelweis.hu\/sebeszet\/wp-json\/wp\/v2\/categories?post=6464"},{"taxonomy":"post_tag","embeddable":true,"href":"https:\/\/semmelweis.hu\/sebeszet\/wp-json\/wp\/v2\/tags?post=6464"}],"curies":[{"name":"wp","href":"https:\/\/api.w.org\/{rel}","templated":true}]}}