{"id":6327,"date":"2021-03-24T14:54:03","date_gmt":"2021-03-24T13:54:03","guid":{"rendered":"https:\/\/semmelweis.hu\/sebeszet1\/?page_id=6327"},"modified":"2024-03-25T13:39:43","modified_gmt":"2024-03-25T12:39:43","slug":"rezidens-helyek","status":"publish","type":"page","link":"https:\/\/semmelweis.hu\/sebeszet\/a-klinikarol\/rezidens-helyek\/","title":{"rendered":"Rezidensi helyek"},"content":{"rendered":"<p><strong>Tisztelt Koll\u00e9g\u00e1k!<\/strong><\/p>\n<p>Int\u00e9zet\u00fcnkben ki\u00edr\u00e1sra ker\u00fcltek a 2024. \u00e9vi rezidensi helyek.<\/p>\n<p>&nbsp;<\/p>\n<p style=\"text-align: center\"><em>Ha a gy\u00f3gy\u00edt\u00e1s, kutat\u00e1s \u00e9s oktat\u00e1s m\u0171v\u00e9szet\u00e9t saj\u00e1t tapasztalataidra \u00e9s tud\u00e1sodra szeretn\u00e9d felf\u0171zni, akkor a ST\u00e9G-en tal\u00e1lod meg a legizgalmasabb kih\u00edv\u00e1sokat \u00e9s fejl\u0151d\u00e9si lehet\u0151s\u00e9geket rezidensk\u00e9nt!<\/em><\/p>\n<p>&nbsp;<\/p>\n<p><strong>2024.09.15-t\u0151l bet\u00f6lthet\u0151 helyek:<\/strong><\/p>\n<p><strong>2 f\u0151<\/strong>\u00a0tavaszi\u00a0seb\u00e9szet\u00a0rezidensi hely<\/p>\n<p><strong>1 f\u0151<\/strong>\u00a0tavaszi nefrol\u00f3gia rezidensi hely<\/p>\n<p><strong>1 f\u0151<\/strong>\u00a0tavaszi\u00a0aneszteziol\u00f3gia \u00e9s intenz\u00edv ter\u00e1pia\u00a0rezidensi hely<strong>\u00a0<\/strong><\/p>\n<p><strong>\u00a0<\/strong><\/p>\n<p><strong>2024.12.15-t\u0151l bet\u00f6lthet\u0151 helyek:<\/strong><\/p>\n<p><strong>1 f\u0151<\/strong>\u00a0\u0151szi seb\u00e9szet rezidensi hely<\/p>\n<p><strong>1 f\u0151<\/strong>\u00a0\u0151szi\u00a0gasztroenterol\u00f3gia rezidensi hely<\/p>\n<p><strong>1 f\u0151<\/strong>\u00a0\u0151szi aneszteziol\u00f3gia \u00e9s intenz\u00edv ter\u00e1pia\u00a0rezidensi hely<\/p>\n<p>&nbsp;<\/p>\n<p>Kiz\u00e1r\u00f3lag a RENY fel\u00fcleten beadott p\u00e1ly\u00e1zatokat \u00e1ll m\u00f3dunkban elfogadni.<\/p>\n<p>A RENY fel\u00fclet\u00e9n meghirdetett rezidensi \u00e1ll\u00e1shelyekre a jel\u00f6ltek\u00a0<strong>2024. j\u00fanius 15-ig<\/strong>\u00a0jelentkezhetnek \u00f6n\u00e9letrajz \u00e9s motiv\u00e1ci\u00f3s lev\u00e9l beny\u00fajt\u00e1s\u00e1val.<\/p>\n<p>&nbsp;<\/p>\n<p>Nagy \u00f6r\u00f6mmel v\u00e1rjuk jelentkez\u00e9s\u00fcket!<\/p>\n<p>&nbsp;<\/p>\n<p>A ST\u00e9G vezet\u0151s\u00e9ge<\/p>\n","protected":false},"excerpt":{"rendered":"<p>Tisztelt Koll\u00e9g\u00e1k! Int\u00e9zet\u00fcnkben ki\u00edr\u00e1sra ker\u00fcltek a 2024. \u00e9vi rezidensi helyek. &nbsp; Ha a gy\u00f3gy\u00edt\u00e1s, kutat\u00e1s \u00e9s oktat\u00e1s m\u0171v\u00e9szet\u00e9t saj\u00e1t tapasztalataidra \u00e9s tud\u00e1sodra szeretn\u00e9d felf\u0171zni, akkor a ST\u00e9G-en tal\u00e1lod meg a legizgalmasabb kih\u00edv\u00e1sokat \u00e9s fejl\u0151d\u00e9si lehet\u0151s\u00e9geket rezidensk\u00e9nt! &nbsp; 2024.09.15-t\u0151l bet\u00f6lthet\u0151 helyek: 2 f\u0151\u00a0tavaszi\u00a0seb\u00e9szet\u00a0rezidensi hely 1 f\u0151\u00a0tavaszi nefrol\u00f3gia rezidensi hely 1 f\u0151\u00a0tavaszi\u00a0aneszteziol\u00f3gia \u00e9s intenz\u00edv ter\u00e1pia\u00a0rezidensi hely\u00a0 \u00a0 &hellip;<\/p>\n","protected":false},"author":101236,"featured_media":0,"parent":5669,"menu_order":4,"comment_status":"closed","ping_status":"closed","template":"","meta":{"_acf_changed":false,"footnotes":""},"categories":[],"tags":[],"class_list":["post-6327","page","type-page","status-publish","hentry"],"acf":[],"_links":{"self":[{"href":"https:\/\/semmelweis.hu\/sebeszet\/wp-json\/wp\/v2\/pages\/6327","targetHints":{"allow":["GET"]}}],"collection":[{"href":"https:\/\/semmelweis.hu\/sebeszet\/wp-json\/wp\/v2\/pages"}],"about":[{"href":"https:\/\/semmelweis.hu\/sebeszet\/wp-json\/wp\/v2\/types\/page"}],"author":[{"embeddable":true,"href":"https:\/\/semmelweis.hu\/sebeszet\/wp-json\/wp\/v2\/users\/101236"}],"replies":[{"embeddable":true,"href":"https:\/\/semmelweis.hu\/sebeszet\/wp-json\/wp\/v2\/comments?post=6327"}],"version-history":[{"count":10,"href":"https:\/\/semmelweis.hu\/sebeszet\/wp-json\/wp\/v2\/pages\/6327\/revisions"}],"predecessor-version":[{"id":8582,"href":"https:\/\/semmelweis.hu\/sebeszet\/wp-json\/wp\/v2\/pages\/6327\/revisions\/8582"}],"up":[{"embeddable":true,"href":"https:\/\/semmelweis.hu\/sebeszet\/wp-json\/wp\/v2\/pages\/5669"}],"wp:attachment":[{"href":"https:\/\/semmelweis.hu\/sebeszet\/wp-json\/wp\/v2\/media?parent=6327"}],"wp:term":[{"taxonomy":"category","embeddable":true,"href":"https:\/\/semmelweis.hu\/sebeszet\/wp-json\/wp\/v2\/categories?post=6327"},{"taxonomy":"post_tag","embeddable":true,"href":"https:\/\/semmelweis.hu\/sebeszet\/wp-json\/wp\/v2\/tags?post=6327"}],"curies":[{"name":"wp","href":"https:\/\/api.w.org\/{rel}","templated":true}]}}