{"id":6309,"date":"2021-03-16T13:38:29","date_gmt":"2021-03-16T12:38:29","guid":{"rendered":"https:\/\/semmelweis.hu\/sebeszet1\/?page_id=6309"},"modified":"2023-08-23T11:18:28","modified_gmt":"2023-08-23T09:18:28","slug":"okatatasi-helyisegek","status":"publish","type":"page","link":"https:\/\/semmelweis.hu\/sebeszet\/oktatas\/okatatasi-helyisegek\/","title":{"rendered":"Okatat\u00e1si helyis\u00e9gek"},"content":{"rendered":"<p style=\"text-align: justify\">Klinik\u00e1nkon a beteg\u00e1gy melletti oktat\u00e1son t\u00fal 3 helyen van lehet\u0151s\u00e9g el\u0151ad\u00e1sok, szemin\u00e1riumok megtart\u00e1s\u00e1ra. Az \u00dcll\u0151i \u00faton 3 helys\u00e9g is a hallgat\u00f3k rendelkez\u00e9s\u00e9re \u00e1ll, k\u00fcl\u00f6nb\u00f6z\u0151 az oktat\u00e1st seg\u00edt\u0151 felszerel\u00e9sekkel:<\/p>\n<p style=\"text-align: center\"><strong>\u00dcll\u0151i \u00fat<\/strong><\/p>\n<table class=\" aligncenter\" style=\"border-collapse: collapse;width: 29.3112%\">\n<tbody>\n<tr>\n<td style=\"width: 14.2182%;text-align: center\">\n<p><a href=\"https:\/\/semmelweis.hu\/sebeszet\/files\/2021\/03\/DSC_6576-scaled.jpg\"><img loading=\"lazy\" decoding=\"async\" class=\"alignnone size-thumbnail wp-image-6311\" src=\"https:\/\/semmelweis.hu\/sebeszet\/files\/2021\/03\/DSC_6576-150x150.jpg\" alt=\"\" width=\"150\" height=\"150\" \/><\/a><\/p>\n<\/td>\n<td style=\"width: 14.3224%;text-align: center\">\n<p><a href=\"https:\/\/semmelweis.hu\/sebeszet\/files\/2021\/03\/DSC_6577-scaled.jpg\"><img loading=\"lazy\" decoding=\"async\" class=\"alignnone size-thumbnail wp-image-6313\" src=\"https:\/\/semmelweis.hu\/sebeszet\/files\/2021\/03\/DSC_6577-150x150.jpg\" alt=\"\" width=\"150\" height=\"150\" \/><\/a><\/p>\n<\/td>\n<\/tr>\n<tr>\n<td style=\"width: 28.5406%;text-align: center\" colspan=\"2\">amfiteatralis tanterem (160 f\u0151)<\/td>\n<\/tr>\n<tr>\n<td style=\"width: 14.2182%;text-align: center\">\n<p><a href=\"https:\/\/semmelweis.hu\/sebeszet\/files\/2021\/03\/IMG_8165-scaled.jpg\"><img loading=\"lazy\" decoding=\"async\" class=\"alignnone size-thumbnail wp-image-6314\" src=\"https:\/\/semmelweis.hu\/sebeszet\/files\/2021\/03\/IMG_8165-150x150.jpg\" alt=\"\" width=\"150\" height=\"150\" \/><\/a><\/p>\n<\/td>\n<td style=\"width: 14.3224%;text-align: center\">\n<p><a href=\"https:\/\/semmelweis.hu\/sebeszet\/files\/2021\/03\/IMG_8166-scaled.jpg\"><img loading=\"lazy\" decoding=\"async\" class=\"alignnone size-thumbnail wp-image-6315\" src=\"https:\/\/semmelweis.hu\/sebeszet\/files\/2021\/03\/IMG_8166-150x150.jpg\" alt=\"\" width=\"150\" height=\"150\" \/><\/a><\/p>\n<\/td>\n<\/tr>\n<tr>\n<td style=\"width: 28.5406%;text-align: center\" colspan=\"2\">Dollinger terem (50 f\u0151)<\/td>\n<\/tr>\n<tr>\n<td style=\"text-align: center;width: 28.5406%\" colspan=\"2\">\n<p><a href=\"https:\/\/semmelweis.hu\/sebeszet\/files\/2021\/03\/IMG_8168-scaled.jpg\"><img loading=\"lazy\" decoding=\"async\" class=\"alignnone size-thumbnail wp-image-6316\" src=\"https:\/\/semmelweis.hu\/sebeszet\/files\/2021\/03\/IMG_8168-150x150.jpg\" alt=\"\" width=\"150\" height=\"150\" \/><\/a><\/p>\n<\/td>\n<\/tr>\n<tr>\n<td style=\"text-align: center;width: 28.5406%\" colspan=\"2\">\n<div dir=\"ltr\">\n<div>\n<div>Balassa terem (30 f\u0151)<\/div>\n<\/div>\n<\/div>\n<\/td>\n<\/tr>\n<\/tbody>\n<\/table>\n<p>&nbsp;<\/p>\n<p style=\"text-align: justify\">Az eml\u00edtett termekben kultur\u00e1lt k\u00f6rnyezetben, a magas szint\u0171 oktat\u00e1s\u00e1hoz sz\u00fcks\u00e9ges technikai felt\u00e9telekkel v\u00e1rjuk hallgat\u00f3inkat. A fentieken t\u00fal k\u00fcl\u00f6n medikus \u00f6lt\u00f6z\u0151t tartunk fenn ruhat\u00e1ri c\u00e9llal az \u00e9p\u00fclet alagsor\u00e1ban.<\/p>\n","protected":false},"excerpt":{"rendered":"<p>Klinik\u00e1nkon a beteg\u00e1gy melletti oktat\u00e1son t\u00fal 3 helyen van lehet\u0151s\u00e9g el\u0151ad\u00e1sok, szemin\u00e1riumok megtart\u00e1s\u00e1ra. Az \u00dcll\u0151i \u00faton 3 helys\u00e9g is a hallgat\u00f3k rendelkez\u00e9s\u00e9re \u00e1ll, k\u00fcl\u00f6nb\u00f6z\u0151 az oktat\u00e1st seg\u00edt\u0151 felszerel\u00e9sekkel: \u00dcll\u0151i \u00fat <a href=\"https:\/\/semmelweis.hu\/sebeszet\/files\/2021\/03\/DSC_6576-scaled.jpg\"><\/a> <a href=\"https:\/\/semmelweis.hu\/sebeszet\/files\/2021\/03\/DSC_6577-scaled.jpg\"><\/a> amfiteatralis tanterem (160 f\u0151) <a href=\"https:\/\/semmelweis.hu\/sebeszet\/files\/2021\/03\/IMG_8165-scaled.jpg\"><\/a> <a href=\"https:\/\/semmelweis.hu\/sebeszet\/files\/2021\/03\/IMG_8166-scaled.jpg\"><\/a> Dollinger terem (50 f\u0151) <a href=\"https:\/\/semmelweis.hu\/sebeszet\/files\/2021\/03\/IMG_8168-scaled.jpg\"><\/a> Balassa terem (30 f\u0151) &nbsp; Az eml\u00edtett termekben kultur\u00e1lt k\u00f6rnyezetben, a magas szint\u0171 oktat\u00e1s\u00e1hoz sz\u00fcks\u00e9ges technikai felt\u00e9telekkel &hellip;<\/p>\n","protected":false},"author":101236,"featured_media":0,"parent":5968,"menu_order":3,"comment_status":"closed","ping_status":"closed","template":"","meta":{"_acf_changed":false,"footnotes":""},"categories":[],"tags":[],"class_list":["post-6309","page","type-page","status-publish","hentry"],"acf":[],"_links":{"self":[{"href":"https:\/\/semmelweis.hu\/sebeszet\/wp-json\/wp\/v2\/pages\/6309","targetHints":{"allow":["GET"]}}],"collection":[{"href":"https:\/\/semmelweis.hu\/sebeszet\/wp-json\/wp\/v2\/pages"}],"about":[{"href":"https:\/\/semmelweis.hu\/sebeszet\/wp-json\/wp\/v2\/types\/page"}],"author":[{"embeddable":true,"href":"https:\/\/semmelweis.hu\/sebeszet\/wp-json\/wp\/v2\/users\/101236"}],"replies":[{"embeddable":true,"href":"https:\/\/semmelweis.hu\/sebeszet\/wp-json\/wp\/v2\/comments?post=6309"}],"version-history":[{"count":9,"href":"https:\/\/semmelweis.hu\/sebeszet\/wp-json\/wp\/v2\/pages\/6309\/revisions"}],"predecessor-version":[{"id":8272,"href":"https:\/\/semmelweis.hu\/sebeszet\/wp-json\/wp\/v2\/pages\/6309\/revisions\/8272"}],"up":[{"embeddable":true,"href":"https:\/\/semmelweis.hu\/sebeszet\/wp-json\/wp\/v2\/pages\/5968"}],"wp:attachment":[{"href":"https:\/\/semmelweis.hu\/sebeszet\/wp-json\/wp\/v2\/media?parent=6309"}],"wp:term":[{"taxonomy":"category","embeddable":true,"href":"https:\/\/semmelweis.hu\/sebeszet\/wp-json\/wp\/v2\/categories?post=6309"},{"taxonomy":"post_tag","embeddable":true,"href":"https:\/\/semmelweis.hu\/sebeszet\/wp-json\/wp\/v2\/tags?post=6309"}],"curies":[{"name":"wp","href":"https:\/\/api.w.org\/{rel}","templated":true}]}}