{"id":630,"date":"2015-09-24T12:00:14","date_gmt":"2015-09-24T10:00:14","guid":{"rendered":"http:\/\/semmelweis.hu\/sebeszet1\/?page_id=630"},"modified":"2021-11-10T10:40:03","modified_gmt":"2021-11-10T09:40:03","slug":"111_eves_magyar_sebeszet","status":"publish","type":"page","link":"https:\/\/semmelweis.hu\/sebeszet\/a-klinikarol\/a-xvii-szazadtol-napjainkig\/111_eves_magyar_sebeszet\/","title":{"rendered":"A Klinika 111 \u00e9ves t\u00f6rt\u00e9nete (Magyar Seb\u00e9szet)"},"content":{"rendered":"<div>\n<p><a href=\"https:\/\/semmelweis.hu\/sebeszet\/files\/2020\/11\/Magyar-Seb\u00e9szet-bor\u00edt\u00f3-s.jpg\"><img loading=\"lazy\" decoding=\"async\" class=\"aligncenter wp-image-5432 size-medium\" src=\"https:\/\/semmelweis.hu\/sebeszet\/files\/2020\/11\/Magyar-Seb\u00e9szet-bor\u00edt\u00f3-s-212x300.jpg\" alt=\"A Magyar Seb\u00e9sz T\u00e1rsas\u00e1g Tudom\u00e1nyos Foly\u00f3irata\" width=\"212\" height=\"300\" srcset=\"https:\/\/semmelweis.hu\/sebeszet\/files\/2020\/11\/Magyar-Seb\u00e9szet-bor\u00edt\u00f3-s-212x300.jpg 212w, https:\/\/semmelweis.hu\/sebeszet\/files\/2020\/11\/Magyar-Seb\u00e9szet-bor\u00edt\u00f3-s.jpg 424w\" sizes=\"auto, (max-width: 212px) 100vw, 212px\" \/><\/a><\/p>\n<\/div>\n<div class=\"lead\" style=\"text-align: center\">Bek\u00f6sz\u00f6nt\u0151<\/div>\n<p style=\"text-align: center\">111 \u00e9ves az \u00fcll\u0151i \u00fati Semmelweis Egyetem<br \/>\nI. Sz. Seb\u00e9szeti \u00e9s Intervenci\u00f3s Gasztroenterol\u00f3giai Klinik\u00e1j\u00e1nak \u00e9p\u00fclete<\/p>\n<p style=\"text-align: center\"><em>A m\u00faltb\u00f3l \u00e9p\u00fcl a j\u00f6v\u0151nk.<\/em><\/p>\n<p style=\"text-align: center\"><strong>Dr. Szij\u00e1rt\u00f3 Attila<\/strong><br \/>\n<strong>I. Sz. Seb\u00e9szeti \u00e9s Intervenci\u00f3s Gasztroenterol\u00f3giai Klinika<\/strong><\/p>\n<p style=\"text-align: justify\"><strong>Tisztelt Olvas\u00f3!<\/strong><br \/>\n<strong>Kedves Seb\u00e9sz Koll\u00e9g\u00e1im, Bar\u00e1taim!<\/strong><\/p>\n<p style=\"text-align: justify\">A Semmelweis Egyetem I. sz. Seb\u00e9szeti Klinik\u00e1j\u00e1nak \u00e9p\u00fclete id\u00e9n \u00fcnnepli megnyit\u00e1s\u00e1nak 111. \u00e9v\u00e9t. K\u00f6teless\u00e9gemnek \u00e9rezem, hogy koll\u00e9g\u00e1immal egy\u00fctt ezt az eltelt 111 \u00e9vet megt\u00f6lts\u00fck eml\u00e9kekkel, gondolatokkal. Egy \u00faj tansz\u00e9kvezet\u0151 \u00e9let\u00e9ben egy ilyen m\u00falt\u00fa klinika \u00e9s annak t\u00f6rt\u00e9nelmi el\u0151zm\u00e9nyei tiszteletet k\u00f6vetelnek, \u00e9s egyben elm\u00e9lked\u00e9sre serkentenek. Egy ilyen id\u0151szak sikereinek \u00e9s neh\u00e9zs\u00e9geinek meg\u00e9rt\u00e9se, a seb\u00e9szet fejl\u0151d\u00e9s\u00e9nek k\u00f6zvetlen k\u00f6zelb\u0151l val\u00f3 megismer\u00e9se, a falakb\u00f3l \u00e1rad\u00f3 szellemis\u00e9g \u00e1t\u00e9l\u00e9se komoly iskol\u00e1t, felk\u00e9sz\u00fcl\u00e9st a jelen kor itt dolgoz\u00f3 seb\u00e9szeinek. Megvallom, amennyire sz\u00e1momra fontos a halad\u00f3 szellemis\u00e9g, annyira \u00e9rzem hangs\u00falyosnak az elm\u00falt t\u00f6bb, mint sz\u00e1z \u00e9vet fel\u00f6lel\u0151 id\u0151szak hagyom\u00e1nyainak, iskol\u00e1j\u00e1nak meg\u0151rz\u00e9se. A jelen kiadv\u00e1ny c\u00e9lja \u00edgy kett\u0151s. Egyr\u00e9szt szeretn\u00e9m megmutatni \u00d6n\u00f6knek az id\u00e9n 250 \u00e9ves Semmelweis Egyetem egyik m\u00e9lt\u00e1n elismert Klinik\u00e1j\u00e1n foly\u00f3 szakmai munk\u00e1t, azt is ink\u00e1bb betekint\u00e9s szintj\u00e9n, megmutatva a jelenleg m\u0171velt seb\u00e9szeti ir\u00e1nyvonalainkat, ugyanakkor nem szeretn\u00e9nk sz\u00e1raz, t\u00e9nyszer\u0171 adatokkal terhelni az Olvas\u00f3t. M\u00e1sr\u00e9szt, a hagyom\u00e1nyok mellett egy \u00faj korszak k\u00fcsz\u00f6b\u00e9n is \u00e1llunk. Igaz, hogy a Klinika \u00e9let\u00e9be sok sz\u00ednes elem is vegy\u00fclt, \u00fagy, mint a Klinik\u00e1n hossz\u00fa ideig m\u0171k\u00f6d\u0151 traumatol\u00f3giai ell\u00e1t\u00e1s vagy az \u00e9rseb\u00e9szet \u00e9vtizedes m\u00faltja vagy ak\u00e1r a plasztikai seb\u00e9szet megjelen\u00e9se, de f\u0151 ir\u00e1nyvonal mindv\u00e9gig az em\u00e9szt\u0151szervi megbeteged\u00e9sek magas szint\u0171 seb\u00e9szeti ell\u00e1t\u00e1sa volt. Klinik\u00e1nkon az gasztroenterol\u00f3gi\u00e1val val\u00f3 szoros egy\u00fcttm\u0171k\u00f6d\u00e9s \u00e9s az endoszk\u00f3pos j\u00e1rtass\u00e1gok megszerz\u00e9se \u00e9s azok sz\u00e9les t\u00e1rh\u00e1z\u00e1nak alkalmaz\u00e1sa t\u00f6rt\u00e9nelmi jelent\u0151s\u00e9g\u0171. Egyes &#8211; a diagnosztikus elemeken t\u00falmutat\u00f3 &#8211; beavatkoz\u00e1sok hazai megjelen\u00e9se, bevezet\u00e9se, protokollok kidolgoz\u00e1sa a Klinik\u00e1hoz k\u00f6thet\u0151 (pl.: nyel\u0151cs\u0151 scleroter\u00e1pia, PEG stb.). Ennek szellem\u00e9ben 2020. szeptember 1-t\u0151l az I. sz. Seb\u00e9szeti Klinik\u00e1n megalakul egy komplex, fekv\u0151beteg ell\u00e1t\u00e1ssal b\u00edr\u00f3, egy szervezeti egys\u00e9gben m\u0171k\u00f6d\u0151 gasztroenterol\u00f3giai oszt\u00e1ly is, mely \u00edgy a Klinika n\u00e9vv\u00e1ltoz\u00e1s\u00e1t is mag\u00e1val hozza. Tal\u00e1n ez az utols\u00f3 \u00edr\u00e1s, mely az I. sz. Seb\u00e9szeti Klinika \u201ecsupasz\u201d nev\u00e9vel ker\u00fcl feljegyz\u00e9sre.<\/p>\n<p style=\"text-align: justify\">Az \u00dcll\u0151i \u00fat 78 alatt meg\u00e9lt 111 \u00e9v csup\u00e1n egy kiragadott pillanat a Semmelweis Egyetem \u00e9s jogel\u0151deinek seb\u00e9szeti tev\u00e9kenys\u00e9g\u00e9b\u0151l. Plenk J\u00f3zsef Jakab (1739-1807), St\u00e1hly Gy\u00f6rgy (1755-1802), Eckstein Ferenc (1769-1833), St\u00e1hly Ign\u00e1cz (1787-1849), Piskovich J\u00e1nos (1805-1847), Balassa J\u00e1nos (1814-1868) \u00e9s Kov\u00e1cs J\u00f3zsef (1832-1898) sz\u00e1mos helyen \u00e9s form\u00e1ban m\u0171velt\u00e9k a seb\u00e9szet iskol\u00e1j\u00e1t, egyik-m\u00e1sik k\u00f6z\u00fcl\u00fck m\u00e9rf\u00f6ldk\u00f6veket hagyott maga ut\u00e1n szakm\u00e1nkban. Ilyen el\u0151d\u00f6k nyomdokaiban j\u00e1rva alap\u00edtotta meg Dollinger Gyula (1849-1937) a mai \u00fcll\u0151i \u00fati Klinik\u00e1t.<\/p>\n<p style=\"text-align: justify\">Valljuk meg, a 111 \u00e9v igaz\u00e1n nem tekinthet\u0151 jubileumi pillanatnak, az \u00e9vsz\u00e1m nem kerek, de m\u00e9gis hordoz mag\u00e1ban valami \u201eizgalmasat\u201d \u00e9s akik a seb\u00e9szet kiv\u00e1l\u00f3s\u00e1gait l\u00e1tj\u00e1k ebbe a h\u00e1zban, azoknak ez \u201eels\u0151k\u201d gondolat\u00e1t juttatj\u00e1k esz\u00e9be. Csup\u00e1n n\u00e9h\u00e1ny p\u00e9lda. Az 1909-ben kapuit megnyit\u00f3 Klinika a legmodernebb eur\u00f3pai int\u00e9zetek k\u00f6zt az \u201eels\u0151\u201d volt \u00e9p\u00edt\u00e9szeti saj\u00e1toss\u00e1gaival, l\u00e9gtechnikai megold\u00e1saival, koncepci\u00f3zus tervez\u00e9s\u00e9vel. A Klinika nem csak kubat\u00far\u00e1j\u00e1ban, infrastrukt\u00far\u00e1j\u00e1ba, de \u201eels\u0151\u201d volt sok \u00faj seb\u00e9sztechnikai v\u00edvm\u00e1ny bevezet\u00e9s\u00e9ben. Sok \u201eels\u0151nek\u201d sz\u00e1m\u00edt\u00f3 szakmai \u00faj\u00edt\u00e1s mellett a Klinika volt sz\u00ednhelye \u00e9s szakmai h\u00e1ttere az els\u0151 m\u00e1jtranszplant\u00e1ci\u00f3nak, vagy p\u00e9ld\u00e1ul nyel\u0151cs\u0151 \u00e9s pancreas megbeteged\u00e9sek gy\u00f3gy\u00edt\u00e1s\u00e1ban tett m\u0171t\u00e9ttechnikai \u00faj\u00edt\u00e1s\u00e1nak. Az itt tev\u00e9kenyked\u0151, csillap\u00edthatatlan tud\u00e1sv\u00e1ggyal b\u00edr\u00f3 koll\u00e9g\u00e1k voltak az \u201eels\u0151k\u201d k\u00f6zt jelen, akik igazi \u201etranszl\u00e1ci\u00f3s\u201d kutat\u00e1sokat, k\u00eds\u00e9rletek v\u00e9gezetek, hab\u00e1r akkor m\u00e9g ezt \u0151k nem \u00edgy neves\u00edtett\u00e9k azt; nem is tudt\u00e1k, mennyire korszer\u0171ek lenn\u00e9nek ma. A Klinika \u00e9s seb\u00e9szeti hossz\u00fa \u00e9veken \u00e1t ugyancsak els\u0151k\u00e9nt vettek r\u00e9szt a hazai endoszk\u00f3pia \u00fatt\u00f6r\u0151 munk\u00e1j\u00e1ban. \u00c9s ugyan\u00edgy sok \u201eels\u0151\u201d volt, van mai napig is jelen szakmai t\u00e1rsas\u00e1gokban, szervezetekben. A sok-sok \u201eels\u0151\u201d mellett ker\u00fclhet megeml\u00edt\u00e9sre a 2020. szeptember\u00e9ben Magyarorsz\u00e1gon els\u0151k\u00e9nt megny\u00edl\u00f3 komprehenz\u00edv seb\u00e9szeti-gasztroenterol\u00f3giai centrum is. De ne rohanjunk ennyire el\u0151re az id\u0151ben!<\/p>\n<p style=\"text-align: justify\">A jelenlegi \u00fcll\u0151i \u00fati klinika el\u0151dje mintegy 30 \u00e9vig a M\u00e1ria utcai \u00e9p\u00fcletsz\u00e1rnyban m\u0171k\u00f6d\u00f6tt. A Budapesti H\u00edrlap (229.sz.) 1909. Szeptember 28-i sz\u00e1ma \u201e\u00daj Seb\u00e9szeti Klinika\u201d c\u00edmen adott tud\u00f3s\u00edt\u00e1st \u201eA Budapesti Kir\u00e1lyi Tudom\u00e1ny Egyetem I-s\u0151 sz\u00e1m\u00fa \u00faj seb\u00e9szeti klinik\u00e1ja\u201d-nak menyit\u00e1s\u00e1r\u00f3l. Ahogy az \u00edr\u00e1s eml\u00edti: \u201eMa kezdte meg el\u0151ad\u00e1sait az \u00dcll\u0151i \u00fat 78. sz\u00e1ma alatt a r\u00e9gi botanikus kert hely\u00e9n \u00e9p\u00fclt \u00faj seb\u00e9szeti klinik\u00e1ban Dollinger Gyula egyetemi tan\u00e1r, udvari tan\u00e1csos. Megnyit\u00f3 el\u0151ad\u00e1s\u00e1ban visszapillantott arra a korra, amikor 1877-ben boldogult el\u0151dje, Kov\u00e1ts professzor az \u00dcll\u0151i ut \u00e9s a M\u00e1ria utca sark\u00e1n megnyitotta azt a klinik\u00e1t, a mely a seb\u00e9szet akkor k\u00f6vetelm\u00e9nyeinek teljesen megfelelt, a melynek akkor bel- \u00e9s k\u00fclf\u00f6ldi orvosak a csud\u00e1j\u00e1ra j\u00e1rtak, de a mely ma, harminck\u00e9t esztend\u0151vel k\u00e9s\u0151bb, erre a f\u00f6ladatra m\u00e1r annyira nem alkalmas, hogy helyette uj klinik\u00e1t kellett \u00e9p\u00edteni, m\u00edg a r\u00e9git most a b\u0151rk\u00f3rtani tansz\u00e9k sz\u00e1m\u00e1ra fogj\u00e1k \u00e1talak\u00edtani.\u201d A tud\u00f3s\u00edt\u00e1s szerfelett r\u00e9szletess\u00e9ggel ad betekint\u00e9st a Klinika szerkezet\u00e9r\u0151l, m\u0171k\u00f6d\u00e9si rendj\u00e9r\u0151l \u00e9s lehet\u0151s\u00e9geir\u0151l. Ugyanakkor az els\u0151 sorok olvasta ut\u00e1n m\u00e9g izgalmasabbak Dollinger Gyula z\u00e1r\u00f3 gondolatai: \u201e\u2026az el\u0151adottakb\u00f3l l\u00e1thatj\u00e1k, hogy ebben az \u00faj \u00e9p\u00fcletben mindazok a k\u00edv\u00e1ns\u00e1gok teljes\u00fcltek, a melyeket tudom\u00e1nyunk ma egy klinik\u00e1val szemben t\u00e1maszt, de az\u00e9rt az \u00e9veknek el\u0151re meg nem hat\u00e1rozhat\u00f3 sora ut\u00e1n ez a mi modern klinik\u00e1nk is \u00f6sszes berendez\u00e9seivel \u00e9ppen \u00fagy el fog avulni, a mint 32 esztend\u0151 alatt elavult az a klinika, a melyet tegnap elhagytunk. \u201d<\/p>\n<p style=\"text-align: justify\">A sors akarat\u00e1n\u00e1l fogva ma is itt vagyunk. \u00c1poljuk, \u0151rizz\u00fck hagyom\u00e1nyainkat, fejlesztj\u00fck mindazt, amit a kor szelleme megk\u00f6vetel. Szeretve tisztelj\u00fck a h\u00e1zat R\u00f3th Miksa \u00fcvegablakival, Barab\u00e1s Mikl\u00f3s Balassa J\u00e1nost \u00e1br\u00e1zol\u00f3 portr\u00e9j\u00e1val \u00e9s megannyi \u201esebklinik\u00e1s\u201d saj\u00e1ts\u00e1ggal, melyet csak az ismert, aki valaha is kicsit itt \u00e9lt vel\u00fcnk.<\/p>\n<p style=\"text-align: justify\">Ma ez a betegell\u00e1t\u00e1sban orsz\u00e1gos jelent\u0151s\u00e9g\u0171 int\u00e9zet jelenleg 110 \u00e1gyon, 12 \u00f6n\u00e1ll\u00f3 intenz\u00edv \u00e1gyas kapacit\u00e1s mellett \u00e9vi k\u00f6zel 3.500 m\u0171t\u00e9t v\u00e9gez d\u00f6nt\u0151en IIIB szinten. A dolgoz\u00f3k l\u00e9tsz\u00e1ma el\u00e9ri a k\u00e9tsz\u00e1zat, melyb\u0151l 50 orvos koll\u00e9ga. \u00d6rvendetes a magasan k\u00e9pzett, kiemelked\u0151 seb\u00e9szeti m\u0171t\u00e9ti j\u00e1rtas\u00e1ggal b\u00edr\u00f3 seb\u00e9sz koll\u00e9g\u00e1k k\u00f6re \u00e9s a nagy kock\u00e1zat\u00fa hasi seb\u00e9szeti ell\u00e1t\u00e1s h\u00e1tter\u00e9ben \u00e1ll\u00f3 magas szint\u0171, saj\u00e1t aneszteziol\u00f3giai \u00e9s gasztroenterol\u00f3giai team jelenl\u00e9te.<\/p>\n<p style=\"text-align: justify\">Az \u201e\u00fcll\u0151i \u00fati Seb\u00e9szeti Klinika\u201d t\u00f6bb mint 111 \u00e9ve a magyar seb\u00e9szet z\u00e1szl\u00f3shaj\u00f3ja \u00e9s egyben a legr\u00e9gebbi hagyom\u00e1nyokkal b\u00edr\u00f3 seb\u00e9szeti int\u00e9zet Magyarorsz\u00e1gon. Ikonikus hely, egyed\u00fcl\u00e1ll\u00f3 betegell\u00e1t\u00f3, oktat\u00f3 \u00e9s kutat\u00f3 egys\u00e9g. Az I. sz. Seb\u00e9szeti Klinika az orvostudom\u00e1ny legizgalmasabb sz\u00e1z \u00e9v\u00e9ben megker\u00fclhetetlen b\u00e1zisa volt a magyar seb\u00e9szet fejl\u0151d\u00e9s\u00e9nek, fejleszt\u00e9s\u00e9nek. A jelenlegi helyen 1909 \u00f3ta m\u0171k\u00f6d\u0151 Klinik\u00e1n, az akkori Eur\u00f3pa legmodernebb seb\u00e9szeti int\u00e9zet\u00e9ben tev\u00e9kenykedhettek a boldog b\u00e9keid\u0151k seb\u00e9szei. Forradalmi \u00faj\u00edt\u00e1soknak lehettek tan\u00fai ezek a falak. A szellemis\u00e9g, a szakma szeretete \u00e9s gyakorlata, &#8211; mely t\u00f6bb volt, mint a mesters\u00e9gbeli tud\u00e1s \u00e9s \u00edgy &#8211; a seb\u00e9szet m\u0171v\u00e9szi szint\u0171 m\u0171vel\u00e9se, a kialakul\u00f3 hagyom\u00e1nyok jellemezt\u00e9k a h\u00e1zat. Ez m\u00e9lt\u00f3 m\u00f3don tiszteletre \u00e9s t\u00f6rekv\u00e9sre kellett \u00e9s kell ma is, hogy intse a kapun bel\u00e9p\u0151 orvos koll\u00e9g\u00e1kat. Sz\u00e1z \u00e9v alatt t\u00f6bb mint \u00f6tsz\u00e1zan voltak azon orvos koll\u00e9g\u00e1k, akik hosszabb, r\u00f6videbb ideig az \u00dcll\u0151i \u00fati Klinika m\u00e1rv\u00e1nyl\u00e9pcs\u0151it koptatt\u00e1k. A Semmelweis Egyetem m\u00e9lt\u00e1n lehet b\u00fcszke ezen Klinik\u00e1j\u00e1ra, tekintve kiemelked\u0151 teljes\u00edtm\u00e9nyeit, iskolateremt\u0151 m\u00faltj\u00e1t. Az iskolateremt\u00e9s, oktat\u00e1s ter\u00e9n nem elhanyagolhat\u00f3 az \u00e9ves t\u00f6bb sz\u00e1z orvostanhallgat\u00f3 h\u00e1rom nyelven foly\u00f3 oktat\u00e1sa, illetve a posztgradu\u00e1lis oktat\u00e1sban bet\u00f6lt\u00f6tt szerepe, mely egyik eredm\u00e9nye a Klinik\u00e1r\u00f3l kir\u00f6ppent oszt\u00e1lyvezet\u0151k sora, akik sz\u00e9les\u00edtik az iskola falait.<\/p>\n<p style=\"text-align: justify\">A legkorszer\u0171bb elj\u00e1r\u00e1sok, a t\u00f6rt\u00e9nelmi fordulatot jelent\u0151 pillanatok mellett a tudom\u00e1nyos \u00e9let elv\u00e1laszthatatlan r\u00e9sze volt a fejl\u0151d\u00e9snek. Sz\u00e1mos kandid\u00e1tusi \u00e9s akad\u00e9miai doktori \u00e9rtekez\u00e9s sz\u00fcletett a h\u00e1z falain bel\u00fcl. Igazi aranykor volt ez, melynek folytat\u00e1s\u00e1t nap, mint nap meg\u00e9lj\u00fck. Ugyanakkor a romantikus eml\u00e9keket felv\u00e1ltja a jelen kor rohan\u00f3 mili\u0151je, a magyar eg\u00e9szs\u00e9g\u00fcgyre, az Egyetemre, a Klinik\u00e1ra h\u00e1rul\u00f3 k\u00fcls\u0151 \u00e9s bels\u0151 fesz\u00fclts\u00e9gek, az eg\u00e9szs\u00e9g\u00fcgy forr\u00e1shi\u00e1nya \u00e9s ezen bel\u00fcl k\u00fcl\u00f6n\u00f6sk\u00e9pp a seb\u00e9szet alulfinansz\u00edrozotts\u00e1ga megv\u00e1ltoztatt\u00e1k a kor szellem\u00e9t. A Klinika \u00edgy is l\u00e9p\u00e9st tart \u00e9s kell, hogy tartson az elv\u00e1r\u00e1soknak \u00e9s m\u0171k\u00f6d\u00e9s\u00e9ben m\u00e9lt\u00f3an meg kell, hogy feleljen a dics\u0151s\u00e9ges m\u00falt hagyom\u00e1nyainak. A halad\u00f3 szellemis\u00e9g szikr\u00e1i jelen vannak, \u00edgy is biztat\u00e1s \u00e9rezhet\u00fcnk a j\u00f6v\u0151 v\u00e1ltoz\u00e1sai ir\u00e1nt.<\/p>\n<p style=\"text-align: justify\">A Klinika \u00e9lete \u00fajabb fordul\u00f3ponthoz \u00e9rkezett. Megtisztel\u0151, hogy el\u0151deim ut\u00e1n, tizenkettedik tansz\u00e9kvezet\u0151k\u00e9nt, r\u00e1m esett a v\u00e1laszt\u00e1s, hogy a k\u00f6vetkez\u0151 id\u0151ben ezt a haj\u00f3t korm\u00e1nyozhatom. 111 \u00e9v alatt 11 igazgat\u00f3 nem t\u0171nik soknak, k\u00fcl\u00f6n\u00f6sen, ha a II. vil\u00e1gh\u00e1bor\u00fat k\u00f6vet\u0151 viszontags\u00e1gos id\u0151szak alatti alig egy \u00e9ves igazgat\u00f3i p\u00e1lyafut\u00e1sokat is figyelembe vessz\u00fck.<\/p>\n<p style=\"text-align: justify\">A seb\u00e9szetben bek\u00f6vetkez\u0151 korszakv\u00e1lt\u00e1sokat \u2013 az int\u00e9zm\u00e9ny saj\u00e1tos helyzet\u00e9b\u0151l fakad\u00f3an &#8211; n\u00e9hol m\u00e1r megel\u0151zt\u00fck, n\u00e9hol magunk v\u00e1ltunk alkot\u00f3iv\u00e1, tev\u0151leges r\u00e9szeiv\u00e9. A nemzetk\u00f6zi \u00e9lvonalba val\u00f3 fokozatos megmarad\u00e1s, alkalmasint ism\u00e9telt felz\u00e1rk\u00f3z\u00e1s egyes ter\u00fcleteken elengedhetetlen. Az el\u0151d\u00f6k \u00e1ltal r\u00e1nk hagyott jeles eredm\u00e9nyek tov\u00e1bbfejleszt\u00e9se k\u00f6teless\u00e9g\u00fcnk. A jelen kor neh\u00e9zs\u00e9gei, a v\u00e1ltoz\u00f3 gener\u00e1ci\u00f3k, a n\u00e9ha megjelen\u0151 mor\u00e1lis v\u00e1ls\u00e1g, a k\u00f6zszf\u00e9r\u00e1val szemben \u00e1ll\u00f3 \u201eszabad\u201d piac neh\u00e9z feladatot \u00e1ll\u00edt egy \u00faj ciklus el\u00e9. Ugyanakkor b\u00edzom abban, hogy egy kiegyens\u00falyozott, k\u00f6z\u00e9p-hossz\u00fa t\u00e1von biztos j\u00f6v\u0151k\u00e9pet ad\u00f3, egzisztenci\u00e1lis biztons\u00e1gon t\u00fal a szakmai karrier kiteljesed\u00e9s\u00e9t is jelent\u0151 munkahely el\u00e9g er\u0151s falakat h\u00faz a zord k\u00fclvil\u00e1g fel\u00e9.<\/p>\n<p style=\"text-align: justify\">A Semmelweis Egyetem I. sz. Seb\u00e9szeti Klinik\u00e1j\u00e1nak elm\u00falt 111 \u00e9ve \u00e9s az el\u0151d\u00f6k \u00e1ltal letett alapok, sarokk\u00f6vek komoly feladat el\u00e9 \u00e1ll\u00edtanak minket, akik a Klinika j\u00f6v\u0151j\u00e9t fontosnak tartjuk. A j\u00f6v\u0151 nagym\u00e9rt\u00e9kben az elk\u00f6vetkez\u0151 p\u00e1r \u00e9v siker\u00e9n m\u00falik. J\u00f6v\u0151beli odaad\u00f3 munk\u00e1nkkal rem\u00e9lhet\u0151leg r\u00e9szesei lehet\u00fcnk az I. sz. Seb\u00e9szeti Klinika meg\u00fajul\u00e1s\u00e1nak \u00e9s egyben a hazai \u00e9s nemzetk\u00f6zi sz\u00edntereken megjelen\u0151 ism\u00e9telt legf\u00e9nyesebb csillog\u00e1snak.<\/p>\n<p style=\"text-align: justify\">Z\u00e1r\u00f3gondolatk\u00e9nt Balassa J\u00e1nos sorait kell id\u00e9znem: \u201eAz orvos-seb\u00e9szi tudom\u00e1ny s m\u0171v\u00e9szet elvei s gyakorlati r\u00e9szletei azon t\u00e1g mez\u0151, melynek m\u00edvel\u00e9s\u00e9ben folytonos \u00e9s kett\u0151ztetett munk\u00e1ss\u00e1ggal kell forognunk ifj\u00fa bar\u00e1taim, hogy az \u00e9p\u00fclet, melynek alapjait tisztelt el\u0151deim m\u0171v\u00e9sz kezekkel rakt\u00e1k, \u00e9p \u00e9s er\u0151s maradjon, hogy az a kor k\u00edv\u00e1nat\u00e1hoz k\u00e9pest t\u00e1guljon; mert mer\u00e9sz l\u00e9ptekkel halad az emberi l\u00e1ng\u00e9sz sz\u00e1rnyain a tudom\u00e1ny s hatalmas fegyverrel legy\u0151zi a tornyosul\u00f3 akad\u00e1lyokat a vasszorgalom.\u201d<\/p>\n<p style=\"text-align: justify\">K\u00fcl\u00f6n k\u00f6sz\u00f6netemet fejezem ki a Magyar Seb\u00e9szet foly\u00f3iratnak, hogy ennek az \u00f6sszefoglal\u00f3nak itt \u00e9s most teret adott. Kor\u00e1bbi, a Klinika 100 \u00e9ves jubileum\u00e1ra &#8211; a Semmelweis Kiad\u00f3 gondoz\u00e1s\u00e1ban &#8211; k\u00e9sz\u00fclt kiadv\u00e1ny j\u00f3val r\u00e9szletesebben ismerteti meg az \u00e9rdekl\u0151d\u0151vel az I. sz. Seb\u00e9szeti Klinika t\u00f6rt\u00e9nelmi el\u0151zm\u00e9nyeit, \u00edgy ezzel itt nem terhelj\u00fck az \u00e9rdekl\u0151d\u0151t. Ezen kiadv\u00e1nnyal &#8211; a teljess\u00e9g ig\u00e9nye n\u00e9lk\u00fcl &#8211; szeretn\u00e9nk egy r\u00f6vid betekint\u00e9st adni az \u00e1ltalunk v\u00e9gzett elj\u00e1r\u00e1sok r\u00f6vid t\u00f6rt\u00e9nelmi h\u00e1tter\u00e9nek, a hazai \u00e9s nemzetk\u00f6zi viszonylatban tett munk\u00e1ss\u00e1gunknak \u00e9s rem\u00e9lhet\u0151leg egyfajta j\u00f6v\u0151k\u00e9pet siker\u00fcl bemutatnunk a k\u00f6vetkez\u0151 gener\u00e1ci\u00f3knak. Fogadj\u00e1k szeretettel koll\u00e9g\u00e1im \u00edr\u00e1sait!<\/p>\n<p><strong>Szakmai profilok\u00a0<\/strong><\/p>\n<ul>\n<li><a href=\"https:\/\/semmelweis.hu\/sebeszet\/files\/2020\/11\/03_Nyel\u0151cs\u0151seb\u00e9szet.pdf\">Nyel\u0151cs\u0151seb\u00e9szet<\/a><\/li>\n<li><a href=\"https:\/\/semmelweis.hu\/sebeszet\/files\/2020\/11\/04_Coloproctologia.pdf\">Coloproctologia<\/a><\/li>\n<li><a href=\"https:\/\/semmelweis.hu\/sebeszet\/files\/2020\/11\/05_M\u00e1jseb\u00e9szet.pdf\">M\u00e1jseb\u00e9szet<\/a><\/li>\n<li><a href=\"https:\/\/semmelweis.hu\/sebeszet\/files\/2020\/11\/06_Pancreas.pdf\">Pancreas<\/a><\/li>\n<li><a href=\"https:\/\/semmelweis.hu\/sebeszet\/files\/2020\/11\/07_Endokrin-Seb\u00e9szet.pdf\">Endokrin Seb\u00e9szet<\/a><\/li>\n<li><a href=\"https:\/\/semmelweis.hu\/sebeszet\/files\/2020\/11\/08_A-k\u00f3ros-k\u00f6v\u00e9rs\u00e9g-seb\u00e9szi-kezel\u00e9se.pdf\">A k\u00f3ros k\u00f6v\u00e9rs\u00e9g seb\u00e9szi kezel\u00e9se<\/a><\/li>\n<li><a href=\"https:\/\/semmelweis.hu\/sebeszet\/files\/2020\/11\/09_Endoszkopia_gasztroenterol\u00f3gia.pdf\">Endoszkopia_gasztroenterol\u00f3gia<\/a><\/li>\n<li><a href=\"https:\/\/semmelweis.hu\/sebeszet\/files\/2020\/11\/10_Ultrahang.pdf\">Ultrahang<\/a><\/li>\n<li><a href=\"https:\/\/semmelweis.hu\/sebeszet\/files\/2020\/11\/11_Aneszteziol\u00f3gia-\u00e9s-intenz\u00edv-ter\u00e1pia-I-Seb.pdf\">Aneszteziol\u00f3gia \u00e9s intenz\u00edv ter\u00e1pia<\/a>\u00a0<\/li>\n<li><a href=\"https:\/\/semmelweis.hu\/sebeszet\/files\/2020\/11\/12_K\u00eds\u00e9rleti-m\u0171t\u0151.pdf\">K\u00eds\u00e9rleti m\u0171t\u0151<\/a><\/li>\n<li><a href=\"https:\/\/semmelweis.hu\/sebeszet\/files\/2020\/11\/13_OSI.pdf\">OSI<\/a><\/li>\n<\/ul>\n<p>&nbsp;<\/p>\n","protected":false},"excerpt":{"rendered":"<p><a href=\"https:\/\/semmelweis.hu\/sebeszet\/files\/2020\/11\/Magyar-Seb\u00e9szet-bor\u00edt\u00f3-s.jpg\"><\/a> Bek\u00f6sz\u00f6nt\u0151 111 \u00e9ves az \u00fcll\u0151i \u00fati Semmelweis Egyetem I. Sz. Seb\u00e9szeti \u00e9s Intervenci\u00f3s Gasztroenterol\u00f3giai Klinik\u00e1j\u00e1nak \u00e9p\u00fclete A m\u00faltb\u00f3l \u00e9p\u00fcl a j\u00f6v\u0151nk. Dr. Szij\u00e1rt\u00f3 Attila I. Sz. Seb\u00e9szeti \u00e9s Intervenci\u00f3s Gasztroenterol\u00f3giai Klinika Tisztelt Olvas\u00f3! Kedves Seb\u00e9sz Koll\u00e9g\u00e1im, Bar\u00e1taim! A Semmelweis Egyetem I. sz. Seb\u00e9szeti Klinik\u00e1j\u00e1nak \u00e9p\u00fclete id\u00e9n \u00fcnnepli megnyit\u00e1s\u00e1nak 111. \u00e9v\u00e9t. K\u00f6teless\u00e9gemnek \u00e9rezem, hogy koll\u00e9g\u00e1immal egy\u00fctt &hellip;<\/p>\n","protected":false},"author":101022,"featured_media":0,"parent":5466,"menu_order":4,"comment_status":"closed","ping_status":"closed","template":"","meta":{"_acf_changed":false,"footnotes":""},"categories":[],"tags":[],"class_list":["post-630","page","type-page","status-publish","hentry"],"acf":[],"_links":{"self":[{"href":"https:\/\/semmelweis.hu\/sebeszet\/wp-json\/wp\/v2\/pages\/630","targetHints":{"allow":["GET"]}}],"collection":[{"href":"https:\/\/semmelweis.hu\/sebeszet\/wp-json\/wp\/v2\/pages"}],"about":[{"href":"https:\/\/semmelweis.hu\/sebeszet\/wp-json\/wp\/v2\/types\/page"}],"author":[{"embeddable":true,"href":"https:\/\/semmelweis.hu\/sebeszet\/wp-json\/wp\/v2\/users\/101022"}],"replies":[{"embeddable":true,"href":"https:\/\/semmelweis.hu\/sebeszet\/wp-json\/wp\/v2\/comments?post=630"}],"version-history":[{"count":10,"href":"https:\/\/semmelweis.hu\/sebeszet\/wp-json\/wp\/v2\/pages\/630\/revisions"}],"predecessor-version":[{"id":5524,"href":"https:\/\/semmelweis.hu\/sebeszet\/wp-json\/wp\/v2\/pages\/630\/revisions\/5524"}],"up":[{"embeddable":true,"href":"https:\/\/semmelweis.hu\/sebeszet\/wp-json\/wp\/v2\/pages\/5466"}],"wp:attachment":[{"href":"https:\/\/semmelweis.hu\/sebeszet\/wp-json\/wp\/v2\/media?parent=630"}],"wp:term":[{"taxonomy":"category","embeddable":true,"href":"https:\/\/semmelweis.hu\/sebeszet\/wp-json\/wp\/v2\/categories?post=630"},{"taxonomy":"post_tag","embeddable":true,"href":"https:\/\/semmelweis.hu\/sebeszet\/wp-json\/wp\/v2\/tags?post=630"}],"curies":[{"name":"wp","href":"https:\/\/api.w.org\/{rel}","templated":true}]}}