{"id":6233,"date":"2021-02-18T15:08:59","date_gmt":"2021-02-18T14:08:59","guid":{"rendered":"https:\/\/semmelweis.hu\/sebeszet1\/?page_id=6233"},"modified":"2025-11-14T09:28:34","modified_gmt":"2025-11-14T08:28:34","slug":"tetelsor","status":"publish","type":"page","link":"https:\/\/semmelweis.hu\/sebeszet\/oktatas\/gradualis-kepzes\/sebeszet-az-ulloi-uton\/vi-evfolyam\/tetelsor\/","title":{"rendered":"T\u00e9telsor"},"content":{"rendered":"<p style=\"text-align: center\"><span style=\"font-size: 18pt\"><strong>HATOD\u00c9VES SEB\u00c9SZET SZIGORLAT T\u00c9TELSOR<\/strong><\/span><\/p>\n<p><strong>\u00a0<\/strong><\/p>\n<p><strong>\u00c1LTAL\u00c1NOS SEB\u00c9SZETI T\u00c9TELEK<\/strong><\/p>\n<ol>\n<li>SEBEK KLASSZIFIK\u00c1CI\u00d3JA, SEBKEZEL\u00c9S ALAPELVEI<\/li>\n<li>L\u00c1GYR\u00c9SZINFEKCI\u00d3K, SEBFERT\u0150Z\u00c9S, NPWT, ANTIBIOTIKUM PROPHYLAXIS<\/li>\n<li>M\u0170T\u00c9TI INDIK\u00c1CI\u00d3K. M\u0170T\u00c9TI KONTRAINDIK\u00c1CI\u00d3K. M\u0170T\u00c9TI BEHATOL\u00c1SOK.<\/li>\n<li>PREOPERAT\u00cdV ELL\u00c1T\u00c1S, ERAS, PREHABILITATIO, PERIOPERAT\u00cdV T\u00c1PL\u00c1L\u00c1S<\/li>\n<li>POSZTOPERAT\u00cdV ELL\u00c1T\u00c1S, POSZTOPERAT\u00cdV SZ\u00d6V\u0150DM\u00c9NYEK<\/li>\n<li>SEB\u00c9SZI ONKOL\u00d3GIA (alapfogalmak, TNM st\u00e1dium beoszt\u00e1s jelent\u0151s\u00e9ge,<br \/>\nneoadjuv\u00e1ns-, adjuv\u00e1ns onkol\u00f3giai kezel\u00e9s, onko-team)<\/li>\n<li>MINIM\u00c1LISAN INVAZ\u00cdV SEB\u00c9SZET JELENT\u0150S\u00c9GE, M\u0170T\u00c9TI TECHNIK\u00c1K<\/li>\n<li>TRANSZPLANT\u00c1CI\u00d3 (alapfogalmak, agyhal\u00e1l, indicatiok, immunsuppressio)<\/li>\n<li>A B\u00c9LRENDSZER M\u0170T\u00c9TI DEVI\u00c1CI\u00d3INAK FORM\u00c1I, SZT\u00d3M\u00c1K (f\u0151 t\u00edpusok, indik\u00e1ci\u00f3k)<\/li>\n<li>V\u00c9RZ\u00c9SEK FAJT\u00c1I, V\u00c9RZ\u00c9SCSILLAP\u00cdT\u00c1S, TRANSZF\u00daZI\u00d3<\/li>\n<li>THROMBEMBOLIA, PROPHYLAXIS<\/li>\n<li>SEB\u00c9SZETI DIAGNOSZTIKA (fizik\u00e1lis jelek, labor, k\u00e9palkot\u00f3k) INTERVENTIOK (endoscopia, UH\/CT-vez\u00e9relt beavatkoz\u00e1sok)<\/li>\n<li>HASI VISCERALIS EREK ANAT\u00d3MI\u00c1JA<\/li>\n<\/ol>\n<p><strong>R\u00c9SZLETES SEB\u00c9SZETI T\u00c9TELEK<\/strong><\/p>\n<ol>\n<li>A MELL\u00c9KVESE BETEGS\u00c9GEK SEB\u00c9SZI VONATKOZ\u00c1SAI<\/li>\n<li>PAJZSMIRIGY BENIGNUS BETEGS\u00c9GEI, KEZEL\u00c9SE<\/li>\n<li>PAJZSMIRIGY MALIGNUS BETEGS\u00c9GEI, KEZEL\u00c9SE<\/li>\n<li>MELL\u00c9KPAJZSMIRIGY SEB\u00c9SZI VONATKOZ\u00c1S\u00da MEGBETEGD\u00c9SEI<\/li>\n<li>A NYEL\u0150CS\u0150 J\u00d3INDULAT\u00da BETEGS\u00c9GEI, VIZSG\u00c1LATA \u00c9S KEZEL\u00c9SE, (ACHALASIA, DIVERTICULUMOK, HIATUS HERNIA, GERD)<\/li>\n<li>NYEL\u0150CS\u0150 ROSSZINDULAT\u00da BETEGS\u00c9GEI, VIZSG\u00c1LATA \u00c9S M\u0170T\u00c9TI KEZEL\u00c9SE<\/li>\n<li>GYOMOR BENIGNUS BETEGS\u00c9GEI, GYOMOR- \u00c9S NYOMB\u00c9LFEK\u00c9LY VIZSG\u00c1LATA \u00c9S SEB\u00c9SZI VONATKOZ\u00c1SAI<\/li>\n<li>GYOMOR MALIGNUS BETEGS\u00c9GEI, T\u00dcNETTAN, KIVIZSG\u00c1L\u00c1S, KEZEL\u00c9S<\/li>\n<li>CHOLELITHIASIS, CHOLEDOCHOLITHIASIS T\u00dcNETTANA, KIVIZSG\u00c1L\u00c1SA, KEZEL\u00c9SE<\/li>\n<li>EPEK\u00d6VESS\u00c9G SZ\u00d6V\u0150DM\u00c9NYEI \u00c9S AZOK KEZEL\u00c9SE<\/li>\n<li>AZ EPEH\u00d3LYAG \u00c9S AZ EPEUTAK DAGANATAI, T\u00dcNETTAN, KIVIZSG\u00c1L\u00c1S, KEZEL\u00c9S<\/li>\n<li>A M\u00c1J J\u00d3INDULAT\u00da DAGANATAINAK KEZEL\u00c9SE<\/li>\n<li>A M\u00c1J PRIMER \u00c9S METASTATICUS ROSSZINDULAT\u00da DAGANATAINAK KEZEL\u00c9SE<\/li>\n<li>AKUT- \u00c9S KR\u00d3NIKUS PANCREATITIS T\u00dcNETTANA, KIVIZSG\u00c1L\u00c1SA, KEZEL\u00c9SE<\/li>\n<li>A HASNY\u00c1LMIRIGY DAGANATAI. RADIK\u00c1LIS \u00c9S PALLIAT\u00cdV M\u0170T\u00c9TI MEGOLD\u00c1SOK, INTERVENCI\u00d3S LEHET\u0150S\u00c9GEK<\/li>\n<li>COLORECTALIS POLYP, POLYPOSIS SZINDR\u00d3M\u00c1K T\u00dcNETTANA, KIVIZSG\u00c1L\u00c1SA, KEZEL\u00c9SE<\/li>\n<li>V\u00c9GB\u00c9LR\u00c1K T\u00dcNETTANA, KIVIZSG\u00c1L\u00c1SA, KEZEL\u00c9SE<\/li>\n<li>VASTAGB\u00c9LR\u00c1K T\u00dcNETTANA, KIVIZSG\u00c1L\u00c1SA, KEZEL\u00c9SE<\/li>\n<li>DIVERTICULOSIS, DIVERTICULITIS T\u00dcNETTANA, KIVIZSG\u00c1L\u00c1SA, KEZEL\u00c9SE<\/li>\n<li>CROHN BETEGS\u00c9G SEB\u00c9SZI VONATKOZ\u00c1SAI<\/li>\n<li>COLITIS ULCEROSA SEB\u00c9SZI VONATKOZ\u00c1SAI<\/li>\n<li>ANORERCTUM BEIGNUS BETEGS\u00c9GEI: ARANYERESS\u00c9G, ANALIS FISSURA, ANORECTALIS FISTUL\u00c1K \u00c9S T\u00c1LYOGOK T\u00dcNETTANA, KIVIZSG\u00c1L\u00c1SA, KEZEL\u00c9SE<\/li>\n<li>PERITONITIS T\u00dcNETTANA, OKAI \u00c9S KEZEL\u00c9SE, \u00dcREGES SZERVI PERFORATIO T\u00dcNETTANA, KIVIZSG\u00c1L\u00c1SA, KEZEL\u00c9SE<\/li>\n<li>AZ ILEUS FORM\u00c1I, T\u00dcNETTANA, DIAGNOSZTIK\u00c1JA \u00c9S KEZEL\u00c9SE<\/li>\n<li>AKUT APPENDICITIS T\u00dcNETTANA, KIVIZSG\u00c1L\u00c1SA, KEZEL\u00c9SE<\/li>\n<li>AKUT \u00c9S KR\u00d3NIKUS INTESTINALIS ISCHAEMIA<\/li>\n<li>FELS\u0150 T\u00c1PCSATORNAI V\u00c9RZ\u00c9SEK T\u00dcNETTANA, OKAI \u00c9S KEZEL\u00c9SE<\/li>\n<li>ALS\u00d3 T\u00c1PCSATORNAI V\u00c9RZ\u00c9SEK T\u00dcNETTANA, OKAI \u00c9S KEZEL\u00c9SE<\/li>\n<li>L\u00c1GY\u00c9K- \u00c9S FEMORALIS S\u00c9RVEK T\u00dcNETTANA, ANAT\u00d3MIA, KIVIZSG\u00c1L\u00c1SA, KEZEL\u00c9SE<\/li>\n<li>HASFALI \u00c9S RITKA S\u00c9RVEK: DEFIN\u00cdCI\u00d3, T\u00cdPUSOK, ANAT\u00d3MIA, T\u00dcNETTAN, SZ\u00d6V\u0150DM\u00c9NYEK, KEZEL\u00c9SEK<\/li>\n<li>A L\u00c9P SEB\u00c9SZI VONATKOZ\u00c1SAI, RETROPERITONEALIS ELV\u00c1LTOZ\u00c1SOK SEB\u00c9SZETE<\/li>\n<li>EML\u0150R\u00c1K DIAGNOSZTIK\u00c1JA \u00c9S KEZEL\u00c9SE<\/li>\n<li>EML\u0150 BENIGNUS BETEGS\u00c9GEI, EML\u0150 REKONSTRUKCI\u00d3S LEHET\u0150S\u00c9GEK<\/li>\n<li>BARI\u00c1TRIAI SEB\u00c9SZET<\/li>\n<\/ol>\n<p><strong>\u00a0<\/strong><\/p>\n<p><strong>\u00a0<\/strong><\/p>\n<p><strong>K\u00f6vetelm\u00e9ny a gyakorlati vizsg\u00e1hoz:<\/strong><\/p>\n<p><strong>\u00a0<\/strong><\/p>\n<p>Teljes test fizik\u00e1lis vizsg\u00e1lata, k\u00fcl\u00f6n\u00f6s tekintettel a hasi status r\u00f6gz\u00edt\u00e9s\u00e9re<\/p>\n<p>Rectalis digitalis vizsg\u00e1lat \u00e9s a perif\u00e9ri\u00e1s erek vizsg\u00e1lata k\u00e9zi Doppler k\u00e9sz\u00fcl\u00e9kkel<\/p>\n<p>V\u00e9rv\u00e9tel, iv., im., sc. injekci\u00f3 bead\u00e1sa<\/p>\n<p>\u00c1ltal\u00e1nos seb\u00e9szeti k\u00e9zim\u0171szerek felismer\u00e9se<\/p>\n<p>Sebkezel\u00e9s, fed\u0151k\u00f6t\u00e9s cser\u00e9k, sebek \u00e1llapot\u00e1n pontos le\u00edr\u00e1sa<\/p>\n<p>K\u00fcl\u00f6nb\u00f6z\u0151 varrattechnik\u00e1k felismer\u00e9se, varratszed\u00e9s<\/p>\n<p>Drainek kezel\u00e9se, elt\u00e1vol\u00edt\u00e1sa<\/p>\n<p>L\u00e1zlap vezet\u00e9se, k\u00f3rlap \u00e9s egy\u00e9b betegdokument\u00e1ci\u00f3 \u00e1ttekint\u00e9se<\/p>\n<p>Bemosakod\u00e1s bemutat\u00e1sa<\/p>\n<p>Sterilit\u00e1s szab\u00e1lyai, m\u0171t\u00e9ti ter\u00fclet izol\u00e1l\u00e1sa<\/p>\n<p><strong>\u00a0<\/strong><\/p>\n<p>&nbsp;<\/p>\n<p>A hatod\u00e9ves seb\u00e9szet szigorlat t\u00e9telsor let\u00f6lthet\u0151 <a href=\"https:\/\/semmelweis.hu\/sebeszet\/files\/2025\/11\/6.-eves-magyar-tetelsor-2024-uj.pdf\">ITT<\/a>.<\/p>\n<p>&nbsp;<\/p>\n","protected":false},"excerpt":{"rendered":"<p>HATOD\u00c9VES SEB\u00c9SZET SZIGORLAT T\u00c9TELSOR \u00a0 \u00c1LTAL\u00c1NOS SEB\u00c9SZETI T\u00c9TELEK SEBEK KLASSZIFIK\u00c1CI\u00d3JA, SEBKEZEL\u00c9S ALAPELVEI L\u00c1GYR\u00c9SZINFEKCI\u00d3K, SEBFERT\u0150Z\u00c9S, NPWT, ANTIBIOTIKUM PROPHYLAXIS M\u0170T\u00c9TI INDIK\u00c1CI\u00d3K. M\u0170T\u00c9TI KONTRAINDIK\u00c1CI\u00d3K. M\u0170T\u00c9TI BEHATOL\u00c1SOK. PREOPERAT\u00cdV ELL\u00c1T\u00c1S, ERAS, PREHABILITATIO, PERIOPERAT\u00cdV T\u00c1PL\u00c1L\u00c1S POSZTOPERAT\u00cdV ELL\u00c1T\u00c1S, POSZTOPERAT\u00cdV SZ\u00d6V\u0150DM\u00c9NYEK SEB\u00c9SZI ONKOL\u00d3GIA (alapfogalmak, TNM st\u00e1dium beoszt\u00e1s jelent\u0151s\u00e9ge, neoadjuv\u00e1ns-, adjuv\u00e1ns onkol\u00f3giai kezel\u00e9s, onko-team) MINIM\u00c1LISAN INVAZ\u00cdV SEB\u00c9SZET JELENT\u0150S\u00c9GE, M\u0170T\u00c9TI TECHNIK\u00c1K TRANSZPLANT\u00c1CI\u00d3 (alapfogalmak, agyhal\u00e1l, indicatiok, &hellip;<\/p>\n","protected":false},"author":101236,"featured_media":0,"parent":5992,"menu_order":0,"comment_status":"closed","ping_status":"closed","template":"","meta":{"_acf_changed":false,"footnotes":""},"categories":[],"tags":[],"class_list":["post-6233","page","type-page","status-publish","hentry"],"acf":[],"_links":{"self":[{"href":"https:\/\/semmelweis.hu\/sebeszet\/wp-json\/wp\/v2\/pages\/6233","targetHints":{"allow":["GET"]}}],"collection":[{"href":"https:\/\/semmelweis.hu\/sebeszet\/wp-json\/wp\/v2\/pages"}],"about":[{"href":"https:\/\/semmelweis.hu\/sebeszet\/wp-json\/wp\/v2\/types\/page"}],"author":[{"embeddable":true,"href":"https:\/\/semmelweis.hu\/sebeszet\/wp-json\/wp\/v2\/users\/101236"}],"replies":[{"embeddable":true,"href":"https:\/\/semmelweis.hu\/sebeszet\/wp-json\/wp\/v2\/comments?post=6233"}],"version-history":[{"count":10,"href":"https:\/\/semmelweis.hu\/sebeszet\/wp-json\/wp\/v2\/pages\/6233\/revisions"}],"predecessor-version":[{"id":9515,"href":"https:\/\/semmelweis.hu\/sebeszet\/wp-json\/wp\/v2\/pages\/6233\/revisions\/9515"}],"up":[{"embeddable":true,"href":"https:\/\/semmelweis.hu\/sebeszet\/wp-json\/wp\/v2\/pages\/5992"}],"wp:attachment":[{"href":"https:\/\/semmelweis.hu\/sebeszet\/wp-json\/wp\/v2\/media?parent=6233"}],"wp:term":[{"taxonomy":"category","embeddable":true,"href":"https:\/\/semmelweis.hu\/sebeszet\/wp-json\/wp\/v2\/categories?post=6233"},{"taxonomy":"post_tag","embeddable":true,"href":"https:\/\/semmelweis.hu\/sebeszet\/wp-json\/wp\/v2\/tags?post=6233"}],"curies":[{"name":"wp","href":"https:\/\/api.w.org\/{rel}","templated":true}]}}