{"id":6193,"date":"2021-01-28T10:08:34","date_gmt":"2021-01-28T09:08:34","guid":{"rendered":"https:\/\/semmelweis.hu\/sebeszet1\/?page_id=6193"},"modified":"2025-11-14T09:26:21","modified_gmt":"2025-11-14T08:26:21","slug":"tetelsor","status":"publish","type":"page","link":"https:\/\/semmelweis.hu\/sebeszet\/oktatas\/gradualis-kepzes\/sebeszet-az-ulloi-uton\/iv-evfolyam\/tetelsor\/","title":{"rendered":"T\u00e9telsor"},"content":{"rendered":"<p style=\"text-align: center\"><span style=\"font-size: 24pt\"><strong>NEGYED\u00c9VES SEB\u00c9SZET KOLLOKVIUM T\u00c9TELSOR<\/strong><\/span><\/p>\n<p>&nbsp;<\/p>\n<p><strong>\u00c1LTAL\u00c1NOS SEB\u00c9SZETI T\u00c9TELEK<\/strong><\/p>\n<ol>\n<li style=\"text-align: justify\">SEBEK KLASSZIFIK\u00c1CI\u00d3JA, SEBKEZEL\u00c9S ALAPELVEI<\/li>\n<li style=\"text-align: justify\">L\u00c1GYR\u00c9SZINFEKCI\u00d3K, SEBFERT\u0150Z\u00c9S, NPWT, ANTIBIOTIKUM PROPHYLAXIS.<\/li>\n<li style=\"text-align: justify\">M\u0170T\u00c9TI INDIK\u00c1CI\u00d3K. M\u0170T\u00c9TI KONTRAINDIK\u00c1CI\u00d3K. M\u0170T\u00c9TI BEHATOL\u00c1SOK<\/li>\n<li style=\"text-align: justify\">PREOPERAT\u00cdV ELL\u00c1T\u00c1S, ERAS, PREHABILITATIO, PERIOPERAT\u00cdV T\u00c1PL\u00c1L\u00c1S<\/li>\n<li style=\"text-align: justify\">POSZTOPERAT\u00cdV ELL\u00c1T\u00c1S, POSZTOPERAT\u00cdV SZ\u00d6V\u0150DM\u00c9NYEK<\/li>\n<li style=\"text-align: justify\">SEB\u00c9SZI ONKOL\u00d3GIA (alapfogalmak, TNM st\u00e1dium beoszt\u00e1s jelent\u0151s\u00e9ge, neoadjuv\u00e1ns-, adjuv\u00e1ns onkol\u00f3giai kezel\u00e9s, onko-team)<\/li>\n<li style=\"text-align: justify\">ILEUS (differenci\u00e1l diagn\u00f3zis, ell\u00e1t\u00e1s)<\/li>\n<li style=\"text-align: justify\">PERITONITIS (differenci\u00e1l diagn\u00f3zis, ell\u00e1t\u00e1s)<\/li>\n<li style=\"text-align: justify\">MINIM\u00c1L INVAZIV SEB\u00c9SZET JELENT\u0150S\u00c9GE, M\u0170T\u00c9TI TECHNIK\u00c1K<\/li>\n<li style=\"text-align: justify\">TRANSZPLANT\u00c1CI\u00d3 (alapfogalmak, agyhal\u00e1l, indicatiok, immunsuppressio)<\/li>\n<li style=\"text-align: justify\">A B\u00c9LRENDSZER M\u0170T\u00c9TI DEVI\u00c1CI\u00d3INAK FORM\u00c1I, SZT\u00d3M\u00c1K (f\u0151 t\u00edpusok, indik\u00e1ci\u00f3k)<\/li>\n<li style=\"text-align: justify\">V\u00c9RZ\u00c9SEK FAJT\u00c1I, V\u00c9RZ\u00c9SCSILLAP\u00cdT\u00c1S, TRANSZF\u00daZI\u00d3<\/li>\n<li style=\"text-align: justify\">THROMBEMBOLIA, PROPHYLAXIS<\/li>\n<li style=\"text-align: justify\">HASI VISCERALIS EREK ANAT\u00d3MI\u00c1JA<\/li>\n<\/ol>\n<p>&nbsp;<\/p>\n<p><strong>R\u00c9SZLETES SEB\u00c9SZETI T\u00c9TELEK<\/strong><\/p>\n<ol>\n<li style=\"text-align: justify\">MELL\u00c9KVESE BETEGS\u00c9GEI, SEB\u00c9SZETI KONZEKVENCI\u00c1K<\/li>\n<li style=\"text-align: justify\">PAJZSMIRIGY BENIGNUS BETEGS\u00c9GEI (t\u00fcnetek, diagnosztika, kezel\u00e9s)<\/li>\n<li style=\"text-align: justify\">PAJZSMIRIGY TUMOROS MEGBETEGED\u00c9SEI (t\u00fcnetek, diagnosztika, kezel\u00e9s)<\/li>\n<li style=\"text-align: justify\">MELL\u00c9KPAJZSMIRIGY SEB\u00c9SZI VONATKOZ\u00c1S\u00da MEGBETEGED\u00c9SEI (t\u00fcnetek, diagnosztika, kezel\u00e9s)<\/li>\n<li style=\"text-align: justify\">HIATUS HERNIA, GERD<\/li>\n<li style=\"text-align: justify\">NYEL\u0150CS\u0150 DIVERTICULUM, ACHALASIA<\/li>\n<li style=\"text-align: justify\">NYEL\u0150CS\u0150 S\u00c9R\u00dcL\u00c9SEK (perforatio, corrosiv s\u00e9r\u00fcl\u00e9sek)<\/li>\n<li style=\"text-align: justify\">NYEL\u0150CS\u0150 DAGANATOS MEGBETEGED\u00c9SEI (t\u00fcnetek, diagnosztika, kezel\u00e9s)<\/li>\n<li style=\"text-align: justify\">GYOMOR \u00c9S NYOMB\u00c9LFEK\u00c9LY T\u00dcNETTANA, KOMPLIK\u00c1CI\u00d3K, PERFORATIO<\/li>\n<li style=\"text-align: justify\">GYOMOR TUMOROS ELV\u00c1LTOZ\u00c1SAI (t\u00fcnetek, diagnosztika, kezel\u00e9s)<\/li>\n<li style=\"text-align: justify\">EPEK\u00d6VESS\u00c9G (t\u00fcnetek, diagnosztika, kezel\u00e9s)<\/li>\n<li style=\"text-align: justify\">EPEK\u00d6VESS\u00c9G (komplik\u00e1ci\u00f3k, ell\u00e1t\u00e1s)<\/li>\n<li style=\"text-align: justify\">EPE\u00daTRENDSZER TUMOROS MEGBETEGED\u00c9SEI (epeutak, epeh\u00f3lyag)<\/li>\n<li style=\"text-align: justify\">J\u00d3INDULAT\u00da M\u00c1JDAGANATOK (t\u00fcnetek, differenci\u00e1l diagnosztika, kezel\u00e9s)<\/li>\n<li style=\"text-align: justify\">PRIMER \u00c9S METASZTATIKUS M\u00c1J DAGANATOK (t\u00fcnetek, diagnosztika, kezel\u00e9s)<\/li>\n<li style=\"text-align: justify\">AKUT PANCREATITIS (t\u00fcnetek, diagnosztika, komplik\u00e1ci\u00f3k, kezel\u00e9s)<\/li>\n<li style=\"text-align: justify\">KR\u00d3NIKUS PANCREATITIS (t\u00fcnetek, diagnosztika, kezel\u00e9s)<\/li>\n<li style=\"text-align: justify\">PANCREAS TUMOROS BETEGS\u00c9GEI (t\u00fcnetek, diagnosztika, kezel\u00e9s, radik\u00e1lis \u00e9s palliat\u00edv, m\u0171t\u00e9ti \u00e9s intervenci\u00f3s lehet\u0151s\u00e9gek)<\/li>\n<li style=\"text-align: justify\">COLORECTALIS POLYP, POLYPOSIS SZINDR\u00d3M\u00c1K<\/li>\n<li style=\"text-align: justify\">VASTAGB\u00c9L DIVERTICULOSIS, DIVERTICULITIS<\/li>\n<li style=\"text-align: justify\">A VASTAGB\u00c9L DAGANATOS MEGBETEGED\u00c9SE (t\u00fcnetek, diagnosztika, kezel\u00e9s)<\/li>\n<li style=\"text-align: justify\">ANORECTUM BEIGNUS BETEGS\u00c9GEI. (aranyeress\u00e9g, perianalis fistula, fissura ani, anorectalis t\u00e1lyogok)<\/li>\n<li style=\"text-align: justify\">ANORECTUM DAGANATAI (t\u00fcnetek, diagnosztika, kezel\u00e9s)<\/li>\n<li style=\"text-align: justify\">GYULLAD\u00c1SOS B\u00c9LBETEGS\u00c9GEK &#8211; IBD SEB\u00c9SZI KONZEKVENCI\u00c1I<\/li>\n<li style=\"text-align: justify\">L\u00c1GY\u00c9K- \u00c9S FEMORALIS S\u00c9RVEK. (defin\u00edci\u00f3, anat\u00f3mia, t\u00fcnetek, ter\u00e1pia)<\/li>\n<li style=\"text-align: justify\">HASFALI \u00c9S RITKA SP\u00c9RVEK. (defin\u00edci\u00f3, anat\u00f3mia, t\u00fcnetek, ter\u00e1pia)<\/li>\n<li style=\"text-align: justify\">J\u00d3INDULAT\u00da EML\u0150BETEGS\u00c9GEK (t\u00fcnetek, diagnosztika, kezel\u00e9s)<\/li>\n<li style=\"text-align: justify\">AZ EML\u0150 ROSSZINDULAT\u00da TUMORAI (t\u00fcnetek, diagnosztika, kezel\u00e9s)<\/li>\n<li style=\"text-align: justify\">APPENDICITIS ACUTA (t\u00fcnetek, differenci\u00e1l diagnosztika, ell\u00e1t\u00e1s)<\/li>\n<\/ol>\n<p>&nbsp;<\/p>\n<p style=\"text-align: center\"><strong>Vizsga: Sz\u00f3beli kollokvium 2 t\u00e9telb\u0151l (1 \u00e1ltal\u00e1nos seb\u00e9szet t\u00e9tel \u00e9s 1 r\u00e9szletes seb\u00e9szet t\u00e9tel)<\/strong><\/p>\n<p>&nbsp;<\/p>\n<p>A negyed\u00e9ves seb\u00e9szet kollokvium t\u00e9telsor let\u00f6lthet\u0151 <a href=\"https:\/\/semmelweis.hu\/sebeszet\/files\/2025\/11\/4.-eves-magyar-tetelsor-2024.pdf\">ITT<\/a>.<\/p>\n<p>T\u00e9telsor \u00e9rv\u00e9nyben: 2024. szeptember 2-t\u0151l<\/p>\n","protected":false},"excerpt":{"rendered":"<p>NEGYED\u00c9VES SEB\u00c9SZET KOLLOKVIUM T\u00c9TELSOR &nbsp; \u00c1LTAL\u00c1NOS SEB\u00c9SZETI T\u00c9TELEK SEBEK KLASSZIFIK\u00c1CI\u00d3JA, SEBKEZEL\u00c9S ALAPELVEI L\u00c1GYR\u00c9SZINFEKCI\u00d3K, SEBFERT\u0150Z\u00c9S, NPWT, ANTIBIOTIKUM PROPHYLAXIS. M\u0170T\u00c9TI INDIK\u00c1CI\u00d3K. M\u0170T\u00c9TI KONTRAINDIK\u00c1CI\u00d3K. M\u0170T\u00c9TI BEHATOL\u00c1SOK PREOPERAT\u00cdV ELL\u00c1T\u00c1S, ERAS, PREHABILITATIO, PERIOPERAT\u00cdV T\u00c1PL\u00c1L\u00c1S POSZTOPERAT\u00cdV ELL\u00c1T\u00c1S, POSZTOPERAT\u00cdV SZ\u00d6V\u0150DM\u00c9NYEK SEB\u00c9SZI ONKOL\u00d3GIA (alapfogalmak, TNM st\u00e1dium beoszt\u00e1s jelent\u0151s\u00e9ge, neoadjuv\u00e1ns-, adjuv\u00e1ns onkol\u00f3giai kezel\u00e9s, onko-team) ILEUS (differenci\u00e1l diagn\u00f3zis, ell\u00e1t\u00e1s) PERITONITIS (differenci\u00e1l diagn\u00f3zis, ell\u00e1t\u00e1s) MINIM\u00c1L INVAZIV &hellip;<\/p>\n","protected":false},"author":101236,"featured_media":0,"parent":5986,"menu_order":3,"comment_status":"closed","ping_status":"closed","template":"","meta":{"_acf_changed":false,"footnotes":""},"categories":[],"tags":[],"class_list":["post-6193","page","type-page","status-publish","hentry"],"acf":[],"_links":{"self":[{"href":"https:\/\/semmelweis.hu\/sebeszet\/wp-json\/wp\/v2\/pages\/6193","targetHints":{"allow":["GET"]}}],"collection":[{"href":"https:\/\/semmelweis.hu\/sebeszet\/wp-json\/wp\/v2\/pages"}],"about":[{"href":"https:\/\/semmelweis.hu\/sebeszet\/wp-json\/wp\/v2\/types\/page"}],"author":[{"embeddable":true,"href":"https:\/\/semmelweis.hu\/sebeszet\/wp-json\/wp\/v2\/users\/101236"}],"replies":[{"embeddable":true,"href":"https:\/\/semmelweis.hu\/sebeszet\/wp-json\/wp\/v2\/comments?post=6193"}],"version-history":[{"count":6,"href":"https:\/\/semmelweis.hu\/sebeszet\/wp-json\/wp\/v2\/pages\/6193\/revisions"}],"predecessor-version":[{"id":9513,"href":"https:\/\/semmelweis.hu\/sebeszet\/wp-json\/wp\/v2\/pages\/6193\/revisions\/9513"}],"up":[{"embeddable":true,"href":"https:\/\/semmelweis.hu\/sebeszet\/wp-json\/wp\/v2\/pages\/5986"}],"wp:attachment":[{"href":"https:\/\/semmelweis.hu\/sebeszet\/wp-json\/wp\/v2\/media?parent=6193"}],"wp:term":[{"taxonomy":"category","embeddable":true,"href":"https:\/\/semmelweis.hu\/sebeszet\/wp-json\/wp\/v2\/categories?post=6193"},{"taxonomy":"post_tag","embeddable":true,"href":"https:\/\/semmelweis.hu\/sebeszet\/wp-json\/wp\/v2\/tags?post=6193"}],"curies":[{"name":"wp","href":"https:\/\/api.w.org\/{rel}","templated":true}]}}