{"id":6189,"date":"2021-01-28T10:07:41","date_gmt":"2021-01-28T09:07:41","guid":{"rendered":"https:\/\/semmelweis.hu\/sebeszet1\/?page_id=6189"},"modified":"2024-08-30T16:03:35","modified_gmt":"2024-08-30T14:03:35","slug":"tantargyi-kovetelmeny","status":"publish","type":"page","link":"https:\/\/semmelweis.hu\/sebeszet\/oktatas\/gradualis-kepzes\/sebeszet-az-ulloi-uton\/iv-evfolyam\/tantargyi-kovetelmeny\/","title":{"rendered":"Tant\u00e1rgyi k\u00f6vetelm\u00e9nyrendszer"},"content":{"rendered":"","protected":false},"excerpt":{"rendered":"","protected":false},"author":101236,"featured_media":0,"parent":5986,"menu_order":1,"comment_status":"closed","ping_status":"closed","template":"","meta":{"_acf_changed":false,"footnotes":""},"categories":[],"tags":[],"class_list":["post-6189","page","type-page","status-publish","hentry"],"acf":[],"_links":{"self":[{"href":"https:\/\/semmelweis.hu\/sebeszet\/wp-json\/wp\/v2\/pages\/6189","targetHints":{"allow":["GET"]}}],"collection":[{"href":"https:\/\/semmelweis.hu\/sebeszet\/wp-json\/wp\/v2\/pages"}],"about":[{"href":"https:\/\/semmelweis.hu\/sebeszet\/wp-json\/wp\/v2\/types\/page"}],"author":[{"embeddable":true,"href":"https:\/\/semmelweis.hu\/sebeszet\/wp-json\/wp\/v2\/users\/101236"}],"replies":[{"embeddable":true,"href":"https:\/\/semmelweis.hu\/sebeszet\/wp-json\/wp\/v2\/comments?post=6189"}],"version-history":[{"count":2,"href":"https:\/\/semmelweis.hu\/sebeszet\/wp-json\/wp\/v2\/pages\/6189\/revisions"}],"predecessor-version":[{"id":8259,"href":"https:\/\/semmelweis.hu\/sebeszet\/wp-json\/wp\/v2\/pages\/6189\/revisions\/8259"}],"up":[{"embeddable":true,"href":"https:\/\/semmelweis.hu\/sebeszet\/wp-json\/wp\/v2\/pages\/5986"}],"wp:attachment":[{"href":"https:\/\/semmelweis.hu\/sebeszet\/wp-json\/wp\/v2\/media?parent=6189"}],"wp:term":[{"taxonomy":"category","embeddable":true,"href":"https:\/\/semmelweis.hu\/sebeszet\/wp-json\/wp\/v2\/categories?post=6189"},{"taxonomy":"post_tag","embeddable":true,"href":"https:\/\/semmelweis.hu\/sebeszet\/wp-json\/wp\/v2\/tags?post=6189"}],"curies":[{"name":"wp","href":"https:\/\/api.w.org\/{rel}","templated":true}]}}