{"id":6056,"date":"2021-01-25T12:07:59","date_gmt":"2021-01-25T11:07:59","guid":{"rendered":"https:\/\/semmelweis.hu\/sebeszet1\/?page_id=6056"},"modified":"2026-03-03T10:10:17","modified_gmt":"2026-03-03T09:10:17","slug":"tanulmanyi-felelosok","status":"publish","type":"page","link":"https:\/\/semmelweis.hu\/sebeszet\/oktatas\/tanulmanyi-felelosok\/","title":{"rendered":"Tanulm\u00e1nyi felel\u0151s\u00f6k"},"content":{"rendered":"<p>FOK (magyar, angol \u00e9s n\u00e9met nyelv\u0171 k\u00e9pz\u00e9s) tanulm\u00e1nyi felel\u0151se:<br \/>\nDr. Ill\u00e9s Krist\u00f3f &#8211; Dr. Bennemann Stephan<\/p>\n<p>\u00c1OK (magyar \u00e9s angol nyelv\u0171 k\u00e9pz\u00e9s) tanulm\u00e1nyi felel\u0151se:<br \/>\nDr. Ill\u00e9s Krist\u00f3f<\/p>\n<p>\u00c1OK (magyar \u00e9s n\u00e9met nyelv\u0171 k\u00e9pz\u00e9s) tanulm\u00e1nyi felel\u0151se:<br \/>\nDr. Bennemann Stephan<\/p>\n<p>Posztgradu\u00e1lis k\u00e9pz\u00e9s tanulm\u00e1nyi felel\u0151se:<br \/>\n<a href=\"https:\/\/semmelweis.hu\/telefonkonyv\/?emp_id=9197\">Dr. Marjai Tam\u00e1s<\/a><\/p>\n","protected":false},"excerpt":{"rendered":"<p>FOK (magyar, angol \u00e9s n\u00e9met nyelv\u0171 k\u00e9pz\u00e9s) tanulm\u00e1nyi felel\u0151se:<br \/>\nDr. Ill\u00e9s Krist\u00f3f &#8211; Dr. Bennemann Stephan<br \/>\n\u00c1OK (magyar \u00e9s angol nyelv\u0171 k\u00e9pz\u00e9s) tanulm\u00e1nyi felel\u0151se:<br \/>\nDr. Ill\u00e9s Krist\u00f3f<br \/>\n\u00c1OK (magyar \u00e9s n\u00e9met nyelv\u0171 k\u00e9pz\u00e9s) tanulm\u00e1nyi felel\u0151se:<br \/>\nDr. Bennemann Stephan<br \/>\nPosztgradu\u00e1lis k\u00e9pz\u00e9s tanulm\u00e1nyi felel\u0151se:<br \/>\n<a href=\"https:\/\/semmelweis.hu\/telefonkonyv\/?emp_id=9197\">Dr. Marjai Tam\u00e1s<\/a><\/p>\n","protected":false},"author":101236,"featured_media":0,"parent":5968,"menu_order":4,"comment_status":"closed","ping_status":"closed","template":"","meta":{"_acf_changed":false,"footnotes":""},"categories":[],"tags":[],"class_list":["post-6056","page","type-page","status-publish","hentry"],"acf":[],"_links":{"self":[{"href":"https:\/\/semmelweis.hu\/sebeszet\/wp-json\/wp\/v2\/pages\/6056","targetHints":{"allow":["GET"]}}],"collection":[{"href":"https:\/\/semmelweis.hu\/sebeszet\/wp-json\/wp\/v2\/pages"}],"about":[{"href":"https:\/\/semmelweis.hu\/sebeszet\/wp-json\/wp\/v2\/types\/page"}],"author":[{"embeddable":true,"href":"https:\/\/semmelweis.hu\/sebeszet\/wp-json\/wp\/v2\/users\/101236"}],"replies":[{"embeddable":true,"href":"https:\/\/semmelweis.hu\/sebeszet\/wp-json\/wp\/v2\/comments?post=6056"}],"version-history":[{"count":11,"href":"https:\/\/semmelweis.hu\/sebeszet\/wp-json\/wp\/v2\/pages\/6056\/revisions"}],"predecessor-version":[{"id":9547,"href":"https:\/\/semmelweis.hu\/sebeszet\/wp-json\/wp\/v2\/pages\/6056\/revisions\/9547"}],"up":[{"embeddable":true,"href":"https:\/\/semmelweis.hu\/sebeszet\/wp-json\/wp\/v2\/pages\/5968"}],"wp:attachment":[{"href":"https:\/\/semmelweis.hu\/sebeszet\/wp-json\/wp\/v2\/media?parent=6056"}],"wp:term":[{"taxonomy":"category","embeddable":true,"href":"https:\/\/semmelweis.hu\/sebeszet\/wp-json\/wp\/v2\/categories?post=6056"},{"taxonomy":"post_tag","embeddable":true,"href":"https:\/\/semmelweis.hu\/sebeszet\/wp-json\/wp\/v2\/tags?post=6056"}],"curies":[{"name":"wp","href":"https:\/\/api.w.org\/{rel}","templated":true}]}}