{"id":5980,"date":"2021-01-25T11:05:10","date_gmt":"2021-01-25T10:05:10","guid":{"rendered":"https:\/\/semmelweis.hu\/sebeszet1\/?page_id=5980"},"modified":"2024-08-28T16:20:25","modified_gmt":"2024-08-28T14:20:25","slug":"klinikai-munka","status":"publish","type":"page","link":"https:\/\/semmelweis.hu\/sebeszet\/oktatas\/gradualis-kepzes\/sebeszet-az-ulloi-uton\/klinikai-munka\/","title":{"rendered":"Klinikai munka"},"content":{"rendered":"<p style=\"text-align: justify\">Kedves Hallgat\u00f3k!<\/p>\n<p style=\"text-align: justify\">Klinik\u00e1nkon lehet\u0151s\u00e9g van a manu\u00e1lis szakm\u00e1k ir\u00e1nt \u00e9rdekl\u0151d\u0151 hallgat\u00f3knak m\u00e1r a III. \u00e9vfolyamt\u00f3l kreditponttal elismert klinikai munka v\u00e9gz\u00e9s\u00e9re.<\/p>\n<p style=\"text-align: justify\">A klinikai munka sor\u00e1n a hallgat\u00f3knak (\u00c1OK III-VI. \u00e9vfolyam) lehet\u0151s\u00e9g\u00fck van m\u0171t\u00e9tek megtekint\u00e9s\u00e9re, m\u0171t\u00e9tekben t\u00f6rt\u00e9n\u0151 assziszt\u00e1l\u00e1sra, illetve az ambulanci\u00e1n a betegell\u00e1t\u00e1sban t\u00f6rt\u00e9n\u0151 r\u00e9szv\u00e9telre, betegvizsg\u00e1latra. A klinikai munka sor\u00e1n a hallgat\u00f3k megismerik a k\u00f3rlap, l\u00e1zlap \u00e9s egy\u00e9b klinikai dokument\u00e1ci\u00f3k vezet\u00e9s\u00e9nek szab\u00e1lyait, a t\u00e1rsszakm\u00e1kkal val\u00f3 kommunik\u00e1ci\u00f3 saj\u00e1toss\u00e1gait, a betegek kivizsg\u00e1l\u00e1s\u00e1nak lehet\u0151s\u00e9geit. \u00dcgyeleti id\u0151ben is r\u00e9szt vehetnek a hallgat\u00f3k klinik\u00e1nk munk\u00e1j\u00e1ban, hasznos tapasztalatokat szerezve a s\u00fcrg\u0151ss\u00e9gi betegell\u00e1t\u00e1sban. A f\u00e9l\u00e9v sor\u00e1n heti rendszeress\u00e9ggel, legal\u00e1bb heti 2-3 \u00f3r\u00e1t kitev\u0151 akt\u00edv r\u00e9szv\u00e9tellel 1 kreditpont szerezhet\u0151. Amennyiben a klinikai munka eredm\u00e9nye egy\u00e9b szakmai szinten is megnyilv\u00e1nul (publik\u00e1ci\u00f3, konferencia r\u00e9szv\u00e9tel, esettanulm\u00e1ny), 2 kreditpont szerezhet\u0151. Az \u00e9rdekl\u0151d\u0151 hallgat\u00f3kat t\u00f6bb f\u00e9l\u00e9ven kereszt\u00fcl v\u00e1rjuk Klinik\u00e1nkra.<\/p>\n<p style=\"text-align: justify\">A kredit megszerz\u00e9s\u00e9hez a f\u00e9l\u00e9v v\u00e9g\u00e9n a kit\u00f6lt\u00f6tt \u00e9s a mentor \u00e1ltal al\u00e1\u00edrt klinikai munkanapl\u00f3t a titk\u00e1rs\u00e1gon kell leadni a mentor \u00e1ltal kit\u00f6lt\u00f6tt igazol\u00e1ssal egy\u00fctt. Az igazol\u00e1st a munkanapl\u00f3 birtok\u00e1ban a tansz\u00e9kvezet\u0151 \u00edrja al\u00e1.<\/p>\n<p style=\"text-align: justify\">Regisztr\u00e1ci\u00f3 \u00e9s jelentkez\u00e9s a <span style=\"color: #3366ff\">oktatas.seb1@semmelweis.hu<\/span> c\u00edmen. Kreditpont csak Neptunban t\u00f6rt\u00e9n\u0151 t\u00e1rgyfelv\u00e9tel eset\u00e9n adhat\u00f3. Klinikai munka kreditpont szerz\u00e9s n\u00e9lk\u00fcl is v\u00e9gezhet\u0151. A Neptun rendszerben t\u00f6rt\u00e9n\u0151 tant\u00e1rgyfelv\u00e9telt megel\u0151z\u0151en k\u00e9rj\u00fck a hallgat\u00f3kat, hogy vegy\u00e9k fel a kapcsolatot a fenti e-mail c\u00edmen Tanulm\u00e1nyi Oszt\u00e1lyunkkal \u00e9s csak a tutor kijel\u00f6l\u00e9se ut\u00e1n vegy\u00e9k fel a tant\u00e1rgyat.<\/p>\n","protected":false},"excerpt":{"rendered":"<p>Kedves Hallgat\u00f3k! Klinik\u00e1nkon lehet\u0151s\u00e9g van a manu\u00e1lis szakm\u00e1k ir\u00e1nt \u00e9rdekl\u0151d\u0151 hallgat\u00f3knak m\u00e1r a III. \u00e9vfolyamt\u00f3l kreditponttal elismert klinikai munka v\u00e9gz\u00e9s\u00e9re. A klinikai munka sor\u00e1n a hallgat\u00f3knak (\u00c1OK III-VI. \u00e9vfolyam) lehet\u0151s\u00e9g\u00fck van m\u0171t\u00e9tek megtekint\u00e9s\u00e9re, m\u0171t\u00e9tekben t\u00f6rt\u00e9n\u0151 assziszt\u00e1l\u00e1sra, illetve az ambulanci\u00e1n a betegell\u00e1t\u00e1sban t\u00f6rt\u00e9n\u0151 r\u00e9szv\u00e9telre, betegvizsg\u00e1latra. A klinikai munka sor\u00e1n a hallgat\u00f3k megismerik a k\u00f3rlap, l\u00e1zlap \u00e9s &hellip;<\/p>\n","protected":false},"author":101236,"featured_media":0,"parent":5976,"menu_order":2,"comment_status":"closed","ping_status":"closed","template":"","meta":{"_acf_changed":false,"footnotes":""},"categories":[],"tags":[],"class_list":["post-5980","page","type-page","status-publish","hentry"],"acf":[],"_links":{"self":[{"href":"https:\/\/semmelweis.hu\/sebeszet\/wp-json\/wp\/v2\/pages\/5980","targetHints":{"allow":["GET"]}}],"collection":[{"href":"https:\/\/semmelweis.hu\/sebeszet\/wp-json\/wp\/v2\/pages"}],"about":[{"href":"https:\/\/semmelweis.hu\/sebeszet\/wp-json\/wp\/v2\/types\/page"}],"author":[{"embeddable":true,"href":"https:\/\/semmelweis.hu\/sebeszet\/wp-json\/wp\/v2\/users\/101236"}],"replies":[{"embeddable":true,"href":"https:\/\/semmelweis.hu\/sebeszet\/wp-json\/wp\/v2\/comments?post=5980"}],"version-history":[{"count":8,"href":"https:\/\/semmelweis.hu\/sebeszet\/wp-json\/wp\/v2\/pages\/5980\/revisions"}],"predecessor-version":[{"id":8741,"href":"https:\/\/semmelweis.hu\/sebeszet\/wp-json\/wp\/v2\/pages\/5980\/revisions\/8741"}],"up":[{"embeddable":true,"href":"https:\/\/semmelweis.hu\/sebeszet\/wp-json\/wp\/v2\/pages\/5976"}],"wp:attachment":[{"href":"https:\/\/semmelweis.hu\/sebeszet\/wp-json\/wp\/v2\/media?parent=5980"}],"wp:term":[{"taxonomy":"category","embeddable":true,"href":"https:\/\/semmelweis.hu\/sebeszet\/wp-json\/wp\/v2\/categories?post=5980"},{"taxonomy":"post_tag","embeddable":true,"href":"https:\/\/semmelweis.hu\/sebeszet\/wp-json\/wp\/v2\/tags?post=5980"}],"curies":[{"name":"wp","href":"https:\/\/api.w.org\/{rel}","templated":true}]}}