{"id":5974,"date":"2021-01-25T10:56:55","date_gmt":"2021-01-25T09:56:55","guid":{"rendered":"https:\/\/semmelweis.hu\/sebeszet1\/?page_id=5974"},"modified":"2025-11-05T12:34:25","modified_gmt":"2025-11-05T11:34:25","slug":"tanulmanyi-irodak","status":"publish","type":"page","link":"https:\/\/semmelweis.hu\/sebeszet\/oktatas\/tanulmanyi-irodak\/","title":{"rendered":"Tanulm\u00e1nyi iroda"},"content":{"rendered":"<ul>\n<li>El\u00e9rhet\u0151s\u00e9gek:\n<ul>\n<li>Kov\u00e1cs Zsanett (oktat\u00e1sszervez\u0151)<\/li>\n<li>Glof\u00e1k Eszter (oktat\u00e1sszervez\u0151)<br \/>\n<strong>e-mail: oktatas.seb1@semmelweis.hu<\/strong><\/li>\n<\/ul>\n<\/li>\n<li>Nyitvatart\u00e1s: munkanapokon 8:00-14:30<\/li>\n<li>C\u00edm: 1082 Budapest \u00dcll\u0151i \u00fat 78. <span style=\"font-size: 1rem\">(mfsz. jobbra a 3. ajt\u00f3) \u00a0 \u00a0\u00a0<\/span><\/li>\n<\/ul>\n<div style=\"width: 100%\">\n<!-- iframe plugin v.4.9 wordpress.org\/plugins\/iframe\/ -->\n<iframe loading=\"lazy\" src=\"https:\/\/www.google.com\/maps\/embed?pb=!1m18!1m12!1m3!1d2696.3839413685705!2d19.079972!3d47.48243340000002!2m3!1f0!2f0!3f0!3m2!1i1024!2i768!4f13.1!3m3!1m2!1s0x4741dce42f6edf0d%3A0xd3829506ecc86745!2sSemmelweis+Egyetem+I.+Sz.+Seb%C3%A9szeti+Klinika!5e0!3m2!1shu!2shu!4v1443132418057\" width=\"100%\" height=\"350\" scrolling=\"yes\" class=\"iframe-class\" frameborder=\"0\"><\/iframe>\n<br \/>\n<a href=\"https:\/\/www.maps.ie\/route-planner.htm\">Google Route Planner<\/a><\/div>\n","protected":false},"excerpt":{"rendered":"<p>El\u00e9rhet\u0151s\u00e9gek:<\/p>\n<p>Kov\u00e1cs Zsanett (oktat\u00e1sszervez\u0151)<br \/>\nGlof\u00e1k Eszter (oktat\u00e1sszervez\u0151)<br \/>\ne-mail: oktatas.seb1@semmelweis.hu<\/p>\n<p>Nyitvatart\u00e1s: munkanapokon 8:00-14:30<br \/>\nC\u00edm: 1082 Budapest \u00dcll\u0151i \u00fat 78. (mfsz. jobbra a 3. ajt\u00f3) \u00a0 \u00a0\u00a0<\/p>\n<p><a href=\"https:\/\/www.maps.ie\/route-planner.htm\">Google Route Planner<\/a><\/p>\n","protected":false},"author":101236,"featured_media":0,"parent":5968,"menu_order":5,"comment_status":"closed","ping_status":"closed","template":"","meta":{"_acf_changed":false,"footnotes":""},"categories":[],"tags":[],"class_list":["post-5974","page","type-page","status-publish","hentry"],"acf":[],"_links":{"self":[{"href":"https:\/\/semmelweis.hu\/sebeszet\/wp-json\/wp\/v2\/pages\/5974","targetHints":{"allow":["GET"]}}],"collection":[{"href":"https:\/\/semmelweis.hu\/sebeszet\/wp-json\/wp\/v2\/pages"}],"about":[{"href":"https:\/\/semmelweis.hu\/sebeszet\/wp-json\/wp\/v2\/types\/page"}],"author":[{"embeddable":true,"href":"https:\/\/semmelweis.hu\/sebeszet\/wp-json\/wp\/v2\/users\/101236"}],"replies":[{"embeddable":true,"href":"https:\/\/semmelweis.hu\/sebeszet\/wp-json\/wp\/v2\/comments?post=5974"}],"version-history":[{"count":7,"href":"https:\/\/semmelweis.hu\/sebeszet\/wp-json\/wp\/v2\/pages\/5974\/revisions"}],"predecessor-version":[{"id":9493,"href":"https:\/\/semmelweis.hu\/sebeszet\/wp-json\/wp\/v2\/pages\/5974\/revisions\/9493"}],"up":[{"embeddable":true,"href":"https:\/\/semmelweis.hu\/sebeszet\/wp-json\/wp\/v2\/pages\/5968"}],"wp:attachment":[{"href":"https:\/\/semmelweis.hu\/sebeszet\/wp-json\/wp\/v2\/media?parent=5974"}],"wp:term":[{"taxonomy":"category","embeddable":true,"href":"https:\/\/semmelweis.hu\/sebeszet\/wp-json\/wp\/v2\/categories?post=5974"},{"taxonomy":"post_tag","embeddable":true,"href":"https:\/\/semmelweis.hu\/sebeszet\/wp-json\/wp\/v2\/tags?post=5974"}],"curies":[{"name":"wp","href":"https:\/\/api.w.org\/{rel}","templated":true}]}}