{"id":5828,"date":"2021-01-11T17:47:49","date_gmt":"2021-01-11T16:47:49","guid":{"rendered":"https:\/\/semmelweis.hu\/sebeszet1\/?page_id=5828"},"modified":"2021-01-11T18:33:13","modified_gmt":"2021-01-11T17:33:13","slug":"vastagbelrak-szures","status":"publish","type":"page","link":"https:\/\/semmelweis.hu\/sebeszet\/betegellatas\/sebeszet\/gasztroenterologiai-jarobeteg-ellatas\/vastagbelrak-szures\/","title":{"rendered":"Vastagb\u00e9lr\u00e1k-sz\u0171r\u00e9s"},"content":{"rendered":"<p style=\"text-align: justify\">Vil\u00e1gszerte az egyik leggyakoribb daganatos hal\u00e1loz\u00e1si ok a vastagb\u00e9l r\u00e1k. Magyarorsz\u00e1gon sajnos k\u00fcl\u00f6n\u00f6sen gyakori ez a betegs\u00e9g, \u00e9vente mintegy 9000 embern\u00e9l diagnosztiz\u00e1lj\u00e1k a betegs\u00e9get, \u00e9s k\u00f6r\u00fclbel\u00fcl 5000 f\u0151 hal meg. A legvesz\u00e9lyeztetettebbek a 60-as \u00e9veiket t\u00f6lt\u0151, vagy ann\u00e1l id\u0151sebb n\u0151k \u00e9s f\u00e9rfiak. <br \/>\nA vastagb\u00e9l r\u00e1k az esetek d\u00f6nt\u0151 t\u00f6bbs\u00e9g\u00e9ben polypusb\u00f3l alakul ki, a daganat kialakul\u00e1s\u00e1hoz mintegy 10 \u00e9v sz\u00fcks\u00e9ges. Ennyi id\u0151 \u00e1ll teh\u00e1t rendelkez\u00e9s\u00fcnkre ahhoz, hogy ezt a betegs\u00e9get megel\u0151zz\u00fck.<\/p>\n<p style=\"text-align: justify\">Mivel az \u00fcreges szervben (vastagb\u00e9l) megjelen\u0151 apr\u00f3 sz\u00f6vett\u00f6bblet (a polipus) nem okoz t\u00fcnetet,ez\u00e9rt ezt a betegs\u00e9get sz\u0171rni kell. Magyarorsz\u00e1gon az orsz\u00e1gos sz\u0171r\u0151program keret\u00e9n bel\u00fcl sz\u00e9klet v\u00e9r vizsg\u00e1lat t\u00f6rt\u00e9nik, majd azokn\u00e1l a betegekn\u00e9l, akikn\u00e9l v\u00e9rt tal\u00e1lnak a sz\u00e9kletben, felaj\u00e1nlj\u00e1k a vastagb\u00e9l t\u00fckr\u00f6z\u00e9st. A klinika akt\u00edv tagja az orsz\u00e1gos sz\u0171r\u0151programnak.<\/p>\n<p style=\"text-align: justify\">Jelenlegi tapasztalataink szerint a kiemelt esetek 80%-ban tal\u00e1lunk r\u00e1kmegel\u0151z\u0151 \u00e1llapotot (vagy sajnos n\u00e9kh avasatgb\u00e9l r\u00e1kot). Ezekben az esetekben a vizsg\u00e1lat sor\u00e1n azonnal megt\u00f6rt\u00e9nhet a polipius elt\u00e1vol\u00edt\u00e1sa, mellyel a l\u00e9nyeg\u00e9ben a r\u00e1k kialakul\u00e1s\u00e1t megel\u0151zz\u00fck. Ha m\u00e1r daganatot diagnosztiz\u00e1lunk, akkor is biztosan kor\u00e1bbi st\u00e1diumban fedezz\u00fck fel &#8211; ezzel nagyban jav\u00edtva a gy\u00f3gyul\u00e1s es\u00e9lyeit.<\/p>\n<p style=\"text-align: justify\">A sz\u0171r\u0151vizsg\u00e1latokat \u00e1ltal\u00e1ban 50 \u00e9ves kort\u00f3l javasoljuk. Ha a csal\u00e1dban a rokons\u00e1gban 50 \u00e9ves kor alatt is el\u0151fordult m\u00e1r vastagb\u00e9l daganat, akkor \u00e9rdemes a j\u00e1r\u00f3betegszakrendel\u00e9s valamelyik szakember\u00e9hez fordulni, aki seg\u00edt annak eld\u00f6nt\u00e9s\u00e9ben, hogy sz\u00fcks\u00e9ges-e fiatalabb korban elv\u00e9gezni a sz\u0171r\u00e9st.<\/p>\n<p>A colonoscopia betegt\u00e1j\u00e9koztat\u00f3t megtekintheti, vagy let\u00f6ltheti <a href=\"https:\/\/semmelweis.hu\/sebeszet\/files\/2021\/01\/6.2.3-let\u00f6lthet\u0151-legyen-Colonoscopia-fejleces.pdf\">&lt;&lt;itt&gt;<\/a><\/p>\n","protected":false},"excerpt":{"rendered":"<p>Vil\u00e1gszerte az egyik leggyakoribb daganatos hal\u00e1loz\u00e1si ok a vastagb\u00e9l r\u00e1k. Magyarorsz\u00e1gon sajnos k\u00fcl\u00f6n\u00f6sen gyakori ez a betegs\u00e9g, \u00e9vente mintegy 9000 embern\u00e9l diagnosztiz\u00e1lj\u00e1k a betegs\u00e9get, \u00e9s k\u00f6r\u00fclbel\u00fcl 5000 f\u0151 hal meg. A legvesz\u00e9lyeztetettebbek a 60-as \u00e9veiket t\u00f6lt\u0151, vagy ann\u00e1l id\u0151sebb n\u0151k \u00e9s f\u00e9rfiak. A vastagb\u00e9l r\u00e1k az esetek d\u00f6nt\u0151 t\u00f6bbs\u00e9g\u00e9ben polypusb\u00f3l alakul ki, a daganat kialakul\u00e1s\u00e1hoz &hellip;<\/p>\n","protected":false},"author":101236,"featured_media":0,"parent":5596,"menu_order":3,"comment_status":"closed","ping_status":"closed","template":"","meta":{"_acf_changed":false,"footnotes":""},"categories":[],"tags":[],"class_list":["post-5828","page","type-page","status-publish","hentry"],"acf":[],"_links":{"self":[{"href":"https:\/\/semmelweis.hu\/sebeszet\/wp-json\/wp\/v2\/pages\/5828","targetHints":{"allow":["GET"]}}],"collection":[{"href":"https:\/\/semmelweis.hu\/sebeszet\/wp-json\/wp\/v2\/pages"}],"about":[{"href":"https:\/\/semmelweis.hu\/sebeszet\/wp-json\/wp\/v2\/types\/page"}],"author":[{"embeddable":true,"href":"https:\/\/semmelweis.hu\/sebeszet\/wp-json\/wp\/v2\/users\/101236"}],"replies":[{"embeddable":true,"href":"https:\/\/semmelweis.hu\/sebeszet\/wp-json\/wp\/v2\/comments?post=5828"}],"version-history":[{"count":3,"href":"https:\/\/semmelweis.hu\/sebeszet\/wp-json\/wp\/v2\/pages\/5828\/revisions"}],"predecessor-version":[{"id":5863,"href":"https:\/\/semmelweis.hu\/sebeszet\/wp-json\/wp\/v2\/pages\/5828\/revisions\/5863"}],"up":[{"embeddable":true,"href":"https:\/\/semmelweis.hu\/sebeszet\/wp-json\/wp\/v2\/pages\/5596"}],"wp:attachment":[{"href":"https:\/\/semmelweis.hu\/sebeszet\/wp-json\/wp\/v2\/media?parent=5828"}],"wp:term":[{"taxonomy":"category","embeddable":true,"href":"https:\/\/semmelweis.hu\/sebeszet\/wp-json\/wp\/v2\/categories?post=5828"},{"taxonomy":"post_tag","embeddable":true,"href":"https:\/\/semmelweis.hu\/sebeszet\/wp-json\/wp\/v2\/tags?post=5828"}],"curies":[{"name":"wp","href":"https:\/\/api.w.org\/{rel}","templated":true}]}}