{"id":5729,"date":"2020-12-21T14:01:55","date_gmt":"2020-12-21T13:01:55","guid":{"rendered":"https:\/\/semmelweis.hu\/sebeszet1\/?page_id=5729"},"modified":"2021-01-11T18:36:56","modified_gmt":"2021-01-11T17:36:56","slug":"ultrahang-szakrendeles","status":"publish","type":"page","link":"https:\/\/semmelweis.hu\/sebeszet\/betegellatas\/sebeszet\/gasztroenterologiai-jarobeteg-ellatas\/ultrahang-szakrendeles\/","title":{"rendered":"Ultrahang szakrendel\u00e9s"},"content":{"rendered":"<p style=\"text-align: justify\">Az \u00e1ttekint\u0151 has \u00e9s kismedencei UH-vizsg\u00e1lat a gyomor-b\u00e9l rendszeri k\u00f3rk\u00e9pek \u00e9s a m\u00e1jbetegs\u00e9gek els\u0151vonalbeli vizsg\u00e1lati m\u00f3dszere. F\u00e1jdalmatlan, beavatkoz\u00e1ssal nem j\u00e1r\u00f3, ism\u00e9telhet\u0151 elj\u00e1r\u00e1s, amely a beteg sz\u00e1m\u00e1ra nem megterhel\u0151, m\u00e9gis a hasi szervek (hasny\u00e1lmirigy, l\u00e9p, ves\u00e9k, epeh\u00f3lyag) \u00e9s a m\u00e1j morfol\u00f3giai meg\u00edt\u00e9l\u00e9s\u00e9t adja, a hasi f\u00e1jdalom kivizsg\u00e1l\u00e1s\u00e1nak megtervez\u00e9s\u00e9t seg\u00edti. Seg\u00edts\u00e9get ad a diff\u00faz \u00e9s k\u00f6r\u00fcl\u00edrt m\u00e1jbetegs\u00e9gek k\u00f3rism\u00e9z\u00e9s\u00e9hez, sz\u00fcks\u00e9ges tov\u00e1bbi diagnosztikus elj\u00e1r\u00e1sok indik\u00e1ci\u00f3j\u00e1nak fel\u00e1ll\u00edt\u00e1s\u00e1ban. Lehet\u0151s\u00e9g van az \u00e9tkez\u00e9s provok\u00e1lta epeh\u00f3lyag-\u00f6sszeh\u00faz\u00f3d\u00e1s vizsg\u00e1lat\u00e1ra is, amely a hasi f\u00e1jdalom elk\u00fcl\u00f6n\u00edt\u0151 diagnosztik\u00e1j\u00e1t seg\u00edti. Az id\u00fclt m\u00e1jbetegs\u00e9gek s\u00falyosbod\u00e1s\u00e1val k\u00f6t\u0151sz\u00f6vetes \u00e1talakul\u00e1s j\u00f6n l\u00e9tre. Munkacsoportjaink egy\u00fcttm\u0171k\u00f6d\u00e9se r\u00e9v\u00e9n lehet\u0151s\u00e9g van m\u00e1jt\u00f6m\u00f6tts\u00e9gm\u00e9r\u00e9sre (elasztogr\u00e1fia) is. A vizsg\u00e1lat k\u00fcl\u00f6nleges el\u0151k\u00e9sz\u00fcl\u00e9st nem ig\u00e9nyel, 4 \u00f3r\u00e1s \u00e9hez\u00e9s sz\u00fcks\u00e9ges, sz\u00e9nsavmentes \u00e1sv\u00e1nyvizet lehet fogyasztani, telt h\u00fagyh\u00f3lyag sz\u00fcks\u00e9ges.<\/p>\n","protected":false},"excerpt":{"rendered":"<p>Az \u00e1ttekint\u0151 has \u00e9s kismedencei UH-vizsg\u00e1lat a gyomor-b\u00e9l rendszeri k\u00f3rk\u00e9pek \u00e9s a m\u00e1jbetegs\u00e9gek els\u0151vonalbeli vizsg\u00e1lati m\u00f3dszere. F\u00e1jdalmatlan, beavatkoz\u00e1ssal nem j\u00e1r\u00f3, ism\u00e9telhet\u0151 elj\u00e1r\u00e1s, amely a beteg sz\u00e1m\u00e1ra nem megterhel\u0151, m\u00e9gis a hasi szervek (hasny\u00e1lmirigy, l\u00e9p, ves\u00e9k, epeh\u00f3lyag) \u00e9s a m\u00e1j morfol\u00f3giai meg\u00edt\u00e9l\u00e9s\u00e9t adja, a hasi f\u00e1jdalom kivizsg\u00e1l\u00e1s\u00e1nak megtervez\u00e9s\u00e9t seg\u00edti. Seg\u00edts\u00e9get ad a diff\u00faz \u00e9s k\u00f6r\u00fcl\u00edrt m\u00e1jbetegs\u00e9gek &hellip;<\/p>\n","protected":false},"author":101236,"featured_media":0,"parent":5596,"menu_order":7,"comment_status":"closed","ping_status":"closed","template":"","meta":{"_acf_changed":false,"footnotes":""},"categories":[],"tags":[],"class_list":["post-5729","page","type-page","status-publish","hentry"],"acf":[],"_links":{"self":[{"href":"https:\/\/semmelweis.hu\/sebeszet\/wp-json\/wp\/v2\/pages\/5729","targetHints":{"allow":["GET"]}}],"collection":[{"href":"https:\/\/semmelweis.hu\/sebeszet\/wp-json\/wp\/v2\/pages"}],"about":[{"href":"https:\/\/semmelweis.hu\/sebeszet\/wp-json\/wp\/v2\/types\/page"}],"author":[{"embeddable":true,"href":"https:\/\/semmelweis.hu\/sebeszet\/wp-json\/wp\/v2\/users\/101236"}],"replies":[{"embeddable":true,"href":"https:\/\/semmelweis.hu\/sebeszet\/wp-json\/wp\/v2\/comments?post=5729"}],"version-history":[{"count":3,"href":"https:\/\/semmelweis.hu\/sebeszet\/wp-json\/wp\/v2\/pages\/5729\/revisions"}],"predecessor-version":[{"id":5869,"href":"https:\/\/semmelweis.hu\/sebeszet\/wp-json\/wp\/v2\/pages\/5729\/revisions\/5869"}],"up":[{"embeddable":true,"href":"https:\/\/semmelweis.hu\/sebeszet\/wp-json\/wp\/v2\/pages\/5596"}],"wp:attachment":[{"href":"https:\/\/semmelweis.hu\/sebeszet\/wp-json\/wp\/v2\/media?parent=5729"}],"wp:term":[{"taxonomy":"category","embeddable":true,"href":"https:\/\/semmelweis.hu\/sebeszet\/wp-json\/wp\/v2\/categories?post=5729"},{"taxonomy":"post_tag","embeddable":true,"href":"https:\/\/semmelweis.hu\/sebeszet\/wp-json\/wp\/v2\/tags?post=5729"}],"curies":[{"name":"wp","href":"https:\/\/api.w.org\/{rel}","templated":true}]}}