{"id":5727,"date":"2020-12-21T14:01:01","date_gmt":"2020-12-21T13:01:01","guid":{"rendered":"https:\/\/semmelweis.hu\/sebeszet1\/?page_id=5727"},"modified":"2021-01-11T18:10:07","modified_gmt":"2021-01-11T17:10:07","slug":"felso-tapcsatornai-betegsegek","status":"publish","type":"page","link":"https:\/\/semmelweis.hu\/sebeszet\/betegellatas\/sebeszet\/gasztroenterologiai-jarobeteg-ellatas\/felso-tapcsatornai-betegsegek\/","title":{"rendered":"Fels\u0151 t\u00e1pcsatornai betegs\u00e9gek"},"content":{"rendered":"<p style=\"text-align: justify\">A klinik\u00e1n m\u0171k\u00f6d\u0151 gasztroenterol\u00f3giai j\u00e1r\u00f3beteg ell\u00e1t\u00e1s, a fekv\u0151beteg oszt\u00e1ly \u00e9s az endoszk\u00f3pos labor a fels\u0151 em\u00e9szt\u0151rendszeri betegs\u00e9gek sz\u00e9les spektrum\u00e1nak vizsg\u00e1lat\u00e1ra \u00e9s kezel\u00e9s\u00e9re ny\u00fajt lehet\u0151s\u00e9get.<\/p>\n<p style=\"text-align: justify\">A leggyakoribb k\u00f3rk\u00e9pek (refluxbetegs\u00e9g, gyomor-\u00e9s nyomb\u00e9lfek\u00e9ly) gyan\u00faja eset\u00e9n gyomort\u00fckr\u00f6z\u00e9ssel igazolhatjuk a betegs\u00e9get. A hagyom\u00e1nyos vizsg\u00e1laton t\u00falmen\u0151en lehet\u0151s\u00e9g van speci\u00e1lis m\u00f3dszerek r\u00e9v\u00e9n a diagnosztikus pontoss\u00e1g n\u00f6vel\u00e9s\u00e9re, r\u00e1kmegel\u0151z\u0151 \u00e1llapotok vagy korai rosszindulat\u00fa elv\u00e1ltoz\u00e1sok felismer\u00e9s\u00e9re.<\/p>\n<p style=\"text-align: justify\">Liszt\u00e9rz\u00e9kenys\u00e9gre (coeliakia vagy glut\u00e9n szenzit\u00edv enteropathia) utal\u00f3 panaszok, laborat\u00f3riumi elt\u00e9r\u00e9sek vagy a betegs\u00e9ghez gyakran t\u00e1rsul\u00f3 t\u00e1rsbetegs\u00e9gek fenn\u00e1ll\u00e1sa eset\u00e9n a k\u00f3rk\u00e9p felismer\u00e9s\u00e9t, a rendszeres gasztroenterol\u00f3giai gondoz\u00e1st \u00e9s r\u00e9szletes t\u00e1pl\u00e1lkoz\u00e1si (dietetikai) tan\u00e1csad\u00e1st biztos\u00edtunk.<\/p>\n<p style=\"text-align: justify\">Klinik\u00e1nk gasztroenterol\u00f3gusai r\u00e9szt v\u00e1llalnak az akut v\u00e9rz\u0151 betegell\u00e1t\u00e1s\u00e1ban is. Az endoszk\u00f3pos v\u00e9rz\u00e9scsillap\u00edt\u00e1s sikertelens\u00e9ge eset\u00e9n seb\u00e9sz koll\u00e9g\u00e1k biztos\u00edtj\u00e1k a s\u00fcrg\u0151s m\u0171t\u00e9ti megold\u00e1st.<\/p>\n<p style=\"text-align: justify\">Tervezett m\u0171t\u00e9ti megold\u00e1sra nagym\u00e9ret\u0171, panaszt okoz\u00f3 rekeszs\u00e9rv, nyel\u0151cs\u0151 sz\u0171k\u00fclet vagy a nyel\u0151cs\u0151 als\u00f3 szakasz\u00e1nak ellazul\u00e1si k\u00e9ptelens\u00e9ge (achalasia) eseteiben van lehet\u0151s\u00e9g a klinik\u00e1n.<\/p>\n<p style=\"text-align: justify\">Speci\u00e1lis javallatok eset\u00e9n (szemmel nem \u00e9szlelhet\u0151 em\u00e9szt\u0151rendszeri v\u00e9rz\u00e9s, v\u00e9konyb\u00e9lre lokaliz\u00e1l\u00f3d\u00f3 Cronh-betegs\u00e9g gyan\u00faja) v\u00e9konyb\u00e9l kapszul\u00e1s endoszk\u00f3pos vizsg\u00e1lat \u00e1ll rendelkez\u00e9sre int\u00e9zet\u00fcnkben.<\/p>\n<p>A gastroscopia betegt\u00e1j\u00e9koztat\u00f3t megtekintheti, vagy let\u00f6ltheti <a href=\"https:\/\/semmelweis.hu\/sebeszet\/files\/2021\/01\/6.2.1-Gastroscopia-fejleces.pdf\">&lt;&lt;itt&gt;&gt;<\/a><\/p>\n","protected":false},"excerpt":{"rendered":"<p>A klinik\u00e1n m\u0171k\u00f6d\u0151 gasztroenterol\u00f3giai j\u00e1r\u00f3beteg ell\u00e1t\u00e1s, a fekv\u0151beteg oszt\u00e1ly \u00e9s az endoszk\u00f3pos labor a fels\u0151 em\u00e9szt\u0151rendszeri betegs\u00e9gek sz\u00e9les spektrum\u00e1nak vizsg\u00e1lat\u00e1ra \u00e9s kezel\u00e9s\u00e9re ny\u00fajt lehet\u0151s\u00e9get. A leggyakoribb k\u00f3rk\u00e9pek (refluxbetegs\u00e9g, gyomor-\u00e9s nyomb\u00e9lfek\u00e9ly) gyan\u00faja eset\u00e9n gyomort\u00fckr\u00f6z\u00e9ssel igazolhatjuk a betegs\u00e9get. A hagyom\u00e1nyos vizsg\u00e1laton t\u00falmen\u0151en lehet\u0151s\u00e9g van speci\u00e1lis m\u00f3dszerek r\u00e9v\u00e9n a diagnosztikus pontoss\u00e1g n\u00f6vel\u00e9s\u00e9re, r\u00e1kmegel\u0151z\u0151 \u00e1llapotok vagy korai rosszindulat\u00fa elv\u00e1ltoz\u00e1sok &hellip;<\/p>\n","protected":false},"author":101236,"featured_media":0,"parent":5596,"menu_order":1,"comment_status":"closed","ping_status":"closed","template":"","meta":{"_acf_changed":false,"footnotes":""},"categories":[],"tags":[],"class_list":["post-5727","page","type-page","status-publish","hentry"],"acf":[],"_links":{"self":[{"href":"https:\/\/semmelweis.hu\/sebeszet\/wp-json\/wp\/v2\/pages\/5727","targetHints":{"allow":["GET"]}}],"collection":[{"href":"https:\/\/semmelweis.hu\/sebeszet\/wp-json\/wp\/v2\/pages"}],"about":[{"href":"https:\/\/semmelweis.hu\/sebeszet\/wp-json\/wp\/v2\/types\/page"}],"author":[{"embeddable":true,"href":"https:\/\/semmelweis.hu\/sebeszet\/wp-json\/wp\/v2\/users\/101236"}],"replies":[{"embeddable":true,"href":"https:\/\/semmelweis.hu\/sebeszet\/wp-json\/wp\/v2\/comments?post=5727"}],"version-history":[{"count":5,"href":"https:\/\/semmelweis.hu\/sebeszet\/wp-json\/wp\/v2\/pages\/5727\/revisions"}],"predecessor-version":[{"id":5836,"href":"https:\/\/semmelweis.hu\/sebeszet\/wp-json\/wp\/v2\/pages\/5727\/revisions\/5836"}],"up":[{"embeddable":true,"href":"https:\/\/semmelweis.hu\/sebeszet\/wp-json\/wp\/v2\/pages\/5596"}],"wp:attachment":[{"href":"https:\/\/semmelweis.hu\/sebeszet\/wp-json\/wp\/v2\/media?parent=5727"}],"wp:term":[{"taxonomy":"category","embeddable":true,"href":"https:\/\/semmelweis.hu\/sebeszet\/wp-json\/wp\/v2\/categories?post=5727"},{"taxonomy":"post_tag","embeddable":true,"href":"https:\/\/semmelweis.hu\/sebeszet\/wp-json\/wp\/v2\/tags?post=5727"}],"curies":[{"name":"wp","href":"https:\/\/api.w.org\/{rel}","templated":true}]}}