{"id":5639,"date":"2020-12-09T13:06:38","date_gmt":"2020-12-09T12:06:38","guid":{"rendered":"https:\/\/semmelweis.hu\/sebeszet1\/?page_id=5639"},"modified":"2021-01-11T18:34:45","modified_gmt":"2021-01-11T17:34:45","slug":"otthoni-parenteralis-taplalas","status":"publish","type":"page","link":"https:\/\/semmelweis.hu\/sebeszet\/betegellatas\/sebeszet\/gasztroenterologiai-jarobeteg-ellatas\/otthoni-parenteralis-taplalas\/","title":{"rendered":"Otthoni parenter\u00e1lis t\u00e1pl\u00e1l\u00e1s"},"content":{"rendered":"<p style=\"text-align: justify\">Az Otthoni Parenter\u00e1lis T\u00e1pl\u00e1l\u00e1si (OPT) program olyan betegek sz\u00e1m\u00e1ra ad az otthoni kezel\u00e9si lehet\u0151s\u00e9get, akik a t\u00e1pcsatorna kritikus r\u00f6vids\u00e9ge illetve s\u00falyos felsz\u00edv\u00f3d\u00e1si zavar miatt tart\u00f3san, v\u00e9n\u00e1n kereszt\u00fcli t\u00e1panyag \u00e9s\/vagy folyad\u00e9k p\u00f3tl\u00e1st ig\u00e9nyelnek, \u00e9s emiatt folyamatos k\u00f3rh\u00e1zi ell\u00e1t\u00e1sra szoruln\u00e1nak. A programba ker\u00fcl\u00e9s el\u0151felt\u00e9tele a stabil alapbetegs\u00e9g valamint a g\u00f3cmentess\u00e9g.<\/p>\n<p style=\"text-align: justify\">Az el\u0151zetes konzult\u00e1ci\u00f3t k\u00f6vet\u0151en oszt\u00e1lyunkra \u00e1tvett betegek tart\u00f3san haszn\u00e1lhat\u00f3 v\u00e9n\u00e1s kan\u00fclt kapnak, t\u00e1pl\u00e1l\u00e1si ig\u00e9nyeiket, \u00e1llapotukat speci\u00e1lis test\u00f6sszet\u00e9tel m\u00e9r\u0151vel \u00e9rt\u00e9kelj\u00fck, az inf\u00fazi\u00f3s ter\u00e1pi\u00e1t be\u00e1ll\u00edtjuk. A beteget, illetve hozz\u00e1tartoz\u00f3j\u00e1t az inf\u00fazi\u00f3s kezel\u00e9s elv\u00e9gz\u00e9s\u00e9re betan\u00edtjuk, amely lehet\u0151v\u00e9 teszi az inf\u00fazi\u00f3k otthoni szakszer\u0171 alkalmaz\u00e1s\u00e1t, fert\u0151z\u00e9sek elker\u00fcl\u00e9s\u00e9t. Ezt k\u00f6vet\u0151en a program keret\u00e9ben havi rendszeress\u00e9ggel j\u00e1r\u00f3betegk\u00e9nt jelentkeznek a gondoz\u00e1sra.<\/p>\n<p style=\"text-align: justify\">Az \u00f6sszetett feladatokat v\u00e9gz\u0151 csapat tagjai k\u00e9t, t\u00f6bb \u00e9ves tapasztalattal b\u00edr\u00f3 gasztroenterol\u00f3gus szakorvos, n\u00e9gy dietetikus, egy szakgy\u00f3gyszer\u00e9sz, k\u00e9t OPT-s beteg gondoz\u00e1s\u00e1ban j\u00e1rtas szak\u00e1pol\u00f3, h\u00e1rom, kan\u00fcl behelyez\u00e9s\u00e9ben gyakorlott seb\u00e9sz. Ezenfel\u00fcl pszichol\u00f3giai konzult\u00e1ci\u00f3 lehet\u0151s\u00e9ge is biztos\u00edtott.<\/p>\n","protected":false},"excerpt":{"rendered":"<p>Az Otthoni Parenter\u00e1lis T\u00e1pl\u00e1l\u00e1si (OPT) program olyan betegek sz\u00e1m\u00e1ra ad az otthoni kezel\u00e9si lehet\u0151s\u00e9get, akik a t\u00e1pcsatorna kritikus r\u00f6vids\u00e9ge illetve s\u00falyos felsz\u00edv\u00f3d\u00e1si zavar miatt tart\u00f3san, v\u00e9n\u00e1n kereszt\u00fcli t\u00e1panyag \u00e9s\/vagy folyad\u00e9k p\u00f3tl\u00e1st ig\u00e9nyelnek, \u00e9s emiatt folyamatos k\u00f3rh\u00e1zi ell\u00e1t\u00e1sra szoruln\u00e1nak. A programba ker\u00fcl\u00e9s el\u0151felt\u00e9tele a stabil alapbetegs\u00e9g valamint a g\u00f3cmentess\u00e9g. Az el\u0151zetes konzult\u00e1ci\u00f3t k\u00f6vet\u0151en oszt\u00e1lyunkra \u00e1tvett betegek &hellip;<\/p>\n","protected":false},"author":101236,"featured_media":0,"parent":5596,"menu_order":4,"comment_status":"closed","ping_status":"closed","template":"","meta":{"_acf_changed":false,"footnotes":""},"categories":[],"tags":[],"class_list":["post-5639","page","type-page","status-publish","hentry"],"acf":[],"_links":{"self":[{"href":"https:\/\/semmelweis.hu\/sebeszet\/wp-json\/wp\/v2\/pages\/5639","targetHints":{"allow":["GET"]}}],"collection":[{"href":"https:\/\/semmelweis.hu\/sebeszet\/wp-json\/wp\/v2\/pages"}],"about":[{"href":"https:\/\/semmelweis.hu\/sebeszet\/wp-json\/wp\/v2\/types\/page"}],"author":[{"embeddable":true,"href":"https:\/\/semmelweis.hu\/sebeszet\/wp-json\/wp\/v2\/users\/101236"}],"replies":[{"embeddable":true,"href":"https:\/\/semmelweis.hu\/sebeszet\/wp-json\/wp\/v2\/comments?post=5639"}],"version-history":[{"count":4,"href":"https:\/\/semmelweis.hu\/sebeszet\/wp-json\/wp\/v2\/pages\/5639\/revisions"}],"predecessor-version":[{"id":5865,"href":"https:\/\/semmelweis.hu\/sebeszet\/wp-json\/wp\/v2\/pages\/5639\/revisions\/5865"}],"up":[{"embeddable":true,"href":"https:\/\/semmelweis.hu\/sebeszet\/wp-json\/wp\/v2\/pages\/5596"}],"wp:attachment":[{"href":"https:\/\/semmelweis.hu\/sebeszet\/wp-json\/wp\/v2\/media?parent=5639"}],"wp:term":[{"taxonomy":"category","embeddable":true,"href":"https:\/\/semmelweis.hu\/sebeszet\/wp-json\/wp\/v2\/categories?post=5639"},{"taxonomy":"post_tag","embeddable":true,"href":"https:\/\/semmelweis.hu\/sebeszet\/wp-json\/wp\/v2\/tags?post=5639"}],"curies":[{"name":"wp","href":"https:\/\/api.w.org\/{rel}","templated":true}]}}