{"id":5637,"date":"2020-12-09T13:06:11","date_gmt":"2020-12-09T12:06:11","guid":{"rendered":"https:\/\/semmelweis.hu\/sebeszet1\/?page_id=5637"},"modified":"2021-01-11T18:35:25","modified_gmt":"2021-01-11T17:35:25","slug":"hepatologia","status":"publish","type":"page","link":"https:\/\/semmelweis.hu\/sebeszet\/betegellatas\/sebeszet\/gasztroenterologiai-jarobeteg-ellatas\/hepatologia\/","title":{"rendered":"Hepatol\u00f3gia"},"content":{"rendered":"<p style=\"text-align: justify\">A hepatol\u00f3giai ambulanci\u00e1j\u00e1n (m\u00e1jbetegs\u00e9gekkel foglalkoz\u00f3 speci\u00e1lis j\u00e1r\u00f3beteg rendel\u00e9s) a k\u00fcl\u00f6nb\u00f6z\u0151 k\u00f3rok\u00fa m\u00e1jbetegs\u00e9gek minden fajt\u00e1j\u00e1nak diagnosztik\u00e1j\u00e1val \u00e9s kezel\u00e9s\u00e9vel foglalkozunk. A kr\u00f3nikus C v\u00edrus hepatitis ma m\u00e1r gy\u00f3gy\u00edthat\u00f3 betegs\u00e9g, ez\u00e9rt korai felismer\u00e9s\u00e9vel a m\u00e1jzsugor \u00e9s m\u00e1jr\u00e1k kialakul\u00e1sa elker\u00fclhet\u0151. A HBV fert\u0151z\u00e9s eset\u00e9ben alkalmazott gy\u00f3gyszerekkel eredm\u00e9nyesen g\u00e1tolhat\u00f3 a v\u00edrus szaporod\u00e1sa \u00e9s a betegs\u00e9g progresszi\u00f3ja lass\u00edthat\u00f3. Napjaink leggyakoribb m\u00e1jbetegs\u00e9ge a nem alkoholos eredet\u0171 zs\u00edrm\u00e1j. A cukorbetegs\u00e9g, hyperlipidaemia, elh\u00edz\u00e1s sor\u00e1n jelentkez\u0151 betegs\u00e9g vesz\u00e9lye abban \u00e1ll, hogy a zs\u00edrosod\u00e1s talaj\u00e1n k\u00f6t\u0151sz\u00f6vet \u00e1t\u00e9p\u00fcl\u00e9s, m\u00e1jzsugor \u00e9s m\u00e1jr\u00e1k is kialakulhat. A betegs\u00e9g felismer\u00e9se \u00e9s a megkezdett \u00e9letm\u00f3dv\u00e1lt\u00e1s kedvez\u0151 hat\u00e1s\u00fa a betegs\u00e9g lefoly\u00e1s\u00e1ra. Klinik\u00e1nkon foglalkozunk az autoimmun hepatitis, primer biliaris cholangitis \u00e9s primer sclerotiz\u00e1l\u00f3 cholangitis kezel\u00e9s\u00e9vel egyar\u00e1nt. Int\u00e9zet\u00fcnkben el\u00e9rhet\u0151 az elastographia is. Ezzel a m\u00f3dszerrel sz\u00f6vettani mintav\u00e9tel n\u00e9lk\u00fcl, f\u00e1jdalommentesen lehet meghat\u00e1rozni a k\u00f6t\u0151sz\u00f6vet \u00e1t\u00e9p\u00fcl\u00e9s m\u00e9rt\u00e9k\u00e9t, mely fontos mutat\u00f3ja a betegs\u00e9g progresszi\u00f3j\u00e1nak.<\/p>\n<p style=\"text-align: justify\">A m\u00e1jban jelentkez\u0151 fok\u00e1lis elt\u00e9r\u00e9sek pontos meg\u00edt\u00e9l\u00e9sben seg\u00edts\u00e9g\u00fcnkre van a klinik\u00e1nkon m\u0171k\u00f6d\u0151 hasi UH \u00e9s t\u00e1rsint\u00e9zetekben el\u00e9rhet\u0151 CT \u00e9s MRI vizsg\u00e1lat. Klinik\u00e1nk nagy el\u0151nye, hogy a seb\u00e9sz koll\u00e9g\u00e1kkal szoros egy\u00fcttm\u0171k\u00f6d\u00e9sben l\u00e1tjuk el a betegeket \u00e9s sz\u00fcks\u00e9g eset\u00e9n gyors d\u00f6nt\u00e9s sz\u00fcletik a m\u0171t\u00e9t sz\u00fcks\u00e9gess\u00e9g\u00e9r\u0151l, mely nagyban seg\u00edti a betegek gy\u00f3gyul\u00e1si es\u00e9lyeit. <\/p>\n","protected":false},"excerpt":{"rendered":"<p>A hepatol\u00f3giai ambulanci\u00e1j\u00e1n (m\u00e1jbetegs\u00e9gekkel foglalkoz\u00f3 speci\u00e1lis j\u00e1r\u00f3beteg rendel\u00e9s) a k\u00fcl\u00f6nb\u00f6z\u0151 k\u00f3rok\u00fa m\u00e1jbetegs\u00e9gek minden fajt\u00e1j\u00e1nak diagnosztik\u00e1j\u00e1val \u00e9s kezel\u00e9s\u00e9vel foglalkozunk. A kr\u00f3nikus C v\u00edrus hepatitis ma m\u00e1r gy\u00f3gy\u00edthat\u00f3 betegs\u00e9g, ez\u00e9rt korai felismer\u00e9s\u00e9vel a m\u00e1jzsugor \u00e9s m\u00e1jr\u00e1k kialakul\u00e1sa elker\u00fclhet\u0151. A HBV fert\u0151z\u00e9s eset\u00e9ben alkalmazott gy\u00f3gyszerekkel eredm\u00e9nyesen g\u00e1tolhat\u00f3 a v\u00edrus szaporod\u00e1sa \u00e9s a betegs\u00e9g progresszi\u00f3ja lass\u00edthat\u00f3. Napjaink leggyakoribb m\u00e1jbetegs\u00e9ge &hellip;<\/p>\n","protected":false},"author":101236,"featured_media":0,"parent":5596,"menu_order":5,"comment_status":"closed","ping_status":"closed","template":"","meta":{"_acf_changed":false,"footnotes":""},"categories":[],"tags":[],"class_list":["post-5637","page","type-page","status-publish","hentry"],"acf":[],"_links":{"self":[{"href":"https:\/\/semmelweis.hu\/sebeszet\/wp-json\/wp\/v2\/pages\/5637","targetHints":{"allow":["GET"]}}],"collection":[{"href":"https:\/\/semmelweis.hu\/sebeszet\/wp-json\/wp\/v2\/pages"}],"about":[{"href":"https:\/\/semmelweis.hu\/sebeszet\/wp-json\/wp\/v2\/types\/page"}],"author":[{"embeddable":true,"href":"https:\/\/semmelweis.hu\/sebeszet\/wp-json\/wp\/v2\/users\/101236"}],"replies":[{"embeddable":true,"href":"https:\/\/semmelweis.hu\/sebeszet\/wp-json\/wp\/v2\/comments?post=5637"}],"version-history":[{"count":2,"href":"https:\/\/semmelweis.hu\/sebeszet\/wp-json\/wp\/v2\/pages\/5637\/revisions"}],"predecessor-version":[{"id":5866,"href":"https:\/\/semmelweis.hu\/sebeszet\/wp-json\/wp\/v2\/pages\/5637\/revisions\/5866"}],"up":[{"embeddable":true,"href":"https:\/\/semmelweis.hu\/sebeszet\/wp-json\/wp\/v2\/pages\/5596"}],"wp:attachment":[{"href":"https:\/\/semmelweis.hu\/sebeszet\/wp-json\/wp\/v2\/media?parent=5637"}],"wp:term":[{"taxonomy":"category","embeddable":true,"href":"https:\/\/semmelweis.hu\/sebeszet\/wp-json\/wp\/v2\/categories?post=5637"},{"taxonomy":"post_tag","embeddable":true,"href":"https:\/\/semmelweis.hu\/sebeszet\/wp-json\/wp\/v2\/tags?post=5637"}],"curies":[{"name":"wp","href":"https:\/\/api.w.org\/{rel}","templated":true}]}}