{"id":5630,"date":"2020-12-09T12:59:50","date_gmt":"2020-12-09T11:59:50","guid":{"rendered":"https:\/\/semmelweis.hu\/sebeszet1\/?page_id=5630"},"modified":"2025-09-25T11:16:16","modified_gmt":"2025-09-25T09:16:16","slug":"endoszkopia","status":"publish","type":"page","link":"https:\/\/semmelweis.hu\/sebeszet\/betegellatas\/sebeszet\/endoszkopia\/","title":{"rendered":"Endoszk\u00f3pia"},"content":{"rendered":"<div class=\"keretes w-100\">\n<p style=\"text-align: justify;\">Diagnosztikus, sz\u0171r\u0151 \u00e9s k\u00f6vet\u0151 vizsg\u00e1latok mellett, bele\u00e9rtve a kapszula endoszk\u00f3pos- \u00e9s funkcion\u00e1lis vizsg\u00e1latokat is, a t\u00e1pcsatornai r\u00e1kmegel\u0151z\u0151 elv\u00e1ltoz\u00e1sok teljes eg\u00e9sz\u00e9ben t\u00f6rt\u00e9n\u0151 elt\u00e1vol\u00edt\u00e1sa <em>(polypectomia, endoscopos mucosa resectio, endoscopos submucosus dissectio)<\/em>, valamint a seb\u00e9szileg inoper\u00e1bilisnak min\u0151s\u00fclt elv\u00e1ltoz\u00e1sok palli\u00e1ci\u00f3ja <em>(pl. endoszk\u00f3pos t\u00e1g\u00edt\u00e1s, \u00f6nt\u00e1gul\u00f3 nyel\u0151cs\u0151-, duodenum- \u00e9s vastagb\u00e9l f\u00e9mstent implantatio)<\/em> el\u00e9rhet\u0151 \u00e9s alkalmazott technik\u00e1k Klinik\u00e1nkon.<\/p>\n<\/div>\n<h5>Megtekinthet\u0151 \u00e9s let\u00f6lthet\u0151 dokumentumok:<\/h5>\n<ul>\n<li><a href=\"https:\/\/semmelweis.hu\/sebeszet\/files\/2023\/05\/SE-STeG_gastroscopia2.pdf\">GASZTROSZK\u00d3PIA t\u00e1j\u00e9koztat\u00f3<\/a><\/li>\n<li><a href=\"https:\/\/semmelweis.hu\/sebeszet\/files\/2023\/05\/SE-STeG_colonoscopia2.pdf\">COLONOSCOPIA t\u00e1j\u00e9koztat\u00f3<\/a><\/li>\n<li><a href=\"https:\/\/semmelweis.hu\/sebeszet\/files\/2023\/05\/SE-STeG_eus2.pdf\">ENDOSZK\u00d3POS ULTRAHANG VIZSG\u00c1LAT (EUH) nyilatkozat \u00e9s t\u00e1j\u00e9koztat\u00f3<\/a><\/li>\n<li><a href=\"https:\/\/semmelweis.hu\/sebeszet\/files\/2023\/05\/SE-STeG_ercp2.pdf\">AZ EPEUTAK \u00c9S HASNY\u00c1LMIRIGY T\u00dcKR\u00d6Z\u00c9SES VIZSG\u00c1LATA (ERCP) nyilatkozat<\/a><\/li>\n<\/ul>\n<h5>B\u0151vebben az endoszk\u00f3pi\u00e1r\u00f3l<\/h5>\n<p style=\"text-align: justify;\">A manaps\u00e1g szinte kiz\u00e1r\u00f3lag csak operat\u00edv c\u00e9lokra alkalmazott epe\u00fati endoszk\u00f3pos elj\u00e1r\u00e1st, az endoscopos retrogr\u00e1d cholangio-pancreatographi\u00e1t (ERCP), amely sor\u00e1n t\u00f6bbek k\u00f6z\u00f6tt lehet\u0151s\u00e9g van az epe\u00fati k\u00f6vek elt\u00e1vol\u00edt\u00e1s\u00e1ra, az epe- \u00e9s a pancreas vezet\u00e9k cytol\u00f3gi\u00e1s mintav\u00e9tel\u00e9re, az epe- \u00e9s hasny\u00e1lmirigy-nedv elfoly\u00e1s\u00e1nak biztos\u00edt\u00e1s\u00e1ra, valamint a sz\u0171k\u00fcletek t\u00e1g\u00edt\u00e1s\u00e1ra, napi rutinban v\u00e9gezz\u00fck.<\/p>\n<p style=\"text-align: justify;\">A bilio-pancreaticus megbeteged\u00e9sek diagnosztik\u00e1j\u00e1ban \u00e9s stagingj\u00e9ben alkalmazott arany-standard vizsg\u00e1l\u00f3 m\u00f3dszer, az endoszk\u00f3pos ultrahang (EUH), a r\u00e9szletd\u00fas szerkezeti megjelen\u00edt\u00e9s \u00e9s a c\u00e9lzott sz\u00f6veti mintav\u00e9tel lehet\u0151s\u00e9ge r\u00e9v\u00e9n (finomt\u0171 aspir\u00e1ci\u00f3) kiemelked\u0151 jelent\u0151s\u00e9ggel b\u00edr, mindemellett a Magyarorsz\u00e1gon csak n\u00e9h\u00e1ny centrumban el\u00e9rhet\u0151, olyan minim\u00e1lisan invaz\u00edv operat\u00edv beavatkoz\u00e1s is elv\u00e9gezhet\u0151 k\u00f6zpontunkban, amely sor\u00e1n az endoszk\u00f3pos k\u00e9pet \u00f6tv\u00f6zz\u00fck az ultrahangos \u00e9s r\u00f6ntgen k\u00e9palkot\u00e1ssal \u2013 \u00fan. EUH-vez\u00e9relt transluminalis intervenci\u00f3 (pl. cystogastrostomia, epe\u00fati dren\u00e1zs, pancreas necrosectomia, plexus coeliacus neurolysis, tumor ablatio).<\/p>\n<p style=\"text-align: justify;\">A fentiek mellett a Klinik\u00e1n kezelt \u00e9s k\u00f6vetett komplex gyullad\u00e1sos b\u00e9l-beteganyag (IBD) endoszk\u00f3pos k\u00f6vet\u00e9s\u00e9re \u00e9s sz\u00fcks\u00e9g szerinti endoszk\u00f3pos kezel\u00e9s\u00e9re is nagy hangs\u00falyt fektet\u00fcnk.<\/p>\n","protected":false},"excerpt":{"rendered":"<p>Diagnosztikus, sz\u0171r\u0151 \u00e9s k\u00f6vet\u0151 vizsg\u00e1latok mellett, bele\u00e9rtve a kapszula endoszk\u00f3pos- \u00e9s funkcion\u00e1lis vizsg\u00e1latokat is, a t\u00e1pcsatornai r\u00e1kmegel\u0151z\u0151 elv\u00e1ltoz\u00e1sok teljes eg\u00e9sz\u00e9ben t\u00f6rt\u00e9n\u0151 elt\u00e1vol\u00edt\u00e1sa (polypectomia, endoscopos mucosa resectio, endoscopos submucosus dissectio), valamint a seb\u00e9szileg inoper\u00e1bilisnak min\u0151s\u00fclt elv\u00e1ltoz\u00e1sok palli\u00e1ci\u00f3ja (pl. endoszk\u00f3pos t\u00e1g\u00edt\u00e1s, \u00f6nt\u00e1gul\u00f3 nyel\u0151cs\u0151-, duodenum- \u00e9s vastagb\u00e9l f\u00e9mstent implantatio) el\u00e9rhet\u0151 \u00e9s alkalmazott technik\u00e1k Klinik\u00e1nkon. Megtekinthet\u0151 \u00e9s let\u00f6lthet\u0151 dokumentumok: &hellip;<\/p>\n","protected":false},"author":101236,"featured_media":0,"parent":5587,"menu_order":3,"comment_status":"closed","ping_status":"closed","template":"","meta":{"_acf_changed":false,"footnotes":""},"categories":[],"tags":[],"class_list":["post-5630","page","type-page","status-publish","hentry"],"acf":[],"_links":{"self":[{"href":"https:\/\/semmelweis.hu\/sebeszet\/wp-json\/wp\/v2\/pages\/5630","targetHints":{"allow":["GET"]}}],"collection":[{"href":"https:\/\/semmelweis.hu\/sebeszet\/wp-json\/wp\/v2\/pages"}],"about":[{"href":"https:\/\/semmelweis.hu\/sebeszet\/wp-json\/wp\/v2\/types\/page"}],"author":[{"embeddable":true,"href":"https:\/\/semmelweis.hu\/sebeszet\/wp-json\/wp\/v2\/users\/101236"}],"replies":[{"embeddable":true,"href":"https:\/\/semmelweis.hu\/sebeszet\/wp-json\/wp\/v2\/comments?post=5630"}],"version-history":[{"count":10,"href":"https:\/\/semmelweis.hu\/sebeszet\/wp-json\/wp\/v2\/pages\/5630\/revisions"}],"predecessor-version":[{"id":9402,"href":"https:\/\/semmelweis.hu\/sebeszet\/wp-json\/wp\/v2\/pages\/5630\/revisions\/9402"}],"up":[{"embeddable":true,"href":"https:\/\/semmelweis.hu\/sebeszet\/wp-json\/wp\/v2\/pages\/5587"}],"wp:attachment":[{"href":"https:\/\/semmelweis.hu\/sebeszet\/wp-json\/wp\/v2\/media?parent=5630"}],"wp:term":[{"taxonomy":"category","embeddable":true,"href":"https:\/\/semmelweis.hu\/sebeszet\/wp-json\/wp\/v2\/categories?post=5630"},{"taxonomy":"post_tag","embeddable":true,"href":"https:\/\/semmelweis.hu\/sebeszet\/wp-json\/wp\/v2\/tags?post=5630"}],"curies":[{"name":"wp","href":"https:\/\/api.w.org\/{rel}","templated":true}]}}